{"id":6681,"date":"2026-03-10T13:14:01","date_gmt":"2026-03-10T12:14:01","guid":{"rendered":"https:\/\/limpol.pl\/?page_id=6681"},"modified":"2026-03-10T13:14:01","modified_gmt":"2026-03-10T12:14:01","slug":"vera-azja","status":"publish","type":"page","link":"https:\/\/limpol.pl\/en\/vera-azja\/","title":{"rendered":"Vera Azja"},"content":{"rendered":"<div class=\"wpb-content-wrapper\"><div class=\"vc_row wpb_row vc_row-fluid\"><div class=\"wpb_column vc_column_container vc_col-sm-12\"><div class=\"vc_column-inner vc_custom_1744289537510\"><div class=\"wpb_wrapper\"><h2 class=\"sc_title sc_title_regular\" style=\"````\"><\/p>\n<p style=\"text-align: center;\">Oferta Vera Azja, skierowana jest do:<\/p>\n<p><\/h2><div class=\"vc_empty_space\"   style=\"height: 30px\"><span class=\"vc_empty_space_inner\"><\/span><\/div><\/div><\/div><\/div><\/div><div class=\"vc_row wpb_row vc_row-fluid\"><div class=\"wpb_column vc_column_container vc_col-sm-12\"><div class=\"vc_column-inner\"><div class=\"wpb_wrapper\"><div class=\"columns_wrap sc_columns columns_nofluid sc_columns_count_5 margin_top_tiny\" style=\"````\" data-equal-height=\".sc_column_item_inner\"><div class=\"column-1_5 sc_column_item sc_column_item_1 odd first\" style=\"text-align:left;\"><div class=\"sc_column_item_inner\" style=\"background-color:#f5f5f5;\"><div class=\"vc_empty_space\"   style=\"height: 0.65em\"><span class=\"vc_empty_space_inner\"><\/span><\/div><h6 class=\"sc_title sc_title_regular sc_align_left margin_top_tiny margin_bottom_null\" style=\"````text-align:left;\"><\/p>\n<p style=\"text-align: center;\"><strong>Producent\u00f3w da\u0144 gotowych<\/strong><\/p>\n<p><\/h6><div class=\"vc_empty_space\"   style=\"height: 0.35em\"><span class=\"vc_empty_space_inner\"><\/span><\/div><div class=\"vc_empty_space\"   style=\"height: 1.45em\"><span class=\"vc_empty_space_inner\"><\/span><\/div><\/div><\/div><div class=\"column-1_5 sc_column_item sc_column_item_2 even\" style=\"text-align:left;\"><div class=\"sc_column_item_inner\" style=\"background-color:#f5f5f5;\"><div class=\"vc_empty_space\"   style=\"height: 0.65em\"><span class=\"vc_empty_space_inner\"><\/span><\/div><h6 class=\"sc_title sc_title_regular sc_align_left margin_top_tiny margin_bottom_null\" style=\"````text-align:left;\"><\/p>\n<p style=\"text-align: center;\"><strong>Cateringu dietetycznego<\/strong><\/p>\n<p><\/h6><div class=\"vc_empty_space\"   style=\"height: 0.35em\"><span class=\"vc_empty_space_inner\"><\/span><\/div><div class=\"vc_empty_space\"   style=\"height: 2.35em\"><span class=\"vc_empty_space_inner\"><\/span><\/div><\/div><\/div><div class=\"column-1_5 sc_column_item sc_column_item_3 odd\" style=\"text-align:left;\"><div class=\"sc_column_item_inner\" style=\"background-color:#f5f5f5;\"><div class=\"vc_empty_space\"   style=\"height: 0.65em\"><span class=\"vc_empty_space_inner\"><\/span><\/div><h6 class=\"sc_title sc_title_regular sc_align_left margin_top_tiny margin_bottom_null\" style=\"````text-align:left;\"><\/p>\n<p style=\"text-align: center;\"><strong>Bar\u00f3w sa\u0142atkowych i Poke Bowls<\/strong><\/p>\n<p><\/h6><div class=\"vc_empty_space\"   style=\"height: 0.35em\"><span class=\"vc_empty_space_inner\"><\/span><\/div><div class=\"vc_empty_space\"   style=\"height: 2.35em\"><span class=\"vc_empty_space_inner\"><\/span><\/div><\/div><\/div><div class=\"column-1_5 sc_column_item sc_column_item_4 even\" style=\"text-align:left;\"><div class=\"sc_column_item_inner\" style=\"background-color:#f5f5f5;\"><div class=\"vc_empty_space\"   style=\"height: 0.65em\"><span class=\"vc_empty_space_inner\"><\/span><\/div><h6 class=\"sc_title sc_title_regular sc_align_left margin_top_tiny margin_bottom_null\" style=\"````text-align:left;\"><\/p>\n<p style=\"text-align: center;\"><strong>Zak\u0142ad\u00f3w przetw\u00f3rstwa spo\u017cywczego<\/strong><\/p>\n<p><\/h6><div class=\"vc_empty_space\"   style=\"height: 0.35em\"><span class=\"vc_empty_space_inner\"><\/span><\/div><div class=\"vc_empty_space\"   style=\"height: 1.45em\"><span class=\"vc_empty_space_inner\"><\/span><\/div><\/div><\/div><div class=\"column-1_5 sc_column_item sc_column_item_5 odd\" style=\"text-align:left;\"><div class=\"sc_column_item_inner\" style=\"background-color:#f5f5f5;\"><div class=\"vc_empty_space\"   style=\"height: 0.65em\"><span class=\"vc_empty_space_inner\"><\/span><\/div><h6 class=\"sc_title sc_title_regular sc_align_left margin_top_tiny margin_bottom_null\" style=\"````text-align:left;\"><\/p>\n<p style=\"text-align: center;\"><strong>Restauracji<\/strong><\/p>\n<p><\/h6><div class=\"vc_empty_space\"   style=\"height: 0.35em\"><span class=\"vc_empty_space_inner\"><\/span><\/div><div class=\"vc_empty_space\"   style=\"height: 1.45em\"><span class=\"vc_empty_space_inner\"><\/span><\/div><\/div><\/div><\/div><div class=\"vc_empty_space\"   style=\"height: 50px\"><span class=\"vc_empty_space_inner\"><\/span><\/div><\/div><\/div><\/div><\/div><div data-vc-full-width=\"true\" data-vc-full-width-temp=\"true\" data-vc-full-width-init=\"false\" data-vc-stretch-content=\"true\" class=\"vc_row wpb_row vc_row-fluid vc_row-o-content-middle vc_row-flex\"><div class=\"wpb_column vc_column_container vc_col-sm-6\"><div class=\"vc_column-inner vc_custom_1773143493389\"><div class=\"wpb_wrapper\"><div class=\"vc_row wpb_row vc_inner vc_row-fluid vc_row-o-content-middle vc_row-flex\"><div class=\"wpb_column vc_column_container vc_col-sm-3\"><div class=\"vc_column-inner\"><div class=\"wpb_wrapper\"><\/div><\/div><\/div><div class=\"wpb_column vc_column_container vc_col-sm-9\"><div class=\"vc_column-inner vc_custom_1773143479101\"><div class=\"wpb_wrapper\">\n\t<div  class=\"wpb_single_image wpb_content_element vc_align_center wpb_content_element\">\n\t\t\n\t\t<figure class=\"wpb_wrapper vc_figure\">\n\t\t\t<div class=\"vc_single_image-wrapper   vc_box_border_grey\"><img decoding=\"async\" class=\"vc_single_image-img \" src=\"https:\/\/limpol.pl\/wp-content\/uploads\/2026\/03\/logo-vera-azja-300x251.png\" width=\"300\" height=\"251\" alt=\"logo vera azja\" title=\"logo vera azja\" \/><\/div>\n\t\t<\/figure>\n\t<\/div>\n<div class=\"vc_empty_space\"   style=\"height: 10px\"><span class=\"vc_empty_space_inner\"><\/span><\/div><h2 class=\"sc_title sc_title_regular sc_align_left margin_top_tiny\" style=\"````text-align:left;\"><\/p>\n<h3>PRZEDSTAWIAMY NOWO\u015a\u0106! Linia produkt\u00f3w Vera Azja<\/h3>\n<p><\/h2>\n\t<div class=\"wpb_text_column wpb_content_element vc_custom_1773144304868\" >\n\t\t<div class=\"wpb_wrapper\">\n\t\t\t<div class=\"xdj266r x11i5rnm xat24cr x1mh8g0r x1vvkbs x126k92a\">\n<div dir=\"auto\">Odkryj now\u0105 definicj\u0119 autentyczno\u015bci w swojej kuchni. <b data-path-to-node=\"3\" data-index-in-node=\"54\">Linia produkt\u00f3w Vera Azja 2026<\/b> to starannie wyselekcjonowane sk\u0142adniki, kt\u00f3re przenosz\u0105 esencj\u0119 dalekowschodnich smak\u00f3w prosto do profesjonalnej gastronomii. Nasza najnowsza oferta zosta\u0142a stworzona z my\u015bl\u0105 o szefach kuchni i technologach \u017cywno\u015bci, dla kt\u00f3rych jako\u015b\u0107 jest fundamentem ka\u017cdego dania.<\/div>\n<div dir=\"auto\">\n<p>&nbsp;<\/p>\n<\/div>\n<\/div>\n\n\t\t<\/div>\n\t<\/div>\n<div class=\"vc_empty_space\"   style=\"height: 32px\"><span class=\"vc_empty_space_inner\"><\/span><\/div><\/div><\/div><\/div><\/div><\/div><\/div><\/div><div class=\"wpb_column vc_column_container vc_col-sm-6\"><div class=\"vc_column-inner\"><div class=\"wpb_wrapper\"><div class=\"vc_row wpb_row vc_inner vc_row-fluid\"><div class=\"wpb_column vc_column_container vc_col-sm-12 vc_col-has-fill\"><div class=\"vc_column-inner vc_custom_1730812418866\"><div class=\"wpb_wrapper\">\n\t<div  class=\"wpb_single_image wpb_content_element vc_align_center wpb_content_element vc_custom_1773144557781\">\n\t\t\n\t\t<figure class=\"wpb_wrapper vc_figure\">\n\t\t\t<div class=\"vc_single_image-wrapper   vc_box_border_grey\"><img decoding=\"async\" width=\"1024\" height=\"1024\" src=\"https:\/\/limpol.pl\/wp-content\/uploads\/2026\/03\/2-vera-azja-1200x1200-1-1024x1024.webp\" class=\"vc_single_image-img attachment-large\" alt=\"\" title=\"2 vera-azja-1200x1200\" srcset=\"https:\/\/limpol.pl\/wp-content\/uploads\/2026\/03\/2-vera-azja-1200x1200-1-1024x1024.webp 1024w, https:\/\/limpol.pl\/wp-content\/uploads\/2026\/03\/2-vera-azja-1200x1200-1-300x300.webp 300w, https:\/\/limpol.pl\/wp-content\/uploads\/2026\/03\/2-vera-azja-1200x1200-1-150x150.webp 150w, https:\/\/limpol.pl\/wp-content\/uploads\/2026\/03\/2-vera-azja-1200x1200-1-768x768.webp 768w, https:\/\/limpol.pl\/wp-content\/uploads\/2026\/03\/2-vera-azja-1200x1200-1-12x12.webp 12w, https:\/\/limpol.pl\/wp-content\/uploads\/2026\/03\/2-vera-azja-1200x1200-1-754x754.webp 754w, https:\/\/limpol.pl\/wp-content\/uploads\/2026\/03\/2-vera-azja-1200x1200-1-100x100.webp 100w, https:\/\/limpol.pl\/wp-content\/uploads\/2026\/03\/2-vera-azja-1200x1200-1.webp 1200w\" sizes=\"(max-width: 1024px) 100vw, 1024px\" \/><\/div>\n\t\t<\/figure>\n\t<\/div>\n<\/div><\/div><\/div><\/div><\/div><\/div><\/div><\/div><div class=\"vc_row-full-width vc_clearfix\"><\/div><div data-vc-full-width=\"true\" data-vc-full-width-temp=\"true\" data-vc-full-width-init=\"false\" data-vc-stretch-content=\"true\" class=\"vc_row wpb_row vc_row-fluid vc_rtl-columns-reverse vc_row-o-content-middle vc_row-flex\"><div class=\"wpb_column vc_column_container vc_col-sm-6 vc_hidden-sm vc_hidden-xs\"><div class=\"vc_column-inner\"><div class=\"wpb_wrapper\"><div class=\"vc_row wpb_row vc_inner vc_row-fluid\"><div class=\"wpb_column vc_column_container vc_col-sm-12 vc_col-has-fill\"><div class=\"vc_column-inner vc_custom_1730811780486\"><div class=\"wpb_wrapper\">\n\t<div  class=\"wpb_single_image wpb_content_element vc_align_left wpb_content_element\">\n\t\t\n\t\t<figure class=\"wpb_wrapper vc_figure\">\n\t\t\t<div class=\"vc_single_image-wrapper   vc_box_border_grey\"><img decoding=\"async\" width=\"1000\" height=\"1000\" src=\"https:\/\/limpol.pl\/wp-content\/uploads\/2026\/03\/mini-kolby-kukurydzy-2950g.webp\" class=\"vc_single_image-img attachment-full\" alt=\"\" title=\"mini-kolby-kukurydzy-2950g\" srcset=\"https:\/\/limpol.pl\/wp-content\/uploads\/2026\/03\/mini-kolby-kukurydzy-2950g.webp 1000w, https:\/\/limpol.pl\/wp-content\/uploads\/2026\/03\/mini-kolby-kukurydzy-2950g-300x300.webp 300w, https:\/\/limpol.pl\/wp-content\/uploads\/2026\/03\/mini-kolby-kukurydzy-2950g-150x150.webp 150w, https:\/\/limpol.pl\/wp-content\/uploads\/2026\/03\/mini-kolby-kukurydzy-2950g-768x768.webp 768w, https:\/\/limpol.pl\/wp-content\/uploads\/2026\/03\/mini-kolby-kukurydzy-2950g-12x12.webp 12w, https:\/\/limpol.pl\/wp-content\/uploads\/2026\/03\/mini-kolby-kukurydzy-2950g-754x754.webp 754w, https:\/\/limpol.pl\/wp-content\/uploads\/2026\/03\/mini-kolby-kukurydzy-2950g-100x100.webp 100w\" sizes=\"(max-width: 1000px) 100vw, 1000px\" \/><\/div>\n\t\t<\/figure>\n\t<\/div>\n<\/div><\/div><\/div><\/div><\/div><\/div><\/div><div class=\"wpb_column vc_column_container vc_col-sm-6\"><div class=\"vc_column-inner\"><div class=\"wpb_wrapper\"><div class=\"vc_row wpb_row vc_inner vc_row-fluid\"><div class=\"wpb_column vc_column_container vc_col-sm-1\"><div class=\"vc_column-inner\"><div class=\"wpb_wrapper\"><\/div><\/div><\/div><div class=\"wpb_column vc_column_container vc_col-sm-8\"><div class=\"vc_column-inner\"><div class=\"wpb_wrapper\"><div class=\"vc_empty_space\"   style=\"height: 32px\"><span class=\"vc_empty_space_inner\"><\/span><\/div><h2 class=\"sc_title sc_title_regular sc_align_left margin_top_tiny\" style=\"````text-align:left;\"><\/p>\n<h5>Dlaczego warto postawi\u0107 na VERA AZJA?<\/h5>\n<p><\/h2>\n\t<div class=\"wpb_text_column wpb_content_element vc_custom_1773144452801\" >\n\t\t<div class=\"wpb_wrapper\">\n\t\t\t<div class=\"xdj266r x11i5rnm xat24cr x1mh8g0r x1vvkbs x126k92a\">\n<div dir=\"auto\">\n<ul data-path-to-node=\"5\">\n<li>\n<p data-path-to-node=\"5,0,0\"><b data-path-to-node=\"5,0,0\" data-index-in-node=\"0\">Autentyczno\u015b\u0107 bez kompromis\u00f3w:<\/b> Dostarczamy sk\u0142adniki o naturalnej chrupko\u015bci i smaku, charakterystycznym dla najlepszych azjatyckich receptur.<\/p>\n<\/li>\n<li>\n<p data-path-to-node=\"5,1,0\"><b data-path-to-node=\"5,1,0\" data-index-in-node=\"0\">Format Gastro:<\/b> Du\u017ce, ekonomiczne opakowania (<span class=\"math-inline\" data-math=\"2950\\text{ g}\" data-index-in-node=\"45\">$2950\\text{ g}$<\/span>) zapewniaj\u0105 optymalny food cost i wygod\u0119 pracy w warunkach wysokiego tempa serwisu.<\/p>\n<\/li>\n<li>\n<p data-path-to-node=\"5,2,0\"><b data-path-to-node=\"5,2,0\" data-index-in-node=\"0\">Jako\u015b\u0107, kt\u00f3rej ufaj\u0105 profesjonali\u015bci:<\/b> Nasze p\u0119dy bambusa i mini kolby kukurydzy to produkty poddane rygorystycznej selekcji, gwarantuj\u0105ce powtarzalno\u015b\u0107 i doskona\u0142\u0105 prezentacj\u0119 na talerzu.<\/p>\n<\/li>\n<\/ul>\n<p data-path-to-node=\"6\"><b data-path-to-node=\"6\" data-index-in-node=\"0\">Zainspiruj si\u0119 i buduj menu oparte na produktach, kt\u00f3re \u0142\u0105cz\u0105 kontynenty.<\/b><\/p>\n<\/div>\n<\/div>\n<div class=\"x11i5rnm xat24cr x1mh8g0r x1vvkbs xtlvy1s x126k92a\">\n<div dir=\"auto\"><\/div>\n<\/div>\n\n\t\t<\/div>\n\t<\/div>\n<div class=\"vc_empty_space\"   style=\"height: 32px\"><span class=\"vc_empty_space_inner\"><\/span><\/div><\/div><\/div><\/div><div class=\"wpb_column vc_column_container vc_col-sm-3\"><div class=\"vc_column-inner\"><div class=\"wpb_wrapper\"><\/div><\/div><\/div><\/div><\/div><\/div><\/div><\/div><div class=\"vc_row-full-width vc_clearfix\"><\/div><div data-vc-full-width=\"true\" data-vc-full-width-temp=\"true\" data-vc-full-width-init=\"false\" data-vc-stretch-content=\"true\" class=\"vc_row wpb_row vc_row-fluid vc_rtl-columns-reverse vc_row-o-content-middle vc_row-flex\"><div class=\"wpb_column vc_column_container vc_col-sm-6\"><div class=\"vc_column-inner\"><div class=\"wpb_wrapper\"><div class=\"vc_row wpb_row vc_inner vc_row-fluid\"><div class=\"wpb_column vc_column_container vc_col-sm-2\"><div class=\"vc_column-inner\"><div class=\"wpb_wrapper\"><\/div><\/div><\/div><div class=\"wpb_column vc_column_container vc_col-sm-8\"><div class=\"vc_column-inner\"><div class=\"wpb_wrapper\"><div class=\"vc_empty_space\"   style=\"height: 32px\"><span class=\"vc_empty_space_inner\"><\/span><\/div><h3 class=\"sc_title sc_title_regular sc_align_left margin_top_tiny\" style=\"````text-align:left;\"><\/p>\n<p style=\"font-weight: 400;\">Skontaktuj si\u0119 z nami!<\/p>\n<p><\/h3>\n\t<div class=\"wpb_text_column wpb_content_element vc_custom_1744292424820\" >\n\t\t<div class=\"wpb_wrapper\">\n\t\t\t<div style=\"display: flex; align-items: center; gap: 15px;\">\n<p><img decoding=\"async\" class=\"alignnone wp-image-6531 size-thumbnail\" src=\"https:\/\/limpol.pl\/wp-content\/uploads\/2025\/04\/maciej-urbaniak-2-150x150.webp\" alt=\"Maciej Urbaniak\" width=\"120\" height=\"120\" \/><\/p>\n<div>\n<h6 class=\"qodef-m-name\" style=\"margin: 0; padding: 0;\">Maciej Urbaniak<\/h6>\n<p class=\"qodef-m-name\" style=\"margin: 0; padding: 0;\">Key Account Manager<br \/>\ne-mail:\u00a0<a href=\"mailto:limpol_gastronomia@limpol.pl\">limpol_gastronomia@limpol.pl<\/a><\/p>\n<\/div>\n<\/div>\n\n\t\t<\/div>\n\t<\/div>\n<div class=\"vc_empty_space\"   style=\"height: 32px\"><span class=\"vc_empty_space_inner\"><\/span><\/div>\n\t<div class=\"wpb_text_column wpb_content_element vc_custom_1744292433405\" >\n\t\t<div class=\"wpb_wrapper\">\n\t\t\t<div style=\"display: flex; align-items: center; gap: 15px;\">\n<p><img decoding=\"async\" class=\"alignnone wp-image-6531 size-thumbnail\" src=\"https:\/\/limpol.pl\/wp-content\/uploads\/2025\/04\/ania-filipowicz-150x150.webp\" alt=\"Anna Filipowicz\" width=\"120\" height=\"120\" \/><\/p>\n<div>\n<h6 class=\"qodef-m-name\" style=\"margin: 0; padding: 0;\">Anna Filipowicz<\/h6>\n<p class=\"qodef-m-name\" style=\"margin: 0; padding: 0;\">Key Account Manager<br \/>\ne-mail:\u00a0<a href=\"mailto:limpol_gastronomia@limpol.pl\">limpol_gastronomia@limpol.pl<\/a><\/p>\n<\/div>\n<\/div>\n\n\t\t<\/div>\n\t<\/div>\n<div class=\"vc_empty_space\"   style=\"height: 32px\"><span class=\"vc_empty_space_inner\"><\/span><\/div>\n\t<div class=\"wpb_text_column wpb_content_element vc_custom_1744292446369\" >\n\t\t<div class=\"wpb_wrapper\">\n\t\t\t<div style=\"display: flex; align-items: center; gap: 15px;\">\n<p><img decoding=\"async\" class=\"alignnone wp-image-6531 size-thumbnail\" src=\"https:\/\/limpol.pl\/wp-content\/uploads\/2025\/04\/wiesiek-ryszewicz-150x150.webp\" alt=\"Wies\u0142aw Ryszewicz\" width=\"120\" height=\"120\" srcset=\"https:\/\/limpol.pl\/wp-content\/uploads\/2025\/04\/wiesiek-ryszewicz-150x150.webp 150w, https:\/\/limpol.pl\/wp-content\/uploads\/2025\/04\/wiesiek-ryszewicz-300x300.webp 300w, https:\/\/limpol.pl\/wp-content\/uploads\/2025\/04\/wiesiek-ryszewicz-768x768.webp 768w, https:\/\/limpol.pl\/wp-content\/uploads\/2025\/04\/wiesiek-ryszewicz-12x12.webp 12w, https:\/\/limpol.pl\/wp-content\/uploads\/2025\/04\/wiesiek-ryszewicz-754x754.webp 754w, https:\/\/limpol.pl\/wp-content\/uploads\/2025\/04\/wiesiek-ryszewicz-100x100.webp 100w, https:\/\/limpol.pl\/wp-content\/uploads\/2025\/04\/wiesiek-ryszewicz.webp 800w\" sizes=\"(max-width: 120px) 100vw, 120px\" \/><\/p>\n<div>\n<h6 class=\"qodef-m-name\" style=\"margin: 0; padding: 0;\">Wies\u0142aw Ryszewicz<\/h6>\n<p class=\"qodef-m-name\" style=\"margin: 0; padding: 0;\">Key Account Manager<br \/>\ne-mail:\u00a0<a href=\"mailto:limpol_gastronomia@limpol.pl\">limpol_gastronomia@limpol.pl<\/a><\/p>\n<\/div>\n<\/div>\n\n\t\t<\/div>\n\t<\/div>\n<div class=\"vc_empty_space\"   style=\"height: 32px\"><span class=\"vc_empty_space_inner\"><\/span><\/div>\n\t<div class=\"wpb_raw_code wpb_raw_html wpb_content_element\" >\n\t\t<div class=\"wpb_wrapper\">\n\t\t\t<a style=\"align: center;\" class=\"sc_button sc_button_square sc_button_style_filled sc_button_size_small sc_button_hover_fade\" href=\"\/kategoria-produktu\/produkty-vera\/?filters=atrybut-detal-horeca[198]\"><span class='mb-text' >ZOBACZ WSZYSTKIE PRODUKTY DLA GASTRONOMII<\/span><\/a>\n\n\t\t<\/div>\n\t<\/div>\n<\/div><\/div><\/div><div class=\"wpb_column vc_column_container vc_col-sm-2\"><div class=\"vc_column-inner\"><div class=\"wpb_wrapper\"><\/div><\/div><\/div><\/div><\/div><\/div><\/div><div class=\"wpb_column vc_column_container vc_col-sm-6 vc_hidden-xs\"><div class=\"vc_column-inner\"><div class=\"wpb_wrapper\">\n\t<div  class=\"wpb_single_image wpb_content_element vc_align_left wpb_content_element\">\n\t\t\n\t\t<figure class=\"wpb_wrapper vc_figure\">\n\t\t\t<div class=\"vc_single_image-wrapper   vc_box_border_grey\"><img decoding=\"async\" class=\"vc_single_image-img \" src=\"https:\/\/limpol.pl\/wp-content\/uploads\/2026\/03\/1-vera-azja-1200x1200-1-1000x1000.jpg\" width=\"1000\" height=\"1000\" alt=\"1-vera-azja-1200x1200\" title=\"1-vera-azja-1200x1200\" \/><\/div>\n\t\t<\/figure>\n\t<\/div>\n<\/div><\/div><\/div><\/div><div class=\"vc_row-full-width vc_clearfix\"><\/div>\n<\/div>","protected":false},"excerpt":{"rendered":"Oferta Vera Azja, skierowana jest do: Producent\u00f3w da\u0144 gotowych Cateringu dietetycznego Bar\u00f3w sa\u0142atkowych i Poke Bowls Zak\u0142ad\u00f3w przetw\u00f3rstwa spo\u017cywczego Restauracji PRZEDSTAWIAMY NOWO\u015a\u0106! Linia produkt\u00f3w Vera Azja Odkryj now\u0105 definicj\u0119 autentyczno\u015bci w swojej kuchni. Linia produkt\u00f3w Vera Azja 2026 to starannie wyselekcjonowane sk\u0142adniki, kt\u00f3re przenosz\u0105 esencj\u0119 dalekowschodnich smak\u00f3w prosto do profesjonalnej gastronomii. Nasza najnowsza oferta zosta\u0142a [...]","protected":false},"author":1,"featured_media":0,"parent":0,"menu_order":0,"comment_status":"closed","ping_status":"closed","template":"","meta":{"footnotes":""},"class_list":["post-6681","page","type-page","status-publish","hentry"],"yoast_head":"<!-- This site is optimized with the Yoast SEO plugin v27.3 - https:\/\/yoast.com\/product\/yoast-seo-wordpress\/ -->\n<title>Vera Azja - Limpol - Dystrybutor produkt\u00f3w spo\u017cywczych | Import Eksport<\/title>\n<meta name=\"robots\" content=\"index, follow, max-snippet:-1, max-image-preview:large, max-video-preview:-1\" \/>\n<link rel=\"canonical\" href=\"https:\/\/limpol.pl\/en\/vera-azja\/\" \/>\n<meta property=\"og:locale\" content=\"en_GB\" \/>\n<meta property=\"og:type\" content=\"article\" \/>\n<meta property=\"og:title\" content=\"Vera Azja - Limpol - Dystrybutor produkt\u00f3w spo\u017cywczych | Import Eksport\" \/>\n<meta property=\"og:url\" content=\"https:\/\/limpol.pl\/en\/vera-azja\/\" \/>\n<meta property=\"og:site_name\" content=\"Limpol - Dystrybutor produkt\u00f3w spo\u017cywczych | Import Eksport\" \/>\n<meta property=\"article:publisher\" content=\"https:\/\/www.facebook.com\/firmalimpol\/\" \/>\n<meta property=\"og:image\" content=\"https:\/\/limpol.pl\/wp-content\/uploads\/2025\/04\/maciej-urbaniak-2-150x150.webp\" \/>\n<meta name=\"twitter:card\" content=\"summary_large_image\" \/>\n<meta name=\"twitter:label1\" content=\"Estimated reading time\" \/>\n\t<meta name=\"twitter:data1\" content=\"4 minutes\" \/>\n<script type=\"application\/ld+json\" class=\"yoast-schema-graph\">{\"@context\":\"https:\\\/\\\/schema.org\",\"@graph\":[{\"@type\":\"WebPage\",\"@id\":\"https:\\\/\\\/limpol.pl\\\/vera-azja\\\/\",\"url\":\"https:\\\/\\\/limpol.pl\\\/vera-azja\\\/\",\"name\":\"Vera Azja - Limpol - Dystrybutor produkt\u00f3w spo\u017cywczych | Import Eksport\",\"isPartOf\":{\"@id\":\"https:\\\/\\\/limpol.pl\\\/#website\"},\"primaryImageOfPage\":{\"@id\":\"https:\\\/\\\/limpol.pl\\\/vera-azja\\\/#primaryimage\"},\"image\":{\"@id\":\"https:\\\/\\\/limpol.pl\\\/vera-azja\\\/#primaryimage\"},\"thumbnailUrl\":\"https:\\\/\\\/limpol.pl\\\/wp-content\\\/uploads\\\/2025\\\/04\\\/maciej-urbaniak-2-150x150.webp\",\"datePublished\":\"2026-03-10T12:14:01+00:00\",\"breadcrumb\":{\"@id\":\"https:\\\/\\\/limpol.pl\\\/vera-azja\\\/#breadcrumb\"},\"inLanguage\":\"en-GB\",\"potentialAction\":[{\"@type\":\"ReadAction\",\"target\":[\"https:\\\/\\\/limpol.pl\\\/vera-azja\\\/\"]}]},{\"@type\":\"ImageObject\",\"inLanguage\":\"en-GB\",\"@id\":\"https:\\\/\\\/limpol.pl\\\/vera-azja\\\/#primaryimage\",\"url\":\"https:\\\/\\\/limpol.pl\\\/wp-content\\\/uploads\\\/2025\\\/04\\\/maciej-urbaniak-2-150x150.webp\",\"contentUrl\":\"https:\\\/\\\/limpol.pl\\\/wp-content\\\/uploads\\\/2025\\\/04\\\/maciej-urbaniak-2-150x150.webp\"},{\"@type\":\"BreadcrumbList\",\"@id\":\"https:\\\/\\\/limpol.pl\\\/vera-azja\\\/#breadcrumb\",\"itemListElement\":[{\"@type\":\"ListItem\",\"position\":1,\"name\":\"Strona g\u0142\u00f3wna\",\"item\":\"https:\\\/\\\/limpol.pl\\\/\"},{\"@type\":\"ListItem\",\"position\":2,\"name\":\"Vera Azja\"}]},{\"@type\":\"WebSite\",\"@id\":\"https:\\\/\\\/limpol.pl\\\/#website\",\"url\":\"https:\\\/\\\/limpol.pl\\\/\",\"name\":\"Limpol - Dystrybutor produkt\u00f3w spo\u017cywczych | Import Eksport\",\"description\":\"Importer i eksporter produkt\u00f3w spo\u017cywczych\",\"potentialAction\":[{\"@type\":\"SearchAction\",\"target\":{\"@type\":\"EntryPoint\",\"urlTemplate\":\"https:\\\/\\\/limpol.pl\\\/?s={search_term_string}\"},\"query-input\":{\"@type\":\"PropertyValueSpecification\",\"valueRequired\":true,\"valueName\":\"search_term_string\"}}],\"inLanguage\":\"en-GB\"}]}<\/script>\n<!-- \/ Yoast SEO plugin. -->","yoast_head_json":{"title":"Vera Azja - Limpol - Dystrybutor produkt\u00f3w spo\u017cywczych | Import Eksport","robots":{"index":"index","follow":"follow","max-snippet":"max-snippet:-1","max-image-preview":"max-image-preview:large","max-video-preview":"max-video-preview:-1"},"canonical":"https:\/\/limpol.pl\/en\/vera-azja\/","og_locale":"en_GB","og_type":"article","og_title":"Vera Azja - Limpol - Dystrybutor produkt\u00f3w spo\u017cywczych | Import Eksport","og_url":"https:\/\/limpol.pl\/en\/vera-azja\/","og_site_name":"Limpol - Dystrybutor produkt\u00f3w spo\u017cywczych | Import Eksport","article_publisher":"https:\/\/www.facebook.com\/firmalimpol\/","og_image":[{"url":"https:\/\/limpol.pl\/wp-content\/uploads\/2025\/04\/maciej-urbaniak-2-150x150.webp","type":"","width":"","height":""}],"twitter_card":"summary_large_image","twitter_misc":{"Estimated reading time":"4 minutes"},"schema":{"@context":"https:\/\/schema.org","@graph":[{"@type":"WebPage","@id":"https:\/\/limpol.pl\/vera-azja\/","url":"https:\/\/limpol.pl\/vera-azja\/","name":"Vera Azja - Limpol - Dystrybutor produkt\u00f3w spo\u017cywczych | Import Eksport","isPartOf":{"@id":"https:\/\/limpol.pl\/#website"},"primaryImageOfPage":{"@id":"https:\/\/limpol.pl\/vera-azja\/#primaryimage"},"image":{"@id":"https:\/\/limpol.pl\/vera-azja\/#primaryimage"},"thumbnailUrl":"https:\/\/limpol.pl\/wp-content\/uploads\/2025\/04\/maciej-urbaniak-2-150x150.webp","datePublished":"2026-03-10T12:14:01+00:00","breadcrumb":{"@id":"https:\/\/limpol.pl\/vera-azja\/#breadcrumb"},"inLanguage":"en-GB","potentialAction":[{"@type":"ReadAction","target":["https:\/\/limpol.pl\/vera-azja\/"]}]},{"@type":"ImageObject","inLanguage":"en-GB","@id":"https:\/\/limpol.pl\/vera-azja\/#primaryimage","url":"https:\/\/limpol.pl\/wp-content\/uploads\/2025\/04\/maciej-urbaniak-2-150x150.webp","contentUrl":"https:\/\/limpol.pl\/wp-content\/uploads\/2025\/04\/maciej-urbaniak-2-150x150.webp"},{"@type":"BreadcrumbList","@id":"https:\/\/limpol.pl\/vera-azja\/#breadcrumb","itemListElement":[{"@type":"ListItem","position":1,"name":"Strona g\u0142\u00f3wna","item":"https:\/\/limpol.pl\/"},{"@type":"ListItem","position":2,"name":"Vera Azja"}]},{"@type":"WebSite","@id":"https:\/\/limpol.pl\/#website","url":"https:\/\/limpol.pl\/","name":"Limpol - Distributor of food products | Import Export","description":"Importer and exporter of food products","potentialAction":[{"@type":"SearchAction","target":{"@type":"EntryPoint","urlTemplate":"https:\/\/limpol.pl\/?s={search_term_string}"},"query-input":{"@type":"PropertyValueSpecification","valueRequired":true,"valueName":"search_term_string"}}],"inLanguage":"en-GB"}]}},"_links":{"self":[{"href":"https:\/\/limpol.pl\/en\/wp-json\/wp\/v2\/pages\/6681","targetHints":{"allow":["GET"]}}],"collection":[{"href":"https:\/\/limpol.pl\/en\/wp-json\/wp\/v2\/pages"}],"about":[{"href":"https:\/\/limpol.pl\/en\/wp-json\/wp\/v2\/types\/page"}],"author":[{"embeddable":true,"href":"https:\/\/limpol.pl\/en\/wp-json\/wp\/v2\/users\/1"}],"replies":[{"embeddable":true,"href":"https:\/\/limpol.pl\/en\/wp-json\/wp\/v2\/comments?post=6681"}],"version-history":[{"count":21,"href":"https:\/\/limpol.pl\/en\/wp-json\/wp\/v2\/pages\/6681\/revisions"}],"predecessor-version":[{"id":6715,"href":"https:\/\/limpol.pl\/en\/wp-json\/wp\/v2\/pages\/6681\/revisions\/6715"}],"wp:attachment":[{"href":"https:\/\/limpol.pl\/en\/wp-json\/wp\/v2\/media?parent=6681"}],"curies":[{"name":"wp","href":"https:\/\/api.w.org\/{rel}","templated":true}]}}