{"id":1824,"date":"2019-03-05T17:24:46","date_gmt":"2019-03-05T16:24:46","guid":{"rendered":"https:\/\/limpol.pl\/produkty\/ciecierzyca-w-zalewie\/"},"modified":"2023-01-25T13:03:39","modified_gmt":"2023-01-25T12:03:39","slug":"chickpeas-in-brine","status":"publish","type":"product","link":"https:\/\/limpol.pl\/en\/products\/chickpeas-in-brine\/","title":{"rendered":"Chickpeas in brine"},"content":{"rendered":"<p>Chickpeas in marinade in an economical pack are a basic ingredient in hummus. An excellent addition to salads, stews, vegan dishes, pastes or dips. The marinade can be used to bake vegan meringue. It is a rich source of protein, making it an excellent product for those on vegan and vegetarian diets.<\/p>","protected":false},"excerpt":{"rendered":"<p>Chickpeas in marinade in an economical pack are a basic ingredient in hummus. An excellent addition to salads, stews, vegan dishes, pastes or dips. The marinade can be used to bake vegan meringue. It is a rich source of protein, making it an excellent product for those on vegan and vegetarian diets.<\/p>","protected":false},"featured_media":5377,"template":"","meta":[],"product_brand":[],"product_cat":[263],"product_tag":[],"class_list":{"0":"post-1824","1":"product","2":"type-product","3":"status-publish","4":"has-post-thumbnail","6":"product_cat-przetwory-warzywne","7":"pa_atrybut-detal-horeca-horeca","8":"pa_ilosc-sztuk-na-palecie-225","9":"pa_ilosc-sztuk-na-warstwie-370","10":"pa_masa-netto-2500g","11":"pa_masa-po-odsaczeniu-1500g","12":"pa_sztuk-w-kartonie-115","14":"first","15":"instock","16":"product-type-simple"},"yoast_head":"<!-- This site is optimized with the Yoast SEO plugin v27.3 - https:\/\/yoast.com\/product\/yoast-seo-wordpress\/ -->\n<title>Ciecierzyca w zalewie - Limpol - Dystrybutor produkt\u00f3w spo\u017cywczych | Import Eksport<\/title>\n<meta name=\"robots\" content=\"index, follow, max-snippet:-1, max-image-preview:large, max-video-preview:-1\" \/>\n<link rel=\"canonical\" href=\"https:\/\/limpol.pl\/en\/products\/chickpeas-in-brine\/\" \/>\n<meta property=\"og:locale\" content=\"en_GB\" \/>\n<meta property=\"og:type\" content=\"article\" \/>\n<meta property=\"og:title\" content=\"Ciecierzyca w zalewie - Limpol - Dystrybutor produkt\u00f3w spo\u017cywczych | Import Eksport\" \/>\n<meta property=\"og:description\" content=\"Ciecierzyca w zalewie w ekonomicznym opakowaniu to podstawowy sk\u0142adnik hummusu. Doskona\u0142y dodatek do sa\u0142atek, gulaszy, potraw wega\u0144skich, past czy dip\u00f3w. Zalew\u0119 mo\u017cna wykorzysta\u0107 do wypieku wega\u0144skiej bezy. Jest bogatym \u017ar\u00f3d\u0142em bia\u0142ka, dzi\u0119ki czemu to znakomity produkt dla os\u00f3b na dietach wega\u0144skiej i wegetaria\u0144skiej.\" \/>\n<meta property=\"og:url\" content=\"https:\/\/limpol.pl\/en\/products\/chickpeas-in-brine\/\" \/>\n<meta property=\"og:site_name\" content=\"Limpol - Dystrybutor produkt\u00f3w spo\u017cywczych | Import Eksport\" \/>\n<meta property=\"article:publisher\" content=\"https:\/\/www.facebook.com\/firmalimpol\/\" \/>\n<meta property=\"article:modified_time\" content=\"2023-01-25T12:03:39+00:00\" \/>\n<meta property=\"og:image\" content=\"https:\/\/limpol.pl\/wp-content\/uploads\/2019\/03\/ciecierzyca-2500-CIEN.jpg\" \/>\n\t<meta property=\"og:image:width\" content=\"1000\" \/>\n\t<meta property=\"og:image:height\" content=\"1000\" \/>\n\t<meta property=\"og:image:type\" content=\"image\/jpeg\" \/>\n<meta name=\"twitter:card\" content=\"summary_large_image\" \/>\n<meta name=\"twitter:label1\" content=\"Estimated reading time\" \/>\n\t<meta name=\"twitter:data1\" content=\"1 minute\" \/>\n<script type=\"application\/ld+json\" class=\"yoast-schema-graph\">{\"@context\":\"https:\\\/\\\/schema.org\",\"@graph\":[{\"@type\":\"WebPage\",\"@id\":\"https:\\\/\\\/limpol.pl\\\/produkty\\\/ciecierzyca-w-zalewie\\\/\",\"url\":\"https:\\\/\\\/limpol.pl\\\/produkty\\\/ciecierzyca-w-zalewie\\\/\",\"name\":\"Ciecierzyca w zalewie - Limpol - Dystrybutor produkt\u00f3w spo\u017cywczych | Import Eksport\",\"isPartOf\":{\"@id\":\"https:\\\/\\\/limpol.pl\\\/#website\"},\"primaryImageOfPage\":{\"@id\":\"https:\\\/\\\/limpol.pl\\\/produkty\\\/ciecierzyca-w-zalewie\\\/#primaryimage\"},\"image\":{\"@id\":\"https:\\\/\\\/limpol.pl\\\/produkty\\\/ciecierzyca-w-zalewie\\\/#primaryimage\"},\"thumbnailUrl\":\"https:\\\/\\\/limpol.pl\\\/wp-content\\\/uploads\\\/2019\\\/03\\\/ciecierzyca-2500-CIEN.jpg\",\"datePublished\":\"2019-03-05T16:24:46+00:00\",\"dateModified\":\"2023-01-25T12:03:39+00:00\",\"breadcrumb\":{\"@id\":\"https:\\\/\\\/limpol.pl\\\/produkty\\\/ciecierzyca-w-zalewie\\\/#breadcrumb\"},\"inLanguage\":\"en-GB\",\"potentialAction\":[{\"@type\":\"ReadAction\",\"target\":[\"https:\\\/\\\/limpol.pl\\\/produkty\\\/ciecierzyca-w-zalewie\\\/\"]}]},{\"@type\":\"ImageObject\",\"inLanguage\":\"en-GB\",\"@id\":\"https:\\\/\\\/limpol.pl\\\/produkty\\\/ciecierzyca-w-zalewie\\\/#primaryimage\",\"url\":\"https:\\\/\\\/limpol.pl\\\/wp-content\\\/uploads\\\/2019\\\/03\\\/ciecierzyca-2500-CIEN.jpg\",\"contentUrl\":\"https:\\\/\\\/limpol.pl\\\/wp-content\\\/uploads\\\/2019\\\/03\\\/ciecierzyca-2500-CIEN.jpg\",\"width\":1000,\"height\":1000},{\"@type\":\"BreadcrumbList\",\"@id\":\"https:\\\/\\\/limpol.pl\\\/produkty\\\/ciecierzyca-w-zalewie\\\/#breadcrumb\",\"itemListElement\":[{\"@type\":\"ListItem\",\"position\":1,\"name\":\"Strona g\u0142\u00f3wna\",\"item\":\"https:\\\/\\\/limpol.pl\\\/\"},{\"@type\":\"ListItem\",\"position\":2,\"name\":\"Produkty\",\"item\":\"https:\\\/\\\/limpol.pl\\\/shop\\\/\"},{\"@type\":\"ListItem\",\"position\":3,\"name\":\"Ciecierzyca w zalewie\"}]},{\"@type\":\"WebSite\",\"@id\":\"https:\\\/\\\/limpol.pl\\\/#website\",\"url\":\"https:\\\/\\\/limpol.pl\\\/\",\"name\":\"Limpol - Dystrybutor produkt\u00f3w spo\u017cywczych | Import Eksport\",\"description\":\"Importer i eksporter produkt\u00f3w spo\u017cywczych\",\"potentialAction\":[{\"@type\":\"SearchAction\",\"target\":{\"@type\":\"EntryPoint\",\"urlTemplate\":\"https:\\\/\\\/limpol.pl\\\/?s={search_term_string}\"},\"query-input\":{\"@type\":\"PropertyValueSpecification\",\"valueRequired\":true,\"valueName\":\"search_term_string\"}}],\"inLanguage\":\"en-GB\"}]}<\/script>\n<!-- \/ Yoast SEO plugin. -->","yoast_head_json":{"title":"Chickpeas in brine - Limpol - Distributor of food products | Import Export","robots":{"index":"index","follow":"follow","max-snippet":"max-snippet:-1","max-image-preview":"max-image-preview:large","max-video-preview":"max-video-preview:-1"},"canonical":"https:\/\/limpol.pl\/en\/products\/chickpeas-in-brine\/","og_locale":"en_GB","og_type":"article","og_title":"Ciecierzyca w zalewie - Limpol - Dystrybutor produkt\u00f3w spo\u017cywczych | Import Eksport","og_description":"Ciecierzyca w zalewie w ekonomicznym opakowaniu to podstawowy sk\u0142adnik hummusu. Doskona\u0142y dodatek do sa\u0142atek, gulaszy, potraw wega\u0144skich, past czy dip\u00f3w. Zalew\u0119 mo\u017cna wykorzysta\u0107 do wypieku wega\u0144skiej bezy. Jest bogatym \u017ar\u00f3d\u0142em bia\u0142ka, dzi\u0119ki czemu to znakomity produkt dla os\u00f3b na dietach wega\u0144skiej i wegetaria\u0144skiej.","og_url":"https:\/\/limpol.pl\/en\/products\/chickpeas-in-brine\/","og_site_name":"Limpol - Dystrybutor produkt\u00f3w spo\u017cywczych | Import Eksport","article_publisher":"https:\/\/www.facebook.com\/firmalimpol\/","article_modified_time":"2023-01-25T12:03:39+00:00","og_image":[{"width":1000,"height":1000,"url":"https:\/\/limpol.pl\/wp-content\/uploads\/2019\/03\/ciecierzyca-2500-CIEN.jpg","type":"image\/jpeg"}],"twitter_card":"summary_large_image","twitter_misc":{"Estimated reading time":"1 minute"},"schema":{"@context":"https:\/\/schema.org","@graph":[{"@type":"WebPage","@id":"https:\/\/limpol.pl\/produkty\/ciecierzyca-w-zalewie\/","url":"https:\/\/limpol.pl\/produkty\/ciecierzyca-w-zalewie\/","name":"Chickpeas in brine - Limpol - Distributor of food products | Import Export","isPartOf":{"@id":"https:\/\/limpol.pl\/#website"},"primaryImageOfPage":{"@id":"https:\/\/limpol.pl\/produkty\/ciecierzyca-w-zalewie\/#primaryimage"},"image":{"@id":"https:\/\/limpol.pl\/produkty\/ciecierzyca-w-zalewie\/#primaryimage"},"thumbnailUrl":"https:\/\/limpol.pl\/wp-content\/uploads\/2019\/03\/ciecierzyca-2500-CIEN.jpg","datePublished":"2019-03-05T16:24:46+00:00","dateModified":"2023-01-25T12:03:39+00:00","breadcrumb":{"@id":"https:\/\/limpol.pl\/produkty\/ciecierzyca-w-zalewie\/#breadcrumb"},"inLanguage":"en-GB","potentialAction":[{"@type":"ReadAction","target":["https:\/\/limpol.pl\/produkty\/ciecierzyca-w-zalewie\/"]}]},{"@type":"ImageObject","inLanguage":"en-GB","@id":"https:\/\/limpol.pl\/produkty\/ciecierzyca-w-zalewie\/#primaryimage","url":"https:\/\/limpol.pl\/wp-content\/uploads\/2019\/03\/ciecierzyca-2500-CIEN.jpg","contentUrl":"https:\/\/limpol.pl\/wp-content\/uploads\/2019\/03\/ciecierzyca-2500-CIEN.jpg","width":1000,"height":1000},{"@type":"BreadcrumbList","@id":"https:\/\/limpol.pl\/produkty\/ciecierzyca-w-zalewie\/#breadcrumb","itemListElement":[{"@type":"ListItem","position":1,"name":"Strona g\u0142\u00f3wna","item":"https:\/\/limpol.pl\/"},{"@type":"ListItem","position":2,"name":"Produkty","item":"https:\/\/limpol.pl\/shop\/"},{"@type":"ListItem","position":3,"name":"Ciecierzyca w zalewie"}]},{"@type":"WebSite","@id":"https:\/\/limpol.pl\/#website","url":"https:\/\/limpol.pl\/","name":"Limpol - Distributor of food products | Import Export","description":"Importer and exporter of food products","potentialAction":[{"@type":"SearchAction","target":{"@type":"EntryPoint","urlTemplate":"https:\/\/limpol.pl\/?s={search_term_string}"},"query-input":{"@type":"PropertyValueSpecification","valueRequired":true,"valueName":"search_term_string"}}],"inLanguage":"en-GB"}]}},"_links":{"self":[{"href":"https:\/\/limpol.pl\/en\/wp-json\/wp\/v2\/product\/1824","targetHints":{"allow":["GET"]}}],"collection":[{"href":"https:\/\/limpol.pl\/en\/wp-json\/wp\/v2\/product"}],"about":[{"href":"https:\/\/limpol.pl\/en\/wp-json\/wp\/v2\/types\/product"}],"wp:featuredmedia":[{"embeddable":true,"href":"https:\/\/limpol.pl\/en\/wp-json\/wp\/v2\/media\/5377"}],"wp:attachment":[{"href":"https:\/\/limpol.pl\/en\/wp-json\/wp\/v2\/media?parent=1824"}],"wp:term":[{"taxonomy":"product_brand","embeddable":true,"href":"https:\/\/limpol.pl\/en\/wp-json\/wp\/v2\/product_brand?post=1824"},{"taxonomy":"product_cat","embeddable":true,"href":"https:\/\/limpol.pl\/en\/wp-json\/wp\/v2\/product_cat?post=1824"},{"taxonomy":"product_tag","embeddable":true,"href":"https:\/\/limpol.pl\/en\/wp-json\/wp\/v2\/product_tag?post=1824"}],"curies":[{"name":"wp","href":"https:\/\/api.w.org\/{rel}","templated":true}]}}