{"id":1840,"date":"2019-03-05T17:25:06","date_gmt":"2019-03-05T16:25:06","guid":{"rendered":"https:\/\/limpol.pl\/produkty\/gruszki-polowki-w-lekkim-syropie-grecja\/"},"modified":"2023-09-12T16:37:29","modified_gmt":"2023-09-12T14:37:29","slug":"pear-halves-in-syrup-greece","status":"publish","type":"product","link":"https:\/\/limpol.pl\/en\/products\/pear-halves-in-syrup-greece\/","title":{"rendered":"Pear halves in syrup, Greece"},"content":{"rendered":"<p>Williams variety pears in syrup with a creamy texture, sweet and full flavour. The juicy fruit is a delicious addition to desserts and baked goods. They enrich savoury dishes with an interesting sweet flavour. The syrup can be used as a base for summer cocktails or drinks.<\/p>","protected":false},"excerpt":{"rendered":"<p>Williams variety pears in syrup with a creamy texture, sweet and full flavour. The juicy fruit is a delicious addition to desserts and baked goods. They enrich savoury dishes with an interesting sweet flavour. The syrup can be used as a base for summer cocktails or drinks.<\/p>","protected":false},"featured_media":5437,"template":"","meta":[],"product_brand":[],"product_cat":[258],"product_tag":[],"class_list":{"0":"post-1840","1":"product","2":"type-product","3":"status-publish","4":"has-post-thumbnail","6":"product_cat-przetwory-owocowe","7":"pa_atrybut-detal-horeca-detalhoreca","8":"pa_ilosc-sztuk-na-palecie-97","9":"pa_ilosc-sztuk-na-warstwie-372","10":"pa_masa-netto-820g","11":"pa_masa-po-odsaczeniu-460g","12":"pa_sztuk-w-kartonie-79","14":"first","15":"instock","16":"product-type-simple"},"yoast_head":"<!-- This site is optimized with the Yoast SEO plugin v27.3 - https:\/\/yoast.com\/product\/yoast-seo-wordpress\/ -->\n<title>Gruszki po\u0142\u00f3wki w syropie, Grecja - Limpol - Dystrybutor produkt\u00f3w spo\u017cywczych | Import Eksport<\/title>\n<meta name=\"robots\" content=\"index, follow, max-snippet:-1, max-image-preview:large, max-video-preview:-1\" \/>\n<link rel=\"canonical\" href=\"https:\/\/limpol.pl\/en\/products\/pear-halves-in-syrup-greece\/\" \/>\n<meta property=\"og:locale\" content=\"en_GB\" \/>\n<meta property=\"og:type\" content=\"article\" \/>\n<meta property=\"og:title\" content=\"Gruszki po\u0142\u00f3wki w syropie, Grecja - Limpol - Dystrybutor produkt\u00f3w spo\u017cywczych | Import Eksport\" \/>\n<meta property=\"og:description\" content=\"Gruszki odmiany Williams w syropie o kremowej konsystencji, s\u0142odkim i pe\u0142nym smaku. Soczyste owoce s\u0105 wy\u015bmienity dodatkiem do deser\u00f3w i wypiek\u00f3w. Wytrawne potrawy, wzbogacaj\u0105 o ciekawy s\u0142odki smak. Syrop mo\u017cna wykorzysta jako baz\u0119 do letnich koktajli lub napoj\u00f3w.\" \/>\n<meta property=\"og:url\" content=\"https:\/\/limpol.pl\/en\/products\/pear-halves-in-syrup-greece\/\" \/>\n<meta property=\"og:site_name\" content=\"Limpol - Dystrybutor produkt\u00f3w spo\u017cywczych | Import Eksport\" \/>\n<meta property=\"article:publisher\" content=\"https:\/\/www.facebook.com\/firmalimpol\/\" \/>\n<meta property=\"article:modified_time\" content=\"2023-09-12T14:37:29+00:00\" \/>\n<meta property=\"og:image\" content=\"https:\/\/limpol.pl\/wp-content\/uploads\/2019\/03\/gruszki-pol-lekki-syrop-grecja-820-CIEN.jpg\" \/>\n\t<meta property=\"og:image:width\" content=\"1000\" \/>\n\t<meta property=\"og:image:height\" content=\"1000\" \/>\n\t<meta property=\"og:image:type\" content=\"image\/jpeg\" \/>\n<meta name=\"twitter:card\" content=\"summary_large_image\" \/>\n<meta name=\"twitter:label1\" content=\"Estimated reading time\" \/>\n\t<meta name=\"twitter:data1\" content=\"1 minute\" \/>\n<script type=\"application\/ld+json\" class=\"yoast-schema-graph\">{\"@context\":\"https:\\\/\\\/schema.org\",\"@graph\":[{\"@type\":\"WebPage\",\"@id\":\"https:\\\/\\\/limpol.pl\\\/produkty\\\/gruszki-polowki-w-syropie-grecja\\\/\",\"url\":\"https:\\\/\\\/limpol.pl\\\/produkty\\\/gruszki-polowki-w-syropie-grecja\\\/\",\"name\":\"Gruszki po\u0142\u00f3wki w syropie, Grecja - Limpol - Dystrybutor produkt\u00f3w spo\u017cywczych | Import Eksport\",\"isPartOf\":{\"@id\":\"https:\\\/\\\/limpol.pl\\\/#website\"},\"primaryImageOfPage\":{\"@id\":\"https:\\\/\\\/limpol.pl\\\/produkty\\\/gruszki-polowki-w-syropie-grecja\\\/#primaryimage\"},\"image\":{\"@id\":\"https:\\\/\\\/limpol.pl\\\/produkty\\\/gruszki-polowki-w-syropie-grecja\\\/#primaryimage\"},\"thumbnailUrl\":\"https:\\\/\\\/limpol.pl\\\/wp-content\\\/uploads\\\/2019\\\/03\\\/gruszki-pol-lekki-syrop-grecja-820-CIEN.jpg\",\"datePublished\":\"2019-03-05T16:25:06+00:00\",\"dateModified\":\"2023-09-12T14:37:29+00:00\",\"breadcrumb\":{\"@id\":\"https:\\\/\\\/limpol.pl\\\/produkty\\\/gruszki-polowki-w-syropie-grecja\\\/#breadcrumb\"},\"inLanguage\":\"en-GB\",\"potentialAction\":[{\"@type\":\"ReadAction\",\"target\":[\"https:\\\/\\\/limpol.pl\\\/produkty\\\/gruszki-polowki-w-syropie-grecja\\\/\"]}]},{\"@type\":\"ImageObject\",\"inLanguage\":\"en-GB\",\"@id\":\"https:\\\/\\\/limpol.pl\\\/produkty\\\/gruszki-polowki-w-syropie-grecja\\\/#primaryimage\",\"url\":\"https:\\\/\\\/limpol.pl\\\/wp-content\\\/uploads\\\/2019\\\/03\\\/gruszki-pol-lekki-syrop-grecja-820-CIEN.jpg\",\"contentUrl\":\"https:\\\/\\\/limpol.pl\\\/wp-content\\\/uploads\\\/2019\\\/03\\\/gruszki-pol-lekki-syrop-grecja-820-CIEN.jpg\",\"width\":1000,\"height\":1000},{\"@type\":\"BreadcrumbList\",\"@id\":\"https:\\\/\\\/limpol.pl\\\/produkty\\\/gruszki-polowki-w-syropie-grecja\\\/#breadcrumb\",\"itemListElement\":[{\"@type\":\"ListItem\",\"position\":1,\"name\":\"Strona g\u0142\u00f3wna\",\"item\":\"https:\\\/\\\/limpol.pl\\\/\"},{\"@type\":\"ListItem\",\"position\":2,\"name\":\"Produkty\",\"item\":\"https:\\\/\\\/limpol.pl\\\/shop\\\/\"},{\"@type\":\"ListItem\",\"position\":3,\"name\":\"Gruszki po\u0142\u00f3wki w syropie, Grecja\"}]},{\"@type\":\"WebSite\",\"@id\":\"https:\\\/\\\/limpol.pl\\\/#website\",\"url\":\"https:\\\/\\\/limpol.pl\\\/\",\"name\":\"Limpol - Dystrybutor produkt\u00f3w spo\u017cywczych | Import Eksport\",\"description\":\"Importer i eksporter produkt\u00f3w spo\u017cywczych\",\"potentialAction\":[{\"@type\":\"SearchAction\",\"target\":{\"@type\":\"EntryPoint\",\"urlTemplate\":\"https:\\\/\\\/limpol.pl\\\/?s={search_term_string}\"},\"query-input\":{\"@type\":\"PropertyValueSpecification\",\"valueRequired\":true,\"valueName\":\"search_term_string\"}}],\"inLanguage\":\"en-GB\"}]}<\/script>\n<!-- \/ Yoast SEO plugin. -->","yoast_head_json":{"title":"Half pears in syrup, Greece - Limpol - Distributor of food products | Import Export","robots":{"index":"index","follow":"follow","max-snippet":"max-snippet:-1","max-image-preview":"max-image-preview:large","max-video-preview":"max-video-preview:-1"},"canonical":"https:\/\/limpol.pl\/en\/products\/pear-halves-in-syrup-greece\/","og_locale":"en_GB","og_type":"article","og_title":"Gruszki po\u0142\u00f3wki w syropie, Grecja - Limpol - Dystrybutor produkt\u00f3w spo\u017cywczych | Import Eksport","og_description":"Gruszki odmiany Williams w syropie o kremowej konsystencji, s\u0142odkim i pe\u0142nym smaku. Soczyste owoce s\u0105 wy\u015bmienity dodatkiem do deser\u00f3w i wypiek\u00f3w. Wytrawne potrawy, wzbogacaj\u0105 o ciekawy s\u0142odki smak. Syrop mo\u017cna wykorzysta jako baz\u0119 do letnich koktajli lub napoj\u00f3w.","og_url":"https:\/\/limpol.pl\/en\/products\/pear-halves-in-syrup-greece\/","og_site_name":"Limpol - Dystrybutor produkt\u00f3w spo\u017cywczych | Import Eksport","article_publisher":"https:\/\/www.facebook.com\/firmalimpol\/","article_modified_time":"2023-09-12T14:37:29+00:00","og_image":[{"width":1000,"height":1000,"url":"https:\/\/limpol.pl\/wp-content\/uploads\/2019\/03\/gruszki-pol-lekki-syrop-grecja-820-CIEN.jpg","type":"image\/jpeg"}],"twitter_card":"summary_large_image","twitter_misc":{"Estimated reading time":"1 minute"},"schema":{"@context":"https:\/\/schema.org","@graph":[{"@type":"WebPage","@id":"https:\/\/limpol.pl\/produkty\/gruszki-polowki-w-syropie-grecja\/","url":"https:\/\/limpol.pl\/produkty\/gruszki-polowki-w-syropie-grecja\/","name":"Half pears in syrup, Greece - Limpol - Distributor of food products | Import Export","isPartOf":{"@id":"https:\/\/limpol.pl\/#website"},"primaryImageOfPage":{"@id":"https:\/\/limpol.pl\/produkty\/gruszki-polowki-w-syropie-grecja\/#primaryimage"},"image":{"@id":"https:\/\/limpol.pl\/produkty\/gruszki-polowki-w-syropie-grecja\/#primaryimage"},"thumbnailUrl":"https:\/\/limpol.pl\/wp-content\/uploads\/2019\/03\/gruszki-pol-lekki-syrop-grecja-820-CIEN.jpg","datePublished":"2019-03-05T16:25:06+00:00","dateModified":"2023-09-12T14:37:29+00:00","breadcrumb":{"@id":"https:\/\/limpol.pl\/produkty\/gruszki-polowki-w-syropie-grecja\/#breadcrumb"},"inLanguage":"en-GB","potentialAction":[{"@type":"ReadAction","target":["https:\/\/limpol.pl\/produkty\/gruszki-polowki-w-syropie-grecja\/"]}]},{"@type":"ImageObject","inLanguage":"en-GB","@id":"https:\/\/limpol.pl\/produkty\/gruszki-polowki-w-syropie-grecja\/#primaryimage","url":"https:\/\/limpol.pl\/wp-content\/uploads\/2019\/03\/gruszki-pol-lekki-syrop-grecja-820-CIEN.jpg","contentUrl":"https:\/\/limpol.pl\/wp-content\/uploads\/2019\/03\/gruszki-pol-lekki-syrop-grecja-820-CIEN.jpg","width":1000,"height":1000},{"@type":"BreadcrumbList","@id":"https:\/\/limpol.pl\/produkty\/gruszki-polowki-w-syropie-grecja\/#breadcrumb","itemListElement":[{"@type":"ListItem","position":1,"name":"Strona g\u0142\u00f3wna","item":"https:\/\/limpol.pl\/"},{"@type":"ListItem","position":2,"name":"Produkty","item":"https:\/\/limpol.pl\/shop\/"},{"@type":"ListItem","position":3,"name":"Gruszki po\u0142\u00f3wki w syropie, Grecja"}]},{"@type":"WebSite","@id":"https:\/\/limpol.pl\/#website","url":"https:\/\/limpol.pl\/","name":"Limpol - Distributor of food products | Import Export","description":"Importer and exporter of food products","potentialAction":[{"@type":"SearchAction","target":{"@type":"EntryPoint","urlTemplate":"https:\/\/limpol.pl\/?s={search_term_string}"},"query-input":{"@type":"PropertyValueSpecification","valueRequired":true,"valueName":"search_term_string"}}],"inLanguage":"en-GB"}]}},"_links":{"self":[{"href":"https:\/\/limpol.pl\/en\/wp-json\/wp\/v2\/product\/1840","targetHints":{"allow":["GET"]}}],"collection":[{"href":"https:\/\/limpol.pl\/en\/wp-json\/wp\/v2\/product"}],"about":[{"href":"https:\/\/limpol.pl\/en\/wp-json\/wp\/v2\/types\/product"}],"wp:featuredmedia":[{"embeddable":true,"href":"https:\/\/limpol.pl\/en\/wp-json\/wp\/v2\/media\/5437"}],"wp:attachment":[{"href":"https:\/\/limpol.pl\/en\/wp-json\/wp\/v2\/media?parent=1840"}],"wp:term":[{"taxonomy":"product_brand","embeddable":true,"href":"https:\/\/limpol.pl\/en\/wp-json\/wp\/v2\/product_brand?post=1840"},{"taxonomy":"product_cat","embeddable":true,"href":"https:\/\/limpol.pl\/en\/wp-json\/wp\/v2\/product_cat?post=1840"},{"taxonomy":"product_tag","embeddable":true,"href":"https:\/\/limpol.pl\/en\/wp-json\/wp\/v2\/product_tag?post=1840"}],"curies":[{"name":"wp","href":"https:\/\/api.w.org\/{rel}","templated":true}]}}