{"id":1848,"date":"2019-03-05T17:25:06","date_gmt":"2019-03-05T16:25:06","guid":{"rendered":"https:\/\/limpol.pl\/produkty\/koncentrat-pomidorowy-28-30\/"},"modified":"2023-04-05T13:01:42","modified_gmt":"2023-04-05T11:01:42","slug":"tomato-concentrate-28-30","status":"publish","type":"product","link":"https:\/\/limpol.pl\/en\/products\/tomato-concentrate-28-30\/","title":{"rendered":"Tomato concentrate 28-30%"},"content":{"rendered":"<p>This is a high quality tomato puree, preserved by pasteurisation. It is used primarily as an addition to soups, sauces and main dishes. Smell the fresh tomato aroma when you open each can and see how it enhances the taste of your dishes.<\/p>","protected":false},"excerpt":{"rendered":"<p>This is a high quality tomato puree, preserved by pasteurisation. It is used primarily as an addition to soups, sauces and main dishes. Smell the fresh tomato aroma when you open each can and see how it enhances the taste of your dishes.<\/p>","protected":false},"featured_media":5458,"template":"","meta":[],"product_brand":[],"product_cat":[845,299],"product_tag":[],"class_list":{"0":"post-1848","1":"product","2":"type-product","3":"status-publish","4":"has-post-thumbnail","6":"product_cat-dla-pizzerii-i-trattorii","7":"product_cat-przetwory-pomidorowe","8":"pa_atrybut-detal-horeca-horeca","9":"pa_ilosc-sztuk-na-palecie-220","10":"pa_ilosc-sztuk-na-warstwie-370","11":"pa_masa-netto-4500g","12":"pa_sztuk-w-kartonie-196","14":"first","15":"instock","16":"product-type-simple"},"yoast_head":"<!-- This site is optimized with the Yoast SEO plugin v27.3 - https:\/\/yoast.com\/product\/yoast-seo-wordpress\/ -->\n<title>Koncentrat pomidorowy 28-30% - Limpol - Dystrybutor produkt\u00f3w spo\u017cywczych | Import Eksport<\/title>\n<meta name=\"robots\" content=\"index, follow, max-snippet:-1, max-image-preview:large, max-video-preview:-1\" \/>\n<link rel=\"canonical\" href=\"https:\/\/limpol.pl\/en\/products\/tomato-concentrate-28-30\/\" \/>\n<meta property=\"og:locale\" content=\"en_GB\" \/>\n<meta property=\"og:type\" content=\"article\" \/>\n<meta property=\"og:title\" content=\"Koncentrat pomidorowy 28-30% - Limpol - Dystrybutor produkt\u00f3w spo\u017cywczych | Import Eksport\" \/>\n<meta property=\"og:description\" content=\"To wysokiej jako\u015bci przecier pomidorowy, utrwalony dzi\u0119ki pasteryzacji. Stosowany przede wszystkim jako dodatek do zup, sos\u00f3w oraz da\u0144 g\u0142\u00f3wnych. Poczuj \u015bwie\u017cy zapach pomidor\u00f3w po otwarciu ka\u017cdej puszki i przekonaj si\u0119 jak bardzo podkre\u015bli smak Twoich potraw\" \/>\n<meta property=\"og:url\" content=\"https:\/\/limpol.pl\/en\/products\/tomato-concentrate-28-30\/\" \/>\n<meta property=\"og:site_name\" content=\"Limpol - Dystrybutor produkt\u00f3w spo\u017cywczych | Import Eksport\" \/>\n<meta property=\"article:publisher\" content=\"https:\/\/www.facebook.com\/firmalimpol\/\" \/>\n<meta property=\"article:modified_time\" content=\"2023-04-05T11:01:42+00:00\" \/>\n<meta property=\"og:image\" content=\"https:\/\/limpol.pl\/wp-content\/uploads\/2019\/03\/koncentrat-pomidorowy-grecja-28-30-4500-CIEN.jpg\" \/>\n\t<meta property=\"og:image:width\" content=\"1000\" \/>\n\t<meta property=\"og:image:height\" content=\"1000\" \/>\n\t<meta property=\"og:image:type\" content=\"image\/jpeg\" \/>\n<meta name=\"twitter:card\" content=\"summary_large_image\" \/>\n<meta name=\"twitter:label1\" content=\"Estimated reading time\" \/>\n\t<meta name=\"twitter:data1\" content=\"1 minute\" \/>\n<script type=\"application\/ld+json\" class=\"yoast-schema-graph\">{\"@context\":\"https:\\\/\\\/schema.org\",\"@graph\":[{\"@type\":\"WebPage\",\"@id\":\"https:\\\/\\\/limpol.pl\\\/produkty\\\/koncentrat-pomidorowy-28-30\\\/\",\"url\":\"https:\\\/\\\/limpol.pl\\\/produkty\\\/koncentrat-pomidorowy-28-30\\\/\",\"name\":\"Koncentrat pomidorowy 28-30% - Limpol - Dystrybutor produkt\u00f3w spo\u017cywczych | Import Eksport\",\"isPartOf\":{\"@id\":\"https:\\\/\\\/limpol.pl\\\/#website\"},\"primaryImageOfPage\":{\"@id\":\"https:\\\/\\\/limpol.pl\\\/produkty\\\/koncentrat-pomidorowy-28-30\\\/#primaryimage\"},\"image\":{\"@id\":\"https:\\\/\\\/limpol.pl\\\/produkty\\\/koncentrat-pomidorowy-28-30\\\/#primaryimage\"},\"thumbnailUrl\":\"https:\\\/\\\/limpol.pl\\\/wp-content\\\/uploads\\\/2019\\\/03\\\/koncentrat-pomidorowy-grecja-28-30-4500-CIEN.jpg\",\"datePublished\":\"2019-03-05T16:25:06+00:00\",\"dateModified\":\"2023-04-05T11:01:42+00:00\",\"breadcrumb\":{\"@id\":\"https:\\\/\\\/limpol.pl\\\/produkty\\\/koncentrat-pomidorowy-28-30\\\/#breadcrumb\"},\"inLanguage\":\"en-GB\",\"potentialAction\":[{\"@type\":\"ReadAction\",\"target\":[\"https:\\\/\\\/limpol.pl\\\/produkty\\\/koncentrat-pomidorowy-28-30\\\/\"]}]},{\"@type\":\"ImageObject\",\"inLanguage\":\"en-GB\",\"@id\":\"https:\\\/\\\/limpol.pl\\\/produkty\\\/koncentrat-pomidorowy-28-30\\\/#primaryimage\",\"url\":\"https:\\\/\\\/limpol.pl\\\/wp-content\\\/uploads\\\/2019\\\/03\\\/koncentrat-pomidorowy-grecja-28-30-4500-CIEN.jpg\",\"contentUrl\":\"https:\\\/\\\/limpol.pl\\\/wp-content\\\/uploads\\\/2019\\\/03\\\/koncentrat-pomidorowy-grecja-28-30-4500-CIEN.jpg\",\"width\":1000,\"height\":1000},{\"@type\":\"BreadcrumbList\",\"@id\":\"https:\\\/\\\/limpol.pl\\\/produkty\\\/koncentrat-pomidorowy-28-30\\\/#breadcrumb\",\"itemListElement\":[{\"@type\":\"ListItem\",\"position\":1,\"name\":\"Strona g\u0142\u00f3wna\",\"item\":\"https:\\\/\\\/limpol.pl\\\/\"},{\"@type\":\"ListItem\",\"position\":2,\"name\":\"Produkty\",\"item\":\"https:\\\/\\\/limpol.pl\\\/shop\\\/\"},{\"@type\":\"ListItem\",\"position\":3,\"name\":\"Koncentrat pomidorowy 28-30%\"}]},{\"@type\":\"WebSite\",\"@id\":\"https:\\\/\\\/limpol.pl\\\/#website\",\"url\":\"https:\\\/\\\/limpol.pl\\\/\",\"name\":\"Limpol - Dystrybutor produkt\u00f3w spo\u017cywczych | Import Eksport\",\"description\":\"Importer i eksporter produkt\u00f3w spo\u017cywczych\",\"potentialAction\":[{\"@type\":\"SearchAction\",\"target\":{\"@type\":\"EntryPoint\",\"urlTemplate\":\"https:\\\/\\\/limpol.pl\\\/?s={search_term_string}\"},\"query-input\":{\"@type\":\"PropertyValueSpecification\",\"valueRequired\":true,\"valueName\":\"search_term_string\"}}],\"inLanguage\":\"en-GB\"}]}<\/script>\n<!-- \/ Yoast SEO plugin. -->","yoast_head_json":{"title":"Tomato concentrate 28-30% - Limpol - Distributor of food products | Import Export","robots":{"index":"index","follow":"follow","max-snippet":"max-snippet:-1","max-image-preview":"max-image-preview:large","max-video-preview":"max-video-preview:-1"},"canonical":"https:\/\/limpol.pl\/en\/products\/tomato-concentrate-28-30\/","og_locale":"en_GB","og_type":"article","og_title":"Koncentrat pomidorowy 28-30% - Limpol - Dystrybutor produkt\u00f3w spo\u017cywczych | Import Eksport","og_description":"To wysokiej jako\u015bci przecier pomidorowy, utrwalony dzi\u0119ki pasteryzacji. Stosowany przede wszystkim jako dodatek do zup, sos\u00f3w oraz da\u0144 g\u0142\u00f3wnych. Poczuj \u015bwie\u017cy zapach pomidor\u00f3w po otwarciu ka\u017cdej puszki i przekonaj si\u0119 jak bardzo podkre\u015bli smak Twoich potraw","og_url":"https:\/\/limpol.pl\/en\/products\/tomato-concentrate-28-30\/","og_site_name":"Limpol - Dystrybutor produkt\u00f3w spo\u017cywczych | Import Eksport","article_publisher":"https:\/\/www.facebook.com\/firmalimpol\/","article_modified_time":"2023-04-05T11:01:42+00:00","og_image":[{"width":1000,"height":1000,"url":"https:\/\/limpol.pl\/wp-content\/uploads\/2019\/03\/koncentrat-pomidorowy-grecja-28-30-4500-CIEN.jpg","type":"image\/jpeg"}],"twitter_card":"summary_large_image","twitter_misc":{"Estimated reading time":"1 minute"},"schema":{"@context":"https:\/\/schema.org","@graph":[{"@type":"WebPage","@id":"https:\/\/limpol.pl\/produkty\/koncentrat-pomidorowy-28-30\/","url":"https:\/\/limpol.pl\/produkty\/koncentrat-pomidorowy-28-30\/","name":"Tomato concentrate 28-30% - Limpol - Distributor of food products | Import Export","isPartOf":{"@id":"https:\/\/limpol.pl\/#website"},"primaryImageOfPage":{"@id":"https:\/\/limpol.pl\/produkty\/koncentrat-pomidorowy-28-30\/#primaryimage"},"image":{"@id":"https:\/\/limpol.pl\/produkty\/koncentrat-pomidorowy-28-30\/#primaryimage"},"thumbnailUrl":"https:\/\/limpol.pl\/wp-content\/uploads\/2019\/03\/koncentrat-pomidorowy-grecja-28-30-4500-CIEN.jpg","datePublished":"2019-03-05T16:25:06+00:00","dateModified":"2023-04-05T11:01:42+00:00","breadcrumb":{"@id":"https:\/\/limpol.pl\/produkty\/koncentrat-pomidorowy-28-30\/#breadcrumb"},"inLanguage":"en-GB","potentialAction":[{"@type":"ReadAction","target":["https:\/\/limpol.pl\/produkty\/koncentrat-pomidorowy-28-30\/"]}]},{"@type":"ImageObject","inLanguage":"en-GB","@id":"https:\/\/limpol.pl\/produkty\/koncentrat-pomidorowy-28-30\/#primaryimage","url":"https:\/\/limpol.pl\/wp-content\/uploads\/2019\/03\/koncentrat-pomidorowy-grecja-28-30-4500-CIEN.jpg","contentUrl":"https:\/\/limpol.pl\/wp-content\/uploads\/2019\/03\/koncentrat-pomidorowy-grecja-28-30-4500-CIEN.jpg","width":1000,"height":1000},{"@type":"BreadcrumbList","@id":"https:\/\/limpol.pl\/produkty\/koncentrat-pomidorowy-28-30\/#breadcrumb","itemListElement":[{"@type":"ListItem","position":1,"name":"Strona g\u0142\u00f3wna","item":"https:\/\/limpol.pl\/"},{"@type":"ListItem","position":2,"name":"Produkty","item":"https:\/\/limpol.pl\/shop\/"},{"@type":"ListItem","position":3,"name":"Koncentrat pomidorowy 28-30%"}]},{"@type":"WebSite","@id":"https:\/\/limpol.pl\/#website","url":"https:\/\/limpol.pl\/","name":"Limpol - Distributor of food products | Import Export","description":"Importer and exporter of food products","potentialAction":[{"@type":"SearchAction","target":{"@type":"EntryPoint","urlTemplate":"https:\/\/limpol.pl\/?s={search_term_string}"},"query-input":{"@type":"PropertyValueSpecification","valueRequired":true,"valueName":"search_term_string"}}],"inLanguage":"en-GB"}]}},"_links":{"self":[{"href":"https:\/\/limpol.pl\/en\/wp-json\/wp\/v2\/product\/1848","targetHints":{"allow":["GET"]}}],"collection":[{"href":"https:\/\/limpol.pl\/en\/wp-json\/wp\/v2\/product"}],"about":[{"href":"https:\/\/limpol.pl\/en\/wp-json\/wp\/v2\/types\/product"}],"wp:featuredmedia":[{"embeddable":true,"href":"https:\/\/limpol.pl\/en\/wp-json\/wp\/v2\/media\/5458"}],"wp:attachment":[{"href":"https:\/\/limpol.pl\/en\/wp-json\/wp\/v2\/media?parent=1848"}],"wp:term":[{"taxonomy":"product_brand","embeddable":true,"href":"https:\/\/limpol.pl\/en\/wp-json\/wp\/v2\/product_brand?post=1848"},{"taxonomy":"product_cat","embeddable":true,"href":"https:\/\/limpol.pl\/en\/wp-json\/wp\/v2\/product_cat?post=1848"},{"taxonomy":"product_tag","embeddable":true,"href":"https:\/\/limpol.pl\/en\/wp-json\/wp\/v2\/product_tag?post=1848"}],"curies":[{"name":"wp","href":"https:\/\/api.w.org\/{rel}","templated":true}]}}