{"id":1850,"date":"2019-03-05T17:25:06","date_gmt":"2019-03-05T16:25:06","guid":{"rendered":"https:\/\/limpol.pl\/produkty\/kukurydza-slodka-pakowana-prozniowo-2\/"},"modified":"2023-04-06T10:43:38","modified_gmt":"2023-04-06T08:43:38","slug":"sweetcorn-vacuum-packed-2","status":"publish","type":"product","link":"https:\/\/limpol.pl\/en\/products\/sweetcorn-vacuum-packed-2\/","title":{"rendered":"Vacuum-packed sweetcorn"},"content":{"rendered":"<p>Sweetcorn has been in our homes every day and on festive occasions for years. We are not limited by our culinary imagination in its use. It goes well with most classic and more imaginative dishes. Its slightly sweet flavour is perfect in any combination. Great both hot and cold. The weight after draining is 285g, just right for a small and quick snack.<\/p>","protected":false},"excerpt":{"rendered":"<p>Kukurydza s\u0142odka ju\u017c od lat go\u015bci w naszych domach na co dzie\u0144 i od \u015bwi\u0119ta. W jej zastosowaniu nie ogranicza nas kulinarna wyobra\u017ania. Pasuje do wi\u0119kszo\u015bci potraw klasycznych i tych bardziej fantazyjnych. Jej lekko s\u0142odki smak jest doskona\u0142y w ka\u017cdym po\u0142\u0105czeniu. \u015awietna zar\u00f3wno na ciep\u0142o jak i na zimno. Waga po ods\u0105czeniu to 285g, w [&hellip;]<\/p>\n","protected":false},"featured_media":5234,"template":"","meta":[],"product_brand":[],"product_cat":[845,263],"product_tag":[],"class_list":{"0":"post-1850","1":"product","2":"type-product","3":"status-publish","4":"has-post-thumbnail","6":"product_cat-dla-pizzerii-i-trattorii","7":"product_cat-przetwory-warzywne","8":"pa_atrybut-detal-horeca-detal","9":"pa_ilosc-sztuk-na-palecie-93","10":"pa_ilosc-sztuk-na-warstwie-629","11":"pa_masa-netto-340g","12":"pa_masa-po-odsaczeniu-285g","13":"pa_sztuk-w-kartonie-79","15":"first","16":"instock","17":"product-type-simple"},"yoast_head":"<!-- This site is optimized with the Yoast SEO plugin v27.3 - https:\/\/yoast.com\/product\/yoast-seo-wordpress\/ -->\n<title>Kukurydza s\u0142odka pakowana pr\u00f3\u017cniowo - Limpol - Dystrybutor produkt\u00f3w spo\u017cywczych | Import Eksport<\/title>\n<meta name=\"robots\" content=\"index, follow, max-snippet:-1, max-image-preview:large, max-video-preview:-1\" \/>\n<link rel=\"canonical\" href=\"https:\/\/limpol.pl\/en\/products\/sweetcorn-vacuum-packed-2\/\" \/>\n<meta property=\"og:locale\" content=\"en_GB\" \/>\n<meta property=\"og:type\" content=\"article\" \/>\n<meta property=\"og:title\" content=\"Kukurydza s\u0142odka pakowana pr\u00f3\u017cniowo - Limpol - Dystrybutor produkt\u00f3w spo\u017cywczych | Import Eksport\" \/>\n<meta property=\"og:description\" content=\"Kukurydza s\u0142odka ju\u017c od lat go\u015bci w naszych domach na co dzie\u0144 i od \u015bwi\u0119ta. W jej zastosowaniu nie ogranicza nas kulinarna wyobra\u017ania. Pasuje do wi\u0119kszo\u015bci potraw klasycznych i tych bardziej fantazyjnych. Jej lekko s\u0142odki smak jest doskona\u0142y w ka\u017cdym po\u0142\u0105czeniu. \u015awietna zar\u00f3wno na ciep\u0142o jak i na zimno. Waga po ods\u0105czeniu to 285g, w [&hellip;]\" \/>\n<meta property=\"og:url\" content=\"https:\/\/limpol.pl\/en\/products\/sweetcorn-vacuum-packed-2\/\" \/>\n<meta property=\"og:site_name\" content=\"Limpol - Dystrybutor produkt\u00f3w spo\u017cywczych | Import Eksport\" \/>\n<meta property=\"article:publisher\" content=\"https:\/\/www.facebook.com\/firmalimpol\/\" \/>\n<meta property=\"article:modified_time\" content=\"2023-04-06T08:43:38+00:00\" \/>\n<meta property=\"og:image\" content=\"https:\/\/limpol.pl\/wp-content\/uploads\/2023\/01\/kukurydza-340-CIEN.jpg\" \/>\n\t<meta property=\"og:image:width\" content=\"800\" \/>\n\t<meta property=\"og:image:height\" content=\"800\" \/>\n\t<meta property=\"og:image:type\" content=\"image\/jpeg\" \/>\n<meta name=\"twitter:card\" content=\"summary_large_image\" \/>\n<meta name=\"twitter:label1\" content=\"Estimated reading time\" \/>\n\t<meta name=\"twitter:data1\" content=\"1 minute\" \/>\n<script type=\"application\/ld+json\" class=\"yoast-schema-graph\">{\"@context\":\"https:\\\/\\\/schema.org\",\"@graph\":[{\"@type\":\"WebPage\",\"@id\":\"https:\\\/\\\/limpol.pl\\\/produkty\\\/kukurydza-slodka-pakowana-prozniowo-2\\\/\",\"url\":\"https:\\\/\\\/limpol.pl\\\/produkty\\\/kukurydza-slodka-pakowana-prozniowo-2\\\/\",\"name\":\"Kukurydza s\u0142odka pakowana pr\u00f3\u017cniowo - Limpol - Dystrybutor produkt\u00f3w spo\u017cywczych | Import Eksport\",\"isPartOf\":{\"@id\":\"https:\\\/\\\/limpol.pl\\\/#website\"},\"primaryImageOfPage\":{\"@id\":\"https:\\\/\\\/limpol.pl\\\/produkty\\\/kukurydza-slodka-pakowana-prozniowo-2\\\/#primaryimage\"},\"image\":{\"@id\":\"https:\\\/\\\/limpol.pl\\\/produkty\\\/kukurydza-slodka-pakowana-prozniowo-2\\\/#primaryimage\"},\"thumbnailUrl\":\"https:\\\/\\\/limpol.pl\\\/wp-content\\\/uploads\\\/2023\\\/01\\\/kukurydza-340-CIEN.jpg\",\"datePublished\":\"2019-03-05T16:25:06+00:00\",\"dateModified\":\"2023-04-06T08:43:38+00:00\",\"breadcrumb\":{\"@id\":\"https:\\\/\\\/limpol.pl\\\/produkty\\\/kukurydza-slodka-pakowana-prozniowo-2\\\/#breadcrumb\"},\"inLanguage\":\"en-GB\",\"potentialAction\":[{\"@type\":\"ReadAction\",\"target\":[\"https:\\\/\\\/limpol.pl\\\/produkty\\\/kukurydza-slodka-pakowana-prozniowo-2\\\/\"]}]},{\"@type\":\"ImageObject\",\"inLanguage\":\"en-GB\",\"@id\":\"https:\\\/\\\/limpol.pl\\\/produkty\\\/kukurydza-slodka-pakowana-prozniowo-2\\\/#primaryimage\",\"url\":\"https:\\\/\\\/limpol.pl\\\/wp-content\\\/uploads\\\/2023\\\/01\\\/kukurydza-340-CIEN.jpg\",\"contentUrl\":\"https:\\\/\\\/limpol.pl\\\/wp-content\\\/uploads\\\/2023\\\/01\\\/kukurydza-340-CIEN.jpg\",\"width\":800,\"height\":800},{\"@type\":\"BreadcrumbList\",\"@id\":\"https:\\\/\\\/limpol.pl\\\/produkty\\\/kukurydza-slodka-pakowana-prozniowo-2\\\/#breadcrumb\",\"itemListElement\":[{\"@type\":\"ListItem\",\"position\":1,\"name\":\"Strona g\u0142\u00f3wna\",\"item\":\"https:\\\/\\\/limpol.pl\\\/\"},{\"@type\":\"ListItem\",\"position\":2,\"name\":\"Produkty\",\"item\":\"https:\\\/\\\/limpol.pl\\\/shop\\\/\"},{\"@type\":\"ListItem\",\"position\":3,\"name\":\"Kukurydza s\u0142odka pakowana pr\u00f3\u017cniowo\"}]},{\"@type\":\"WebSite\",\"@id\":\"https:\\\/\\\/limpol.pl\\\/#website\",\"url\":\"https:\\\/\\\/limpol.pl\\\/\",\"name\":\"Limpol - Dystrybutor produkt\u00f3w spo\u017cywczych | Import Eksport\",\"description\":\"Importer i eksporter produkt\u00f3w spo\u017cywczych\",\"potentialAction\":[{\"@type\":\"SearchAction\",\"target\":{\"@type\":\"EntryPoint\",\"urlTemplate\":\"https:\\\/\\\/limpol.pl\\\/?s={search_term_string}\"},\"query-input\":{\"@type\":\"PropertyValueSpecification\",\"valueRequired\":true,\"valueName\":\"search_term_string\"}}],\"inLanguage\":\"en-GB\"}]}<\/script>\n<!-- \/ Yoast SEO plugin. -->","yoast_head_json":{"title":"Vacuum-packed sweet corn - Limpol - Distributor of food products | Import Export","robots":{"index":"index","follow":"follow","max-snippet":"max-snippet:-1","max-image-preview":"max-image-preview:large","max-video-preview":"max-video-preview:-1"},"canonical":"https:\/\/limpol.pl\/en\/products\/sweetcorn-vacuum-packed-2\/","og_locale":"en_GB","og_type":"article","og_title":"Kukurydza s\u0142odka pakowana pr\u00f3\u017cniowo - Limpol - Dystrybutor produkt\u00f3w spo\u017cywczych | Import Eksport","og_description":"Kukurydza s\u0142odka ju\u017c od lat go\u015bci w naszych domach na co dzie\u0144 i od \u015bwi\u0119ta. W jej zastosowaniu nie ogranicza nas kulinarna wyobra\u017ania. Pasuje do wi\u0119kszo\u015bci potraw klasycznych i tych bardziej fantazyjnych. Jej lekko s\u0142odki smak jest doskona\u0142y w ka\u017cdym po\u0142\u0105czeniu. \u015awietna zar\u00f3wno na ciep\u0142o jak i na zimno. Waga po ods\u0105czeniu to 285g, w [&hellip;]","og_url":"https:\/\/limpol.pl\/en\/products\/sweetcorn-vacuum-packed-2\/","og_site_name":"Limpol - Dystrybutor produkt\u00f3w spo\u017cywczych | Import Eksport","article_publisher":"https:\/\/www.facebook.com\/firmalimpol\/","article_modified_time":"2023-04-06T08:43:38+00:00","og_image":[{"width":800,"height":800,"url":"https:\/\/limpol.pl\/wp-content\/uploads\/2023\/01\/kukurydza-340-CIEN.jpg","type":"image\/jpeg"}],"twitter_card":"summary_large_image","twitter_misc":{"Estimated reading time":"1 minute"},"schema":{"@context":"https:\/\/schema.org","@graph":[{"@type":"WebPage","@id":"https:\/\/limpol.pl\/produkty\/kukurydza-slodka-pakowana-prozniowo-2\/","url":"https:\/\/limpol.pl\/produkty\/kukurydza-slodka-pakowana-prozniowo-2\/","name":"Vacuum-packed sweet corn - Limpol - Distributor of food products | Import Export","isPartOf":{"@id":"https:\/\/limpol.pl\/#website"},"primaryImageOfPage":{"@id":"https:\/\/limpol.pl\/produkty\/kukurydza-slodka-pakowana-prozniowo-2\/#primaryimage"},"image":{"@id":"https:\/\/limpol.pl\/produkty\/kukurydza-slodka-pakowana-prozniowo-2\/#primaryimage"},"thumbnailUrl":"https:\/\/limpol.pl\/wp-content\/uploads\/2023\/01\/kukurydza-340-CIEN.jpg","datePublished":"2019-03-05T16:25:06+00:00","dateModified":"2023-04-06T08:43:38+00:00","breadcrumb":{"@id":"https:\/\/limpol.pl\/produkty\/kukurydza-slodka-pakowana-prozniowo-2\/#breadcrumb"},"inLanguage":"en-GB","potentialAction":[{"@type":"ReadAction","target":["https:\/\/limpol.pl\/produkty\/kukurydza-slodka-pakowana-prozniowo-2\/"]}]},{"@type":"ImageObject","inLanguage":"en-GB","@id":"https:\/\/limpol.pl\/produkty\/kukurydza-slodka-pakowana-prozniowo-2\/#primaryimage","url":"https:\/\/limpol.pl\/wp-content\/uploads\/2023\/01\/kukurydza-340-CIEN.jpg","contentUrl":"https:\/\/limpol.pl\/wp-content\/uploads\/2023\/01\/kukurydza-340-CIEN.jpg","width":800,"height":800},{"@type":"BreadcrumbList","@id":"https:\/\/limpol.pl\/produkty\/kukurydza-slodka-pakowana-prozniowo-2\/#breadcrumb","itemListElement":[{"@type":"ListItem","position":1,"name":"Strona g\u0142\u00f3wna","item":"https:\/\/limpol.pl\/"},{"@type":"ListItem","position":2,"name":"Produkty","item":"https:\/\/limpol.pl\/shop\/"},{"@type":"ListItem","position":3,"name":"Kukurydza s\u0142odka pakowana pr\u00f3\u017cniowo"}]},{"@type":"WebSite","@id":"https:\/\/limpol.pl\/#website","url":"https:\/\/limpol.pl\/","name":"Limpol - Distributor of food products | Import Export","description":"Importer and exporter of food products","potentialAction":[{"@type":"SearchAction","target":{"@type":"EntryPoint","urlTemplate":"https:\/\/limpol.pl\/?s={search_term_string}"},"query-input":{"@type":"PropertyValueSpecification","valueRequired":true,"valueName":"search_term_string"}}],"inLanguage":"en-GB"}]}},"_links":{"self":[{"href":"https:\/\/limpol.pl\/en\/wp-json\/wp\/v2\/product\/1850","targetHints":{"allow":["GET"]}}],"collection":[{"href":"https:\/\/limpol.pl\/en\/wp-json\/wp\/v2\/product"}],"about":[{"href":"https:\/\/limpol.pl\/en\/wp-json\/wp\/v2\/types\/product"}],"wp:featuredmedia":[{"embeddable":true,"href":"https:\/\/limpol.pl\/en\/wp-json\/wp\/v2\/media\/5234"}],"wp:attachment":[{"href":"https:\/\/limpol.pl\/en\/wp-json\/wp\/v2\/media?parent=1850"}],"wp:term":[{"taxonomy":"product_brand","embeddable":true,"href":"https:\/\/limpol.pl\/en\/wp-json\/wp\/v2\/product_brand?post=1850"},{"taxonomy":"product_cat","embeddable":true,"href":"https:\/\/limpol.pl\/en\/wp-json\/wp\/v2\/product_cat?post=1850"},{"taxonomy":"product_tag","embeddable":true,"href":"https:\/\/limpol.pl\/en\/wp-json\/wp\/v2\/product_tag?post=1850"}],"curies":[{"name":"wp","href":"https:\/\/api.w.org\/{rel}","templated":true}]}}