{"id":1857,"date":"2019-03-05T17:25:24","date_gmt":"2019-03-05T16:25:24","guid":{"rendered":"https:\/\/limpol.pl\/produkty\/mandarynki-segmenty-w-lekkim-syropie-2\/"},"modified":"2023-09-12T16:35:53","modified_gmt":"2023-09-12T14:35:53","slug":"mandarin-segments-in-syrup-2","status":"publish","type":"product","link":"https:\/\/limpol.pl\/en\/products\/mandarin-segments-in-syrup-2\/","title":{"rendered":"Mandarin segments in syrup"},"content":{"rendered":"<p>Mandarin segments in syrup, characterised by their regular shape, strong orange colour and juicy flesh. They are an ideal ingredient not only in fruit salads but also in baked goods, summer cocktails and smoothies. They can also become an original ingredient in more complex restaurant desserts.<\/p>","protected":false},"excerpt":{"rendered":"<p>Mandarin segments in syrup, characterised by their regular shape, strong orange colour and juicy flesh. They are an ideal ingredient not only in fruit salads but also in baked goods, summer cocktails and smoothies. They can also become an original ingredient in more complex restaurant desserts.<\/p>","protected":false},"featured_media":5468,"template":"","meta":[],"product_brand":[],"product_cat":[258],"product_tag":[],"class_list":{"0":"post-1857","1":"product","2":"type-product","3":"status-publish","4":"has-post-thumbnail","6":"product_cat-przetwory-owocowe","7":"pa_atrybut-detal-horeca-detal","8":"pa_ilosc-sztuk-na-palecie-73","9":"pa_ilosc-sztuk-na-warstwie-385","10":"pa_masa-netto-321g","11":"pa_masa-po-odsaczeniu-175g","12":"pa_sztuk-w-kartonie-71","14":"first","15":"instock","16":"product-type-simple"},"yoast_head":"<!-- This site is optimized with the Yoast SEO plugin v27.3 - https:\/\/yoast.com\/product\/yoast-seo-wordpress\/ -->\n<title>Mandarynki segmenty w syropie - Limpol - Dystrybutor produkt\u00f3w spo\u017cywczych | Import Eksport<\/title>\n<meta name=\"robots\" content=\"index, follow, max-snippet:-1, max-image-preview:large, max-video-preview:-1\" \/>\n<link rel=\"canonical\" href=\"https:\/\/limpol.pl\/en\/products\/mandarin-segments-in-syrup-2\/\" \/>\n<meta property=\"og:locale\" content=\"en_GB\" \/>\n<meta property=\"og:type\" content=\"article\" \/>\n<meta property=\"og:title\" content=\"Mandarynki segmenty w syropie - Limpol - Dystrybutor produkt\u00f3w spo\u017cywczych | Import Eksport\" \/>\n<meta property=\"og:description\" content=\"Segmenty mandarynek w syropie, charakteryzuj\u0105 si\u0119 regularnym kszta\u0142tem, mocno pomara\u0144czowym kolorem oraz soczystym mi\u0105\u017cszem. S\u0105 idealnym sk\u0142adnikiem nie tylko owocowych sa\u0142atek ale r\u00f3wnie\u017c wypiek\u00f3w, letnich koktajli i smoothie. Mog\u0105 te\u017c sta\u0107 si\u0119 oryginalnym sk\u0142adnikiem bardziej skomplikowanych restauracyjnych deser\u00f3w.\" \/>\n<meta property=\"og:url\" content=\"https:\/\/limpol.pl\/en\/products\/mandarin-segments-in-syrup-2\/\" \/>\n<meta property=\"og:site_name\" content=\"Limpol - Dystrybutor produkt\u00f3w spo\u017cywczych | Import Eksport\" \/>\n<meta property=\"article:publisher\" content=\"https:\/\/www.facebook.com\/firmalimpol\/\" \/>\n<meta property=\"article:modified_time\" content=\"2023-09-12T14:35:53+00:00\" \/>\n<meta property=\"og:image\" content=\"https:\/\/limpol.pl\/wp-content\/uploads\/2019\/03\/mandarynki-segmenty-lekki-syrop-321-CIEN.jpg\" \/>\n\t<meta property=\"og:image:width\" content=\"1000\" \/>\n\t<meta property=\"og:image:height\" content=\"1000\" \/>\n\t<meta property=\"og:image:type\" content=\"image\/jpeg\" \/>\n<meta name=\"twitter:card\" content=\"summary_large_image\" \/>\n<meta name=\"twitter:label1\" content=\"Estimated reading time\" \/>\n\t<meta name=\"twitter:data1\" content=\"1 minute\" \/>\n<script type=\"application\/ld+json\" class=\"yoast-schema-graph\">{\"@context\":\"https:\\\/\\\/schema.org\",\"@graph\":[{\"@type\":\"WebPage\",\"@id\":\"https:\\\/\\\/limpol.pl\\\/produkty\\\/mandarynki-segmenty-w-syropie-2\\\/\",\"url\":\"https:\\\/\\\/limpol.pl\\\/produkty\\\/mandarynki-segmenty-w-syropie-2\\\/\",\"name\":\"Mandarynki segmenty w syropie - Limpol - Dystrybutor produkt\u00f3w spo\u017cywczych | Import Eksport\",\"isPartOf\":{\"@id\":\"https:\\\/\\\/limpol.pl\\\/#website\"},\"primaryImageOfPage\":{\"@id\":\"https:\\\/\\\/limpol.pl\\\/produkty\\\/mandarynki-segmenty-w-syropie-2\\\/#primaryimage\"},\"image\":{\"@id\":\"https:\\\/\\\/limpol.pl\\\/produkty\\\/mandarynki-segmenty-w-syropie-2\\\/#primaryimage\"},\"thumbnailUrl\":\"https:\\\/\\\/limpol.pl\\\/wp-content\\\/uploads\\\/2019\\\/03\\\/mandarynki-segmenty-lekki-syrop-321-CIEN.jpg\",\"datePublished\":\"2019-03-05T16:25:24+00:00\",\"dateModified\":\"2023-09-12T14:35:53+00:00\",\"breadcrumb\":{\"@id\":\"https:\\\/\\\/limpol.pl\\\/produkty\\\/mandarynki-segmenty-w-syropie-2\\\/#breadcrumb\"},\"inLanguage\":\"en-GB\",\"potentialAction\":[{\"@type\":\"ReadAction\",\"target\":[\"https:\\\/\\\/limpol.pl\\\/produkty\\\/mandarynki-segmenty-w-syropie-2\\\/\"]}]},{\"@type\":\"ImageObject\",\"inLanguage\":\"en-GB\",\"@id\":\"https:\\\/\\\/limpol.pl\\\/produkty\\\/mandarynki-segmenty-w-syropie-2\\\/#primaryimage\",\"url\":\"https:\\\/\\\/limpol.pl\\\/wp-content\\\/uploads\\\/2019\\\/03\\\/mandarynki-segmenty-lekki-syrop-321-CIEN.jpg\",\"contentUrl\":\"https:\\\/\\\/limpol.pl\\\/wp-content\\\/uploads\\\/2019\\\/03\\\/mandarynki-segmenty-lekki-syrop-321-CIEN.jpg\",\"width\":1000,\"height\":1000},{\"@type\":\"BreadcrumbList\",\"@id\":\"https:\\\/\\\/limpol.pl\\\/produkty\\\/mandarynki-segmenty-w-syropie-2\\\/#breadcrumb\",\"itemListElement\":[{\"@type\":\"ListItem\",\"position\":1,\"name\":\"Strona g\u0142\u00f3wna\",\"item\":\"https:\\\/\\\/limpol.pl\\\/\"},{\"@type\":\"ListItem\",\"position\":2,\"name\":\"Produkty\",\"item\":\"https:\\\/\\\/limpol.pl\\\/shop\\\/\"},{\"@type\":\"ListItem\",\"position\":3,\"name\":\"Mandarynki segmenty w syropie\"}]},{\"@type\":\"WebSite\",\"@id\":\"https:\\\/\\\/limpol.pl\\\/#website\",\"url\":\"https:\\\/\\\/limpol.pl\\\/\",\"name\":\"Limpol - Dystrybutor produkt\u00f3w spo\u017cywczych | Import Eksport\",\"description\":\"Importer i eksporter produkt\u00f3w spo\u017cywczych\",\"potentialAction\":[{\"@type\":\"SearchAction\",\"target\":{\"@type\":\"EntryPoint\",\"urlTemplate\":\"https:\\\/\\\/limpol.pl\\\/?s={search_term_string}\"},\"query-input\":{\"@type\":\"PropertyValueSpecification\",\"valueRequired\":true,\"valueName\":\"search_term_string\"}}],\"inLanguage\":\"en-GB\"}]}<\/script>\n<!-- \/ Yoast SEO plugin. -->","yoast_head_json":{"title":"Mandarins segments in syrup - Limpol - Distributor of food products | Import Export","robots":{"index":"index","follow":"follow","max-snippet":"max-snippet:-1","max-image-preview":"max-image-preview:large","max-video-preview":"max-video-preview:-1"},"canonical":"https:\/\/limpol.pl\/en\/products\/mandarin-segments-in-syrup-2\/","og_locale":"en_GB","og_type":"article","og_title":"Mandarynki segmenty w syropie - Limpol - Dystrybutor produkt\u00f3w spo\u017cywczych | Import Eksport","og_description":"Segmenty mandarynek w syropie, charakteryzuj\u0105 si\u0119 regularnym kszta\u0142tem, mocno pomara\u0144czowym kolorem oraz soczystym mi\u0105\u017cszem. S\u0105 idealnym sk\u0142adnikiem nie tylko owocowych sa\u0142atek ale r\u00f3wnie\u017c wypiek\u00f3w, letnich koktajli i smoothie. Mog\u0105 te\u017c sta\u0107 si\u0119 oryginalnym sk\u0142adnikiem bardziej skomplikowanych restauracyjnych deser\u00f3w.","og_url":"https:\/\/limpol.pl\/en\/products\/mandarin-segments-in-syrup-2\/","og_site_name":"Limpol - Dystrybutor produkt\u00f3w spo\u017cywczych | Import Eksport","article_publisher":"https:\/\/www.facebook.com\/firmalimpol\/","article_modified_time":"2023-09-12T14:35:53+00:00","og_image":[{"width":1000,"height":1000,"url":"https:\/\/limpol.pl\/wp-content\/uploads\/2019\/03\/mandarynki-segmenty-lekki-syrop-321-CIEN.jpg","type":"image\/jpeg"}],"twitter_card":"summary_large_image","twitter_misc":{"Estimated reading time":"1 minute"},"schema":{"@context":"https:\/\/schema.org","@graph":[{"@type":"WebPage","@id":"https:\/\/limpol.pl\/produkty\/mandarynki-segmenty-w-syropie-2\/","url":"https:\/\/limpol.pl\/produkty\/mandarynki-segmenty-w-syropie-2\/","name":"Mandarins segments in syrup - Limpol - Distributor of food products | Import Export","isPartOf":{"@id":"https:\/\/limpol.pl\/#website"},"primaryImageOfPage":{"@id":"https:\/\/limpol.pl\/produkty\/mandarynki-segmenty-w-syropie-2\/#primaryimage"},"image":{"@id":"https:\/\/limpol.pl\/produkty\/mandarynki-segmenty-w-syropie-2\/#primaryimage"},"thumbnailUrl":"https:\/\/limpol.pl\/wp-content\/uploads\/2019\/03\/mandarynki-segmenty-lekki-syrop-321-CIEN.jpg","datePublished":"2019-03-05T16:25:24+00:00","dateModified":"2023-09-12T14:35:53+00:00","breadcrumb":{"@id":"https:\/\/limpol.pl\/produkty\/mandarynki-segmenty-w-syropie-2\/#breadcrumb"},"inLanguage":"en-GB","potentialAction":[{"@type":"ReadAction","target":["https:\/\/limpol.pl\/produkty\/mandarynki-segmenty-w-syropie-2\/"]}]},{"@type":"ImageObject","inLanguage":"en-GB","@id":"https:\/\/limpol.pl\/produkty\/mandarynki-segmenty-w-syropie-2\/#primaryimage","url":"https:\/\/limpol.pl\/wp-content\/uploads\/2019\/03\/mandarynki-segmenty-lekki-syrop-321-CIEN.jpg","contentUrl":"https:\/\/limpol.pl\/wp-content\/uploads\/2019\/03\/mandarynki-segmenty-lekki-syrop-321-CIEN.jpg","width":1000,"height":1000},{"@type":"BreadcrumbList","@id":"https:\/\/limpol.pl\/produkty\/mandarynki-segmenty-w-syropie-2\/#breadcrumb","itemListElement":[{"@type":"ListItem","position":1,"name":"Strona g\u0142\u00f3wna","item":"https:\/\/limpol.pl\/"},{"@type":"ListItem","position":2,"name":"Produkty","item":"https:\/\/limpol.pl\/shop\/"},{"@type":"ListItem","position":3,"name":"Mandarynki segmenty w syropie"}]},{"@type":"WebSite","@id":"https:\/\/limpol.pl\/#website","url":"https:\/\/limpol.pl\/","name":"Limpol - Distributor of food products | Import Export","description":"Importer and exporter of food products","potentialAction":[{"@type":"SearchAction","target":{"@type":"EntryPoint","urlTemplate":"https:\/\/limpol.pl\/?s={search_term_string}"},"query-input":{"@type":"PropertyValueSpecification","valueRequired":true,"valueName":"search_term_string"}}],"inLanguage":"en-GB"}]}},"_links":{"self":[{"href":"https:\/\/limpol.pl\/en\/wp-json\/wp\/v2\/product\/1857","targetHints":{"allow":["GET"]}}],"collection":[{"href":"https:\/\/limpol.pl\/en\/wp-json\/wp\/v2\/product"}],"about":[{"href":"https:\/\/limpol.pl\/en\/wp-json\/wp\/v2\/types\/product"}],"wp:featuredmedia":[{"embeddable":true,"href":"https:\/\/limpol.pl\/en\/wp-json\/wp\/v2\/media\/5468"}],"wp:attachment":[{"href":"https:\/\/limpol.pl\/en\/wp-json\/wp\/v2\/media?parent=1857"}],"wp:term":[{"taxonomy":"product_brand","embeddable":true,"href":"https:\/\/limpol.pl\/en\/wp-json\/wp\/v2\/product_brand?post=1857"},{"taxonomy":"product_cat","embeddable":true,"href":"https:\/\/limpol.pl\/en\/wp-json\/wp\/v2\/product_cat?post=1857"},{"taxonomy":"product_tag","embeddable":true,"href":"https:\/\/limpol.pl\/en\/wp-json\/wp\/v2\/product_tag?post=1857"}],"curies":[{"name":"wp","href":"https:\/\/api.w.org\/{rel}","templated":true}]}}