{"id":1869,"date":"2019-03-05T17:25:24","date_gmt":"2019-03-05T16:25:24","guid":{"rendered":"https:\/\/limpol.pl\/produkty\/olej-kokosowy\/"},"modified":"2023-01-25T14:26:55","modified_gmt":"2023-01-25T13:26:55","slug":"coconut-oil","status":"publish","type":"product","link":"https:\/\/limpol.pl\/en\/products\/coconut-oil\/","title":{"rendered":"Coconut oil"},"content":{"rendered":"<p>Coconut oil is made from pressing the flesh of the coconut palm and then subjected to a purification process. A characteristic feature of this substance is its change in state of aggregation, at temperatures above 20 degrees it becomes liquid. Refined coconut oil does not affect the taste or smell of food, so it can be used for frying and baking.<\/p>","protected":false},"excerpt":{"rendered":"<p>Coconut oil is made from pressing the flesh of the coconut palm and then subjected to a purification process. A characteristic feature of this substance is its change in state of aggregation, at temperatures above 20 degrees it becomes liquid. Refined coconut oil does not affect the taste or smell of food, so it can be used for frying and baking.<\/p>","protected":false},"featured_media":5485,"template":"","meta":[],"product_brand":[],"product_cat":[315],"product_tag":[],"class_list":{"0":"post-1869","1":"product","2":"type-product","3":"status-publish","4":"has-post-thumbnail","6":"product_cat-produkty-z-kokosa","7":"pa_atrybut-detal-horeca-detalhoreca","8":"pa_ilosc-sztuk-na-palecie-97","9":"pa_ilosc-sztuk-na-warstwie-386","10":"pa_masa-netto-500ml","11":"pa_sztuk-w-kartonie-79","13":"first","14":"instock","15":"product-type-simple"},"yoast_head":"<!-- This site is optimized with the Yoast SEO plugin v27.3 - https:\/\/yoast.com\/product\/yoast-seo-wordpress\/ -->\n<title>Olej kokosowy - Limpol - Dystrybutor produkt\u00f3w spo\u017cywczych | Import Eksport<\/title>\n<meta name=\"robots\" content=\"index, follow, max-snippet:-1, max-image-preview:large, max-video-preview:-1\" \/>\n<link rel=\"canonical\" href=\"https:\/\/limpol.pl\/en\/products\/coconut-oil\/\" \/>\n<meta property=\"og:locale\" content=\"en_GB\" \/>\n<meta property=\"og:type\" content=\"article\" \/>\n<meta property=\"og:title\" content=\"Olej kokosowy - Limpol - Dystrybutor produkt\u00f3w spo\u017cywczych | Import Eksport\" \/>\n<meta property=\"og:description\" content=\"Olej kokosowy powstaje z t\u0142oczenia mi\u0105\u017cszu orzecha palmy kokosowej, a nast\u0119pnie poddany procesowi oczyszczenia. Cech\u0105 charakterystyczn\u0105 tej substancji jest zmiana stanu skupienia, w temperaturze powy\u017cej 20 stopni staje si\u0119 on p\u0142ynny. Rafinowany olej kokosowy nie wp\u0142ywa na smak i zapach potraw, dzi\u0119ki czemu mo\u017ce by\u0107 wykorzystywany do sma\u017cenia i pieczenia.\" \/>\n<meta property=\"og:url\" content=\"https:\/\/limpol.pl\/en\/products\/coconut-oil\/\" \/>\n<meta property=\"og:site_name\" content=\"Limpol - Dystrybutor produkt\u00f3w spo\u017cywczych | Import Eksport\" \/>\n<meta property=\"article:publisher\" content=\"https:\/\/www.facebook.com\/firmalimpol\/\" \/>\n<meta property=\"article:modified_time\" content=\"2023-01-25T13:26:55+00:00\" \/>\n<meta property=\"og:image\" content=\"https:\/\/limpol.pl\/wp-content\/uploads\/2019\/03\/olej-kokosowy-skoik-500-CIEN.jpg\" \/>\n\t<meta property=\"og:image:width\" content=\"1000\" \/>\n\t<meta property=\"og:image:height\" content=\"1000\" \/>\n\t<meta property=\"og:image:type\" content=\"image\/jpeg\" \/>\n<meta name=\"twitter:card\" content=\"summary_large_image\" \/>\n<meta name=\"twitter:label1\" content=\"Estimated reading time\" \/>\n\t<meta name=\"twitter:data1\" content=\"1 minute\" \/>\n<script type=\"application\/ld+json\" class=\"yoast-schema-graph\">{\"@context\":\"https:\\\/\\\/schema.org\",\"@graph\":[{\"@type\":\"WebPage\",\"@id\":\"https:\\\/\\\/limpol.pl\\\/produkty\\\/olej-kokosowy\\\/\",\"url\":\"https:\\\/\\\/limpol.pl\\\/produkty\\\/olej-kokosowy\\\/\",\"name\":\"Olej kokosowy - Limpol - Dystrybutor produkt\u00f3w spo\u017cywczych | Import Eksport\",\"isPartOf\":{\"@id\":\"https:\\\/\\\/limpol.pl\\\/#website\"},\"primaryImageOfPage\":{\"@id\":\"https:\\\/\\\/limpol.pl\\\/produkty\\\/olej-kokosowy\\\/#primaryimage\"},\"image\":{\"@id\":\"https:\\\/\\\/limpol.pl\\\/produkty\\\/olej-kokosowy\\\/#primaryimage\"},\"thumbnailUrl\":\"https:\\\/\\\/limpol.pl\\\/wp-content\\\/uploads\\\/2019\\\/03\\\/olej-kokosowy-skoik-500-CIEN.jpg\",\"datePublished\":\"2019-03-05T16:25:24+00:00\",\"dateModified\":\"2023-01-25T13:26:55+00:00\",\"breadcrumb\":{\"@id\":\"https:\\\/\\\/limpol.pl\\\/produkty\\\/olej-kokosowy\\\/#breadcrumb\"},\"inLanguage\":\"en-GB\",\"potentialAction\":[{\"@type\":\"ReadAction\",\"target\":[\"https:\\\/\\\/limpol.pl\\\/produkty\\\/olej-kokosowy\\\/\"]}]},{\"@type\":\"ImageObject\",\"inLanguage\":\"en-GB\",\"@id\":\"https:\\\/\\\/limpol.pl\\\/produkty\\\/olej-kokosowy\\\/#primaryimage\",\"url\":\"https:\\\/\\\/limpol.pl\\\/wp-content\\\/uploads\\\/2019\\\/03\\\/olej-kokosowy-skoik-500-CIEN.jpg\",\"contentUrl\":\"https:\\\/\\\/limpol.pl\\\/wp-content\\\/uploads\\\/2019\\\/03\\\/olej-kokosowy-skoik-500-CIEN.jpg\",\"width\":1000,\"height\":1000},{\"@type\":\"BreadcrumbList\",\"@id\":\"https:\\\/\\\/limpol.pl\\\/produkty\\\/olej-kokosowy\\\/#breadcrumb\",\"itemListElement\":[{\"@type\":\"ListItem\",\"position\":1,\"name\":\"Strona g\u0142\u00f3wna\",\"item\":\"https:\\\/\\\/limpol.pl\\\/\"},{\"@type\":\"ListItem\",\"position\":2,\"name\":\"Produkty\",\"item\":\"https:\\\/\\\/limpol.pl\\\/shop\\\/\"},{\"@type\":\"ListItem\",\"position\":3,\"name\":\"Olej kokosowy\"}]},{\"@type\":\"WebSite\",\"@id\":\"https:\\\/\\\/limpol.pl\\\/#website\",\"url\":\"https:\\\/\\\/limpol.pl\\\/\",\"name\":\"Limpol - Dystrybutor produkt\u00f3w spo\u017cywczych | Import Eksport\",\"description\":\"Importer i eksporter produkt\u00f3w spo\u017cywczych\",\"potentialAction\":[{\"@type\":\"SearchAction\",\"target\":{\"@type\":\"EntryPoint\",\"urlTemplate\":\"https:\\\/\\\/limpol.pl\\\/?s={search_term_string}\"},\"query-input\":{\"@type\":\"PropertyValueSpecification\",\"valueRequired\":true,\"valueName\":\"search_term_string\"}}],\"inLanguage\":\"en-GB\"}]}<\/script>\n<!-- \/ Yoast SEO plugin. -->","yoast_head_json":{"title":"Coconut oil - Limpol - Distributor of food products | Import Export","robots":{"index":"index","follow":"follow","max-snippet":"max-snippet:-1","max-image-preview":"max-image-preview:large","max-video-preview":"max-video-preview:-1"},"canonical":"https:\/\/limpol.pl\/en\/products\/coconut-oil\/","og_locale":"en_GB","og_type":"article","og_title":"Olej kokosowy - Limpol - Dystrybutor produkt\u00f3w spo\u017cywczych | Import Eksport","og_description":"Olej kokosowy powstaje z t\u0142oczenia mi\u0105\u017cszu orzecha palmy kokosowej, a nast\u0119pnie poddany procesowi oczyszczenia. Cech\u0105 charakterystyczn\u0105 tej substancji jest zmiana stanu skupienia, w temperaturze powy\u017cej 20 stopni staje si\u0119 on p\u0142ynny. Rafinowany olej kokosowy nie wp\u0142ywa na smak i zapach potraw, dzi\u0119ki czemu mo\u017ce by\u0107 wykorzystywany do sma\u017cenia i pieczenia.","og_url":"https:\/\/limpol.pl\/en\/products\/coconut-oil\/","og_site_name":"Limpol - Dystrybutor produkt\u00f3w spo\u017cywczych | Import Eksport","article_publisher":"https:\/\/www.facebook.com\/firmalimpol\/","article_modified_time":"2023-01-25T13:26:55+00:00","og_image":[{"width":1000,"height":1000,"url":"https:\/\/limpol.pl\/wp-content\/uploads\/2019\/03\/olej-kokosowy-skoik-500-CIEN.jpg","type":"image\/jpeg"}],"twitter_card":"summary_large_image","twitter_misc":{"Estimated reading time":"1 minute"},"schema":{"@context":"https:\/\/schema.org","@graph":[{"@type":"WebPage","@id":"https:\/\/limpol.pl\/produkty\/olej-kokosowy\/","url":"https:\/\/limpol.pl\/produkty\/olej-kokosowy\/","name":"Coconut oil - Limpol - Distributor of food products | Import Export","isPartOf":{"@id":"https:\/\/limpol.pl\/#website"},"primaryImageOfPage":{"@id":"https:\/\/limpol.pl\/produkty\/olej-kokosowy\/#primaryimage"},"image":{"@id":"https:\/\/limpol.pl\/produkty\/olej-kokosowy\/#primaryimage"},"thumbnailUrl":"https:\/\/limpol.pl\/wp-content\/uploads\/2019\/03\/olej-kokosowy-skoik-500-CIEN.jpg","datePublished":"2019-03-05T16:25:24+00:00","dateModified":"2023-01-25T13:26:55+00:00","breadcrumb":{"@id":"https:\/\/limpol.pl\/produkty\/olej-kokosowy\/#breadcrumb"},"inLanguage":"en-GB","potentialAction":[{"@type":"ReadAction","target":["https:\/\/limpol.pl\/produkty\/olej-kokosowy\/"]}]},{"@type":"ImageObject","inLanguage":"en-GB","@id":"https:\/\/limpol.pl\/produkty\/olej-kokosowy\/#primaryimage","url":"https:\/\/limpol.pl\/wp-content\/uploads\/2019\/03\/olej-kokosowy-skoik-500-CIEN.jpg","contentUrl":"https:\/\/limpol.pl\/wp-content\/uploads\/2019\/03\/olej-kokosowy-skoik-500-CIEN.jpg","width":1000,"height":1000},{"@type":"BreadcrumbList","@id":"https:\/\/limpol.pl\/produkty\/olej-kokosowy\/#breadcrumb","itemListElement":[{"@type":"ListItem","position":1,"name":"Strona g\u0142\u00f3wna","item":"https:\/\/limpol.pl\/"},{"@type":"ListItem","position":2,"name":"Produkty","item":"https:\/\/limpol.pl\/shop\/"},{"@type":"ListItem","position":3,"name":"Olej kokosowy"}]},{"@type":"WebSite","@id":"https:\/\/limpol.pl\/#website","url":"https:\/\/limpol.pl\/","name":"Limpol - Distributor of food products | Import Export","description":"Importer and exporter of food products","potentialAction":[{"@type":"SearchAction","target":{"@type":"EntryPoint","urlTemplate":"https:\/\/limpol.pl\/?s={search_term_string}"},"query-input":{"@type":"PropertyValueSpecification","valueRequired":true,"valueName":"search_term_string"}}],"inLanguage":"en-GB"}]}},"_links":{"self":[{"href":"https:\/\/limpol.pl\/en\/wp-json\/wp\/v2\/product\/1869","targetHints":{"allow":["GET"]}}],"collection":[{"href":"https:\/\/limpol.pl\/en\/wp-json\/wp\/v2\/product"}],"about":[{"href":"https:\/\/limpol.pl\/en\/wp-json\/wp\/v2\/types\/product"}],"wp:featuredmedia":[{"embeddable":true,"href":"https:\/\/limpol.pl\/en\/wp-json\/wp\/v2\/media\/5485"}],"wp:attachment":[{"href":"https:\/\/limpol.pl\/en\/wp-json\/wp\/v2\/media?parent=1869"}],"wp:term":[{"taxonomy":"product_brand","embeddable":true,"href":"https:\/\/limpol.pl\/en\/wp-json\/wp\/v2\/product_brand?post=1869"},{"taxonomy":"product_cat","embeddable":true,"href":"https:\/\/limpol.pl\/en\/wp-json\/wp\/v2\/product_cat?post=1869"},{"taxonomy":"product_tag","embeddable":true,"href":"https:\/\/limpol.pl\/en\/wp-json\/wp\/v2\/product_tag?post=1869"}],"curies":[{"name":"wp","href":"https:\/\/api.w.org\/{rel}","templated":true}]}}