{"id":1886,"date":"2019-03-05T17:25:40","date_gmt":"2019-03-05T16:25:40","guid":{"rendered":"https:\/\/limpol.pl\/produkty\/oliwki-zielone-nadziewane-migdalami-premium\/"},"modified":"2023-04-05T15:27:19","modified_gmt":"2023-04-05T13:27:19","slug":"green-olives-stuffed-with-premium-almonds","status":"publish","type":"product","link":"https:\/\/limpol.pl\/en\/products\/green-olives-stuffed-with-premium-almonds\/","title":{"rendered":"Premium green olives stuffed with almonds"},"content":{"rendered":"<p>Green Greek olives stuffed with almonds. Dribbled and therefore ready to eat on various occasions, to be used in many dishes. Combine with your favourite dishes and enjoy their delicious taste. The pack contains 160g of olives after draining.<\/p>","protected":false},"excerpt":{"rendered":"<p>Green Greek olives stuffed with almonds. Dribbled and therefore ready to eat on various occasions, to be used in many dishes. Combine with your favourite dishes and enjoy their delicious taste. The pack contains 160g of olives after draining.<\/p>","protected":false},"featured_media":5730,"template":"","meta":[],"product_brand":[],"product_cat":[324],"product_tag":[],"class_list":{"0":"post-1886","1":"product","2":"type-product","3":"status-publish","4":"has-post-thumbnail","6":"product_cat-oliwki","7":"pa_atrybut-detal-horeca-detal","8":"pa_ilosc-sztuk-na-palecie-169","9":"pa_ilosc-sztuk-na-warstwie-388","10":"pa_masa-netto-300g","11":"pa_masa-po-odsaczeniu-160g","12":"pa_sztuk-w-kartonie-79","14":"first","15":"instock","16":"product-type-simple"},"yoast_head":"<!-- This site is optimized with the Yoast SEO plugin v27.3 - https:\/\/yoast.com\/product\/yoast-seo-wordpress\/ -->\n<title>Oliwki zielone nadziewane migda\u0142ami Premium - Limpol - Dystrybutor produkt\u00f3w spo\u017cywczych | Import Eksport<\/title>\n<meta name=\"robots\" content=\"index, follow, max-snippet:-1, max-image-preview:large, max-video-preview:-1\" \/>\n<link rel=\"canonical\" href=\"https:\/\/limpol.pl\/en\/products\/green-olives-stuffed-with-premium-almonds\/\" \/>\n<meta property=\"og:locale\" content=\"en_GB\" \/>\n<meta property=\"og:type\" content=\"article\" \/>\n<meta property=\"og:title\" content=\"Oliwki zielone nadziewane migda\u0142ami Premium - Limpol - Dystrybutor produkt\u00f3w spo\u017cywczych | Import Eksport\" \/>\n<meta property=\"og:description\" content=\"Zielone greckie oliwki nadziewane migda\u0142ami. Drylowane, a wi\u0119c gotowe do spo\u017cycia podczas r\u00f3\u017cnych okazji, do wykorzystania w wielu potrawach. \u0141\u0105cz z ulubionymi potrawami i ciesz si\u0119 ich pysznym smakiem. Opakowanie zawiera 160g oliwek po odcieku.\" \/>\n<meta property=\"og:url\" content=\"https:\/\/limpol.pl\/en\/products\/green-olives-stuffed-with-premium-almonds\/\" \/>\n<meta property=\"og:site_name\" content=\"Limpol - Dystrybutor produkt\u00f3w spo\u017cywczych | Import Eksport\" \/>\n<meta property=\"article:publisher\" content=\"https:\/\/www.facebook.com\/firmalimpol\/\" \/>\n<meta property=\"article:modified_time\" content=\"2023-04-05T13:27:19+00:00\" \/>\n<meta property=\"og:image\" content=\"https:\/\/limpol.pl\/wp-content\/uploads\/2019\/03\/oliwki-zielone-migdaly-300-CIEN.jpg\" \/>\n\t<meta property=\"og:image:width\" content=\"1000\" \/>\n\t<meta property=\"og:image:height\" content=\"1000\" \/>\n\t<meta property=\"og:image:type\" content=\"image\/jpeg\" \/>\n<meta name=\"twitter:card\" content=\"summary_large_image\" \/>\n<meta name=\"twitter:label1\" content=\"Estimated reading time\" \/>\n\t<meta name=\"twitter:data1\" content=\"1 minute\" \/>\n<script type=\"application\/ld+json\" class=\"yoast-schema-graph\">{\"@context\":\"https:\\\/\\\/schema.org\",\"@graph\":[{\"@type\":\"WebPage\",\"@id\":\"https:\\\/\\\/limpol.pl\\\/produkty\\\/oliwki-zielone-nadziewane-migdalami-premium\\\/\",\"url\":\"https:\\\/\\\/limpol.pl\\\/produkty\\\/oliwki-zielone-nadziewane-migdalami-premium\\\/\",\"name\":\"Oliwki zielone nadziewane migda\u0142ami Premium - Limpol - Dystrybutor produkt\u00f3w spo\u017cywczych | Import Eksport\",\"isPartOf\":{\"@id\":\"https:\\\/\\\/limpol.pl\\\/#website\"},\"primaryImageOfPage\":{\"@id\":\"https:\\\/\\\/limpol.pl\\\/produkty\\\/oliwki-zielone-nadziewane-migdalami-premium\\\/#primaryimage\"},\"image\":{\"@id\":\"https:\\\/\\\/limpol.pl\\\/produkty\\\/oliwki-zielone-nadziewane-migdalami-premium\\\/#primaryimage\"},\"thumbnailUrl\":\"https:\\\/\\\/limpol.pl\\\/wp-content\\\/uploads\\\/2019\\\/03\\\/oliwki-zielone-migdaly-300-CIEN.jpg\",\"datePublished\":\"2019-03-05T16:25:40+00:00\",\"dateModified\":\"2023-04-05T13:27:19+00:00\",\"breadcrumb\":{\"@id\":\"https:\\\/\\\/limpol.pl\\\/produkty\\\/oliwki-zielone-nadziewane-migdalami-premium\\\/#breadcrumb\"},\"inLanguage\":\"en-GB\",\"potentialAction\":[{\"@type\":\"ReadAction\",\"target\":[\"https:\\\/\\\/limpol.pl\\\/produkty\\\/oliwki-zielone-nadziewane-migdalami-premium\\\/\"]}]},{\"@type\":\"ImageObject\",\"inLanguage\":\"en-GB\",\"@id\":\"https:\\\/\\\/limpol.pl\\\/produkty\\\/oliwki-zielone-nadziewane-migdalami-premium\\\/#primaryimage\",\"url\":\"https:\\\/\\\/limpol.pl\\\/wp-content\\\/uploads\\\/2019\\\/03\\\/oliwki-zielone-migdaly-300-CIEN.jpg\",\"contentUrl\":\"https:\\\/\\\/limpol.pl\\\/wp-content\\\/uploads\\\/2019\\\/03\\\/oliwki-zielone-migdaly-300-CIEN.jpg\",\"width\":1000,\"height\":1000},{\"@type\":\"BreadcrumbList\",\"@id\":\"https:\\\/\\\/limpol.pl\\\/produkty\\\/oliwki-zielone-nadziewane-migdalami-premium\\\/#breadcrumb\",\"itemListElement\":[{\"@type\":\"ListItem\",\"position\":1,\"name\":\"Strona g\u0142\u00f3wna\",\"item\":\"https:\\\/\\\/limpol.pl\\\/\"},{\"@type\":\"ListItem\",\"position\":2,\"name\":\"Produkty\",\"item\":\"https:\\\/\\\/limpol.pl\\\/shop\\\/\"},{\"@type\":\"ListItem\",\"position\":3,\"name\":\"Oliwki zielone nadziewane migda\u0142ami Premium\"}]},{\"@type\":\"WebSite\",\"@id\":\"https:\\\/\\\/limpol.pl\\\/#website\",\"url\":\"https:\\\/\\\/limpol.pl\\\/\",\"name\":\"Limpol - Dystrybutor produkt\u00f3w spo\u017cywczych | Import Eksport\",\"description\":\"Importer i eksporter produkt\u00f3w spo\u017cywczych\",\"potentialAction\":[{\"@type\":\"SearchAction\",\"target\":{\"@type\":\"EntryPoint\",\"urlTemplate\":\"https:\\\/\\\/limpol.pl\\\/?s={search_term_string}\"},\"query-input\":{\"@type\":\"PropertyValueSpecification\",\"valueRequired\":true,\"valueName\":\"search_term_string\"}}],\"inLanguage\":\"en-GB\"}]}<\/script>\n<!-- \/ Yoast SEO plugin. -->","yoast_head_json":{"title":"Premium green olives stuffed with almonds - Limpol - Distributor of food products | Import Export","robots":{"index":"index","follow":"follow","max-snippet":"max-snippet:-1","max-image-preview":"max-image-preview:large","max-video-preview":"max-video-preview:-1"},"canonical":"https:\/\/limpol.pl\/en\/products\/green-olives-stuffed-with-premium-almonds\/","og_locale":"en_GB","og_type":"article","og_title":"Oliwki zielone nadziewane migda\u0142ami Premium - Limpol - Dystrybutor produkt\u00f3w spo\u017cywczych | Import Eksport","og_description":"Zielone greckie oliwki nadziewane migda\u0142ami. Drylowane, a wi\u0119c gotowe do spo\u017cycia podczas r\u00f3\u017cnych okazji, do wykorzystania w wielu potrawach. \u0141\u0105cz z ulubionymi potrawami i ciesz si\u0119 ich pysznym smakiem. Opakowanie zawiera 160g oliwek po odcieku.","og_url":"https:\/\/limpol.pl\/en\/products\/green-olives-stuffed-with-premium-almonds\/","og_site_name":"Limpol - Dystrybutor produkt\u00f3w spo\u017cywczych | Import Eksport","article_publisher":"https:\/\/www.facebook.com\/firmalimpol\/","article_modified_time":"2023-04-05T13:27:19+00:00","og_image":[{"width":1000,"height":1000,"url":"https:\/\/limpol.pl\/wp-content\/uploads\/2019\/03\/oliwki-zielone-migdaly-300-CIEN.jpg","type":"image\/jpeg"}],"twitter_card":"summary_large_image","twitter_misc":{"Estimated reading time":"1 minute"},"schema":{"@context":"https:\/\/schema.org","@graph":[{"@type":"WebPage","@id":"https:\/\/limpol.pl\/produkty\/oliwki-zielone-nadziewane-migdalami-premium\/","url":"https:\/\/limpol.pl\/produkty\/oliwki-zielone-nadziewane-migdalami-premium\/","name":"Premium green olives stuffed with almonds - Limpol - Distributor of food products | Import Export","isPartOf":{"@id":"https:\/\/limpol.pl\/#website"},"primaryImageOfPage":{"@id":"https:\/\/limpol.pl\/produkty\/oliwki-zielone-nadziewane-migdalami-premium\/#primaryimage"},"image":{"@id":"https:\/\/limpol.pl\/produkty\/oliwki-zielone-nadziewane-migdalami-premium\/#primaryimage"},"thumbnailUrl":"https:\/\/limpol.pl\/wp-content\/uploads\/2019\/03\/oliwki-zielone-migdaly-300-CIEN.jpg","datePublished":"2019-03-05T16:25:40+00:00","dateModified":"2023-04-05T13:27:19+00:00","breadcrumb":{"@id":"https:\/\/limpol.pl\/produkty\/oliwki-zielone-nadziewane-migdalami-premium\/#breadcrumb"},"inLanguage":"en-GB","potentialAction":[{"@type":"ReadAction","target":["https:\/\/limpol.pl\/produkty\/oliwki-zielone-nadziewane-migdalami-premium\/"]}]},{"@type":"ImageObject","inLanguage":"en-GB","@id":"https:\/\/limpol.pl\/produkty\/oliwki-zielone-nadziewane-migdalami-premium\/#primaryimage","url":"https:\/\/limpol.pl\/wp-content\/uploads\/2019\/03\/oliwki-zielone-migdaly-300-CIEN.jpg","contentUrl":"https:\/\/limpol.pl\/wp-content\/uploads\/2019\/03\/oliwki-zielone-migdaly-300-CIEN.jpg","width":1000,"height":1000},{"@type":"BreadcrumbList","@id":"https:\/\/limpol.pl\/produkty\/oliwki-zielone-nadziewane-migdalami-premium\/#breadcrumb","itemListElement":[{"@type":"ListItem","position":1,"name":"Strona g\u0142\u00f3wna","item":"https:\/\/limpol.pl\/"},{"@type":"ListItem","position":2,"name":"Produkty","item":"https:\/\/limpol.pl\/shop\/"},{"@type":"ListItem","position":3,"name":"Oliwki zielone nadziewane migda\u0142ami Premium"}]},{"@type":"WebSite","@id":"https:\/\/limpol.pl\/#website","url":"https:\/\/limpol.pl\/","name":"Limpol - Distributor of food products | Import Export","description":"Importer and exporter of food products","potentialAction":[{"@type":"SearchAction","target":{"@type":"EntryPoint","urlTemplate":"https:\/\/limpol.pl\/?s={search_term_string}"},"query-input":{"@type":"PropertyValueSpecification","valueRequired":true,"valueName":"search_term_string"}}],"inLanguage":"en-GB"}]}},"_links":{"self":[{"href":"https:\/\/limpol.pl\/en\/wp-json\/wp\/v2\/product\/1886","targetHints":{"allow":["GET"]}}],"collection":[{"href":"https:\/\/limpol.pl\/en\/wp-json\/wp\/v2\/product"}],"about":[{"href":"https:\/\/limpol.pl\/en\/wp-json\/wp\/v2\/types\/product"}],"wp:featuredmedia":[{"embeddable":true,"href":"https:\/\/limpol.pl\/en\/wp-json\/wp\/v2\/media\/5730"}],"wp:attachment":[{"href":"https:\/\/limpol.pl\/en\/wp-json\/wp\/v2\/media?parent=1886"}],"wp:term":[{"taxonomy":"product_brand","embeddable":true,"href":"https:\/\/limpol.pl\/en\/wp-json\/wp\/v2\/product_brand?post=1886"},{"taxonomy":"product_cat","embeddable":true,"href":"https:\/\/limpol.pl\/en\/wp-json\/wp\/v2\/product_cat?post=1886"},{"taxonomy":"product_tag","embeddable":true,"href":"https:\/\/limpol.pl\/en\/wp-json\/wp\/v2\/product_tag?post=1886"}],"curies":[{"name":"wp","href":"https:\/\/api.w.org\/{rel}","templated":true}]}}