{"id":1904,"date":"2019-03-05T17:25:56","date_gmt":"2019-03-05T16:25:56","guid":{"rendered":"https:\/\/limpol.pl\/produkty\/oliwki-zielone-nadziewane-pasta-paprykowa-3\/"},"modified":"2019-08-30T16:53:16","modified_gmt":"2019-08-30T14:53:16","slug":"green-olives-stuffed-with-paprika-paste-3","status":"publish","type":"product","link":"https:\/\/limpol.pl\/en\/products\/green-olives-stuffed-with-paprika-paste-3\/","title":{"rendered":"Green olives stuffed with pepper paste"},"content":{"rendered":"<p>Tasty green olives with paprika paste is an almost perfect combination of flavours. Often used in a Greek salad or simply on a sandwich or as a stand-alone snack. Thanks to the distinctiveness of the paprika paste, the popular olives have taken on a new flavour. Packed in an airtight and lightweight package.<\/p>","protected":false},"excerpt":{"rendered":"<p>Tasty green olives with paprika paste is an almost perfect combination of flavours. Often used in a Greek salad or simply on a sandwich or as a stand-alone snack. Thanks to the distinctiveness of the paprika paste, the popular olives have taken on a new flavour. Packed in an airtight and lightweight package.<\/p>","protected":false},"featured_media":1605,"template":"","meta":[],"product_brand":[],"product_cat":[324],"product_tag":[],"class_list":{"0":"post-1904","1":"product","2":"type-product","3":"status-publish","4":"has-post-thumbnail","6":"product_cat-oliwki","7":"pa_atrybut-detal-horeca-detal","8":"pa_ilosc-sztuk-na-palecie-77","9":"pa_ilosc-sztuk-na-warstwie-380","10":"pa_masa-netto-900g","11":"pa_masa-po-odsaczeniu-595g","12":"pa_sztuk-w-kartonie-115","14":"first","15":"instock","16":"product-type-simple"},"yoast_head":"<!-- This site is optimized with the Yoast SEO plugin v27.3 - https:\/\/yoast.com\/product\/yoast-seo-wordpress\/ -->\n<title>Oliwki zielone nadziewane past\u0105 paprykow\u0105 - Limpol - Dystrybutor produkt\u00f3w spo\u017cywczych | Import Eksport<\/title>\n<meta name=\"robots\" content=\"index, follow, max-snippet:-1, max-image-preview:large, max-video-preview:-1\" \/>\n<link rel=\"canonical\" href=\"https:\/\/limpol.pl\/en\/products\/green-olives-stuffed-with-paprika-paste-3\/\" \/>\n<meta property=\"og:locale\" content=\"en_GB\" \/>\n<meta property=\"og:type\" content=\"article\" \/>\n<meta property=\"og:title\" content=\"Oliwki zielone nadziewane past\u0105 paprykow\u0105 - Limpol - Dystrybutor produkt\u00f3w spo\u017cywczych | Import Eksport\" \/>\n<meta property=\"og:description\" content=\"Smaczne zielone oliwki z dodatkiem pasty paprykowej to niemal idealne po\u0142\u0105czenie smak\u00f3w. Cz\u0119sto stosowane do sa\u0142atki greckiej albo po prostu na kanapk\u0119 czy jako samodzielna przek\u0105ska. Dzi\u0119ki wyrazisto\u015bci pasty paprykowej popularne oliwki nabra\u0142y nowego smaku. Zapakowane w szczelne i lekkie opakowanie.\" \/>\n<meta property=\"og:url\" content=\"https:\/\/limpol.pl\/en\/products\/green-olives-stuffed-with-paprika-paste-3\/\" \/>\n<meta property=\"og:site_name\" content=\"Limpol - Dystrybutor produkt\u00f3w spo\u017cywczych | Import Eksport\" \/>\n<meta property=\"article:publisher\" content=\"https:\/\/www.facebook.com\/firmalimpol\/\" \/>\n<meta property=\"article:modified_time\" content=\"2019-08-30T14:53:16+00:00\" \/>\n<meta property=\"og:image\" content=\"https:\/\/limpol.pl\/wp-content\/uploads\/2019\/02\/oliwki-zielone-nadziewane-pasta-paprykowa-860g.jpg\" \/>\n\t<meta property=\"og:image:width\" content=\"1000\" \/>\n\t<meta property=\"og:image:height\" content=\"1000\" \/>\n\t<meta property=\"og:image:type\" content=\"image\/jpeg\" \/>\n<meta name=\"twitter:card\" content=\"summary_large_image\" \/>\n<script type=\"application\/ld+json\" class=\"yoast-schema-graph\">{\"@context\":\"https:\\\/\\\/schema.org\",\"@graph\":[{\"@type\":\"WebPage\",\"@id\":\"https:\\\/\\\/limpol.pl\\\/produkty\\\/oliwki-zielone-nadziewane-pasta-paprykowa-3\\\/\",\"url\":\"https:\\\/\\\/limpol.pl\\\/produkty\\\/oliwki-zielone-nadziewane-pasta-paprykowa-3\\\/\",\"name\":\"Oliwki zielone nadziewane past\u0105 paprykow\u0105 - Limpol - Dystrybutor produkt\u00f3w spo\u017cywczych | Import Eksport\",\"isPartOf\":{\"@id\":\"https:\\\/\\\/limpol.pl\\\/#website\"},\"primaryImageOfPage\":{\"@id\":\"https:\\\/\\\/limpol.pl\\\/produkty\\\/oliwki-zielone-nadziewane-pasta-paprykowa-3\\\/#primaryimage\"},\"image\":{\"@id\":\"https:\\\/\\\/limpol.pl\\\/produkty\\\/oliwki-zielone-nadziewane-pasta-paprykowa-3\\\/#primaryimage\"},\"thumbnailUrl\":\"https:\\\/\\\/limpol.pl\\\/wp-content\\\/uploads\\\/2019\\\/02\\\/oliwki-zielone-nadziewane-pasta-paprykowa-860g.jpg\",\"datePublished\":\"2019-03-05T16:25:56+00:00\",\"dateModified\":\"2019-08-30T14:53:16+00:00\",\"breadcrumb\":{\"@id\":\"https:\\\/\\\/limpol.pl\\\/produkty\\\/oliwki-zielone-nadziewane-pasta-paprykowa-3\\\/#breadcrumb\"},\"inLanguage\":\"en-GB\",\"potentialAction\":[{\"@type\":\"ReadAction\",\"target\":[\"https:\\\/\\\/limpol.pl\\\/produkty\\\/oliwki-zielone-nadziewane-pasta-paprykowa-3\\\/\"]}]},{\"@type\":\"ImageObject\",\"inLanguage\":\"en-GB\",\"@id\":\"https:\\\/\\\/limpol.pl\\\/produkty\\\/oliwki-zielone-nadziewane-pasta-paprykowa-3\\\/#primaryimage\",\"url\":\"https:\\\/\\\/limpol.pl\\\/wp-content\\\/uploads\\\/2019\\\/02\\\/oliwki-zielone-nadziewane-pasta-paprykowa-860g.jpg\",\"contentUrl\":\"https:\\\/\\\/limpol.pl\\\/wp-content\\\/uploads\\\/2019\\\/02\\\/oliwki-zielone-nadziewane-pasta-paprykowa-860g.jpg\",\"width\":1000,\"height\":1000},{\"@type\":\"BreadcrumbList\",\"@id\":\"https:\\\/\\\/limpol.pl\\\/produkty\\\/oliwki-zielone-nadziewane-pasta-paprykowa-3\\\/#breadcrumb\",\"itemListElement\":[{\"@type\":\"ListItem\",\"position\":1,\"name\":\"Strona g\u0142\u00f3wna\",\"item\":\"https:\\\/\\\/limpol.pl\\\/\"},{\"@type\":\"ListItem\",\"position\":2,\"name\":\"Produkty\",\"item\":\"https:\\\/\\\/limpol.pl\\\/shop\\\/\"},{\"@type\":\"ListItem\",\"position\":3,\"name\":\"Oliwki zielone nadziewane past\u0105 paprykow\u0105\"}]},{\"@type\":\"WebSite\",\"@id\":\"https:\\\/\\\/limpol.pl\\\/#website\",\"url\":\"https:\\\/\\\/limpol.pl\\\/\",\"name\":\"Limpol - Dystrybutor produkt\u00f3w spo\u017cywczych | Import Eksport\",\"description\":\"Importer i eksporter produkt\u00f3w spo\u017cywczych\",\"potentialAction\":[{\"@type\":\"SearchAction\",\"target\":{\"@type\":\"EntryPoint\",\"urlTemplate\":\"https:\\\/\\\/limpol.pl\\\/?s={search_term_string}\"},\"query-input\":{\"@type\":\"PropertyValueSpecification\",\"valueRequired\":true,\"valueName\":\"search_term_string\"}}],\"inLanguage\":\"en-GB\"}]}<\/script>\n<!-- \/ Yoast SEO plugin. -->","yoast_head_json":{"title":"Green olives stuffed with pepper paste - Limpol - Distributor of food products | Import Export","robots":{"index":"index","follow":"follow","max-snippet":"max-snippet:-1","max-image-preview":"max-image-preview:large","max-video-preview":"max-video-preview:-1"},"canonical":"https:\/\/limpol.pl\/en\/products\/green-olives-stuffed-with-paprika-paste-3\/","og_locale":"en_GB","og_type":"article","og_title":"Oliwki zielone nadziewane past\u0105 paprykow\u0105 - Limpol - Dystrybutor produkt\u00f3w spo\u017cywczych | Import Eksport","og_description":"Smaczne zielone oliwki z dodatkiem pasty paprykowej to niemal idealne po\u0142\u0105czenie smak\u00f3w. Cz\u0119sto stosowane do sa\u0142atki greckiej albo po prostu na kanapk\u0119 czy jako samodzielna przek\u0105ska. Dzi\u0119ki wyrazisto\u015bci pasty paprykowej popularne oliwki nabra\u0142y nowego smaku. Zapakowane w szczelne i lekkie opakowanie.","og_url":"https:\/\/limpol.pl\/en\/products\/green-olives-stuffed-with-paprika-paste-3\/","og_site_name":"Limpol - Dystrybutor produkt\u00f3w spo\u017cywczych | Import Eksport","article_publisher":"https:\/\/www.facebook.com\/firmalimpol\/","article_modified_time":"2019-08-30T14:53:16+00:00","og_image":[{"width":1000,"height":1000,"url":"https:\/\/limpol.pl\/wp-content\/uploads\/2019\/02\/oliwki-zielone-nadziewane-pasta-paprykowa-860g.jpg","type":"image\/jpeg"}],"twitter_card":"summary_large_image","schema":{"@context":"https:\/\/schema.org","@graph":[{"@type":"WebPage","@id":"https:\/\/limpol.pl\/produkty\/oliwki-zielone-nadziewane-pasta-paprykowa-3\/","url":"https:\/\/limpol.pl\/produkty\/oliwki-zielone-nadziewane-pasta-paprykowa-3\/","name":"Green olives stuffed with pepper paste - Limpol - Distributor of food products | Import Export","isPartOf":{"@id":"https:\/\/limpol.pl\/#website"},"primaryImageOfPage":{"@id":"https:\/\/limpol.pl\/produkty\/oliwki-zielone-nadziewane-pasta-paprykowa-3\/#primaryimage"},"image":{"@id":"https:\/\/limpol.pl\/produkty\/oliwki-zielone-nadziewane-pasta-paprykowa-3\/#primaryimage"},"thumbnailUrl":"https:\/\/limpol.pl\/wp-content\/uploads\/2019\/02\/oliwki-zielone-nadziewane-pasta-paprykowa-860g.jpg","datePublished":"2019-03-05T16:25:56+00:00","dateModified":"2019-08-30T14:53:16+00:00","breadcrumb":{"@id":"https:\/\/limpol.pl\/produkty\/oliwki-zielone-nadziewane-pasta-paprykowa-3\/#breadcrumb"},"inLanguage":"en-GB","potentialAction":[{"@type":"ReadAction","target":["https:\/\/limpol.pl\/produkty\/oliwki-zielone-nadziewane-pasta-paprykowa-3\/"]}]},{"@type":"ImageObject","inLanguage":"en-GB","@id":"https:\/\/limpol.pl\/produkty\/oliwki-zielone-nadziewane-pasta-paprykowa-3\/#primaryimage","url":"https:\/\/limpol.pl\/wp-content\/uploads\/2019\/02\/oliwki-zielone-nadziewane-pasta-paprykowa-860g.jpg","contentUrl":"https:\/\/limpol.pl\/wp-content\/uploads\/2019\/02\/oliwki-zielone-nadziewane-pasta-paprykowa-860g.jpg","width":1000,"height":1000},{"@type":"BreadcrumbList","@id":"https:\/\/limpol.pl\/produkty\/oliwki-zielone-nadziewane-pasta-paprykowa-3\/#breadcrumb","itemListElement":[{"@type":"ListItem","position":1,"name":"Strona g\u0142\u00f3wna","item":"https:\/\/limpol.pl\/"},{"@type":"ListItem","position":2,"name":"Produkty","item":"https:\/\/limpol.pl\/shop\/"},{"@type":"ListItem","position":3,"name":"Oliwki zielone nadziewane past\u0105 paprykow\u0105"}]},{"@type":"WebSite","@id":"https:\/\/limpol.pl\/#website","url":"https:\/\/limpol.pl\/","name":"Limpol - Distributor of food products | Import Export","description":"Importer and exporter of food products","potentialAction":[{"@type":"SearchAction","target":{"@type":"EntryPoint","urlTemplate":"https:\/\/limpol.pl\/?s={search_term_string}"},"query-input":{"@type":"PropertyValueSpecification","valueRequired":true,"valueName":"search_term_string"}}],"inLanguage":"en-GB"}]}},"_links":{"self":[{"href":"https:\/\/limpol.pl\/en\/wp-json\/wp\/v2\/product\/1904","targetHints":{"allow":["GET"]}}],"collection":[{"href":"https:\/\/limpol.pl\/en\/wp-json\/wp\/v2\/product"}],"about":[{"href":"https:\/\/limpol.pl\/en\/wp-json\/wp\/v2\/types\/product"}],"wp:featuredmedia":[{"embeddable":true,"href":"https:\/\/limpol.pl\/en\/wp-json\/wp\/v2\/media\/1605"}],"wp:attachment":[{"href":"https:\/\/limpol.pl\/en\/wp-json\/wp\/v2\/media?parent=1904"}],"wp:term":[{"taxonomy":"product_brand","embeddable":true,"href":"https:\/\/limpol.pl\/en\/wp-json\/wp\/v2\/product_brand?post=1904"},{"taxonomy":"product_cat","embeddable":true,"href":"https:\/\/limpol.pl\/en\/wp-json\/wp\/v2\/product_cat?post=1904"},{"taxonomy":"product_tag","embeddable":true,"href":"https:\/\/limpol.pl\/en\/wp-json\/wp\/v2\/product_tag?post=1904"}],"curies":[{"name":"wp","href":"https:\/\/api.w.org\/{rel}","templated":true}]}}