{"id":1912,"date":"2019-03-05T17:26:28","date_gmt":"2019-03-05T16:26:28","guid":{"rendered":"https:\/\/limpol.pl\/produkty\/papryka-grillowana-2\/"},"modified":"2023-05-11T09:56:02","modified_gmt":"2023-05-11T07:56:02","slug":"grilled-peeled-red-peppers","status":"publish","type":"product","link":"https:\/\/limpol.pl\/en\/products\/grilled-peeled-red-peppers\/","title":{"rendered":"Grilled peppers"},"content":{"rendered":"<p>Grilled peppers in marinade can be used in a number of ways, including as an ingredient in a tasty salad or as a side dish for an everyday dinner when you don't have time to prepare something special. A 400g jar of peppers without marinade is enough for several servings.<\/p>","protected":false},"excerpt":{"rendered":"<p>Grilled peppers in marinade can be used in a number of ways, including as an ingredient in a tasty salad or as a side dish for an everyday dinner when you don't have time to prepare something special. A 400g jar of peppers without marinade is enough for several servings.<\/p>","protected":false},"featured_media":5535,"template":"","meta":[],"product_brand":[],"product_cat":[263],"product_tag":[],"class_list":{"0":"post-1912","1":"product","2":"type-product","3":"status-publish","4":"has-post-thumbnail","6":"product_cat-przetwory-warzywne","7":"pa_atrybut-detal-horeca-detal","8":"pa_ilosc-sztuk-na-palecie-158","9":"pa_ilosc-sztuk-na-warstwie-380","10":"pa_masa-netto-690g","11":"pa_masa-po-odsaczeniu-400g","12":"pa_sztuk-w-kartonie-115","14":"first","15":"instock","16":"product-type-simple"},"yoast_head":"<!-- This site is optimized with the Yoast SEO plugin v27.3 - https:\/\/yoast.com\/product\/yoast-seo-wordpress\/ -->\n<title>Papryka grillowana - Limpol - Dystrybutor produkt\u00f3w spo\u017cywczych | Import Eksport<\/title>\n<meta name=\"robots\" content=\"index, follow, max-snippet:-1, max-image-preview:large, max-video-preview:-1\" \/>\n<link rel=\"canonical\" href=\"https:\/\/limpol.pl\/en\/products\/grilled-peeled-red-peppers\/\" \/>\n<meta property=\"og:locale\" content=\"en_GB\" \/>\n<meta property=\"og:type\" content=\"article\" \/>\n<meta property=\"og:title\" content=\"Papryka grillowana - Limpol - Dystrybutor produkt\u00f3w spo\u017cywczych | Import Eksport\" \/>\n<meta property=\"og:description\" content=\"Papryk\u0119 grillowan\u0105 w zalewie mo\u017cna wykorzysta\u0107 na kilka sposob\u00f3w, m.in. jako sk\u0142adnik smacznej sa\u0142atki albo dodatek do codziennego obiadu, kiedy nie masz czasu na przygotowanie czego\u015b specjalnego. S\u0142oik 400g papryki bez zalewy wystarczy na kilka porcji.\" \/>\n<meta property=\"og:url\" content=\"https:\/\/limpol.pl\/en\/products\/grilled-peeled-red-peppers\/\" \/>\n<meta property=\"og:site_name\" content=\"Limpol - Dystrybutor produkt\u00f3w spo\u017cywczych | Import Eksport\" \/>\n<meta property=\"article:publisher\" content=\"https:\/\/www.facebook.com\/firmalimpol\/\" \/>\n<meta property=\"article:modified_time\" content=\"2023-05-11T07:56:02+00:00\" \/>\n<meta property=\"og:image\" content=\"https:\/\/limpol.pl\/wp-content\/uploads\/2019\/03\/papryka-grillowana-skoik-690-CIEN.jpg\" \/>\n\t<meta property=\"og:image:width\" content=\"1000\" \/>\n\t<meta property=\"og:image:height\" content=\"1000\" \/>\n\t<meta property=\"og:image:type\" content=\"image\/jpeg\" \/>\n<meta name=\"twitter:card\" content=\"summary_large_image\" \/>\n<meta name=\"twitter:label1\" content=\"Estimated reading time\" \/>\n\t<meta name=\"twitter:data1\" content=\"1 minute\" \/>\n<script type=\"application\/ld+json\" class=\"yoast-schema-graph\">{\"@context\":\"https:\\\/\\\/schema.org\",\"@graph\":[{\"@type\":\"WebPage\",\"@id\":\"https:\\\/\\\/limpol.pl\\\/produkty\\\/papryka-grillowana-czerwona-bez-skorki\\\/\",\"url\":\"https:\\\/\\\/limpol.pl\\\/produkty\\\/papryka-grillowana-czerwona-bez-skorki\\\/\",\"name\":\"Papryka grillowana - Limpol - Dystrybutor produkt\u00f3w spo\u017cywczych | Import Eksport\",\"isPartOf\":{\"@id\":\"https:\\\/\\\/limpol.pl\\\/#website\"},\"primaryImageOfPage\":{\"@id\":\"https:\\\/\\\/limpol.pl\\\/produkty\\\/papryka-grillowana-czerwona-bez-skorki\\\/#primaryimage\"},\"image\":{\"@id\":\"https:\\\/\\\/limpol.pl\\\/produkty\\\/papryka-grillowana-czerwona-bez-skorki\\\/#primaryimage\"},\"thumbnailUrl\":\"https:\\\/\\\/limpol.pl\\\/wp-content\\\/uploads\\\/2019\\\/03\\\/papryka-grillowana-skoik-690-CIEN.jpg\",\"datePublished\":\"2019-03-05T16:26:28+00:00\",\"dateModified\":\"2023-05-11T07:56:02+00:00\",\"breadcrumb\":{\"@id\":\"https:\\\/\\\/limpol.pl\\\/produkty\\\/papryka-grillowana-czerwona-bez-skorki\\\/#breadcrumb\"},\"inLanguage\":\"en-GB\",\"potentialAction\":[{\"@type\":\"ReadAction\",\"target\":[\"https:\\\/\\\/limpol.pl\\\/produkty\\\/papryka-grillowana-czerwona-bez-skorki\\\/\"]}]},{\"@type\":\"ImageObject\",\"inLanguage\":\"en-GB\",\"@id\":\"https:\\\/\\\/limpol.pl\\\/produkty\\\/papryka-grillowana-czerwona-bez-skorki\\\/#primaryimage\",\"url\":\"https:\\\/\\\/limpol.pl\\\/wp-content\\\/uploads\\\/2019\\\/03\\\/papryka-grillowana-skoik-690-CIEN.jpg\",\"contentUrl\":\"https:\\\/\\\/limpol.pl\\\/wp-content\\\/uploads\\\/2019\\\/03\\\/papryka-grillowana-skoik-690-CIEN.jpg\",\"width\":1000,\"height\":1000},{\"@type\":\"BreadcrumbList\",\"@id\":\"https:\\\/\\\/limpol.pl\\\/produkty\\\/papryka-grillowana-czerwona-bez-skorki\\\/#breadcrumb\",\"itemListElement\":[{\"@type\":\"ListItem\",\"position\":1,\"name\":\"Strona g\u0142\u00f3wna\",\"item\":\"https:\\\/\\\/limpol.pl\\\/\"},{\"@type\":\"ListItem\",\"position\":2,\"name\":\"Produkty\",\"item\":\"https:\\\/\\\/limpol.pl\\\/shop\\\/\"},{\"@type\":\"ListItem\",\"position\":3,\"name\":\"Papryka grillowana\"}]},{\"@type\":\"WebSite\",\"@id\":\"https:\\\/\\\/limpol.pl\\\/#website\",\"url\":\"https:\\\/\\\/limpol.pl\\\/\",\"name\":\"Limpol - Dystrybutor produkt\u00f3w spo\u017cywczych | Import Eksport\",\"description\":\"Importer i eksporter produkt\u00f3w spo\u017cywczych\",\"potentialAction\":[{\"@type\":\"SearchAction\",\"target\":{\"@type\":\"EntryPoint\",\"urlTemplate\":\"https:\\\/\\\/limpol.pl\\\/?s={search_term_string}\"},\"query-input\":{\"@type\":\"PropertyValueSpecification\",\"valueRequired\":true,\"valueName\":\"search_term_string\"}}],\"inLanguage\":\"en-GB\"}]}<\/script>\n<!-- \/ Yoast SEO plugin. -->","yoast_head_json":{"title":"Grilled peppers - Limpol - Distributor of food products | Import Export","robots":{"index":"index","follow":"follow","max-snippet":"max-snippet:-1","max-image-preview":"max-image-preview:large","max-video-preview":"max-video-preview:-1"},"canonical":"https:\/\/limpol.pl\/en\/products\/grilled-peeled-red-peppers\/","og_locale":"en_GB","og_type":"article","og_title":"Papryka grillowana - Limpol - Dystrybutor produkt\u00f3w spo\u017cywczych | Import Eksport","og_description":"Papryk\u0119 grillowan\u0105 w zalewie mo\u017cna wykorzysta\u0107 na kilka sposob\u00f3w, m.in. jako sk\u0142adnik smacznej sa\u0142atki albo dodatek do codziennego obiadu, kiedy nie masz czasu na przygotowanie czego\u015b specjalnego. S\u0142oik 400g papryki bez zalewy wystarczy na kilka porcji.","og_url":"https:\/\/limpol.pl\/en\/products\/grilled-peeled-red-peppers\/","og_site_name":"Limpol - Dystrybutor produkt\u00f3w spo\u017cywczych | Import Eksport","article_publisher":"https:\/\/www.facebook.com\/firmalimpol\/","article_modified_time":"2023-05-11T07:56:02+00:00","og_image":[{"width":1000,"height":1000,"url":"https:\/\/limpol.pl\/wp-content\/uploads\/2019\/03\/papryka-grillowana-skoik-690-CIEN.jpg","type":"image\/jpeg"}],"twitter_card":"summary_large_image","twitter_misc":{"Estimated reading time":"1 minute"},"schema":{"@context":"https:\/\/schema.org","@graph":[{"@type":"WebPage","@id":"https:\/\/limpol.pl\/produkty\/papryka-grillowana-czerwona-bez-skorki\/","url":"https:\/\/limpol.pl\/produkty\/papryka-grillowana-czerwona-bez-skorki\/","name":"Grilled peppers - Limpol - Distributor of food products | Import Export","isPartOf":{"@id":"https:\/\/limpol.pl\/#website"},"primaryImageOfPage":{"@id":"https:\/\/limpol.pl\/produkty\/papryka-grillowana-czerwona-bez-skorki\/#primaryimage"},"image":{"@id":"https:\/\/limpol.pl\/produkty\/papryka-grillowana-czerwona-bez-skorki\/#primaryimage"},"thumbnailUrl":"https:\/\/limpol.pl\/wp-content\/uploads\/2019\/03\/papryka-grillowana-skoik-690-CIEN.jpg","datePublished":"2019-03-05T16:26:28+00:00","dateModified":"2023-05-11T07:56:02+00:00","breadcrumb":{"@id":"https:\/\/limpol.pl\/produkty\/papryka-grillowana-czerwona-bez-skorki\/#breadcrumb"},"inLanguage":"en-GB","potentialAction":[{"@type":"ReadAction","target":["https:\/\/limpol.pl\/produkty\/papryka-grillowana-czerwona-bez-skorki\/"]}]},{"@type":"ImageObject","inLanguage":"en-GB","@id":"https:\/\/limpol.pl\/produkty\/papryka-grillowana-czerwona-bez-skorki\/#primaryimage","url":"https:\/\/limpol.pl\/wp-content\/uploads\/2019\/03\/papryka-grillowana-skoik-690-CIEN.jpg","contentUrl":"https:\/\/limpol.pl\/wp-content\/uploads\/2019\/03\/papryka-grillowana-skoik-690-CIEN.jpg","width":1000,"height":1000},{"@type":"BreadcrumbList","@id":"https:\/\/limpol.pl\/produkty\/papryka-grillowana-czerwona-bez-skorki\/#breadcrumb","itemListElement":[{"@type":"ListItem","position":1,"name":"Strona g\u0142\u00f3wna","item":"https:\/\/limpol.pl\/"},{"@type":"ListItem","position":2,"name":"Produkty","item":"https:\/\/limpol.pl\/shop\/"},{"@type":"ListItem","position":3,"name":"Papryka grillowana"}]},{"@type":"WebSite","@id":"https:\/\/limpol.pl\/#website","url":"https:\/\/limpol.pl\/","name":"Limpol - Distributor of food products | Import Export","description":"Importer and exporter of food products","potentialAction":[{"@type":"SearchAction","target":{"@type":"EntryPoint","urlTemplate":"https:\/\/limpol.pl\/?s={search_term_string}"},"query-input":{"@type":"PropertyValueSpecification","valueRequired":true,"valueName":"search_term_string"}}],"inLanguage":"en-GB"}]}},"_links":{"self":[{"href":"https:\/\/limpol.pl\/en\/wp-json\/wp\/v2\/product\/1912","targetHints":{"allow":["GET"]}}],"collection":[{"href":"https:\/\/limpol.pl\/en\/wp-json\/wp\/v2\/product"}],"about":[{"href":"https:\/\/limpol.pl\/en\/wp-json\/wp\/v2\/types\/product"}],"wp:featuredmedia":[{"embeddable":true,"href":"https:\/\/limpol.pl\/en\/wp-json\/wp\/v2\/media\/5535"}],"wp:attachment":[{"href":"https:\/\/limpol.pl\/en\/wp-json\/wp\/v2\/media?parent=1912"}],"wp:term":[{"taxonomy":"product_brand","embeddable":true,"href":"https:\/\/limpol.pl\/en\/wp-json\/wp\/v2\/product_brand?post=1912"},{"taxonomy":"product_cat","embeddable":true,"href":"https:\/\/limpol.pl\/en\/wp-json\/wp\/v2\/product_cat?post=1912"},{"taxonomy":"product_tag","embeddable":true,"href":"https:\/\/limpol.pl\/en\/wp-json\/wp\/v2\/product_tag?post=1912"}],"curies":[{"name":"wp","href":"https:\/\/api.w.org\/{rel}","templated":true}]}}