{"id":1914,"date":"2019-03-05T17:26:28","date_gmt":"2019-03-05T16:26:28","guid":{"rendered":"https:\/\/limpol.pl\/produkty\/papryka-jalapeno-zielona-krojona-w-zalewie\/"},"modified":"2025-06-25T12:55:47","modified_gmt":"2025-06-25T10:55:47","slug":"sliced-green-jalapeno-peppers-in-brine","status":"publish","type":"product","link":"https:\/\/limpol.pl\/en\/products\/sliced-green-jalapeno-peppers-in-brine\/","title":{"rendered":"Sliced green jalape\u00f1o peppers in brine"},"content":{"rendered":"<p>Green jalapenos are a milder variety of the hot red pepper. Sliced into rings, the jalapenio is crisp and fragrant thanks to its unique marinade. Its spicy flavour will enliven any mild dish. A small amount of jalapeno added to a meat sauce or soup will turn an ordinary dish into an exotic one.<\/p>","protected":false},"excerpt":{"rendered":"<p>Green jalapenos are a milder variety of the hot red pepper. Sliced into rings, the jalapenio is crisp and fragrant thanks to its unique marinade. Its spicy flavour will enliven any mild dish. A small amount of jalapeno added to a meat sauce or soup will turn an ordinary dish into an exotic one.<\/p>","protected":false},"featured_media":5212,"template":"","meta":[],"product_brand":[],"product_cat":[263],"product_tag":[],"class_list":{"0":"post-1914","1":"product","2":"type-product","3":"status-publish","4":"has-post-thumbnail","6":"product_cat-przetwory-warzywne","7":"pa_atrybut-detal-horeca-detal","8":"pa_ilosc-sztuk-na-palecie-188","9":"pa_ilosc-sztuk-na-warstwie-120-en","10":"pa_masa-netto-340g","11":"pa_masa-po-odsaczeniu-190g","12":"pa_sztuk-w-kartonie-79","14":"first","15":"instock","16":"product-type-simple"},"yoast_head":"<!-- This site is optimized with the Yoast SEO plugin v27.3 - https:\/\/yoast.com\/product\/yoast-seo-wordpress\/ -->\n<title>Papryka jalape\u00f1o zielona krojona w zalewie - Limpol - Dystrybutor produkt\u00f3w spo\u017cywczych | Import Eksport<\/title>\n<meta name=\"robots\" content=\"index, follow, max-snippet:-1, max-image-preview:large, max-video-preview:-1\" \/>\n<link rel=\"canonical\" href=\"https:\/\/limpol.pl\/en\/products\/sliced-green-jalapeno-peppers-in-brine\/\" \/>\n<meta property=\"og:locale\" content=\"en_GB\" \/>\n<meta property=\"og:type\" content=\"article\" \/>\n<meta property=\"og:title\" content=\"Papryka jalape\u00f1o zielona krojona w zalewie - Limpol - Dystrybutor produkt\u00f3w spo\u017cywczych | Import Eksport\" \/>\n<meta property=\"og:description\" content=\"Zielone jalapeno to \u0142agodniejsza odmiana ostrej czerwonej papryczki. Pokrojone w kr\u0105\u017cki jalapenio dzi\u0119ki wyj\u0105tkowej zalewie jest chrupkie i pachn\u0105ce. Jego pikantny smak o\u017cywi ka\u017cd\u0105 \u0142agodn\u0105 potraw\u0119. Niewielka ilo\u015b\u0107 jalapeno dodana do sosu mi\u0119snego lub zupy zamieni zwyczajn\u0105 potraw\u0119 w egzotyczne danie.\" \/>\n<meta property=\"og:url\" content=\"https:\/\/limpol.pl\/en\/products\/sliced-green-jalapeno-peppers-in-brine\/\" \/>\n<meta property=\"og:site_name\" content=\"Limpol - Dystrybutor produkt\u00f3w spo\u017cywczych | Import Eksport\" \/>\n<meta property=\"article:publisher\" content=\"https:\/\/www.facebook.com\/firmalimpol\/\" \/>\n<meta property=\"article:modified_time\" content=\"2025-06-25T10:55:47+00:00\" \/>\n<meta property=\"og:image\" content=\"https:\/\/limpol.pl\/wp-content\/uploads\/2023\/01\/jalapeno-krojone-skoik-340-CIEN.jpg\" \/>\n\t<meta property=\"og:image:width\" content=\"800\" \/>\n\t<meta property=\"og:image:height\" content=\"800\" \/>\n\t<meta property=\"og:image:type\" content=\"image\/jpeg\" \/>\n<meta name=\"twitter:card\" content=\"summary_large_image\" \/>\n<meta name=\"twitter:label1\" content=\"Estimated reading time\" \/>\n\t<meta name=\"twitter:data1\" content=\"1 minute\" \/>\n<script type=\"application\/ld+json\" class=\"yoast-schema-graph\">{\"@context\":\"https:\\\/\\\/schema.org\",\"@graph\":[{\"@type\":\"WebPage\",\"@id\":\"https:\\\/\\\/limpol.pl\\\/produkty\\\/papryka-jalapeno-zielona-krojona-w-zalewie\\\/\",\"url\":\"https:\\\/\\\/limpol.pl\\\/produkty\\\/papryka-jalapeno-zielona-krojona-w-zalewie\\\/\",\"name\":\"Papryka jalape\u00f1o zielona krojona w zalewie - Limpol - Dystrybutor produkt\u00f3w spo\u017cywczych | Import Eksport\",\"isPartOf\":{\"@id\":\"https:\\\/\\\/limpol.pl\\\/#website\"},\"primaryImageOfPage\":{\"@id\":\"https:\\\/\\\/limpol.pl\\\/produkty\\\/papryka-jalapeno-zielona-krojona-w-zalewie\\\/#primaryimage\"},\"image\":{\"@id\":\"https:\\\/\\\/limpol.pl\\\/produkty\\\/papryka-jalapeno-zielona-krojona-w-zalewie\\\/#primaryimage\"},\"thumbnailUrl\":\"https:\\\/\\\/limpol.pl\\\/wp-content\\\/uploads\\\/2023\\\/01\\\/jalapeno-krojone-skoik-340-CIEN.jpg\",\"datePublished\":\"2019-03-05T16:26:28+00:00\",\"dateModified\":\"2025-06-25T10:55:47+00:00\",\"breadcrumb\":{\"@id\":\"https:\\\/\\\/limpol.pl\\\/produkty\\\/papryka-jalapeno-zielona-krojona-w-zalewie\\\/#breadcrumb\"},\"inLanguage\":\"en-GB\",\"potentialAction\":[{\"@type\":\"ReadAction\",\"target\":[\"https:\\\/\\\/limpol.pl\\\/produkty\\\/papryka-jalapeno-zielona-krojona-w-zalewie\\\/\"]}]},{\"@type\":\"ImageObject\",\"inLanguage\":\"en-GB\",\"@id\":\"https:\\\/\\\/limpol.pl\\\/produkty\\\/papryka-jalapeno-zielona-krojona-w-zalewie\\\/#primaryimage\",\"url\":\"https:\\\/\\\/limpol.pl\\\/wp-content\\\/uploads\\\/2023\\\/01\\\/jalapeno-krojone-skoik-340-CIEN.jpg\",\"contentUrl\":\"https:\\\/\\\/limpol.pl\\\/wp-content\\\/uploads\\\/2023\\\/01\\\/jalapeno-krojone-skoik-340-CIEN.jpg\",\"width\":800,\"height\":800},{\"@type\":\"BreadcrumbList\",\"@id\":\"https:\\\/\\\/limpol.pl\\\/produkty\\\/papryka-jalapeno-zielona-krojona-w-zalewie\\\/#breadcrumb\",\"itemListElement\":[{\"@type\":\"ListItem\",\"position\":1,\"name\":\"Strona g\u0142\u00f3wna\",\"item\":\"https:\\\/\\\/limpol.pl\\\/\"},{\"@type\":\"ListItem\",\"position\":2,\"name\":\"Produkty\",\"item\":\"https:\\\/\\\/limpol.pl\\\/shop\\\/\"},{\"@type\":\"ListItem\",\"position\":3,\"name\":\"Papryka jalape\u00f1o zielona krojona w zalewie\"}]},{\"@type\":\"WebSite\",\"@id\":\"https:\\\/\\\/limpol.pl\\\/#website\",\"url\":\"https:\\\/\\\/limpol.pl\\\/\",\"name\":\"Limpol - Dystrybutor produkt\u00f3w spo\u017cywczych | Import Eksport\",\"description\":\"Importer i eksporter produkt\u00f3w spo\u017cywczych\",\"potentialAction\":[{\"@type\":\"SearchAction\",\"target\":{\"@type\":\"EntryPoint\",\"urlTemplate\":\"https:\\\/\\\/limpol.pl\\\/?s={search_term_string}\"},\"query-input\":{\"@type\":\"PropertyValueSpecification\",\"valueRequired\":true,\"valueName\":\"search_term_string\"}}],\"inLanguage\":\"en-GB\"}]}<\/script>\n<!-- \/ Yoast SEO plugin. -->","yoast_head_json":{"title":"Sliced green jalape\u00f1o peppers in brine - Limpol - Distributor of food products | Import Export","robots":{"index":"index","follow":"follow","max-snippet":"max-snippet:-1","max-image-preview":"max-image-preview:large","max-video-preview":"max-video-preview:-1"},"canonical":"https:\/\/limpol.pl\/en\/products\/sliced-green-jalapeno-peppers-in-brine\/","og_locale":"en_GB","og_type":"article","og_title":"Papryka jalape\u00f1o zielona krojona w zalewie - Limpol - Dystrybutor produkt\u00f3w spo\u017cywczych | Import Eksport","og_description":"Zielone jalapeno to \u0142agodniejsza odmiana ostrej czerwonej papryczki. Pokrojone w kr\u0105\u017cki jalapenio dzi\u0119ki wyj\u0105tkowej zalewie jest chrupkie i pachn\u0105ce. Jego pikantny smak o\u017cywi ka\u017cd\u0105 \u0142agodn\u0105 potraw\u0119. Niewielka ilo\u015b\u0107 jalapeno dodana do sosu mi\u0119snego lub zupy zamieni zwyczajn\u0105 potraw\u0119 w egzotyczne danie.","og_url":"https:\/\/limpol.pl\/en\/products\/sliced-green-jalapeno-peppers-in-brine\/","og_site_name":"Limpol - Dystrybutor produkt\u00f3w spo\u017cywczych | Import Eksport","article_publisher":"https:\/\/www.facebook.com\/firmalimpol\/","article_modified_time":"2025-06-25T10:55:47+00:00","og_image":[{"width":800,"height":800,"url":"https:\/\/limpol.pl\/wp-content\/uploads\/2023\/01\/jalapeno-krojone-skoik-340-CIEN.jpg","type":"image\/jpeg"}],"twitter_card":"summary_large_image","twitter_misc":{"Estimated reading time":"1 minute"},"schema":{"@context":"https:\/\/schema.org","@graph":[{"@type":"WebPage","@id":"https:\/\/limpol.pl\/produkty\/papryka-jalapeno-zielona-krojona-w-zalewie\/","url":"https:\/\/limpol.pl\/produkty\/papryka-jalapeno-zielona-krojona-w-zalewie\/","name":"Sliced green jalape\u00f1o peppers in brine - Limpol - Distributor of food products | Import Export","isPartOf":{"@id":"https:\/\/limpol.pl\/#website"},"primaryImageOfPage":{"@id":"https:\/\/limpol.pl\/produkty\/papryka-jalapeno-zielona-krojona-w-zalewie\/#primaryimage"},"image":{"@id":"https:\/\/limpol.pl\/produkty\/papryka-jalapeno-zielona-krojona-w-zalewie\/#primaryimage"},"thumbnailUrl":"https:\/\/limpol.pl\/wp-content\/uploads\/2023\/01\/jalapeno-krojone-skoik-340-CIEN.jpg","datePublished":"2019-03-05T16:26:28+00:00","dateModified":"2025-06-25T10:55:47+00:00","breadcrumb":{"@id":"https:\/\/limpol.pl\/produkty\/papryka-jalapeno-zielona-krojona-w-zalewie\/#breadcrumb"},"inLanguage":"en-GB","potentialAction":[{"@type":"ReadAction","target":["https:\/\/limpol.pl\/produkty\/papryka-jalapeno-zielona-krojona-w-zalewie\/"]}]},{"@type":"ImageObject","inLanguage":"en-GB","@id":"https:\/\/limpol.pl\/produkty\/papryka-jalapeno-zielona-krojona-w-zalewie\/#primaryimage","url":"https:\/\/limpol.pl\/wp-content\/uploads\/2023\/01\/jalapeno-krojone-skoik-340-CIEN.jpg","contentUrl":"https:\/\/limpol.pl\/wp-content\/uploads\/2023\/01\/jalapeno-krojone-skoik-340-CIEN.jpg","width":800,"height":800},{"@type":"BreadcrumbList","@id":"https:\/\/limpol.pl\/produkty\/papryka-jalapeno-zielona-krojona-w-zalewie\/#breadcrumb","itemListElement":[{"@type":"ListItem","position":1,"name":"Strona g\u0142\u00f3wna","item":"https:\/\/limpol.pl\/"},{"@type":"ListItem","position":2,"name":"Produkty","item":"https:\/\/limpol.pl\/shop\/"},{"@type":"ListItem","position":3,"name":"Papryka jalape\u00f1o zielona krojona w zalewie"}]},{"@type":"WebSite","@id":"https:\/\/limpol.pl\/#website","url":"https:\/\/limpol.pl\/","name":"Limpol - Distributor of food products | Import Export","description":"Importer and exporter of food products","potentialAction":[{"@type":"SearchAction","target":{"@type":"EntryPoint","urlTemplate":"https:\/\/limpol.pl\/?s={search_term_string}"},"query-input":{"@type":"PropertyValueSpecification","valueRequired":true,"valueName":"search_term_string"}}],"inLanguage":"en-GB"}]}},"_links":{"self":[{"href":"https:\/\/limpol.pl\/en\/wp-json\/wp\/v2\/product\/1914","targetHints":{"allow":["GET"]}}],"collection":[{"href":"https:\/\/limpol.pl\/en\/wp-json\/wp\/v2\/product"}],"about":[{"href":"https:\/\/limpol.pl\/en\/wp-json\/wp\/v2\/types\/product"}],"wp:featuredmedia":[{"embeddable":true,"href":"https:\/\/limpol.pl\/en\/wp-json\/wp\/v2\/media\/5212"}],"wp:attachment":[{"href":"https:\/\/limpol.pl\/en\/wp-json\/wp\/v2\/media?parent=1914"}],"wp:term":[{"taxonomy":"product_brand","embeddable":true,"href":"https:\/\/limpol.pl\/en\/wp-json\/wp\/v2\/product_brand?post=1914"},{"taxonomy":"product_cat","embeddable":true,"href":"https:\/\/limpol.pl\/en\/wp-json\/wp\/v2\/product_cat?post=1914"},{"taxonomy":"product_tag","embeddable":true,"href":"https:\/\/limpol.pl\/en\/wp-json\/wp\/v2\/product_tag?post=1914"}],"curies":[{"name":"wp","href":"https:\/\/api.w.org\/{rel}","templated":true}]}}