{"id":1916,"date":"2019-03-05T17:26:28","date_gmt":"2019-03-05T16:26:28","guid":{"rendered":"https:\/\/limpol.pl\/produkty\/papryka-konserwowa-w-paskach\/"},"modified":"2023-04-05T15:36:30","modified_gmt":"2023-04-05T13:36:30","slug":"canned-peppers-in-strips","status":"publish","type":"product","link":"https:\/\/limpol.pl\/en\/products\/canned-peppers-in-strips\/","title":{"rendered":"Canned peppers in strips"},"content":{"rendered":"<p>Firm and juicy red peppers cut into perfectly sized strips, prepared with the catering industry in mind. Used for many dishes, indispensable for main courses, starters, salads. Tastes great in any edition in summer and winter. A huge portion of flavour and vitamins enclosed in a jar.<\/p>","protected":false},"excerpt":{"rendered":"<p>Firm and juicy red peppers cut into perfectly sized strips, prepared with the catering industry in mind. Used for many dishes, indispensable for main courses, starters, salads. Tastes great in any edition in summer and winter. A huge portion of flavour and vitamins enclosed in a jar.<\/p>","protected":false},"featured_media":5537,"template":"","meta":[],"product_brand":[],"product_cat":[263],"product_tag":[],"class_list":{"0":"post-1916","1":"product","2":"type-product","3":"status-publish","4":"has-post-thumbnail","6":"product_cat-przetwory-warzywne","7":"pa_atrybut-detal-horeca-horeca","8":"pa_ilosc-sztuk-na-palecie-220","9":"pa_ilosc-sztuk-na-warstwie-370","10":"pa_masa-netto-4200g","11":"pa_masa-po-odsaczeniu-2000g","12":"pa_sztuk-w-kartonie-115","14":"first","15":"instock","16":"product-type-simple"},"yoast_head":"<!-- This site is optimized with the Yoast SEO plugin v27.3 - https:\/\/yoast.com\/product\/yoast-seo-wordpress\/ -->\n<title>Papryka konserwowa w paskach - Limpol - Dystrybutor produkt\u00f3w spo\u017cywczych | Import Eksport<\/title>\n<meta name=\"robots\" content=\"index, follow, max-snippet:-1, max-image-preview:large, max-video-preview:-1\" \/>\n<link rel=\"canonical\" href=\"https:\/\/limpol.pl\/en\/products\/canned-peppers-in-strips\/\" \/>\n<meta property=\"og:locale\" content=\"en_GB\" \/>\n<meta property=\"og:type\" content=\"article\" \/>\n<meta property=\"og:title\" content=\"Papryka konserwowa w paskach - Limpol - Dystrybutor produkt\u00f3w spo\u017cywczych | Import Eksport\" \/>\n<meta property=\"og:description\" content=\"J\u0119drna i soczysta papryka czerwona pokrojona w idealnej wielko\u015bci paski, przygotowana jest z my\u015bl\u0105 o gastronomii. Wykorzystywana do wielu potraw, niezast\u0105piona do da\u0144 g\u0142\u00f3wnych, przystawek, sa\u0142atek. Smakuje wspaniale w ka\u017cdym wydaniu latem i zim\u0105. Olbrzymia porcja smaku i witamin zamkni\u0119ta w s\u0142oiku.\" \/>\n<meta property=\"og:url\" content=\"https:\/\/limpol.pl\/en\/products\/canned-peppers-in-strips\/\" \/>\n<meta property=\"og:site_name\" content=\"Limpol - Dystrybutor produkt\u00f3w spo\u017cywczych | Import Eksport\" \/>\n<meta property=\"article:publisher\" content=\"https:\/\/www.facebook.com\/firmalimpol\/\" \/>\n<meta property=\"article:modified_time\" content=\"2023-04-05T13:36:30+00:00\" \/>\n<meta property=\"og:image\" content=\"https:\/\/limpol.pl\/wp-content\/uploads\/2019\/03\/papryka-paski-4200-2000-CIEN.jpg\" \/>\n\t<meta property=\"og:image:width\" content=\"1000\" \/>\n\t<meta property=\"og:image:height\" content=\"1000\" \/>\n\t<meta property=\"og:image:type\" content=\"image\/jpeg\" \/>\n<meta name=\"twitter:card\" content=\"summary_large_image\" \/>\n<meta name=\"twitter:label1\" content=\"Estimated reading time\" \/>\n\t<meta name=\"twitter:data1\" content=\"1 minute\" \/>\n<script type=\"application\/ld+json\" class=\"yoast-schema-graph\">{\"@context\":\"https:\\\/\\\/schema.org\",\"@graph\":[{\"@type\":\"WebPage\",\"@id\":\"https:\\\/\\\/limpol.pl\\\/produkty\\\/papryka-konserwowa-w-paskach\\\/\",\"url\":\"https:\\\/\\\/limpol.pl\\\/produkty\\\/papryka-konserwowa-w-paskach\\\/\",\"name\":\"Papryka konserwowa w paskach - Limpol - Dystrybutor produkt\u00f3w spo\u017cywczych | Import Eksport\",\"isPartOf\":{\"@id\":\"https:\\\/\\\/limpol.pl\\\/#website\"},\"primaryImageOfPage\":{\"@id\":\"https:\\\/\\\/limpol.pl\\\/produkty\\\/papryka-konserwowa-w-paskach\\\/#primaryimage\"},\"image\":{\"@id\":\"https:\\\/\\\/limpol.pl\\\/produkty\\\/papryka-konserwowa-w-paskach\\\/#primaryimage\"},\"thumbnailUrl\":\"https:\\\/\\\/limpol.pl\\\/wp-content\\\/uploads\\\/2019\\\/03\\\/papryka-paski-4200-2000-CIEN.jpg\",\"datePublished\":\"2019-03-05T16:26:28+00:00\",\"dateModified\":\"2023-04-05T13:36:30+00:00\",\"breadcrumb\":{\"@id\":\"https:\\\/\\\/limpol.pl\\\/produkty\\\/papryka-konserwowa-w-paskach\\\/#breadcrumb\"},\"inLanguage\":\"en-GB\",\"potentialAction\":[{\"@type\":\"ReadAction\",\"target\":[\"https:\\\/\\\/limpol.pl\\\/produkty\\\/papryka-konserwowa-w-paskach\\\/\"]}]},{\"@type\":\"ImageObject\",\"inLanguage\":\"en-GB\",\"@id\":\"https:\\\/\\\/limpol.pl\\\/produkty\\\/papryka-konserwowa-w-paskach\\\/#primaryimage\",\"url\":\"https:\\\/\\\/limpol.pl\\\/wp-content\\\/uploads\\\/2019\\\/03\\\/papryka-paski-4200-2000-CIEN.jpg\",\"contentUrl\":\"https:\\\/\\\/limpol.pl\\\/wp-content\\\/uploads\\\/2019\\\/03\\\/papryka-paski-4200-2000-CIEN.jpg\",\"width\":1000,\"height\":1000},{\"@type\":\"BreadcrumbList\",\"@id\":\"https:\\\/\\\/limpol.pl\\\/produkty\\\/papryka-konserwowa-w-paskach\\\/#breadcrumb\",\"itemListElement\":[{\"@type\":\"ListItem\",\"position\":1,\"name\":\"Strona g\u0142\u00f3wna\",\"item\":\"https:\\\/\\\/limpol.pl\\\/\"},{\"@type\":\"ListItem\",\"position\":2,\"name\":\"Produkty\",\"item\":\"https:\\\/\\\/limpol.pl\\\/shop\\\/\"},{\"@type\":\"ListItem\",\"position\":3,\"name\":\"Papryka konserwowa w paskach\"}]},{\"@type\":\"WebSite\",\"@id\":\"https:\\\/\\\/limpol.pl\\\/#website\",\"url\":\"https:\\\/\\\/limpol.pl\\\/\",\"name\":\"Limpol - Dystrybutor produkt\u00f3w spo\u017cywczych | Import Eksport\",\"description\":\"Importer i eksporter produkt\u00f3w spo\u017cywczych\",\"potentialAction\":[{\"@type\":\"SearchAction\",\"target\":{\"@type\":\"EntryPoint\",\"urlTemplate\":\"https:\\\/\\\/limpol.pl\\\/?s={search_term_string}\"},\"query-input\":{\"@type\":\"PropertyValueSpecification\",\"valueRequired\":true,\"valueName\":\"search_term_string\"}}],\"inLanguage\":\"en-GB\"}]}<\/script>\n<!-- \/ Yoast SEO plugin. -->","yoast_head_json":{"title":"Tinned peppers in strips - Limpol - Distributor of food products | Import Export","robots":{"index":"index","follow":"follow","max-snippet":"max-snippet:-1","max-image-preview":"max-image-preview:large","max-video-preview":"max-video-preview:-1"},"canonical":"https:\/\/limpol.pl\/en\/products\/canned-peppers-in-strips\/","og_locale":"en_GB","og_type":"article","og_title":"Papryka konserwowa w paskach - Limpol - Dystrybutor produkt\u00f3w spo\u017cywczych | Import Eksport","og_description":"J\u0119drna i soczysta papryka czerwona pokrojona w idealnej wielko\u015bci paski, przygotowana jest z my\u015bl\u0105 o gastronomii. Wykorzystywana do wielu potraw, niezast\u0105piona do da\u0144 g\u0142\u00f3wnych, przystawek, sa\u0142atek. Smakuje wspaniale w ka\u017cdym wydaniu latem i zim\u0105. Olbrzymia porcja smaku i witamin zamkni\u0119ta w s\u0142oiku.","og_url":"https:\/\/limpol.pl\/en\/products\/canned-peppers-in-strips\/","og_site_name":"Limpol - Dystrybutor produkt\u00f3w spo\u017cywczych | Import Eksport","article_publisher":"https:\/\/www.facebook.com\/firmalimpol\/","article_modified_time":"2023-04-05T13:36:30+00:00","og_image":[{"width":1000,"height":1000,"url":"https:\/\/limpol.pl\/wp-content\/uploads\/2019\/03\/papryka-paski-4200-2000-CIEN.jpg","type":"image\/jpeg"}],"twitter_card":"summary_large_image","twitter_misc":{"Estimated reading time":"1 minute"},"schema":{"@context":"https:\/\/schema.org","@graph":[{"@type":"WebPage","@id":"https:\/\/limpol.pl\/produkty\/papryka-konserwowa-w-paskach\/","url":"https:\/\/limpol.pl\/produkty\/papryka-konserwowa-w-paskach\/","name":"Tinned peppers in strips - Limpol - Distributor of food products | Import Export","isPartOf":{"@id":"https:\/\/limpol.pl\/#website"},"primaryImageOfPage":{"@id":"https:\/\/limpol.pl\/produkty\/papryka-konserwowa-w-paskach\/#primaryimage"},"image":{"@id":"https:\/\/limpol.pl\/produkty\/papryka-konserwowa-w-paskach\/#primaryimage"},"thumbnailUrl":"https:\/\/limpol.pl\/wp-content\/uploads\/2019\/03\/papryka-paski-4200-2000-CIEN.jpg","datePublished":"2019-03-05T16:26:28+00:00","dateModified":"2023-04-05T13:36:30+00:00","breadcrumb":{"@id":"https:\/\/limpol.pl\/produkty\/papryka-konserwowa-w-paskach\/#breadcrumb"},"inLanguage":"en-GB","potentialAction":[{"@type":"ReadAction","target":["https:\/\/limpol.pl\/produkty\/papryka-konserwowa-w-paskach\/"]}]},{"@type":"ImageObject","inLanguage":"en-GB","@id":"https:\/\/limpol.pl\/produkty\/papryka-konserwowa-w-paskach\/#primaryimage","url":"https:\/\/limpol.pl\/wp-content\/uploads\/2019\/03\/papryka-paski-4200-2000-CIEN.jpg","contentUrl":"https:\/\/limpol.pl\/wp-content\/uploads\/2019\/03\/papryka-paski-4200-2000-CIEN.jpg","width":1000,"height":1000},{"@type":"BreadcrumbList","@id":"https:\/\/limpol.pl\/produkty\/papryka-konserwowa-w-paskach\/#breadcrumb","itemListElement":[{"@type":"ListItem","position":1,"name":"Strona g\u0142\u00f3wna","item":"https:\/\/limpol.pl\/"},{"@type":"ListItem","position":2,"name":"Produkty","item":"https:\/\/limpol.pl\/shop\/"},{"@type":"ListItem","position":3,"name":"Papryka konserwowa w paskach"}]},{"@type":"WebSite","@id":"https:\/\/limpol.pl\/#website","url":"https:\/\/limpol.pl\/","name":"Limpol - Distributor of food products | Import Export","description":"Importer and exporter of food products","potentialAction":[{"@type":"SearchAction","target":{"@type":"EntryPoint","urlTemplate":"https:\/\/limpol.pl\/?s={search_term_string}"},"query-input":{"@type":"PropertyValueSpecification","valueRequired":true,"valueName":"search_term_string"}}],"inLanguage":"en-GB"}]}},"_links":{"self":[{"href":"https:\/\/limpol.pl\/en\/wp-json\/wp\/v2\/product\/1916","targetHints":{"allow":["GET"]}}],"collection":[{"href":"https:\/\/limpol.pl\/en\/wp-json\/wp\/v2\/product"}],"about":[{"href":"https:\/\/limpol.pl\/en\/wp-json\/wp\/v2\/types\/product"}],"wp:featuredmedia":[{"embeddable":true,"href":"https:\/\/limpol.pl\/en\/wp-json\/wp\/v2\/media\/5537"}],"wp:attachment":[{"href":"https:\/\/limpol.pl\/en\/wp-json\/wp\/v2\/media?parent=1916"}],"wp:term":[{"taxonomy":"product_brand","embeddable":true,"href":"https:\/\/limpol.pl\/en\/wp-json\/wp\/v2\/product_brand?post=1916"},{"taxonomy":"product_cat","embeddable":true,"href":"https:\/\/limpol.pl\/en\/wp-json\/wp\/v2\/product_cat?post=1916"},{"taxonomy":"product_tag","embeddable":true,"href":"https:\/\/limpol.pl\/en\/wp-json\/wp\/v2\/product_tag?post=1916"}],"curies":[{"name":"wp","href":"https:\/\/api.w.org\/{rel}","templated":true}]}}