{"id":1928,"date":"2019-03-05T17:26:28","date_gmt":"2019-03-05T16:26:28","guid":{"rendered":"https:\/\/limpol.pl\/produkty\/pomidory-bez-skorki-cale-w-sosie-wlasnym\/"},"modified":"2023-04-05T12:58:28","modified_gmt":"2023-04-05T10:58:28","slug":"whole-peeled-tomatoes-in-their-own-sauce","status":"publish","type":"product","link":"https:\/\/limpol.pl\/en\/products\/whole-peeled-tomatoes-in-their-own-sauce\/","title":{"rendered":"Whole peeled tomatoes in their own sauce"},"content":{"rendered":"<p>With a tin of Italian pelati tomatoes, we can enjoy their aromatic flavour all year round. Meaty and fragrant with a beautiful colour, peeled, they will become the basis for many dishes both simple and complex. Soups and sauces, meat stews and vegetable curries based on our tomatoes will make a welcome addition to your kitchen. Feel the warmth of the Italian sun enclosed in a tin of pelati tomatoes.<\/p>","protected":false},"excerpt":{"rendered":"<p>Dzi\u0119ki puszce w\u0142oskich pomidor\u00f3w pelati mo\u017cemy przez ca\u0142y rok cieszy\u0107 si\u0119 ich aromatycznym smakiem. Mi\u0119siste i pachn\u0105ce o pi\u0119knym kolorze, obrane ze sk\u00f3rki stan\u0105 si\u0119 podstaw\u0105 wielu zar\u00f3wno prostych jak i skomplikowanych da\u0144. Zupy i sosy, mi\u0119sne gulasze i warzywne curry na bazie naszych pomidor\u00f3w na dobre zagoszcz\u0105 w Twojej kuchni. Poczuj ciep\u0142o w\u0142oskiego s\u0142o\u0144ca [&hellip;]<\/p>\n","protected":false},"featured_media":5554,"template":"","meta":[],"product_brand":[],"product_cat":[845,263],"product_tag":[],"class_list":{"0":"post-1928","1":"product","2":"type-product","3":"status-publish","4":"has-post-thumbnail","6":"product_cat-dla-pizzerii-i-trattorii","7":"product_cat-przetwory-warzywne","8":"pa_atrybut-detal-horeca-horeca","9":"pa_ilosc-sztuk-na-palecie-225","10":"pa_ilosc-sztuk-na-warstwie-370","11":"pa_masa-netto-2500g","12":"pa_masa-po-odsaczeniu-1500g","13":"pa_sztuk-w-kartonie-115","15":"first","16":"instock","17":"product-type-simple"},"yoast_head":"<!-- This site is optimized with the Yoast SEO plugin v27.3 - https:\/\/yoast.com\/product\/yoast-seo-wordpress\/ -->\n<title>Pomidory bez sk\u00f3rki ca\u0142e w sosie w\u0142asnym - Limpol - Dystrybutor produkt\u00f3w spo\u017cywczych | Import Eksport<\/title>\n<meta name=\"robots\" content=\"index, follow, max-snippet:-1, max-image-preview:large, max-video-preview:-1\" \/>\n<link rel=\"canonical\" href=\"https:\/\/limpol.pl\/en\/products\/whole-peeled-tomatoes-in-their-own-sauce\/\" \/>\n<meta property=\"og:locale\" content=\"en_GB\" \/>\n<meta property=\"og:type\" content=\"article\" \/>\n<meta property=\"og:title\" content=\"Pomidory bez sk\u00f3rki ca\u0142e w sosie w\u0142asnym - Limpol - Dystrybutor produkt\u00f3w spo\u017cywczych | Import Eksport\" \/>\n<meta property=\"og:description\" content=\"Dzi\u0119ki puszce w\u0142oskich pomidor\u00f3w pelati mo\u017cemy przez ca\u0142y rok cieszy\u0107 si\u0119 ich aromatycznym smakiem. Mi\u0119siste i pachn\u0105ce o pi\u0119knym kolorze, obrane ze sk\u00f3rki stan\u0105 si\u0119 podstaw\u0105 wielu zar\u00f3wno prostych jak i skomplikowanych da\u0144. Zupy i sosy, mi\u0119sne gulasze i warzywne curry na bazie naszych pomidor\u00f3w na dobre zagoszcz\u0105 w Twojej kuchni. Poczuj ciep\u0142o w\u0142oskiego s\u0142o\u0144ca [&hellip;]\" \/>\n<meta property=\"og:url\" content=\"https:\/\/limpol.pl\/en\/products\/whole-peeled-tomatoes-in-their-own-sauce\/\" \/>\n<meta property=\"og:site_name\" content=\"Limpol - Dystrybutor produkt\u00f3w spo\u017cywczych | Import Eksport\" \/>\n<meta property=\"article:publisher\" content=\"https:\/\/www.facebook.com\/firmalimpol\/\" \/>\n<meta property=\"article:modified_time\" content=\"2023-04-05T10:58:28+00:00\" \/>\n<meta property=\"og:image\" content=\"https:\/\/limpol.pl\/wp-content\/uploads\/2019\/03\/pomidory-cale-2500-CIEN.jpg\" \/>\n\t<meta property=\"og:image:width\" content=\"1000\" \/>\n\t<meta property=\"og:image:height\" content=\"1000\" \/>\n\t<meta property=\"og:image:type\" content=\"image\/jpeg\" \/>\n<meta name=\"twitter:card\" content=\"summary_large_image\" \/>\n<meta name=\"twitter:label1\" content=\"Estimated reading time\" \/>\n\t<meta name=\"twitter:data1\" content=\"1 minute\" \/>\n<script type=\"application\/ld+json\" class=\"yoast-schema-graph\">{\"@context\":\"https:\\\/\\\/schema.org\",\"@graph\":[{\"@type\":\"WebPage\",\"@id\":\"https:\\\/\\\/limpol.pl\\\/produkty\\\/pomidory-bez-skorki-cale-w-sosie-wlasnym\\\/\",\"url\":\"https:\\\/\\\/limpol.pl\\\/produkty\\\/pomidory-bez-skorki-cale-w-sosie-wlasnym\\\/\",\"name\":\"Pomidory bez sk\u00f3rki ca\u0142e w sosie w\u0142asnym - Limpol - Dystrybutor produkt\u00f3w spo\u017cywczych | Import Eksport\",\"isPartOf\":{\"@id\":\"https:\\\/\\\/limpol.pl\\\/#website\"},\"primaryImageOfPage\":{\"@id\":\"https:\\\/\\\/limpol.pl\\\/produkty\\\/pomidory-bez-skorki-cale-w-sosie-wlasnym\\\/#primaryimage\"},\"image\":{\"@id\":\"https:\\\/\\\/limpol.pl\\\/produkty\\\/pomidory-bez-skorki-cale-w-sosie-wlasnym\\\/#primaryimage\"},\"thumbnailUrl\":\"https:\\\/\\\/limpol.pl\\\/wp-content\\\/uploads\\\/2019\\\/03\\\/pomidory-cale-2500-CIEN.jpg\",\"datePublished\":\"2019-03-05T16:26:28+00:00\",\"dateModified\":\"2023-04-05T10:58:28+00:00\",\"breadcrumb\":{\"@id\":\"https:\\\/\\\/limpol.pl\\\/produkty\\\/pomidory-bez-skorki-cale-w-sosie-wlasnym\\\/#breadcrumb\"},\"inLanguage\":\"en-GB\",\"potentialAction\":[{\"@type\":\"ReadAction\",\"target\":[\"https:\\\/\\\/limpol.pl\\\/produkty\\\/pomidory-bez-skorki-cale-w-sosie-wlasnym\\\/\"]}]},{\"@type\":\"ImageObject\",\"inLanguage\":\"en-GB\",\"@id\":\"https:\\\/\\\/limpol.pl\\\/produkty\\\/pomidory-bez-skorki-cale-w-sosie-wlasnym\\\/#primaryimage\",\"url\":\"https:\\\/\\\/limpol.pl\\\/wp-content\\\/uploads\\\/2019\\\/03\\\/pomidory-cale-2500-CIEN.jpg\",\"contentUrl\":\"https:\\\/\\\/limpol.pl\\\/wp-content\\\/uploads\\\/2019\\\/03\\\/pomidory-cale-2500-CIEN.jpg\",\"width\":1000,\"height\":1000},{\"@type\":\"BreadcrumbList\",\"@id\":\"https:\\\/\\\/limpol.pl\\\/produkty\\\/pomidory-bez-skorki-cale-w-sosie-wlasnym\\\/#breadcrumb\",\"itemListElement\":[{\"@type\":\"ListItem\",\"position\":1,\"name\":\"Strona g\u0142\u00f3wna\",\"item\":\"https:\\\/\\\/limpol.pl\\\/\"},{\"@type\":\"ListItem\",\"position\":2,\"name\":\"Produkty\",\"item\":\"https:\\\/\\\/limpol.pl\\\/shop\\\/\"},{\"@type\":\"ListItem\",\"position\":3,\"name\":\"Pomidory bez sk\u00f3rki ca\u0142e w sosie w\u0142asnym\"}]},{\"@type\":\"WebSite\",\"@id\":\"https:\\\/\\\/limpol.pl\\\/#website\",\"url\":\"https:\\\/\\\/limpol.pl\\\/\",\"name\":\"Limpol - Dystrybutor produkt\u00f3w spo\u017cywczych | Import Eksport\",\"description\":\"Importer i eksporter produkt\u00f3w spo\u017cywczych\",\"potentialAction\":[{\"@type\":\"SearchAction\",\"target\":{\"@type\":\"EntryPoint\",\"urlTemplate\":\"https:\\\/\\\/limpol.pl\\\/?s={search_term_string}\"},\"query-input\":{\"@type\":\"PropertyValueSpecification\",\"valueRequired\":true,\"valueName\":\"search_term_string\"}}],\"inLanguage\":\"en-GB\"}]}<\/script>\n<!-- \/ Yoast SEO plugin. -->","yoast_head_json":{"title":"Whole peeled tomatoes in their own sauce - Limpol - Distributor of food products | Import Export","robots":{"index":"index","follow":"follow","max-snippet":"max-snippet:-1","max-image-preview":"max-image-preview:large","max-video-preview":"max-video-preview:-1"},"canonical":"https:\/\/limpol.pl\/en\/products\/whole-peeled-tomatoes-in-their-own-sauce\/","og_locale":"en_GB","og_type":"article","og_title":"Pomidory bez sk\u00f3rki ca\u0142e w sosie w\u0142asnym - Limpol - Dystrybutor produkt\u00f3w spo\u017cywczych | Import Eksport","og_description":"Dzi\u0119ki puszce w\u0142oskich pomidor\u00f3w pelati mo\u017cemy przez ca\u0142y rok cieszy\u0107 si\u0119 ich aromatycznym smakiem. Mi\u0119siste i pachn\u0105ce o pi\u0119knym kolorze, obrane ze sk\u00f3rki stan\u0105 si\u0119 podstaw\u0105 wielu zar\u00f3wno prostych jak i skomplikowanych da\u0144. Zupy i sosy, mi\u0119sne gulasze i warzywne curry na bazie naszych pomidor\u00f3w na dobre zagoszcz\u0105 w Twojej kuchni. Poczuj ciep\u0142o w\u0142oskiego s\u0142o\u0144ca [&hellip;]","og_url":"https:\/\/limpol.pl\/en\/products\/whole-peeled-tomatoes-in-their-own-sauce\/","og_site_name":"Limpol - Dystrybutor produkt\u00f3w spo\u017cywczych | Import Eksport","article_publisher":"https:\/\/www.facebook.com\/firmalimpol\/","article_modified_time":"2023-04-05T10:58:28+00:00","og_image":[{"width":1000,"height":1000,"url":"https:\/\/limpol.pl\/wp-content\/uploads\/2019\/03\/pomidory-cale-2500-CIEN.jpg","type":"image\/jpeg"}],"twitter_card":"summary_large_image","twitter_misc":{"Estimated reading time":"1 minute"},"schema":{"@context":"https:\/\/schema.org","@graph":[{"@type":"WebPage","@id":"https:\/\/limpol.pl\/produkty\/pomidory-bez-skorki-cale-w-sosie-wlasnym\/","url":"https:\/\/limpol.pl\/produkty\/pomidory-bez-skorki-cale-w-sosie-wlasnym\/","name":"Whole peeled tomatoes in their own sauce - Limpol - Distributor of food products | Import Export","isPartOf":{"@id":"https:\/\/limpol.pl\/#website"},"primaryImageOfPage":{"@id":"https:\/\/limpol.pl\/produkty\/pomidory-bez-skorki-cale-w-sosie-wlasnym\/#primaryimage"},"image":{"@id":"https:\/\/limpol.pl\/produkty\/pomidory-bez-skorki-cale-w-sosie-wlasnym\/#primaryimage"},"thumbnailUrl":"https:\/\/limpol.pl\/wp-content\/uploads\/2019\/03\/pomidory-cale-2500-CIEN.jpg","datePublished":"2019-03-05T16:26:28+00:00","dateModified":"2023-04-05T10:58:28+00:00","breadcrumb":{"@id":"https:\/\/limpol.pl\/produkty\/pomidory-bez-skorki-cale-w-sosie-wlasnym\/#breadcrumb"},"inLanguage":"en-GB","potentialAction":[{"@type":"ReadAction","target":["https:\/\/limpol.pl\/produkty\/pomidory-bez-skorki-cale-w-sosie-wlasnym\/"]}]},{"@type":"ImageObject","inLanguage":"en-GB","@id":"https:\/\/limpol.pl\/produkty\/pomidory-bez-skorki-cale-w-sosie-wlasnym\/#primaryimage","url":"https:\/\/limpol.pl\/wp-content\/uploads\/2019\/03\/pomidory-cale-2500-CIEN.jpg","contentUrl":"https:\/\/limpol.pl\/wp-content\/uploads\/2019\/03\/pomidory-cale-2500-CIEN.jpg","width":1000,"height":1000},{"@type":"BreadcrumbList","@id":"https:\/\/limpol.pl\/produkty\/pomidory-bez-skorki-cale-w-sosie-wlasnym\/#breadcrumb","itemListElement":[{"@type":"ListItem","position":1,"name":"Strona g\u0142\u00f3wna","item":"https:\/\/limpol.pl\/"},{"@type":"ListItem","position":2,"name":"Produkty","item":"https:\/\/limpol.pl\/shop\/"},{"@type":"ListItem","position":3,"name":"Pomidory bez sk\u00f3rki ca\u0142e w sosie w\u0142asnym"}]},{"@type":"WebSite","@id":"https:\/\/limpol.pl\/#website","url":"https:\/\/limpol.pl\/","name":"Limpol - Distributor of food products | Import Export","description":"Importer and exporter of food products","potentialAction":[{"@type":"SearchAction","target":{"@type":"EntryPoint","urlTemplate":"https:\/\/limpol.pl\/?s={search_term_string}"},"query-input":{"@type":"PropertyValueSpecification","valueRequired":true,"valueName":"search_term_string"}}],"inLanguage":"en-GB"}]}},"_links":{"self":[{"href":"https:\/\/limpol.pl\/en\/wp-json\/wp\/v2\/product\/1928","targetHints":{"allow":["GET"]}}],"collection":[{"href":"https:\/\/limpol.pl\/en\/wp-json\/wp\/v2\/product"}],"about":[{"href":"https:\/\/limpol.pl\/en\/wp-json\/wp\/v2\/types\/product"}],"wp:featuredmedia":[{"embeddable":true,"href":"https:\/\/limpol.pl\/en\/wp-json\/wp\/v2\/media\/5554"}],"wp:attachment":[{"href":"https:\/\/limpol.pl\/en\/wp-json\/wp\/v2\/media?parent=1928"}],"wp:term":[{"taxonomy":"product_brand","embeddable":true,"href":"https:\/\/limpol.pl\/en\/wp-json\/wp\/v2\/product_brand?post=1928"},{"taxonomy":"product_cat","embeddable":true,"href":"https:\/\/limpol.pl\/en\/wp-json\/wp\/v2\/product_cat?post=1928"},{"taxonomy":"product_tag","embeddable":true,"href":"https:\/\/limpol.pl\/en\/wp-json\/wp\/v2\/product_tag?post=1928"}],"curies":[{"name":"wp","href":"https:\/\/api.w.org\/{rel}","templated":true}]}}