{"id":1929,"date":"2019-03-05T17:26:28","date_gmt":"2019-03-05T16:26:28","guid":{"rendered":"https:\/\/limpol.pl\/produkty\/pomidory-bez-skorki-cale-w-sosie-wlasnym-2\/"},"modified":"2023-01-25T15:45:12","modified_gmt":"2023-01-25T14:45:12","slug":"whole-peeled-tomatoes-in-own-sauce-2","status":"publish","type":"product","link":"https:\/\/limpol.pl\/en\/products\/whole-peeled-tomatoes-in-own-sauce-2\/","title":{"rendered":"Whole peeled tomatoes in their own sauce"},"content":{"rendered":"<p>Whole peeled tomatoes are a valuable ingredient especially in soups, pizzas and sauces. Tomatoes combined with the right spices will create a unique flavour. These fruits, which ripen in the southern sun of Italy, are an indispensable product in every kitchen. You can take inspiration for their use from the Italians, how about spaghetti based on pelati tomatoes?<\/p>","protected":false},"excerpt":{"rendered":"<p>Whole peeled tomatoes are a valuable ingredient especially in soups, pizzas and sauces. Tomatoes combined with the right spices will create a unique flavour. These fruits, which ripen in the southern sun of Italy, are an indispensable product in every kitchen. You can take inspiration for their use from the Italians, how about spaghetti based on pelati tomatoes?<\/p>","protected":false},"featured_media":5558,"template":"","meta":[],"product_brand":[],"product_cat":[263],"product_tag":[],"class_list":{"0":"post-1929","1":"product","2":"type-product","3":"status-publish","4":"has-post-thumbnail","6":"product_cat-przetwory-warzywne","7":"pa_atrybut-detal-horeca-detal","8":"pa_ilosc-sztuk-na-palecie-93","9":"pa_ilosc-sztuk-na-warstwie-385","10":"pa_masa-netto-400g","11":"pa_masa-po-odsaczeniu-240g","12":"pa_sztuk-w-kartonie-71","14":"first","15":"instock","16":"product-type-simple"},"yoast_head":"<!-- This site is optimized with the Yoast SEO plugin v27.3 - https:\/\/yoast.com\/product\/yoast-seo-wordpress\/ -->\n<title>Pomidory bez sk\u00f3rki ca\u0142e w sosie w\u0142asnym - Limpol - Dystrybutor produkt\u00f3w spo\u017cywczych | Import Eksport<\/title>\n<meta name=\"robots\" content=\"index, follow, max-snippet:-1, max-image-preview:large, max-video-preview:-1\" \/>\n<link rel=\"canonical\" href=\"https:\/\/limpol.pl\/en\/products\/whole-peeled-tomatoes-in-own-sauce-2\/\" \/>\n<meta property=\"og:locale\" content=\"en_GB\" \/>\n<meta property=\"og:type\" content=\"article\" \/>\n<meta property=\"og:title\" content=\"Pomidory bez sk\u00f3rki ca\u0142e w sosie w\u0142asnym - Limpol - Dystrybutor produkt\u00f3w spo\u017cywczych | Import Eksport\" \/>\n<meta property=\"og:description\" content=\"Ca\u0142e pomidory bez sk\u00f3rki to cenny sk\u0142adnik przede wszystkim zup, pizzy i sos\u00f3w. Pomidory w po\u0142\u0105czeniu z odpowiednimi przyprawami stworz\u0105 unikalny smak. Te dojrzewaj\u0105ce w po\u0142udniowym s\u0142o\u0144cu Italii owoce to niezast\u0105piony produkt w ka\u017cdej kuchni. Inspiracje do ich wykorzystania mo\u017cesz czerpa\u0107 od W\u0142och\u00f3w, co powiesz na spaghetti na bazie pomidor\u00f3w pelati?\" \/>\n<meta property=\"og:url\" content=\"https:\/\/limpol.pl\/en\/products\/whole-peeled-tomatoes-in-own-sauce-2\/\" \/>\n<meta property=\"og:site_name\" content=\"Limpol - Dystrybutor produkt\u00f3w spo\u017cywczych | Import Eksport\" \/>\n<meta property=\"article:publisher\" content=\"https:\/\/www.facebook.com\/firmalimpol\/\" \/>\n<meta property=\"article:modified_time\" content=\"2023-01-25T14:45:12+00:00\" \/>\n<meta property=\"og:image\" content=\"https:\/\/limpol.pl\/wp-content\/uploads\/2019\/03\/VERA-2022-wiz-pomidory-cale-b_skorki-400-CIEN.jpg\" \/>\n\t<meta property=\"og:image:width\" content=\"1000\" \/>\n\t<meta property=\"og:image:height\" content=\"1000\" \/>\n\t<meta property=\"og:image:type\" content=\"image\/jpeg\" \/>\n<meta name=\"twitter:card\" content=\"summary_large_image\" \/>\n<meta name=\"twitter:label1\" content=\"Estimated reading time\" \/>\n\t<meta name=\"twitter:data1\" content=\"1 minute\" \/>\n<script type=\"application\/ld+json\" class=\"yoast-schema-graph\">{\"@context\":\"https:\\\/\\\/schema.org\",\"@graph\":[{\"@type\":\"WebPage\",\"@id\":\"https:\\\/\\\/limpol.pl\\\/produkty\\\/pomidory-bez-skorki-cale-w-sosie-wlasnym-2\\\/\",\"url\":\"https:\\\/\\\/limpol.pl\\\/produkty\\\/pomidory-bez-skorki-cale-w-sosie-wlasnym-2\\\/\",\"name\":\"Pomidory bez sk\u00f3rki ca\u0142e w sosie w\u0142asnym - Limpol - Dystrybutor produkt\u00f3w spo\u017cywczych | Import Eksport\",\"isPartOf\":{\"@id\":\"https:\\\/\\\/limpol.pl\\\/#website\"},\"primaryImageOfPage\":{\"@id\":\"https:\\\/\\\/limpol.pl\\\/produkty\\\/pomidory-bez-skorki-cale-w-sosie-wlasnym-2\\\/#primaryimage\"},\"image\":{\"@id\":\"https:\\\/\\\/limpol.pl\\\/produkty\\\/pomidory-bez-skorki-cale-w-sosie-wlasnym-2\\\/#primaryimage\"},\"thumbnailUrl\":\"https:\\\/\\\/limpol.pl\\\/wp-content\\\/uploads\\\/2019\\\/03\\\/VERA-2022-wiz-pomidory-cale-b_skorki-400-CIEN.jpg\",\"datePublished\":\"2019-03-05T16:26:28+00:00\",\"dateModified\":\"2023-01-25T14:45:12+00:00\",\"breadcrumb\":{\"@id\":\"https:\\\/\\\/limpol.pl\\\/produkty\\\/pomidory-bez-skorki-cale-w-sosie-wlasnym-2\\\/#breadcrumb\"},\"inLanguage\":\"en-GB\",\"potentialAction\":[{\"@type\":\"ReadAction\",\"target\":[\"https:\\\/\\\/limpol.pl\\\/produkty\\\/pomidory-bez-skorki-cale-w-sosie-wlasnym-2\\\/\"]}]},{\"@type\":\"ImageObject\",\"inLanguage\":\"en-GB\",\"@id\":\"https:\\\/\\\/limpol.pl\\\/produkty\\\/pomidory-bez-skorki-cale-w-sosie-wlasnym-2\\\/#primaryimage\",\"url\":\"https:\\\/\\\/limpol.pl\\\/wp-content\\\/uploads\\\/2019\\\/03\\\/VERA-2022-wiz-pomidory-cale-b_skorki-400-CIEN.jpg\",\"contentUrl\":\"https:\\\/\\\/limpol.pl\\\/wp-content\\\/uploads\\\/2019\\\/03\\\/VERA-2022-wiz-pomidory-cale-b_skorki-400-CIEN.jpg\",\"width\":1000,\"height\":1000},{\"@type\":\"BreadcrumbList\",\"@id\":\"https:\\\/\\\/limpol.pl\\\/produkty\\\/pomidory-bez-skorki-cale-w-sosie-wlasnym-2\\\/#breadcrumb\",\"itemListElement\":[{\"@type\":\"ListItem\",\"position\":1,\"name\":\"Strona g\u0142\u00f3wna\",\"item\":\"https:\\\/\\\/limpol.pl\\\/\"},{\"@type\":\"ListItem\",\"position\":2,\"name\":\"Produkty\",\"item\":\"https:\\\/\\\/limpol.pl\\\/shop\\\/\"},{\"@type\":\"ListItem\",\"position\":3,\"name\":\"Pomidory bez sk\u00f3rki ca\u0142e w sosie w\u0142asnym\"}]},{\"@type\":\"WebSite\",\"@id\":\"https:\\\/\\\/limpol.pl\\\/#website\",\"url\":\"https:\\\/\\\/limpol.pl\\\/\",\"name\":\"Limpol - Dystrybutor produkt\u00f3w spo\u017cywczych | Import Eksport\",\"description\":\"Importer i eksporter produkt\u00f3w spo\u017cywczych\",\"potentialAction\":[{\"@type\":\"SearchAction\",\"target\":{\"@type\":\"EntryPoint\",\"urlTemplate\":\"https:\\\/\\\/limpol.pl\\\/?s={search_term_string}\"},\"query-input\":{\"@type\":\"PropertyValueSpecification\",\"valueRequired\":true,\"valueName\":\"search_term_string\"}}],\"inLanguage\":\"en-GB\"}]}<\/script>\n<!-- \/ Yoast SEO plugin. -->","yoast_head_json":{"title":"Whole peeled tomatoes in their own sauce - Limpol - Distributor of food products | Import Export","robots":{"index":"index","follow":"follow","max-snippet":"max-snippet:-1","max-image-preview":"max-image-preview:large","max-video-preview":"max-video-preview:-1"},"canonical":"https:\/\/limpol.pl\/en\/products\/whole-peeled-tomatoes-in-own-sauce-2\/","og_locale":"en_GB","og_type":"article","og_title":"Pomidory bez sk\u00f3rki ca\u0142e w sosie w\u0142asnym - Limpol - Dystrybutor produkt\u00f3w spo\u017cywczych | Import Eksport","og_description":"Ca\u0142e pomidory bez sk\u00f3rki to cenny sk\u0142adnik przede wszystkim zup, pizzy i sos\u00f3w. Pomidory w po\u0142\u0105czeniu z odpowiednimi przyprawami stworz\u0105 unikalny smak. Te dojrzewaj\u0105ce w po\u0142udniowym s\u0142o\u0144cu Italii owoce to niezast\u0105piony produkt w ka\u017cdej kuchni. Inspiracje do ich wykorzystania mo\u017cesz czerpa\u0107 od W\u0142och\u00f3w, co powiesz na spaghetti na bazie pomidor\u00f3w pelati?","og_url":"https:\/\/limpol.pl\/en\/products\/whole-peeled-tomatoes-in-own-sauce-2\/","og_site_name":"Limpol - Dystrybutor produkt\u00f3w spo\u017cywczych | Import Eksport","article_publisher":"https:\/\/www.facebook.com\/firmalimpol\/","article_modified_time":"2023-01-25T14:45:12+00:00","og_image":[{"width":1000,"height":1000,"url":"https:\/\/limpol.pl\/wp-content\/uploads\/2019\/03\/VERA-2022-wiz-pomidory-cale-b_skorki-400-CIEN.jpg","type":"image\/jpeg"}],"twitter_card":"summary_large_image","twitter_misc":{"Estimated reading time":"1 minute"},"schema":{"@context":"https:\/\/schema.org","@graph":[{"@type":"WebPage","@id":"https:\/\/limpol.pl\/produkty\/pomidory-bez-skorki-cale-w-sosie-wlasnym-2\/","url":"https:\/\/limpol.pl\/produkty\/pomidory-bez-skorki-cale-w-sosie-wlasnym-2\/","name":"Whole peeled tomatoes in their own sauce - Limpol - Distributor of food products | Import Export","isPartOf":{"@id":"https:\/\/limpol.pl\/#website"},"primaryImageOfPage":{"@id":"https:\/\/limpol.pl\/produkty\/pomidory-bez-skorki-cale-w-sosie-wlasnym-2\/#primaryimage"},"image":{"@id":"https:\/\/limpol.pl\/produkty\/pomidory-bez-skorki-cale-w-sosie-wlasnym-2\/#primaryimage"},"thumbnailUrl":"https:\/\/limpol.pl\/wp-content\/uploads\/2019\/03\/VERA-2022-wiz-pomidory-cale-b_skorki-400-CIEN.jpg","datePublished":"2019-03-05T16:26:28+00:00","dateModified":"2023-01-25T14:45:12+00:00","breadcrumb":{"@id":"https:\/\/limpol.pl\/produkty\/pomidory-bez-skorki-cale-w-sosie-wlasnym-2\/#breadcrumb"},"inLanguage":"en-GB","potentialAction":[{"@type":"ReadAction","target":["https:\/\/limpol.pl\/produkty\/pomidory-bez-skorki-cale-w-sosie-wlasnym-2\/"]}]},{"@type":"ImageObject","inLanguage":"en-GB","@id":"https:\/\/limpol.pl\/produkty\/pomidory-bez-skorki-cale-w-sosie-wlasnym-2\/#primaryimage","url":"https:\/\/limpol.pl\/wp-content\/uploads\/2019\/03\/VERA-2022-wiz-pomidory-cale-b_skorki-400-CIEN.jpg","contentUrl":"https:\/\/limpol.pl\/wp-content\/uploads\/2019\/03\/VERA-2022-wiz-pomidory-cale-b_skorki-400-CIEN.jpg","width":1000,"height":1000},{"@type":"BreadcrumbList","@id":"https:\/\/limpol.pl\/produkty\/pomidory-bez-skorki-cale-w-sosie-wlasnym-2\/#breadcrumb","itemListElement":[{"@type":"ListItem","position":1,"name":"Strona g\u0142\u00f3wna","item":"https:\/\/limpol.pl\/"},{"@type":"ListItem","position":2,"name":"Produkty","item":"https:\/\/limpol.pl\/shop\/"},{"@type":"ListItem","position":3,"name":"Pomidory bez sk\u00f3rki ca\u0142e w sosie w\u0142asnym"}]},{"@type":"WebSite","@id":"https:\/\/limpol.pl\/#website","url":"https:\/\/limpol.pl\/","name":"Limpol - Distributor of food products | Import Export","description":"Importer and exporter of food products","potentialAction":[{"@type":"SearchAction","target":{"@type":"EntryPoint","urlTemplate":"https:\/\/limpol.pl\/?s={search_term_string}"},"query-input":{"@type":"PropertyValueSpecification","valueRequired":true,"valueName":"search_term_string"}}],"inLanguage":"en-GB"}]}},"_links":{"self":[{"href":"https:\/\/limpol.pl\/en\/wp-json\/wp\/v2\/product\/1929","targetHints":{"allow":["GET"]}}],"collection":[{"href":"https:\/\/limpol.pl\/en\/wp-json\/wp\/v2\/product"}],"about":[{"href":"https:\/\/limpol.pl\/en\/wp-json\/wp\/v2\/types\/product"}],"wp:featuredmedia":[{"embeddable":true,"href":"https:\/\/limpol.pl\/en\/wp-json\/wp\/v2\/media\/5558"}],"wp:attachment":[{"href":"https:\/\/limpol.pl\/en\/wp-json\/wp\/v2\/media?parent=1929"}],"wp:term":[{"taxonomy":"product_brand","embeddable":true,"href":"https:\/\/limpol.pl\/en\/wp-json\/wp\/v2\/product_brand?post=1929"},{"taxonomy":"product_cat","embeddable":true,"href":"https:\/\/limpol.pl\/en\/wp-json\/wp\/v2\/product_cat?post=1929"},{"taxonomy":"product_tag","embeddable":true,"href":"https:\/\/limpol.pl\/en\/wp-json\/wp\/v2\/product_tag?post=1929"}],"curies":[{"name":"wp","href":"https:\/\/api.w.org\/{rel}","templated":true}]}}