{"id":1933,"date":"2019-03-05T17:26:53","date_gmt":"2019-03-05T16:26:53","guid":{"rendered":"https:\/\/limpol.pl\/produkty\/pomidory-suszone-na-sloncu-w-oleju\/"},"modified":"2023-01-25T16:53:57","modified_gmt":"2023-01-25T15:53:57","slug":"sun-dried-tomatoes-in-oil","status":"publish","type":"product","link":"https:\/\/limpol.pl\/en\/products\/sun-dried-tomatoes-in-oil\/","title":{"rendered":"Sun-dried tomatoes in oil"},"content":{"rendered":"<p>This is a large portion of sun-dried tomatoes, created for restaurants that serve Italian delicacies. Sun-dried tomatoes are widely used, especially in pizzas and salads. Increasingly, they are being used as an addition to meat and fish tartares, pates and mousses. Many cooks also add them to their dry baked goods - focaccia, grissini, small buns.<\/p>","protected":false},"excerpt":{"rendered":"<p>This is a large portion of sun-dried tomatoes, created for restaurants that serve Italian delicacies. Sun-dried tomatoes are widely used, especially in pizzas and salads. Increasingly, they are being used as an addition to meat and fish tartares, pates and mousses. Many cooks also add them to their dry baked goods - focaccia, grissini, small buns.<\/p>","protected":false},"featured_media":5626,"template":"","meta":[],"product_brand":[],"product_cat":[263],"product_tag":[],"class_list":{"0":"post-1933","1":"product","2":"type-product","3":"status-publish","4":"has-post-thumbnail","6":"product_cat-przetwory-warzywne","7":"pa_atrybut-detal-horeca-horeca","8":"pa_ilosc-sztuk-na-palecie-229","9":"pa_ilosc-sztuk-na-warstwie-392","10":"pa_masa-netto-1600g","11":"pa_masa-po-odsaczeniu-950g","12":"pa_sztuk-w-kartonie-196","14":"first","15":"instock","16":"product-type-simple"},"yoast_head":"<!-- This site is optimized with the Yoast SEO plugin v27.3 - https:\/\/yoast.com\/product\/yoast-seo-wordpress\/ -->\n<title>Pomidory suszone na s\u0142o\u0144cu w oleju - Limpol - Dystrybutor produkt\u00f3w spo\u017cywczych | Import Eksport<\/title>\n<meta name=\"robots\" content=\"index, follow, max-snippet:-1, max-image-preview:large, max-video-preview:-1\" \/>\n<link rel=\"canonical\" href=\"https:\/\/limpol.pl\/en\/products\/sun-dried-tomatoes-in-oil\/\" \/>\n<meta property=\"og:locale\" content=\"en_GB\" \/>\n<meta property=\"og:type\" content=\"article\" \/>\n<meta property=\"og:title\" content=\"Pomidory suszone na s\u0142o\u0144cu w oleju - Limpol - Dystrybutor produkt\u00f3w spo\u017cywczych | Import Eksport\" \/>\n<meta property=\"og:description\" content=\"To du\u017ca porcja suszonych pomidor\u00f3w, stworzona z my\u015bl\u0105 o restauracjach , kt\u00f3re serwuj\u0105 przysmaki kuchni w\u0142oskiej. Suszone pomidory maj\u0105 szerokie zastosowanie przede wszystkim w pizzach, sa\u0142atkach. Coraz cz\u0119\u015bciej wykorzystywane jako dodatek do mi\u0119snych i rybnych tatar\u00f3w, pasztet\u00f3w i mus\u00f3w. Wielu kucharzy dodaje je r\u00f3wnie\u017c do swoich wytrawnych wypiek\u00f3w \u2013 focacci, grissini, drobnych bu\u0142eczek.\" \/>\n<meta property=\"og:url\" content=\"https:\/\/limpol.pl\/en\/products\/sun-dried-tomatoes-in-oil\/\" \/>\n<meta property=\"og:site_name\" content=\"Limpol - Dystrybutor produkt\u00f3w spo\u017cywczych | Import Eksport\" \/>\n<meta property=\"article:publisher\" content=\"https:\/\/www.facebook.com\/firmalimpol\/\" \/>\n<meta property=\"article:modified_time\" content=\"2023-01-25T15:53:57+00:00\" \/>\n<meta property=\"og:image\" content=\"https:\/\/limpol.pl\/wp-content\/uploads\/2019\/03\/VERA-2022-wiz-pomidory-suszone-skoik-1600-CIEN.jpg\" \/>\n\t<meta property=\"og:image:width\" content=\"1000\" \/>\n\t<meta property=\"og:image:height\" content=\"1000\" \/>\n\t<meta property=\"og:image:type\" content=\"image\/jpeg\" \/>\n<meta name=\"twitter:card\" content=\"summary_large_image\" \/>\n<meta name=\"twitter:label1\" content=\"Estimated reading time\" \/>\n\t<meta name=\"twitter:data1\" content=\"1 minute\" \/>\n<script type=\"application\/ld+json\" class=\"yoast-schema-graph\">{\"@context\":\"https:\\\/\\\/schema.org\",\"@graph\":[{\"@type\":\"WebPage\",\"@id\":\"https:\\\/\\\/limpol.pl\\\/produkty\\\/pomidory-suszone-na-sloncu-w-oleju\\\/\",\"url\":\"https:\\\/\\\/limpol.pl\\\/produkty\\\/pomidory-suszone-na-sloncu-w-oleju\\\/\",\"name\":\"Pomidory suszone na s\u0142o\u0144cu w oleju - Limpol - Dystrybutor produkt\u00f3w spo\u017cywczych | Import Eksport\",\"isPartOf\":{\"@id\":\"https:\\\/\\\/limpol.pl\\\/#website\"},\"primaryImageOfPage\":{\"@id\":\"https:\\\/\\\/limpol.pl\\\/produkty\\\/pomidory-suszone-na-sloncu-w-oleju\\\/#primaryimage\"},\"image\":{\"@id\":\"https:\\\/\\\/limpol.pl\\\/produkty\\\/pomidory-suszone-na-sloncu-w-oleju\\\/#primaryimage\"},\"thumbnailUrl\":\"https:\\\/\\\/limpol.pl\\\/wp-content\\\/uploads\\\/2019\\\/03\\\/VERA-2022-wiz-pomidory-suszone-skoik-1600-CIEN.jpg\",\"datePublished\":\"2019-03-05T16:26:53+00:00\",\"dateModified\":\"2023-01-25T15:53:57+00:00\",\"breadcrumb\":{\"@id\":\"https:\\\/\\\/limpol.pl\\\/produkty\\\/pomidory-suszone-na-sloncu-w-oleju\\\/#breadcrumb\"},\"inLanguage\":\"en-GB\",\"potentialAction\":[{\"@type\":\"ReadAction\",\"target\":[\"https:\\\/\\\/limpol.pl\\\/produkty\\\/pomidory-suszone-na-sloncu-w-oleju\\\/\"]}]},{\"@type\":\"ImageObject\",\"inLanguage\":\"en-GB\",\"@id\":\"https:\\\/\\\/limpol.pl\\\/produkty\\\/pomidory-suszone-na-sloncu-w-oleju\\\/#primaryimage\",\"url\":\"https:\\\/\\\/limpol.pl\\\/wp-content\\\/uploads\\\/2019\\\/03\\\/VERA-2022-wiz-pomidory-suszone-skoik-1600-CIEN.jpg\",\"contentUrl\":\"https:\\\/\\\/limpol.pl\\\/wp-content\\\/uploads\\\/2019\\\/03\\\/VERA-2022-wiz-pomidory-suszone-skoik-1600-CIEN.jpg\",\"width\":1000,\"height\":1000},{\"@type\":\"BreadcrumbList\",\"@id\":\"https:\\\/\\\/limpol.pl\\\/produkty\\\/pomidory-suszone-na-sloncu-w-oleju\\\/#breadcrumb\",\"itemListElement\":[{\"@type\":\"ListItem\",\"position\":1,\"name\":\"Strona g\u0142\u00f3wna\",\"item\":\"https:\\\/\\\/limpol.pl\\\/\"},{\"@type\":\"ListItem\",\"position\":2,\"name\":\"Produkty\",\"item\":\"https:\\\/\\\/limpol.pl\\\/shop\\\/\"},{\"@type\":\"ListItem\",\"position\":3,\"name\":\"Pomidory suszone na s\u0142o\u0144cu w oleju\"}]},{\"@type\":\"WebSite\",\"@id\":\"https:\\\/\\\/limpol.pl\\\/#website\",\"url\":\"https:\\\/\\\/limpol.pl\\\/\",\"name\":\"Limpol - Dystrybutor produkt\u00f3w spo\u017cywczych | Import Eksport\",\"description\":\"Importer i eksporter produkt\u00f3w spo\u017cywczych\",\"potentialAction\":[{\"@type\":\"SearchAction\",\"target\":{\"@type\":\"EntryPoint\",\"urlTemplate\":\"https:\\\/\\\/limpol.pl\\\/?s={search_term_string}\"},\"query-input\":{\"@type\":\"PropertyValueSpecification\",\"valueRequired\":true,\"valueName\":\"search_term_string\"}}],\"inLanguage\":\"en-GB\"}]}<\/script>\n<!-- \/ Yoast SEO plugin. -->","yoast_head_json":{"title":"Sun-dried tomatoes in oil - Limpol - Distributor of food products | Import Export","robots":{"index":"index","follow":"follow","max-snippet":"max-snippet:-1","max-image-preview":"max-image-preview:large","max-video-preview":"max-video-preview:-1"},"canonical":"https:\/\/limpol.pl\/en\/products\/sun-dried-tomatoes-in-oil\/","og_locale":"en_GB","og_type":"article","og_title":"Pomidory suszone na s\u0142o\u0144cu w oleju - Limpol - Dystrybutor produkt\u00f3w spo\u017cywczych | Import Eksport","og_description":"To du\u017ca porcja suszonych pomidor\u00f3w, stworzona z my\u015bl\u0105 o restauracjach , kt\u00f3re serwuj\u0105 przysmaki kuchni w\u0142oskiej. Suszone pomidory maj\u0105 szerokie zastosowanie przede wszystkim w pizzach, sa\u0142atkach. Coraz cz\u0119\u015bciej wykorzystywane jako dodatek do mi\u0119snych i rybnych tatar\u00f3w, pasztet\u00f3w i mus\u00f3w. Wielu kucharzy dodaje je r\u00f3wnie\u017c do swoich wytrawnych wypiek\u00f3w \u2013 focacci, grissini, drobnych bu\u0142eczek.","og_url":"https:\/\/limpol.pl\/en\/products\/sun-dried-tomatoes-in-oil\/","og_site_name":"Limpol - Dystrybutor produkt\u00f3w spo\u017cywczych | Import Eksport","article_publisher":"https:\/\/www.facebook.com\/firmalimpol\/","article_modified_time":"2023-01-25T15:53:57+00:00","og_image":[{"width":1000,"height":1000,"url":"https:\/\/limpol.pl\/wp-content\/uploads\/2019\/03\/VERA-2022-wiz-pomidory-suszone-skoik-1600-CIEN.jpg","type":"image\/jpeg"}],"twitter_card":"summary_large_image","twitter_misc":{"Estimated reading time":"1 minute"},"schema":{"@context":"https:\/\/schema.org","@graph":[{"@type":"WebPage","@id":"https:\/\/limpol.pl\/produkty\/pomidory-suszone-na-sloncu-w-oleju\/","url":"https:\/\/limpol.pl\/produkty\/pomidory-suszone-na-sloncu-w-oleju\/","name":"Sun-dried tomatoes in oil - Limpol - Distributor of food products | Import Export","isPartOf":{"@id":"https:\/\/limpol.pl\/#website"},"primaryImageOfPage":{"@id":"https:\/\/limpol.pl\/produkty\/pomidory-suszone-na-sloncu-w-oleju\/#primaryimage"},"image":{"@id":"https:\/\/limpol.pl\/produkty\/pomidory-suszone-na-sloncu-w-oleju\/#primaryimage"},"thumbnailUrl":"https:\/\/limpol.pl\/wp-content\/uploads\/2019\/03\/VERA-2022-wiz-pomidory-suszone-skoik-1600-CIEN.jpg","datePublished":"2019-03-05T16:26:53+00:00","dateModified":"2023-01-25T15:53:57+00:00","breadcrumb":{"@id":"https:\/\/limpol.pl\/produkty\/pomidory-suszone-na-sloncu-w-oleju\/#breadcrumb"},"inLanguage":"en-GB","potentialAction":[{"@type":"ReadAction","target":["https:\/\/limpol.pl\/produkty\/pomidory-suszone-na-sloncu-w-oleju\/"]}]},{"@type":"ImageObject","inLanguage":"en-GB","@id":"https:\/\/limpol.pl\/produkty\/pomidory-suszone-na-sloncu-w-oleju\/#primaryimage","url":"https:\/\/limpol.pl\/wp-content\/uploads\/2019\/03\/VERA-2022-wiz-pomidory-suszone-skoik-1600-CIEN.jpg","contentUrl":"https:\/\/limpol.pl\/wp-content\/uploads\/2019\/03\/VERA-2022-wiz-pomidory-suszone-skoik-1600-CIEN.jpg","width":1000,"height":1000},{"@type":"BreadcrumbList","@id":"https:\/\/limpol.pl\/produkty\/pomidory-suszone-na-sloncu-w-oleju\/#breadcrumb","itemListElement":[{"@type":"ListItem","position":1,"name":"Strona g\u0142\u00f3wna","item":"https:\/\/limpol.pl\/"},{"@type":"ListItem","position":2,"name":"Produkty","item":"https:\/\/limpol.pl\/shop\/"},{"@type":"ListItem","position":3,"name":"Pomidory suszone na s\u0142o\u0144cu w oleju"}]},{"@type":"WebSite","@id":"https:\/\/limpol.pl\/#website","url":"https:\/\/limpol.pl\/","name":"Limpol - Distributor of food products | Import Export","description":"Importer and exporter of food products","potentialAction":[{"@type":"SearchAction","target":{"@type":"EntryPoint","urlTemplate":"https:\/\/limpol.pl\/?s={search_term_string}"},"query-input":{"@type":"PropertyValueSpecification","valueRequired":true,"valueName":"search_term_string"}}],"inLanguage":"en-GB"}]}},"_links":{"self":[{"href":"https:\/\/limpol.pl\/en\/wp-json\/wp\/v2\/product\/1933","targetHints":{"allow":["GET"]}}],"collection":[{"href":"https:\/\/limpol.pl\/en\/wp-json\/wp\/v2\/product"}],"about":[{"href":"https:\/\/limpol.pl\/en\/wp-json\/wp\/v2\/types\/product"}],"wp:featuredmedia":[{"embeddable":true,"href":"https:\/\/limpol.pl\/en\/wp-json\/wp\/v2\/media\/5626"}],"wp:attachment":[{"href":"https:\/\/limpol.pl\/en\/wp-json\/wp\/v2\/media?parent=1933"}],"wp:term":[{"taxonomy":"product_brand","embeddable":true,"href":"https:\/\/limpol.pl\/en\/wp-json\/wp\/v2\/product_brand?post=1933"},{"taxonomy":"product_cat","embeddable":true,"href":"https:\/\/limpol.pl\/en\/wp-json\/wp\/v2\/product_cat?post=1933"},{"taxonomy":"product_tag","embeddable":true,"href":"https:\/\/limpol.pl\/en\/wp-json\/wp\/v2\/product_tag?post=1933"}],"curies":[{"name":"wp","href":"https:\/\/api.w.org\/{rel}","templated":true}]}}