{"id":1935,"date":"2019-03-05T17:26:53","date_gmt":"2019-03-05T16:26:53","guid":{"rendered":"https:\/\/limpol.pl\/produkty\/pomidory-suszone-na-sloncu-w-oleju-3\/"},"modified":"2023-01-25T15:56:22","modified_gmt":"2023-01-25T14:56:22","slug":"sun-dried-tomatoes-in-oil-3","status":"publish","type":"product","link":"https:\/\/limpol.pl\/en\/products\/sun-dried-tomatoes-in-oil-3\/","title":{"rendered":"Sun-dried tomatoes in oil"},"content":{"rendered":"<p>Dried tomatoes in oil are complemented by an ideal composition of Mediterranean spices. Thanks to their storage in oil, they are soft and juicy, smelling of the summer of the south. They can be a snack on their own, but also an aromatic addition to salads, pizzas, pasta and dry bread. They can also be used as an ingredient in meat and fish tartares and vegetable pastes - hummus and bean pates.<\/p>","protected":false},"excerpt":{"rendered":"<p>Dried tomatoes in oil are complemented by an ideal composition of Mediterranean spices. Thanks to their storage in oil, they are soft and juicy, smelling of the summer of the south. They can be a snack on their own, but also an aromatic addition to salads, pizzas, pasta and dry bread. They can also be used as an ingredient in meat and fish tartares and vegetable pastes - hummus and bean pates.<\/p>","protected":false},"featured_media":5574,"template":"","meta":[],"product_brand":[],"product_cat":[263],"product_tag":[],"class_list":{"0":"post-1935","1":"product","2":"type-product","3":"status-publish","4":"has-post-thumbnail","6":"product_cat-przetwory-warzywne","7":"pa_atrybut-detal-horeca-detal","8":"pa_ilosc-sztuk-na-palecie-164","9":"pa_ilosc-sztuk-na-warstwie-393","10":"pa_masa-netto-290g","11":"pa_masa-po-odsaczeniu-165g","12":"pa_sztuk-w-kartonie-79","14":"first","15":"instock","16":"product-type-simple"},"yoast_head":"<!-- This site is optimized with the Yoast SEO plugin v27.3 - https:\/\/yoast.com\/product\/yoast-seo-wordpress\/ -->\n<title>Pomidory suszone na s\u0142o\u0144cu w oleju - Limpol - Dystrybutor produkt\u00f3w spo\u017cywczych | Import Eksport<\/title>\n<meta name=\"robots\" content=\"index, follow, max-snippet:-1, max-image-preview:large, max-video-preview:-1\" \/>\n<link rel=\"canonical\" href=\"https:\/\/limpol.pl\/en\/products\/sun-dried-tomatoes-in-oil-3\/\" \/>\n<meta property=\"og:locale\" content=\"en_GB\" \/>\n<meta property=\"og:type\" content=\"article\" \/>\n<meta property=\"og:title\" content=\"Pomidory suszone na s\u0142o\u0144cu w oleju - Limpol - Dystrybutor produkt\u00f3w spo\u017cywczych | Import Eksport\" \/>\n<meta property=\"og:description\" content=\"Suszone pomidory w oleju uzupe\u0142nia idealna kompozycja \u015br\u00f3dziemnomorskich przypraw. Dzi\u0119ki przechowywaniu w oleju s\u0105 mi\u0119kkie i soczyste, pachn\u0105ce latem po\u0142udnia. Mog\u0105 by\u0107 samodzieln\u0105 przek\u0105sk\u0105 ale tak\u017ce aromatycznym dodatkiem do sa\u0142atek, pizzy , makaron\u00f3w, wytrawnego pieczywa. Do wykorzystania r\u00f3wnie\u017c jako sk\u0142adnik mi\u0119snych i rybnych tatar\u00f3w oraz warzywnych past \u2013 hummus\u00f3w i pasztet\u00f3w z fasoli.\" \/>\n<meta property=\"og:url\" content=\"https:\/\/limpol.pl\/en\/products\/sun-dried-tomatoes-in-oil-3\/\" \/>\n<meta property=\"og:site_name\" content=\"Limpol - Dystrybutor produkt\u00f3w spo\u017cywczych | Import Eksport\" \/>\n<meta property=\"article:publisher\" content=\"https:\/\/www.facebook.com\/firmalimpol\/\" \/>\n<meta property=\"article:modified_time\" content=\"2023-01-25T14:56:22+00:00\" \/>\n<meta property=\"og:image\" content=\"https:\/\/limpol.pl\/wp-content\/uploads\/2019\/03\/pomiodory-suszone-olej-290-CIEN.jpg\" \/>\n\t<meta property=\"og:image:width\" content=\"1000\" \/>\n\t<meta property=\"og:image:height\" content=\"1000\" \/>\n\t<meta property=\"og:image:type\" content=\"image\/jpeg\" \/>\n<meta name=\"twitter:card\" content=\"summary_large_image\" \/>\n<meta name=\"twitter:label1\" content=\"Estimated reading time\" \/>\n\t<meta name=\"twitter:data1\" content=\"1 minute\" \/>\n<script type=\"application\/ld+json\" class=\"yoast-schema-graph\">{\"@context\":\"https:\\\/\\\/schema.org\",\"@graph\":[{\"@type\":\"WebPage\",\"@id\":\"https:\\\/\\\/limpol.pl\\\/produkty\\\/pomidory-suszone-na-sloncu-w-oleju-3\\\/\",\"url\":\"https:\\\/\\\/limpol.pl\\\/produkty\\\/pomidory-suszone-na-sloncu-w-oleju-3\\\/\",\"name\":\"Pomidory suszone na s\u0142o\u0144cu w oleju - Limpol - Dystrybutor produkt\u00f3w spo\u017cywczych | Import Eksport\",\"isPartOf\":{\"@id\":\"https:\\\/\\\/limpol.pl\\\/#website\"},\"primaryImageOfPage\":{\"@id\":\"https:\\\/\\\/limpol.pl\\\/produkty\\\/pomidory-suszone-na-sloncu-w-oleju-3\\\/#primaryimage\"},\"image\":{\"@id\":\"https:\\\/\\\/limpol.pl\\\/produkty\\\/pomidory-suszone-na-sloncu-w-oleju-3\\\/#primaryimage\"},\"thumbnailUrl\":\"https:\\\/\\\/limpol.pl\\\/wp-content\\\/uploads\\\/2019\\\/03\\\/pomiodory-suszone-olej-290-CIEN.jpg\",\"datePublished\":\"2019-03-05T16:26:53+00:00\",\"dateModified\":\"2023-01-25T14:56:22+00:00\",\"breadcrumb\":{\"@id\":\"https:\\\/\\\/limpol.pl\\\/produkty\\\/pomidory-suszone-na-sloncu-w-oleju-3\\\/#breadcrumb\"},\"inLanguage\":\"en-GB\",\"potentialAction\":[{\"@type\":\"ReadAction\",\"target\":[\"https:\\\/\\\/limpol.pl\\\/produkty\\\/pomidory-suszone-na-sloncu-w-oleju-3\\\/\"]}]},{\"@type\":\"ImageObject\",\"inLanguage\":\"en-GB\",\"@id\":\"https:\\\/\\\/limpol.pl\\\/produkty\\\/pomidory-suszone-na-sloncu-w-oleju-3\\\/#primaryimage\",\"url\":\"https:\\\/\\\/limpol.pl\\\/wp-content\\\/uploads\\\/2019\\\/03\\\/pomiodory-suszone-olej-290-CIEN.jpg\",\"contentUrl\":\"https:\\\/\\\/limpol.pl\\\/wp-content\\\/uploads\\\/2019\\\/03\\\/pomiodory-suszone-olej-290-CIEN.jpg\",\"width\":1000,\"height\":1000},{\"@type\":\"BreadcrumbList\",\"@id\":\"https:\\\/\\\/limpol.pl\\\/produkty\\\/pomidory-suszone-na-sloncu-w-oleju-3\\\/#breadcrumb\",\"itemListElement\":[{\"@type\":\"ListItem\",\"position\":1,\"name\":\"Strona g\u0142\u00f3wna\",\"item\":\"https:\\\/\\\/limpol.pl\\\/\"},{\"@type\":\"ListItem\",\"position\":2,\"name\":\"Produkty\",\"item\":\"https:\\\/\\\/limpol.pl\\\/shop\\\/\"},{\"@type\":\"ListItem\",\"position\":3,\"name\":\"Pomidory suszone na s\u0142o\u0144cu w oleju\"}]},{\"@type\":\"WebSite\",\"@id\":\"https:\\\/\\\/limpol.pl\\\/#website\",\"url\":\"https:\\\/\\\/limpol.pl\\\/\",\"name\":\"Limpol - Dystrybutor produkt\u00f3w spo\u017cywczych | Import Eksport\",\"description\":\"Importer i eksporter produkt\u00f3w spo\u017cywczych\",\"potentialAction\":[{\"@type\":\"SearchAction\",\"target\":{\"@type\":\"EntryPoint\",\"urlTemplate\":\"https:\\\/\\\/limpol.pl\\\/?s={search_term_string}\"},\"query-input\":{\"@type\":\"PropertyValueSpecification\",\"valueRequired\":true,\"valueName\":\"search_term_string\"}}],\"inLanguage\":\"en-GB\"}]}<\/script>\n<!-- \/ Yoast SEO plugin. -->","yoast_head_json":{"title":"Sun-dried tomatoes in oil - Limpol - Distributor of food products | Import Export","robots":{"index":"index","follow":"follow","max-snippet":"max-snippet:-1","max-image-preview":"max-image-preview:large","max-video-preview":"max-video-preview:-1"},"canonical":"https:\/\/limpol.pl\/en\/products\/sun-dried-tomatoes-in-oil-3\/","og_locale":"en_GB","og_type":"article","og_title":"Pomidory suszone na s\u0142o\u0144cu w oleju - Limpol - Dystrybutor produkt\u00f3w spo\u017cywczych | Import Eksport","og_description":"Suszone pomidory w oleju uzupe\u0142nia idealna kompozycja \u015br\u00f3dziemnomorskich przypraw. Dzi\u0119ki przechowywaniu w oleju s\u0105 mi\u0119kkie i soczyste, pachn\u0105ce latem po\u0142udnia. Mog\u0105 by\u0107 samodzieln\u0105 przek\u0105sk\u0105 ale tak\u017ce aromatycznym dodatkiem do sa\u0142atek, pizzy , makaron\u00f3w, wytrawnego pieczywa. Do wykorzystania r\u00f3wnie\u017c jako sk\u0142adnik mi\u0119snych i rybnych tatar\u00f3w oraz warzywnych past \u2013 hummus\u00f3w i pasztet\u00f3w z fasoli.","og_url":"https:\/\/limpol.pl\/en\/products\/sun-dried-tomatoes-in-oil-3\/","og_site_name":"Limpol - Dystrybutor produkt\u00f3w spo\u017cywczych | Import Eksport","article_publisher":"https:\/\/www.facebook.com\/firmalimpol\/","article_modified_time":"2023-01-25T14:56:22+00:00","og_image":[{"width":1000,"height":1000,"url":"https:\/\/limpol.pl\/wp-content\/uploads\/2019\/03\/pomiodory-suszone-olej-290-CIEN.jpg","type":"image\/jpeg"}],"twitter_card":"summary_large_image","twitter_misc":{"Estimated reading time":"1 minute"},"schema":{"@context":"https:\/\/schema.org","@graph":[{"@type":"WebPage","@id":"https:\/\/limpol.pl\/produkty\/pomidory-suszone-na-sloncu-w-oleju-3\/","url":"https:\/\/limpol.pl\/produkty\/pomidory-suszone-na-sloncu-w-oleju-3\/","name":"Sun-dried tomatoes in oil - Limpol - Distributor of food products | Import Export","isPartOf":{"@id":"https:\/\/limpol.pl\/#website"},"primaryImageOfPage":{"@id":"https:\/\/limpol.pl\/produkty\/pomidory-suszone-na-sloncu-w-oleju-3\/#primaryimage"},"image":{"@id":"https:\/\/limpol.pl\/produkty\/pomidory-suszone-na-sloncu-w-oleju-3\/#primaryimage"},"thumbnailUrl":"https:\/\/limpol.pl\/wp-content\/uploads\/2019\/03\/pomiodory-suszone-olej-290-CIEN.jpg","datePublished":"2019-03-05T16:26:53+00:00","dateModified":"2023-01-25T14:56:22+00:00","breadcrumb":{"@id":"https:\/\/limpol.pl\/produkty\/pomidory-suszone-na-sloncu-w-oleju-3\/#breadcrumb"},"inLanguage":"en-GB","potentialAction":[{"@type":"ReadAction","target":["https:\/\/limpol.pl\/produkty\/pomidory-suszone-na-sloncu-w-oleju-3\/"]}]},{"@type":"ImageObject","inLanguage":"en-GB","@id":"https:\/\/limpol.pl\/produkty\/pomidory-suszone-na-sloncu-w-oleju-3\/#primaryimage","url":"https:\/\/limpol.pl\/wp-content\/uploads\/2019\/03\/pomiodory-suszone-olej-290-CIEN.jpg","contentUrl":"https:\/\/limpol.pl\/wp-content\/uploads\/2019\/03\/pomiodory-suszone-olej-290-CIEN.jpg","width":1000,"height":1000},{"@type":"BreadcrumbList","@id":"https:\/\/limpol.pl\/produkty\/pomidory-suszone-na-sloncu-w-oleju-3\/#breadcrumb","itemListElement":[{"@type":"ListItem","position":1,"name":"Strona g\u0142\u00f3wna","item":"https:\/\/limpol.pl\/"},{"@type":"ListItem","position":2,"name":"Produkty","item":"https:\/\/limpol.pl\/shop\/"},{"@type":"ListItem","position":3,"name":"Pomidory suszone na s\u0142o\u0144cu w oleju"}]},{"@type":"WebSite","@id":"https:\/\/limpol.pl\/#website","url":"https:\/\/limpol.pl\/","name":"Limpol - Distributor of food products | Import Export","description":"Importer and exporter of food products","potentialAction":[{"@type":"SearchAction","target":{"@type":"EntryPoint","urlTemplate":"https:\/\/limpol.pl\/?s={search_term_string}"},"query-input":{"@type":"PropertyValueSpecification","valueRequired":true,"valueName":"search_term_string"}}],"inLanguage":"en-GB"}]}},"_links":{"self":[{"href":"https:\/\/limpol.pl\/en\/wp-json\/wp\/v2\/product\/1935","targetHints":{"allow":["GET"]}}],"collection":[{"href":"https:\/\/limpol.pl\/en\/wp-json\/wp\/v2\/product"}],"about":[{"href":"https:\/\/limpol.pl\/en\/wp-json\/wp\/v2\/types\/product"}],"wp:featuredmedia":[{"embeddable":true,"href":"https:\/\/limpol.pl\/en\/wp-json\/wp\/v2\/media\/5574"}],"wp:attachment":[{"href":"https:\/\/limpol.pl\/en\/wp-json\/wp\/v2\/media?parent=1935"}],"wp:term":[{"taxonomy":"product_brand","embeddable":true,"href":"https:\/\/limpol.pl\/en\/wp-json\/wp\/v2\/product_brand?post=1935"},{"taxonomy":"product_cat","embeddable":true,"href":"https:\/\/limpol.pl\/en\/wp-json\/wp\/v2\/product_cat?post=1935"},{"taxonomy":"product_tag","embeddable":true,"href":"https:\/\/limpol.pl\/en\/wp-json\/wp\/v2\/product_tag?post=1935"}],"curies":[{"name":"wp","href":"https:\/\/api.w.org\/{rel}","templated":true}]}}