{"id":1947,"date":"2019-03-05T17:26:53","date_gmt":"2019-03-05T16:26:53","guid":{"rendered":"https:\/\/limpol.pl\/produkty\/sos-do-pizzy\/"},"modified":"2023-04-05T12:58:25","modified_gmt":"2023-04-05T10:58:25","slug":"pizza-sauce","status":"publish","type":"product","link":"https:\/\/limpol.pl\/en\/products\/pizza-sauce\/","title":{"rendered":"Pizza sauce"},"content":{"rendered":"<p>Ready-to-use, high-quality, thick tomato sauce. Invaluable in pizzerias and restaurants, convenient due to the large volume of the can. Crisp and fragrant, indispensable in kitchens with an Italian flair. If you want to serve your guests a perfect pizza, use our aromatic sauce!<\/p>","protected":false},"excerpt":{"rendered":"<p>Ready-to-use, high-quality, thick tomato sauce. Invaluable in pizzerias and restaurants, convenient due to the large volume of the can. Crisp and fragrant, indispensable in kitchens with an Italian flair. If you want to serve your guests a perfect pizza, use our aromatic sauce!<\/p>","protected":false},"featured_media":5618,"template":"","meta":[],"product_brand":[],"product_cat":[845,299],"product_tag":[],"class_list":{"0":"post-1947","1":"product","2":"type-product","3":"status-publish","4":"has-post-thumbnail","6":"product_cat-dla-pizzerii-i-trattorii","7":"product_cat-przetwory-pomidorowe","8":"pa_atrybut-detal-horeca-horeca","9":"pa_ilosc-sztuk-na-palecie-220","10":"pa_ilosc-sztuk-na-warstwie-370","11":"pa_masa-netto-4100g","12":"pa_sztuk-w-kartonie-196","14":"first","15":"instock","16":"product-type-simple"},"yoast_head":"<!-- This site is optimized with the Yoast SEO plugin v27.3 - https:\/\/yoast.com\/product\/yoast-seo-wordpress\/ -->\n<title>Sos do Pizzy - Limpol - Dystrybutor produkt\u00f3w spo\u017cywczych | Import Eksport<\/title>\n<meta name=\"robots\" content=\"index, follow, max-snippet:-1, max-image-preview:large, max-video-preview:-1\" \/>\n<link rel=\"canonical\" href=\"https:\/\/limpol.pl\/en\/products\/pizza-sauce\/\" \/>\n<meta property=\"og:locale\" content=\"en_GB\" \/>\n<meta property=\"og:type\" content=\"article\" \/>\n<meta property=\"og:title\" content=\"Sos do Pizzy - Limpol - Dystrybutor produkt\u00f3w spo\u017cywczych | Import Eksport\" \/>\n<meta property=\"og:description\" content=\"Gotowy do zastosowania, wysokiej jako\u015bci, g\u0119sty pomidorowy sos. Nieoceniony w pizzeriach i restauracjach, wygodny ze wzgl\u0119du na du\u017c\u0105 obj\u0119to\u015b\u0107 puszki. Wyrazisty i pachn\u0105c, nieodzowny w kuchniach o w\u0142oskich klimatach. Je\u015bli chcesz podawa\u0107 swoim go\u015bciom doskona\u0142\u0105 pizz\u0119 korzystaj z naszego aromatycznego sosu!\" \/>\n<meta property=\"og:url\" content=\"https:\/\/limpol.pl\/en\/products\/pizza-sauce\/\" \/>\n<meta property=\"og:site_name\" content=\"Limpol - Dystrybutor produkt\u00f3w spo\u017cywczych | Import Eksport\" \/>\n<meta property=\"article:publisher\" content=\"https:\/\/www.facebook.com\/firmalimpol\/\" \/>\n<meta property=\"article:modified_time\" content=\"2023-04-05T10:58:25+00:00\" \/>\n<meta property=\"og:image\" content=\"https:\/\/limpol.pl\/wp-content\/uploads\/2019\/03\/sos-do-pizzy-4100-CIEN.jpg\" \/>\n\t<meta property=\"og:image:width\" content=\"1000\" \/>\n\t<meta property=\"og:image:height\" content=\"1000\" \/>\n\t<meta property=\"og:image:type\" content=\"image\/jpeg\" \/>\n<meta name=\"twitter:card\" content=\"summary_large_image\" \/>\n<meta name=\"twitter:label1\" content=\"Estimated reading time\" \/>\n\t<meta name=\"twitter:data1\" content=\"1 minute\" \/>\n<script type=\"application\/ld+json\" class=\"yoast-schema-graph\">{\"@context\":\"https:\\\/\\\/schema.org\",\"@graph\":[{\"@type\":\"WebPage\",\"@id\":\"https:\\\/\\\/limpol.pl\\\/produkty\\\/sos-do-pizzy\\\/\",\"url\":\"https:\\\/\\\/limpol.pl\\\/produkty\\\/sos-do-pizzy\\\/\",\"name\":\"Sos do Pizzy - Limpol - Dystrybutor produkt\u00f3w spo\u017cywczych | Import Eksport\",\"isPartOf\":{\"@id\":\"https:\\\/\\\/limpol.pl\\\/#website\"},\"primaryImageOfPage\":{\"@id\":\"https:\\\/\\\/limpol.pl\\\/produkty\\\/sos-do-pizzy\\\/#primaryimage\"},\"image\":{\"@id\":\"https:\\\/\\\/limpol.pl\\\/produkty\\\/sos-do-pizzy\\\/#primaryimage\"},\"thumbnailUrl\":\"https:\\\/\\\/limpol.pl\\\/wp-content\\\/uploads\\\/2019\\\/03\\\/sos-do-pizzy-4100-CIEN.jpg\",\"datePublished\":\"2019-03-05T16:26:53+00:00\",\"dateModified\":\"2023-04-05T10:58:25+00:00\",\"breadcrumb\":{\"@id\":\"https:\\\/\\\/limpol.pl\\\/produkty\\\/sos-do-pizzy\\\/#breadcrumb\"},\"inLanguage\":\"en-GB\",\"potentialAction\":[{\"@type\":\"ReadAction\",\"target\":[\"https:\\\/\\\/limpol.pl\\\/produkty\\\/sos-do-pizzy\\\/\"]}]},{\"@type\":\"ImageObject\",\"inLanguage\":\"en-GB\",\"@id\":\"https:\\\/\\\/limpol.pl\\\/produkty\\\/sos-do-pizzy\\\/#primaryimage\",\"url\":\"https:\\\/\\\/limpol.pl\\\/wp-content\\\/uploads\\\/2019\\\/03\\\/sos-do-pizzy-4100-CIEN.jpg\",\"contentUrl\":\"https:\\\/\\\/limpol.pl\\\/wp-content\\\/uploads\\\/2019\\\/03\\\/sos-do-pizzy-4100-CIEN.jpg\",\"width\":1000,\"height\":1000},{\"@type\":\"BreadcrumbList\",\"@id\":\"https:\\\/\\\/limpol.pl\\\/produkty\\\/sos-do-pizzy\\\/#breadcrumb\",\"itemListElement\":[{\"@type\":\"ListItem\",\"position\":1,\"name\":\"Strona g\u0142\u00f3wna\",\"item\":\"https:\\\/\\\/limpol.pl\\\/\"},{\"@type\":\"ListItem\",\"position\":2,\"name\":\"Produkty\",\"item\":\"https:\\\/\\\/limpol.pl\\\/shop\\\/\"},{\"@type\":\"ListItem\",\"position\":3,\"name\":\"Sos do Pizzy\"}]},{\"@type\":\"WebSite\",\"@id\":\"https:\\\/\\\/limpol.pl\\\/#website\",\"url\":\"https:\\\/\\\/limpol.pl\\\/\",\"name\":\"Limpol - Dystrybutor produkt\u00f3w spo\u017cywczych | Import Eksport\",\"description\":\"Importer i eksporter produkt\u00f3w spo\u017cywczych\",\"potentialAction\":[{\"@type\":\"SearchAction\",\"target\":{\"@type\":\"EntryPoint\",\"urlTemplate\":\"https:\\\/\\\/limpol.pl\\\/?s={search_term_string}\"},\"query-input\":{\"@type\":\"PropertyValueSpecification\",\"valueRequired\":true,\"valueName\":\"search_term_string\"}}],\"inLanguage\":\"en-GB\"}]}<\/script>\n<!-- \/ Yoast SEO plugin. -->","yoast_head_json":{"title":"Pizza sauce - Limpol - Distributor of food products | Import Export","robots":{"index":"index","follow":"follow","max-snippet":"max-snippet:-1","max-image-preview":"max-image-preview:large","max-video-preview":"max-video-preview:-1"},"canonical":"https:\/\/limpol.pl\/en\/products\/pizza-sauce\/","og_locale":"en_GB","og_type":"article","og_title":"Sos do Pizzy - Limpol - Dystrybutor produkt\u00f3w spo\u017cywczych | Import Eksport","og_description":"Gotowy do zastosowania, wysokiej jako\u015bci, g\u0119sty pomidorowy sos. Nieoceniony w pizzeriach i restauracjach, wygodny ze wzgl\u0119du na du\u017c\u0105 obj\u0119to\u015b\u0107 puszki. Wyrazisty i pachn\u0105c, nieodzowny w kuchniach o w\u0142oskich klimatach. Je\u015bli chcesz podawa\u0107 swoim go\u015bciom doskona\u0142\u0105 pizz\u0119 korzystaj z naszego aromatycznego sosu!","og_url":"https:\/\/limpol.pl\/en\/products\/pizza-sauce\/","og_site_name":"Limpol - Dystrybutor produkt\u00f3w spo\u017cywczych | Import Eksport","article_publisher":"https:\/\/www.facebook.com\/firmalimpol\/","article_modified_time":"2023-04-05T10:58:25+00:00","og_image":[{"width":1000,"height":1000,"url":"https:\/\/limpol.pl\/wp-content\/uploads\/2019\/03\/sos-do-pizzy-4100-CIEN.jpg","type":"image\/jpeg"}],"twitter_card":"summary_large_image","twitter_misc":{"Estimated reading time":"1 minute"},"schema":{"@context":"https:\/\/schema.org","@graph":[{"@type":"WebPage","@id":"https:\/\/limpol.pl\/produkty\/sos-do-pizzy\/","url":"https:\/\/limpol.pl\/produkty\/sos-do-pizzy\/","name":"Pizza sauce - Limpol - Distributor of food products | Import Export","isPartOf":{"@id":"https:\/\/limpol.pl\/#website"},"primaryImageOfPage":{"@id":"https:\/\/limpol.pl\/produkty\/sos-do-pizzy\/#primaryimage"},"image":{"@id":"https:\/\/limpol.pl\/produkty\/sos-do-pizzy\/#primaryimage"},"thumbnailUrl":"https:\/\/limpol.pl\/wp-content\/uploads\/2019\/03\/sos-do-pizzy-4100-CIEN.jpg","datePublished":"2019-03-05T16:26:53+00:00","dateModified":"2023-04-05T10:58:25+00:00","breadcrumb":{"@id":"https:\/\/limpol.pl\/produkty\/sos-do-pizzy\/#breadcrumb"},"inLanguage":"en-GB","potentialAction":[{"@type":"ReadAction","target":["https:\/\/limpol.pl\/produkty\/sos-do-pizzy\/"]}]},{"@type":"ImageObject","inLanguage":"en-GB","@id":"https:\/\/limpol.pl\/produkty\/sos-do-pizzy\/#primaryimage","url":"https:\/\/limpol.pl\/wp-content\/uploads\/2019\/03\/sos-do-pizzy-4100-CIEN.jpg","contentUrl":"https:\/\/limpol.pl\/wp-content\/uploads\/2019\/03\/sos-do-pizzy-4100-CIEN.jpg","width":1000,"height":1000},{"@type":"BreadcrumbList","@id":"https:\/\/limpol.pl\/produkty\/sos-do-pizzy\/#breadcrumb","itemListElement":[{"@type":"ListItem","position":1,"name":"Strona g\u0142\u00f3wna","item":"https:\/\/limpol.pl\/"},{"@type":"ListItem","position":2,"name":"Produkty","item":"https:\/\/limpol.pl\/shop\/"},{"@type":"ListItem","position":3,"name":"Sos do Pizzy"}]},{"@type":"WebSite","@id":"https:\/\/limpol.pl\/#website","url":"https:\/\/limpol.pl\/","name":"Limpol - Distributor of food products | Import Export","description":"Importer and exporter of food products","potentialAction":[{"@type":"SearchAction","target":{"@type":"EntryPoint","urlTemplate":"https:\/\/limpol.pl\/?s={search_term_string}"},"query-input":{"@type":"PropertyValueSpecification","valueRequired":true,"valueName":"search_term_string"}}],"inLanguage":"en-GB"}]}},"_links":{"self":[{"href":"https:\/\/limpol.pl\/en\/wp-json\/wp\/v2\/product\/1947","targetHints":{"allow":["GET"]}}],"collection":[{"href":"https:\/\/limpol.pl\/en\/wp-json\/wp\/v2\/product"}],"about":[{"href":"https:\/\/limpol.pl\/en\/wp-json\/wp\/v2\/types\/product"}],"wp:featuredmedia":[{"embeddable":true,"href":"https:\/\/limpol.pl\/en\/wp-json\/wp\/v2\/media\/5618"}],"wp:attachment":[{"href":"https:\/\/limpol.pl\/en\/wp-json\/wp\/v2\/media?parent=1947"}],"wp:term":[{"taxonomy":"product_brand","embeddable":true,"href":"https:\/\/limpol.pl\/en\/wp-json\/wp\/v2\/product_brand?post=1947"},{"taxonomy":"product_cat","embeddable":true,"href":"https:\/\/limpol.pl\/en\/wp-json\/wp\/v2\/product_cat?post=1947"},{"taxonomy":"product_tag","embeddable":true,"href":"https:\/\/limpol.pl\/en\/wp-json\/wp\/v2\/product_tag?post=1947"}],"curies":[{"name":"wp","href":"https:\/\/api.w.org\/{rel}","templated":true}]}}