{"id":1958,"date":"2019-03-05T17:27:07","date_gmt":"2019-03-05T16:27:07","guid":{"rendered":"https:\/\/limpol.pl\/produkty\/ananas-w-plastrach-w-lekkim-syropie-2\/"},"modified":"2023-04-05T13:44:53","modified_gmt":"2023-04-05T11:44:53","slug":"sliced-pineapple-in-light-syrup-2","status":"publish","type":"product","link":"https:\/\/limpol.pl\/en\/products\/sliced-pineapple-in-light-syrup-2\/","title":{"rendered":"Sliced pineapple in syrup"},"content":{"rendered":"<p>A large tin of sliced pineapple is a practical and economical solution for catering. The refreshing taste of this juicy fruit has been known for many years. Imported from Thailand, it comes from a huge plantation with more than a century of tradition in the production of this exotic fruit. Regular, appropriately sized slices will decorate many desserts, creams and ice creams.<\/p>","protected":false},"excerpt":{"rendered":"<p>A large tin of sliced pineapple is a practical and economical solution for catering. The refreshing taste of this juicy fruit has been known for many years. Imported from Thailand, it comes from a huge plantation with more than a century of tradition in the production of this exotic fruit. Regular, appropriately sized slices will decorate many desserts, creams and ice creams.<\/p>","protected":false},"featured_media":5356,"template":"","meta":[],"product_brand":[],"product_cat":[845,258],"product_tag":[],"class_list":{"0":"post-1958","1":"product","2":"type-product","3":"status-publish","4":"has-post-thumbnail","6":"product_cat-dla-pizzerii-i-trattorii","7":"product_cat-przetwory-owocowe","8":"pa_atrybut-detal-horeca-horeca","9":"pa_ilosc-sztuk-na-palecie-203","10":"pa_ilosc-sztuk-na-warstwie-370","11":"pa_masa-netto-3050g","12":"pa_masa-po-odsaczeniu-1790g","13":"pa_sztuk-w-kartonie-115","15":"first","16":"instock","17":"product-type-simple"},"yoast_head":"<!-- This site is optimized with the Yoast SEO plugin v27.3 - https:\/\/yoast.com\/product\/yoast-seo-wordpress\/ -->\n<title>Ananas w plastrach w syropie - Limpol - Dystrybutor produkt\u00f3w spo\u017cywczych | Import Eksport<\/title>\n<meta name=\"robots\" content=\"index, follow, max-snippet:-1, max-image-preview:large, max-video-preview:-1\" \/>\n<link rel=\"canonical\" href=\"https:\/\/limpol.pl\/en\/products\/sliced-pineapple-in-light-syrup-2\/\" \/>\n<meta property=\"og:locale\" content=\"en_GB\" \/>\n<meta property=\"og:type\" content=\"article\" \/>\n<meta property=\"og:title\" content=\"Ananas w plastrach w syropie - Limpol - Dystrybutor produkt\u00f3w spo\u017cywczych | Import Eksport\" \/>\n<meta property=\"og:description\" content=\"Du\u017ca puszka ananas\u00f3w w plastrach to praktyczne i ekonomiczne rozwi\u0105zanie dla gastronomii. Orze\u017awiaj\u0105cy smak tego soczystego owocu znamy od wielu lat. Sprowadzany z Tajlandii pochodzi z olbrzymiej plantacji z ponad stuletni\u0105 tradycj\u0105 produkcji tego egzotycznego owocu. Regularne, odpowiedniej wielko\u015bci plastry b\u0119d\u0105 ozdob\u0105 wielu deser\u00f3w, krem\u00f3w oraz lod\u00f3w.\" \/>\n<meta property=\"og:url\" content=\"https:\/\/limpol.pl\/en\/products\/sliced-pineapple-in-light-syrup-2\/\" \/>\n<meta property=\"og:site_name\" content=\"Limpol - Dystrybutor produkt\u00f3w spo\u017cywczych | Import Eksport\" \/>\n<meta property=\"article:publisher\" content=\"https:\/\/www.facebook.com\/firmalimpol\/\" \/>\n<meta property=\"article:modified_time\" content=\"2023-04-05T11:44:53+00:00\" \/>\n<meta property=\"og:image\" content=\"https:\/\/limpol.pl\/wp-content\/uploads\/2019\/03\/ananas-plastry-lekki-syrop-3050-CIEN.jpg\" \/>\n\t<meta property=\"og:image:width\" content=\"1000\" \/>\n\t<meta property=\"og:image:height\" content=\"1000\" \/>\n\t<meta property=\"og:image:type\" content=\"image\/jpeg\" \/>\n<meta name=\"twitter:card\" content=\"summary_large_image\" \/>\n<meta name=\"twitter:label1\" content=\"Estimated reading time\" \/>\n\t<meta name=\"twitter:data1\" content=\"1 minute\" \/>\n<script type=\"application\/ld+json\" class=\"yoast-schema-graph\">{\"@context\":\"https:\\\/\\\/schema.org\",\"@graph\":[{\"@type\":\"WebPage\",\"@id\":\"https:\\\/\\\/limpol.pl\\\/produkty\\\/ananas-w-plastrach-w-lekkim-syropie-2\\\/\",\"url\":\"https:\\\/\\\/limpol.pl\\\/produkty\\\/ananas-w-plastrach-w-lekkim-syropie-2\\\/\",\"name\":\"Ananas w plastrach w syropie - Limpol - Dystrybutor produkt\u00f3w spo\u017cywczych | Import Eksport\",\"isPartOf\":{\"@id\":\"https:\\\/\\\/limpol.pl\\\/#website\"},\"primaryImageOfPage\":{\"@id\":\"https:\\\/\\\/limpol.pl\\\/produkty\\\/ananas-w-plastrach-w-lekkim-syropie-2\\\/#primaryimage\"},\"image\":{\"@id\":\"https:\\\/\\\/limpol.pl\\\/produkty\\\/ananas-w-plastrach-w-lekkim-syropie-2\\\/#primaryimage\"},\"thumbnailUrl\":\"https:\\\/\\\/limpol.pl\\\/wp-content\\\/uploads\\\/2019\\\/03\\\/ananas-plastry-lekki-syrop-3050-CIEN.jpg\",\"datePublished\":\"2019-03-05T16:27:07+00:00\",\"dateModified\":\"2023-04-05T11:44:53+00:00\",\"breadcrumb\":{\"@id\":\"https:\\\/\\\/limpol.pl\\\/produkty\\\/ananas-w-plastrach-w-lekkim-syropie-2\\\/#breadcrumb\"},\"inLanguage\":\"en-GB\",\"potentialAction\":[{\"@type\":\"ReadAction\",\"target\":[\"https:\\\/\\\/limpol.pl\\\/produkty\\\/ananas-w-plastrach-w-lekkim-syropie-2\\\/\"]}]},{\"@type\":\"ImageObject\",\"inLanguage\":\"en-GB\",\"@id\":\"https:\\\/\\\/limpol.pl\\\/produkty\\\/ananas-w-plastrach-w-lekkim-syropie-2\\\/#primaryimage\",\"url\":\"https:\\\/\\\/limpol.pl\\\/wp-content\\\/uploads\\\/2019\\\/03\\\/ananas-plastry-lekki-syrop-3050-CIEN.jpg\",\"contentUrl\":\"https:\\\/\\\/limpol.pl\\\/wp-content\\\/uploads\\\/2019\\\/03\\\/ananas-plastry-lekki-syrop-3050-CIEN.jpg\",\"width\":1000,\"height\":1000},{\"@type\":\"BreadcrumbList\",\"@id\":\"https:\\\/\\\/limpol.pl\\\/produkty\\\/ananas-w-plastrach-w-lekkim-syropie-2\\\/#breadcrumb\",\"itemListElement\":[{\"@type\":\"ListItem\",\"position\":1,\"name\":\"Strona g\u0142\u00f3wna\",\"item\":\"https:\\\/\\\/limpol.pl\\\/\"},{\"@type\":\"ListItem\",\"position\":2,\"name\":\"Produkty\",\"item\":\"https:\\\/\\\/limpol.pl\\\/shop\\\/\"},{\"@type\":\"ListItem\",\"position\":3,\"name\":\"Ananas w plastrach w syropie\"}]},{\"@type\":\"WebSite\",\"@id\":\"https:\\\/\\\/limpol.pl\\\/#website\",\"url\":\"https:\\\/\\\/limpol.pl\\\/\",\"name\":\"Limpol - Dystrybutor produkt\u00f3w spo\u017cywczych | Import Eksport\",\"description\":\"Importer i eksporter produkt\u00f3w spo\u017cywczych\",\"potentialAction\":[{\"@type\":\"SearchAction\",\"target\":{\"@type\":\"EntryPoint\",\"urlTemplate\":\"https:\\\/\\\/limpol.pl\\\/?s={search_term_string}\"},\"query-input\":{\"@type\":\"PropertyValueSpecification\",\"valueRequired\":true,\"valueName\":\"search_term_string\"}}],\"inLanguage\":\"en-GB\"}]}<\/script>\n<!-- \/ Yoast SEO plugin. -->","yoast_head_json":{"title":"Sliced pineapple in syrup - Limpol - Distributor of food products | Import Export","robots":{"index":"index","follow":"follow","max-snippet":"max-snippet:-1","max-image-preview":"max-image-preview:large","max-video-preview":"max-video-preview:-1"},"canonical":"https:\/\/limpol.pl\/en\/products\/sliced-pineapple-in-light-syrup-2\/","og_locale":"en_GB","og_type":"article","og_title":"Ananas w plastrach w syropie - Limpol - Dystrybutor produkt\u00f3w spo\u017cywczych | Import Eksport","og_description":"Du\u017ca puszka ananas\u00f3w w plastrach to praktyczne i ekonomiczne rozwi\u0105zanie dla gastronomii. Orze\u017awiaj\u0105cy smak tego soczystego owocu znamy od wielu lat. Sprowadzany z Tajlandii pochodzi z olbrzymiej plantacji z ponad stuletni\u0105 tradycj\u0105 produkcji tego egzotycznego owocu. Regularne, odpowiedniej wielko\u015bci plastry b\u0119d\u0105 ozdob\u0105 wielu deser\u00f3w, krem\u00f3w oraz lod\u00f3w.","og_url":"https:\/\/limpol.pl\/en\/products\/sliced-pineapple-in-light-syrup-2\/","og_site_name":"Limpol - Dystrybutor produkt\u00f3w spo\u017cywczych | Import Eksport","article_publisher":"https:\/\/www.facebook.com\/firmalimpol\/","article_modified_time":"2023-04-05T11:44:53+00:00","og_image":[{"width":1000,"height":1000,"url":"https:\/\/limpol.pl\/wp-content\/uploads\/2019\/03\/ananas-plastry-lekki-syrop-3050-CIEN.jpg","type":"image\/jpeg"}],"twitter_card":"summary_large_image","twitter_misc":{"Estimated reading time":"1 minute"},"schema":{"@context":"https:\/\/schema.org","@graph":[{"@type":"WebPage","@id":"https:\/\/limpol.pl\/produkty\/ananas-w-plastrach-w-lekkim-syropie-2\/","url":"https:\/\/limpol.pl\/produkty\/ananas-w-plastrach-w-lekkim-syropie-2\/","name":"Sliced pineapple in syrup - Limpol - Distributor of food products | Import Export","isPartOf":{"@id":"https:\/\/limpol.pl\/#website"},"primaryImageOfPage":{"@id":"https:\/\/limpol.pl\/produkty\/ananas-w-plastrach-w-lekkim-syropie-2\/#primaryimage"},"image":{"@id":"https:\/\/limpol.pl\/produkty\/ananas-w-plastrach-w-lekkim-syropie-2\/#primaryimage"},"thumbnailUrl":"https:\/\/limpol.pl\/wp-content\/uploads\/2019\/03\/ananas-plastry-lekki-syrop-3050-CIEN.jpg","datePublished":"2019-03-05T16:27:07+00:00","dateModified":"2023-04-05T11:44:53+00:00","breadcrumb":{"@id":"https:\/\/limpol.pl\/produkty\/ananas-w-plastrach-w-lekkim-syropie-2\/#breadcrumb"},"inLanguage":"en-GB","potentialAction":[{"@type":"ReadAction","target":["https:\/\/limpol.pl\/produkty\/ananas-w-plastrach-w-lekkim-syropie-2\/"]}]},{"@type":"ImageObject","inLanguage":"en-GB","@id":"https:\/\/limpol.pl\/produkty\/ananas-w-plastrach-w-lekkim-syropie-2\/#primaryimage","url":"https:\/\/limpol.pl\/wp-content\/uploads\/2019\/03\/ananas-plastry-lekki-syrop-3050-CIEN.jpg","contentUrl":"https:\/\/limpol.pl\/wp-content\/uploads\/2019\/03\/ananas-plastry-lekki-syrop-3050-CIEN.jpg","width":1000,"height":1000},{"@type":"BreadcrumbList","@id":"https:\/\/limpol.pl\/produkty\/ananas-w-plastrach-w-lekkim-syropie-2\/#breadcrumb","itemListElement":[{"@type":"ListItem","position":1,"name":"Strona g\u0142\u00f3wna","item":"https:\/\/limpol.pl\/"},{"@type":"ListItem","position":2,"name":"Produkty","item":"https:\/\/limpol.pl\/shop\/"},{"@type":"ListItem","position":3,"name":"Ananas w plastrach w syropie"}]},{"@type":"WebSite","@id":"https:\/\/limpol.pl\/#website","url":"https:\/\/limpol.pl\/","name":"Limpol - Distributor of food products | Import Export","description":"Importer and exporter of food products","potentialAction":[{"@type":"SearchAction","target":{"@type":"EntryPoint","urlTemplate":"https:\/\/limpol.pl\/?s={search_term_string}"},"query-input":{"@type":"PropertyValueSpecification","valueRequired":true,"valueName":"search_term_string"}}],"inLanguage":"en-GB"}]}},"_links":{"self":[{"href":"https:\/\/limpol.pl\/en\/wp-json\/wp\/v2\/product\/1958","targetHints":{"allow":["GET"]}}],"collection":[{"href":"https:\/\/limpol.pl\/en\/wp-json\/wp\/v2\/product"}],"about":[{"href":"https:\/\/limpol.pl\/en\/wp-json\/wp\/v2\/types\/product"}],"wp:featuredmedia":[{"embeddable":true,"href":"https:\/\/limpol.pl\/en\/wp-json\/wp\/v2\/media\/5356"}],"wp:attachment":[{"href":"https:\/\/limpol.pl\/en\/wp-json\/wp\/v2\/media?parent=1958"}],"wp:term":[{"taxonomy":"product_brand","embeddable":true,"href":"https:\/\/limpol.pl\/en\/wp-json\/wp\/v2\/product_brand?post=1958"},{"taxonomy":"product_cat","embeddable":true,"href":"https:\/\/limpol.pl\/en\/wp-json\/wp\/v2\/product_cat?post=1958"},{"taxonomy":"product_tag","embeddable":true,"href":"https:\/\/limpol.pl\/en\/wp-json\/wp\/v2\/product_tag?post=1958"}],"curies":[{"name":"wp","href":"https:\/\/api.w.org\/{rel}","templated":true}]}}