{"id":3367,"date":"2019-09-04T20:53:30","date_gmt":"2019-09-04T18:53:30","guid":{"rendered":"https:\/\/limpol.pl\/?post_type=product&#038;p=3367"},"modified":"2023-01-23T19:51:32","modified_gmt":"2023-01-23T18:51:32","slug":"gherkins-with-chilli-peppers","status":"publish","type":"product","link":"https:\/\/limpol.pl\/en\/products\/gherkins-with-chilli-peppers\/","title":{"rendered":"Gherkins with chilli peppers"},"content":{"rendered":"<p>Perfectly sized cucumber in a vinegary marinade. The unique blend of fragrant spices enriches and enhances the taste of the crunchy cucumbers. Gherkins are a distinctive snack indispensable when preparing a treat for guests.<\/p>","protected":false},"excerpt":{"rendered":"<p>Perfectly sized cucumber in a vinegary marinade. The unique blend of fragrant spices enriches and enhances the taste of the crunchy cucumbers. Gherkins are a distinctive snack indispensable when preparing a treat for guests.<\/p>","protected":false},"featured_media":5228,"template":"","meta":[],"product_brand":[],"product_cat":[263],"product_tag":[],"class_list":{"0":"post-3367","1":"product","2":"type-product","3":"status-publish","4":"has-post-thumbnail","6":"product_cat-przetwory-warzywne","7":"pa_atrybut-detal-horeca-detalhoreca","8":"pa_masa-netto-680g","9":"pa_masa-po-odsaczeniu-370g","11":"first","12":"instock","13":"shipping-taxable","14":"product-type-simple"},"yoast_head":"<!-- This site is optimized with the Yoast SEO plugin v27.3 - https:\/\/yoast.com\/product\/yoast-seo-wordpress\/ -->\n<title>Korniszony z papryczk\u0105 chili - Limpol - Dystrybutor produkt\u00f3w spo\u017cywczych | Import Eksport<\/title>\n<meta name=\"robots\" content=\"index, follow, max-snippet:-1, max-image-preview:large, max-video-preview:-1\" \/>\n<link rel=\"canonical\" href=\"https:\/\/limpol.pl\/en\/products\/gherkins-with-chilli-peppers\/\" \/>\n<meta property=\"og:locale\" content=\"en_GB\" \/>\n<meta property=\"og:type\" content=\"article\" \/>\n<meta property=\"og:title\" content=\"Korniszony z papryczk\u0105 chili - Limpol - Dystrybutor produkt\u00f3w spo\u017cywczych | Import Eksport\" \/>\n<meta property=\"og:description\" content=\"Idealnej wielko\u015bci og\u00f3rek w octowej zalewie. Niepowtarzalna mieszanka pachn\u0105cych przypraw wzbogaca i podkre\u015bla smak chrupi\u0105cych og\u00f3rk\u00f3w. Korniszony to wyrazista przek\u0105ska niezb\u0119dna przy przygotowywaniu pocz\u0119stunku dla go\u015bci.\" \/>\n<meta property=\"og:url\" content=\"https:\/\/limpol.pl\/en\/products\/gherkins-with-chilli-peppers\/\" \/>\n<meta property=\"og:site_name\" content=\"Limpol - Dystrybutor produkt\u00f3w spo\u017cywczych | Import Eksport\" \/>\n<meta property=\"article:publisher\" content=\"https:\/\/www.facebook.com\/firmalimpol\/\" \/>\n<meta property=\"article:modified_time\" content=\"2023-01-23T18:51:32+00:00\" \/>\n<meta property=\"og:image\" content=\"https:\/\/limpol.pl\/wp-content\/uploads\/2023\/01\/korniszony-chili-skoik-680-CIEN.jpg\" \/>\n\t<meta property=\"og:image:width\" content=\"800\" \/>\n\t<meta property=\"og:image:height\" content=\"800\" \/>\n\t<meta property=\"og:image:type\" content=\"image\/jpeg\" \/>\n<meta name=\"twitter:card\" content=\"summary_large_image\" \/>\n<meta name=\"twitter:label1\" content=\"Estimated reading time\" \/>\n\t<meta name=\"twitter:data1\" content=\"1 minute\" \/>\n<script type=\"application\/ld+json\" class=\"yoast-schema-graph\">{\"@context\":\"https:\\\/\\\/schema.org\",\"@graph\":[{\"@type\":\"WebPage\",\"@id\":\"https:\\\/\\\/limpol.pl\\\/produkty\\\/korniszony-z-papryczka-chili\\\/\",\"url\":\"https:\\\/\\\/limpol.pl\\\/produkty\\\/korniszony-z-papryczka-chili\\\/\",\"name\":\"Korniszony z papryczk\u0105 chili - Limpol - Dystrybutor produkt\u00f3w spo\u017cywczych | Import Eksport\",\"isPartOf\":{\"@id\":\"https:\\\/\\\/limpol.pl\\\/#website\"},\"primaryImageOfPage\":{\"@id\":\"https:\\\/\\\/limpol.pl\\\/produkty\\\/korniszony-z-papryczka-chili\\\/#primaryimage\"},\"image\":{\"@id\":\"https:\\\/\\\/limpol.pl\\\/produkty\\\/korniszony-z-papryczka-chili\\\/#primaryimage\"},\"thumbnailUrl\":\"https:\\\/\\\/limpol.pl\\\/wp-content\\\/uploads\\\/2023\\\/01\\\/korniszony-chili-skoik-680-CIEN.jpg\",\"datePublished\":\"2019-09-04T18:53:30+00:00\",\"dateModified\":\"2023-01-23T18:51:32+00:00\",\"breadcrumb\":{\"@id\":\"https:\\\/\\\/limpol.pl\\\/produkty\\\/korniszony-z-papryczka-chili\\\/#breadcrumb\"},\"inLanguage\":\"en-GB\",\"potentialAction\":[{\"@type\":\"ReadAction\",\"target\":[\"https:\\\/\\\/limpol.pl\\\/produkty\\\/korniszony-z-papryczka-chili\\\/\"]}]},{\"@type\":\"ImageObject\",\"inLanguage\":\"en-GB\",\"@id\":\"https:\\\/\\\/limpol.pl\\\/produkty\\\/korniszony-z-papryczka-chili\\\/#primaryimage\",\"url\":\"https:\\\/\\\/limpol.pl\\\/wp-content\\\/uploads\\\/2023\\\/01\\\/korniszony-chili-skoik-680-CIEN.jpg\",\"contentUrl\":\"https:\\\/\\\/limpol.pl\\\/wp-content\\\/uploads\\\/2023\\\/01\\\/korniszony-chili-skoik-680-CIEN.jpg\",\"width\":800,\"height\":800},{\"@type\":\"BreadcrumbList\",\"@id\":\"https:\\\/\\\/limpol.pl\\\/produkty\\\/korniszony-z-papryczka-chili\\\/#breadcrumb\",\"itemListElement\":[{\"@type\":\"ListItem\",\"position\":1,\"name\":\"Strona g\u0142\u00f3wna\",\"item\":\"https:\\\/\\\/limpol.pl\\\/\"},{\"@type\":\"ListItem\",\"position\":2,\"name\":\"Produkty\",\"item\":\"https:\\\/\\\/limpol.pl\\\/shop\\\/\"},{\"@type\":\"ListItem\",\"position\":3,\"name\":\"Korniszony z papryczk\u0105 chili\"}]},{\"@type\":\"WebSite\",\"@id\":\"https:\\\/\\\/limpol.pl\\\/#website\",\"url\":\"https:\\\/\\\/limpol.pl\\\/\",\"name\":\"Limpol - Dystrybutor produkt\u00f3w spo\u017cywczych | Import Eksport\",\"description\":\"Importer i eksporter produkt\u00f3w spo\u017cywczych\",\"potentialAction\":[{\"@type\":\"SearchAction\",\"target\":{\"@type\":\"EntryPoint\",\"urlTemplate\":\"https:\\\/\\\/limpol.pl\\\/?s={search_term_string}\"},\"query-input\":{\"@type\":\"PropertyValueSpecification\",\"valueRequired\":true,\"valueName\":\"search_term_string\"}}],\"inLanguage\":\"en-GB\"}]}<\/script>\n<!-- \/ Yoast SEO plugin. -->","yoast_head_json":{"title":"Gherkins with chilli pepper - Limpol - Distributor of food products | Import Export","robots":{"index":"index","follow":"follow","max-snippet":"max-snippet:-1","max-image-preview":"max-image-preview:large","max-video-preview":"max-video-preview:-1"},"canonical":"https:\/\/limpol.pl\/en\/products\/gherkins-with-chilli-peppers\/","og_locale":"en_GB","og_type":"article","og_title":"Korniszony z papryczk\u0105 chili - Limpol - Dystrybutor produkt\u00f3w spo\u017cywczych | Import Eksport","og_description":"Idealnej wielko\u015bci og\u00f3rek w octowej zalewie. Niepowtarzalna mieszanka pachn\u0105cych przypraw wzbogaca i podkre\u015bla smak chrupi\u0105cych og\u00f3rk\u00f3w. Korniszony to wyrazista przek\u0105ska niezb\u0119dna przy przygotowywaniu pocz\u0119stunku dla go\u015bci.","og_url":"https:\/\/limpol.pl\/en\/products\/gherkins-with-chilli-peppers\/","og_site_name":"Limpol - Dystrybutor produkt\u00f3w spo\u017cywczych | Import Eksport","article_publisher":"https:\/\/www.facebook.com\/firmalimpol\/","article_modified_time":"2023-01-23T18:51:32+00:00","og_image":[{"width":800,"height":800,"url":"https:\/\/limpol.pl\/wp-content\/uploads\/2023\/01\/korniszony-chili-skoik-680-CIEN.jpg","type":"image\/jpeg"}],"twitter_card":"summary_large_image","twitter_misc":{"Estimated reading time":"1 minute"},"schema":{"@context":"https:\/\/schema.org","@graph":[{"@type":"WebPage","@id":"https:\/\/limpol.pl\/produkty\/korniszony-z-papryczka-chili\/","url":"https:\/\/limpol.pl\/produkty\/korniszony-z-papryczka-chili\/","name":"Gherkins with chilli pepper - Limpol - Distributor of food products | Import Export","isPartOf":{"@id":"https:\/\/limpol.pl\/#website"},"primaryImageOfPage":{"@id":"https:\/\/limpol.pl\/produkty\/korniszony-z-papryczka-chili\/#primaryimage"},"image":{"@id":"https:\/\/limpol.pl\/produkty\/korniszony-z-papryczka-chili\/#primaryimage"},"thumbnailUrl":"https:\/\/limpol.pl\/wp-content\/uploads\/2023\/01\/korniszony-chili-skoik-680-CIEN.jpg","datePublished":"2019-09-04T18:53:30+00:00","dateModified":"2023-01-23T18:51:32+00:00","breadcrumb":{"@id":"https:\/\/limpol.pl\/produkty\/korniszony-z-papryczka-chili\/#breadcrumb"},"inLanguage":"en-GB","potentialAction":[{"@type":"ReadAction","target":["https:\/\/limpol.pl\/produkty\/korniszony-z-papryczka-chili\/"]}]},{"@type":"ImageObject","inLanguage":"en-GB","@id":"https:\/\/limpol.pl\/produkty\/korniszony-z-papryczka-chili\/#primaryimage","url":"https:\/\/limpol.pl\/wp-content\/uploads\/2023\/01\/korniszony-chili-skoik-680-CIEN.jpg","contentUrl":"https:\/\/limpol.pl\/wp-content\/uploads\/2023\/01\/korniszony-chili-skoik-680-CIEN.jpg","width":800,"height":800},{"@type":"BreadcrumbList","@id":"https:\/\/limpol.pl\/produkty\/korniszony-z-papryczka-chili\/#breadcrumb","itemListElement":[{"@type":"ListItem","position":1,"name":"Strona g\u0142\u00f3wna","item":"https:\/\/limpol.pl\/"},{"@type":"ListItem","position":2,"name":"Produkty","item":"https:\/\/limpol.pl\/shop\/"},{"@type":"ListItem","position":3,"name":"Korniszony z papryczk\u0105 chili"}]},{"@type":"WebSite","@id":"https:\/\/limpol.pl\/#website","url":"https:\/\/limpol.pl\/","name":"Limpol - Distributor of food products | Import Export","description":"Importer and exporter of food products","potentialAction":[{"@type":"SearchAction","target":{"@type":"EntryPoint","urlTemplate":"https:\/\/limpol.pl\/?s={search_term_string}"},"query-input":{"@type":"PropertyValueSpecification","valueRequired":true,"valueName":"search_term_string"}}],"inLanguage":"en-GB"}]}},"_links":{"self":[{"href":"https:\/\/limpol.pl\/en\/wp-json\/wp\/v2\/product\/3367","targetHints":{"allow":["GET"]}}],"collection":[{"href":"https:\/\/limpol.pl\/en\/wp-json\/wp\/v2\/product"}],"about":[{"href":"https:\/\/limpol.pl\/en\/wp-json\/wp\/v2\/types\/product"}],"wp:featuredmedia":[{"embeddable":true,"href":"https:\/\/limpol.pl\/en\/wp-json\/wp\/v2\/media\/5228"}],"wp:attachment":[{"href":"https:\/\/limpol.pl\/en\/wp-json\/wp\/v2\/media?parent=3367"}],"wp:term":[{"taxonomy":"product_brand","embeddable":true,"href":"https:\/\/limpol.pl\/en\/wp-json\/wp\/v2\/product_brand?post=3367"},{"taxonomy":"product_cat","embeddable":true,"href":"https:\/\/limpol.pl\/en\/wp-json\/wp\/v2\/product_cat?post=3367"},{"taxonomy":"product_tag","embeddable":true,"href":"https:\/\/limpol.pl\/en\/wp-json\/wp\/v2\/product_tag?post=3367"}],"curies":[{"name":"wp","href":"https:\/\/api.w.org\/{rel}","templated":true}]}}