{"id":3370,"date":"2019-09-09T15:02:13","date_gmt":"2019-09-09T13:02:13","guid":{"rendered":"https:\/\/limpol.pl\/?post_type=product&#038;p=3370"},"modified":"2023-09-12T16:28:48","modified_gmt":"2023-09-12T14:28:48","slug":"peach-halves-in-syrup-4","status":"publish","type":"product","link":"https:\/\/limpol.pl\/en\/products\/peach-halves-in-syrup-4\/","title":{"rendered":"Peach halves in syrup"},"content":{"rendered":"<p>Greek peaches are a guarantee of successful baked goods. They are firm, juicy and scented with the sun. Large pack of 2400g for higher demand e.g. for restaurants, ice cream parlours and pastry shops. Ideal for desserts, fruit salads, crisp baked goods and cold cheesecakes.<\/p>","protected":false},"excerpt":{"rendered":"<p>Greek peaches are a guarantee of successful baked goods. They are firm, juicy and scented with the sun. Large pack of 2400g for higher demand e.g. for restaurants, ice cream parlours and pastry shops. Ideal for desserts, fruit salads, crisp baked goods and cold cheesecakes.<\/p>","protected":false},"featured_media":5714,"template":"","meta":[],"product_brand":[],"product_cat":[835,258],"product_tag":[],"class_list":{"0":"post-3370","1":"product","2":"type-product","3":"status-publish","4":"has-post-thumbnail","6":"product_cat-polecamy","7":"product_cat-przetwory-owocowe","8":"pa_atrybut-detal-horeca-horeca","9":"pa_masa-netto-4200g","10":"pa_masa-po-odsaczeniu-2400g","12":"first","13":"instock","14":"shipping-taxable","15":"product-type-simple"},"yoast_head":"<!-- This site is optimized with the Yoast SEO plugin v27.3 - https:\/\/yoast.com\/product\/yoast-seo-wordpress\/ -->\n<title>Brzoskwinie po\u0142\u00f3wki w syropie - Limpol - Dystrybutor produkt\u00f3w spo\u017cywczych | Import Eksport<\/title>\n<meta name=\"robots\" content=\"index, follow, max-snippet:-1, max-image-preview:large, max-video-preview:-1\" \/>\n<link rel=\"canonical\" href=\"https:\/\/limpol.pl\/en\/products\/peach-halves-in-syrup-4\/\" \/>\n<meta property=\"og:locale\" content=\"en_GB\" \/>\n<meta property=\"og:type\" content=\"article\" \/>\n<meta property=\"og:title\" content=\"Brzoskwinie po\u0142\u00f3wki w syropie - Limpol - Dystrybutor produkt\u00f3w spo\u017cywczych | Import Eksport\" \/>\n<meta property=\"og:description\" content=\"Greckie brzoskwinie to gwarancja udanych wypiek\u00f3w. S\u0105 j\u0119drne, soczyste pachn\u0105ce s\u0142o\u0144cem. Du\u017ce opakowanie 2400 g na wi\u0119ksze zapotrzebowanie np. dla restauracji, lodziarni i cukierni. Idealne do deser\u00f3w, sa\u0142atek owocowych, chrupi\u0105cych wypiek\u00f3w i sernik\u00f3w na zimno.\" \/>\n<meta property=\"og:url\" content=\"https:\/\/limpol.pl\/en\/products\/peach-halves-in-syrup-4\/\" \/>\n<meta property=\"og:site_name\" content=\"Limpol - Dystrybutor produkt\u00f3w spo\u017cywczych | Import Eksport\" \/>\n<meta property=\"article:publisher\" content=\"https:\/\/www.facebook.com\/firmalimpol\/\" \/>\n<meta property=\"article:modified_time\" content=\"2023-09-12T14:28:48+00:00\" \/>\n<meta property=\"og:image\" content=\"https:\/\/limpol.pl\/wp-content\/uploads\/2019\/09\/brzoskwinie-polowki-syrop-4200.jpg\" \/>\n\t<meta property=\"og:image:width\" content=\"1000\" \/>\n\t<meta property=\"og:image:height\" content=\"1000\" \/>\n\t<meta property=\"og:image:type\" content=\"image\/jpeg\" \/>\n<meta name=\"twitter:card\" content=\"summary_large_image\" \/>\n<meta name=\"twitter:label1\" content=\"Estimated reading time\" \/>\n\t<meta name=\"twitter:data1\" content=\"1 minute\" \/>\n<script type=\"application\/ld+json\" class=\"yoast-schema-graph\">{\"@context\":\"https:\\\/\\\/schema.org\",\"@graph\":[{\"@type\":\"WebPage\",\"@id\":\"https:\\\/\\\/limpol.pl\\\/produkty\\\/brzoskwinie-polowki-w-syropie-4\\\/\",\"url\":\"https:\\\/\\\/limpol.pl\\\/produkty\\\/brzoskwinie-polowki-w-syropie-4\\\/\",\"name\":\"Brzoskwinie po\u0142\u00f3wki w syropie - Limpol - Dystrybutor produkt\u00f3w spo\u017cywczych | Import Eksport\",\"isPartOf\":{\"@id\":\"https:\\\/\\\/limpol.pl\\\/#website\"},\"primaryImageOfPage\":{\"@id\":\"https:\\\/\\\/limpol.pl\\\/produkty\\\/brzoskwinie-polowki-w-syropie-4\\\/#primaryimage\"},\"image\":{\"@id\":\"https:\\\/\\\/limpol.pl\\\/produkty\\\/brzoskwinie-polowki-w-syropie-4\\\/#primaryimage\"},\"thumbnailUrl\":\"https:\\\/\\\/limpol.pl\\\/wp-content\\\/uploads\\\/2019\\\/09\\\/brzoskwinie-polowki-syrop-4200.jpg\",\"datePublished\":\"2019-09-09T13:02:13+00:00\",\"dateModified\":\"2023-09-12T14:28:48+00:00\",\"breadcrumb\":{\"@id\":\"https:\\\/\\\/limpol.pl\\\/produkty\\\/brzoskwinie-polowki-w-syropie-4\\\/#breadcrumb\"},\"inLanguage\":\"en-GB\",\"potentialAction\":[{\"@type\":\"ReadAction\",\"target\":[\"https:\\\/\\\/limpol.pl\\\/produkty\\\/brzoskwinie-polowki-w-syropie-4\\\/\"]}]},{\"@type\":\"ImageObject\",\"inLanguage\":\"en-GB\",\"@id\":\"https:\\\/\\\/limpol.pl\\\/produkty\\\/brzoskwinie-polowki-w-syropie-4\\\/#primaryimage\",\"url\":\"https:\\\/\\\/limpol.pl\\\/wp-content\\\/uploads\\\/2019\\\/09\\\/brzoskwinie-polowki-syrop-4200.jpg\",\"contentUrl\":\"https:\\\/\\\/limpol.pl\\\/wp-content\\\/uploads\\\/2019\\\/09\\\/brzoskwinie-polowki-syrop-4200.jpg\",\"width\":1000,\"height\":1000},{\"@type\":\"BreadcrumbList\",\"@id\":\"https:\\\/\\\/limpol.pl\\\/produkty\\\/brzoskwinie-polowki-w-syropie-4\\\/#breadcrumb\",\"itemListElement\":[{\"@type\":\"ListItem\",\"position\":1,\"name\":\"Strona g\u0142\u00f3wna\",\"item\":\"https:\\\/\\\/limpol.pl\\\/\"},{\"@type\":\"ListItem\",\"position\":2,\"name\":\"Produkty\",\"item\":\"https:\\\/\\\/limpol.pl\\\/shop\\\/\"},{\"@type\":\"ListItem\",\"position\":3,\"name\":\"Brzoskwinie po\u0142\u00f3wki w syropie\"}]},{\"@type\":\"WebSite\",\"@id\":\"https:\\\/\\\/limpol.pl\\\/#website\",\"url\":\"https:\\\/\\\/limpol.pl\\\/\",\"name\":\"Limpol - Dystrybutor produkt\u00f3w spo\u017cywczych | Import Eksport\",\"description\":\"Importer i eksporter produkt\u00f3w spo\u017cywczych\",\"potentialAction\":[{\"@type\":\"SearchAction\",\"target\":{\"@type\":\"EntryPoint\",\"urlTemplate\":\"https:\\\/\\\/limpol.pl\\\/?s={search_term_string}\"},\"query-input\":{\"@type\":\"PropertyValueSpecification\",\"valueRequired\":true,\"valueName\":\"search_term_string\"}}],\"inLanguage\":\"en-GB\"}]}<\/script>\n<!-- \/ Yoast SEO plugin. -->","yoast_head_json":{"title":"Peaches halves in syrup - Limpol - Distributor of food products | Import Export","robots":{"index":"index","follow":"follow","max-snippet":"max-snippet:-1","max-image-preview":"max-image-preview:large","max-video-preview":"max-video-preview:-1"},"canonical":"https:\/\/limpol.pl\/en\/products\/peach-halves-in-syrup-4\/","og_locale":"en_GB","og_type":"article","og_title":"Brzoskwinie po\u0142\u00f3wki w syropie - Limpol - Dystrybutor produkt\u00f3w spo\u017cywczych | Import Eksport","og_description":"Greckie brzoskwinie to gwarancja udanych wypiek\u00f3w. S\u0105 j\u0119drne, soczyste pachn\u0105ce s\u0142o\u0144cem. Du\u017ce opakowanie 2400 g na wi\u0119ksze zapotrzebowanie np. dla restauracji, lodziarni i cukierni. Idealne do deser\u00f3w, sa\u0142atek owocowych, chrupi\u0105cych wypiek\u00f3w i sernik\u00f3w na zimno.","og_url":"https:\/\/limpol.pl\/en\/products\/peach-halves-in-syrup-4\/","og_site_name":"Limpol - Dystrybutor produkt\u00f3w spo\u017cywczych | Import Eksport","article_publisher":"https:\/\/www.facebook.com\/firmalimpol\/","article_modified_time":"2023-09-12T14:28:48+00:00","og_image":[{"width":1000,"height":1000,"url":"https:\/\/limpol.pl\/wp-content\/uploads\/2019\/09\/brzoskwinie-polowki-syrop-4200.jpg","type":"image\/jpeg"}],"twitter_card":"summary_large_image","twitter_misc":{"Estimated reading time":"1 minute"},"schema":{"@context":"https:\/\/schema.org","@graph":[{"@type":"WebPage","@id":"https:\/\/limpol.pl\/produkty\/brzoskwinie-polowki-w-syropie-4\/","url":"https:\/\/limpol.pl\/produkty\/brzoskwinie-polowki-w-syropie-4\/","name":"Peaches halves in syrup - Limpol - Distributor of food products | Import Export","isPartOf":{"@id":"https:\/\/limpol.pl\/#website"},"primaryImageOfPage":{"@id":"https:\/\/limpol.pl\/produkty\/brzoskwinie-polowki-w-syropie-4\/#primaryimage"},"image":{"@id":"https:\/\/limpol.pl\/produkty\/brzoskwinie-polowki-w-syropie-4\/#primaryimage"},"thumbnailUrl":"https:\/\/limpol.pl\/wp-content\/uploads\/2019\/09\/brzoskwinie-polowki-syrop-4200.jpg","datePublished":"2019-09-09T13:02:13+00:00","dateModified":"2023-09-12T14:28:48+00:00","breadcrumb":{"@id":"https:\/\/limpol.pl\/produkty\/brzoskwinie-polowki-w-syropie-4\/#breadcrumb"},"inLanguage":"en-GB","potentialAction":[{"@type":"ReadAction","target":["https:\/\/limpol.pl\/produkty\/brzoskwinie-polowki-w-syropie-4\/"]}]},{"@type":"ImageObject","inLanguage":"en-GB","@id":"https:\/\/limpol.pl\/produkty\/brzoskwinie-polowki-w-syropie-4\/#primaryimage","url":"https:\/\/limpol.pl\/wp-content\/uploads\/2019\/09\/brzoskwinie-polowki-syrop-4200.jpg","contentUrl":"https:\/\/limpol.pl\/wp-content\/uploads\/2019\/09\/brzoskwinie-polowki-syrop-4200.jpg","width":1000,"height":1000},{"@type":"BreadcrumbList","@id":"https:\/\/limpol.pl\/produkty\/brzoskwinie-polowki-w-syropie-4\/#breadcrumb","itemListElement":[{"@type":"ListItem","position":1,"name":"Strona g\u0142\u00f3wna","item":"https:\/\/limpol.pl\/"},{"@type":"ListItem","position":2,"name":"Produkty","item":"https:\/\/limpol.pl\/shop\/"},{"@type":"ListItem","position":3,"name":"Brzoskwinie po\u0142\u00f3wki w syropie"}]},{"@type":"WebSite","@id":"https:\/\/limpol.pl\/#website","url":"https:\/\/limpol.pl\/","name":"Limpol - Distributor of food products | Import Export","description":"Importer and exporter of food products","potentialAction":[{"@type":"SearchAction","target":{"@type":"EntryPoint","urlTemplate":"https:\/\/limpol.pl\/?s={search_term_string}"},"query-input":{"@type":"PropertyValueSpecification","valueRequired":true,"valueName":"search_term_string"}}],"inLanguage":"en-GB"}]}},"_links":{"self":[{"href":"https:\/\/limpol.pl\/en\/wp-json\/wp\/v2\/product\/3370","targetHints":{"allow":["GET"]}}],"collection":[{"href":"https:\/\/limpol.pl\/en\/wp-json\/wp\/v2\/product"}],"about":[{"href":"https:\/\/limpol.pl\/en\/wp-json\/wp\/v2\/types\/product"}],"wp:featuredmedia":[{"embeddable":true,"href":"https:\/\/limpol.pl\/en\/wp-json\/wp\/v2\/media\/5714"}],"wp:attachment":[{"href":"https:\/\/limpol.pl\/en\/wp-json\/wp\/v2\/media?parent=3370"}],"wp:term":[{"taxonomy":"product_brand","embeddable":true,"href":"https:\/\/limpol.pl\/en\/wp-json\/wp\/v2\/product_brand?post=3370"},{"taxonomy":"product_cat","embeddable":true,"href":"https:\/\/limpol.pl\/en\/wp-json\/wp\/v2\/product_cat?post=3370"},{"taxonomy":"product_tag","embeddable":true,"href":"https:\/\/limpol.pl\/en\/wp-json\/wp\/v2\/product_tag?post=3370"}],"curies":[{"name":"wp","href":"https:\/\/api.w.org\/{rel}","templated":true}]}}