{"id":3569,"date":"2020-02-14T10:46:41","date_gmt":"2020-02-14T09:46:41","guid":{"rendered":"https:\/\/limpol.pl\/?post_type=product&#038;p=3569"},"modified":"2023-01-25T16:50:45","modified_gmt":"2023-01-25T15:50:45","slug":"swedish-salad","status":"publish","type":"product","link":"https:\/\/limpol.pl\/en\/products\/swedish-salad\/","title":{"rendered":"Swedish salad"},"content":{"rendered":"<p>Swedish salad is thinly sliced ground cucumbers dipped in a sweet and sour marinade with aromatic spices. Popular in Polish cuisine all year round thanks to its taste and ease of serving. It goes well with classic dinner dishes and grilled dishes. It also goes well with sandwiches, hot dogs and hamburgers. It can also be a stand-alone snack not only for cucumber lovers. The large economic jar is mainly dedicated to the catering industry.<\/p>","protected":false},"excerpt":{"rendered":"<p>Sa\u0142atka szwedzka to cienkie plastry og\u00f3rk\u00f3w gruntowych zanurzonych w s\u0142odko- kwa\u015bnej zalewie z dodatkiem aromatycznych przypraw. Popularna w polskiej kuchni przez ca\u0142y rok dzi\u0119ki swoim walorom smakowym i \u0142atwo\u015bci podania. \u015awietnie komponuje si\u0119 z klasycznymi daniami obiadowymi i potrawami z grilla. Pasuje r\u00f3wnie\u017c jako dodatek do kanapek, hot-dog\u00f3w i hamburger\u00f3w. Mo\u017ce by\u0107 r\u00f3wnie\u017c samodzieln\u0105 przek\u0105sk\u0105 [&hellip;]<\/p>\n","protected":false},"featured_media":5622,"template":"","meta":[],"product_brand":[],"product_cat":[263],"product_tag":[],"class_list":{"0":"post-3569","1":"product","2":"type-product","3":"status-publish","4":"has-post-thumbnail","6":"product_cat-przetwory-warzywne","7":"pa_atrybut-detal-horeca-horeca","8":"pa_ilosc-sztuk-na-palecie-791","9":"pa_ilosc-sztuk-na-warstwie-629","10":"pa_masa-netto-1600g","11":"pa_sztuk-w-kartonie-196","13":"first","14":"instock","15":"shipping-taxable","16":"product-type-simple"},"yoast_head":"<!-- This site is optimized with the Yoast SEO plugin v27.3 - https:\/\/yoast.com\/product\/yoast-seo-wordpress\/ -->\n<title>Sa\u0142atka szwedzka - Limpol - Dystrybutor produkt\u00f3w spo\u017cywczych | Import Eksport<\/title>\n<meta name=\"robots\" content=\"index, follow, max-snippet:-1, max-image-preview:large, max-video-preview:-1\" \/>\n<link rel=\"canonical\" href=\"https:\/\/limpol.pl\/en\/products\/swedish-salad\/\" \/>\n<meta property=\"og:locale\" content=\"en_GB\" \/>\n<meta property=\"og:type\" content=\"article\" \/>\n<meta property=\"og:title\" content=\"Sa\u0142atka szwedzka - Limpol - Dystrybutor produkt\u00f3w spo\u017cywczych | Import Eksport\" \/>\n<meta property=\"og:description\" content=\"Sa\u0142atka szwedzka to cienkie plastry og\u00f3rk\u00f3w gruntowych zanurzonych w s\u0142odko- kwa\u015bnej zalewie z dodatkiem aromatycznych przypraw. Popularna w polskiej kuchni przez ca\u0142y rok dzi\u0119ki swoim walorom smakowym i \u0142atwo\u015bci podania. \u015awietnie komponuje si\u0119 z klasycznymi daniami obiadowymi i potrawami z grilla. Pasuje r\u00f3wnie\u017c jako dodatek do kanapek, hot-dog\u00f3w i hamburger\u00f3w. Mo\u017ce by\u0107 r\u00f3wnie\u017c samodzieln\u0105 przek\u0105sk\u0105 [&hellip;]\" \/>\n<meta property=\"og:url\" content=\"https:\/\/limpol.pl\/en\/products\/swedish-salad\/\" \/>\n<meta property=\"og:site_name\" content=\"Limpol - Dystrybutor produkt\u00f3w spo\u017cywczych | Import Eksport\" \/>\n<meta property=\"article:publisher\" content=\"https:\/\/www.facebook.com\/firmalimpol\/\" \/>\n<meta property=\"article:modified_time\" content=\"2023-01-25T15:50:45+00:00\" \/>\n<meta property=\"og:image\" content=\"https:\/\/limpol.pl\/wp-content\/uploads\/2020\/02\/salatka-szwedzka-1600-CIEN.jpg\" \/>\n\t<meta property=\"og:image:width\" content=\"1000\" \/>\n\t<meta property=\"og:image:height\" content=\"1000\" \/>\n\t<meta property=\"og:image:type\" content=\"image\/jpeg\" \/>\n<meta name=\"twitter:card\" content=\"summary_large_image\" \/>\n<meta name=\"twitter:label1\" content=\"Estimated reading time\" \/>\n\t<meta name=\"twitter:data1\" content=\"1 minute\" \/>\n<script type=\"application\/ld+json\" class=\"yoast-schema-graph\">{\"@context\":\"https:\\\/\\\/schema.org\",\"@graph\":[{\"@type\":\"WebPage\",\"@id\":\"https:\\\/\\\/limpol.pl\\\/produkty\\\/salatka-szwedzka\\\/\",\"url\":\"https:\\\/\\\/limpol.pl\\\/produkty\\\/salatka-szwedzka\\\/\",\"name\":\"Sa\u0142atka szwedzka - Limpol - Dystrybutor produkt\u00f3w spo\u017cywczych | Import Eksport\",\"isPartOf\":{\"@id\":\"https:\\\/\\\/limpol.pl\\\/#website\"},\"primaryImageOfPage\":{\"@id\":\"https:\\\/\\\/limpol.pl\\\/produkty\\\/salatka-szwedzka\\\/#primaryimage\"},\"image\":{\"@id\":\"https:\\\/\\\/limpol.pl\\\/produkty\\\/salatka-szwedzka\\\/#primaryimage\"},\"thumbnailUrl\":\"https:\\\/\\\/limpol.pl\\\/wp-content\\\/uploads\\\/2020\\\/02\\\/salatka-szwedzka-1600-CIEN.jpg\",\"datePublished\":\"2020-02-14T09:46:41+00:00\",\"dateModified\":\"2023-01-25T15:50:45+00:00\",\"breadcrumb\":{\"@id\":\"https:\\\/\\\/limpol.pl\\\/produkty\\\/salatka-szwedzka\\\/#breadcrumb\"},\"inLanguage\":\"en-GB\",\"potentialAction\":[{\"@type\":\"ReadAction\",\"target\":[\"https:\\\/\\\/limpol.pl\\\/produkty\\\/salatka-szwedzka\\\/\"]}]},{\"@type\":\"ImageObject\",\"inLanguage\":\"en-GB\",\"@id\":\"https:\\\/\\\/limpol.pl\\\/produkty\\\/salatka-szwedzka\\\/#primaryimage\",\"url\":\"https:\\\/\\\/limpol.pl\\\/wp-content\\\/uploads\\\/2020\\\/02\\\/salatka-szwedzka-1600-CIEN.jpg\",\"contentUrl\":\"https:\\\/\\\/limpol.pl\\\/wp-content\\\/uploads\\\/2020\\\/02\\\/salatka-szwedzka-1600-CIEN.jpg\",\"width\":1000,\"height\":1000},{\"@type\":\"BreadcrumbList\",\"@id\":\"https:\\\/\\\/limpol.pl\\\/produkty\\\/salatka-szwedzka\\\/#breadcrumb\",\"itemListElement\":[{\"@type\":\"ListItem\",\"position\":1,\"name\":\"Strona g\u0142\u00f3wna\",\"item\":\"https:\\\/\\\/limpol.pl\\\/\"},{\"@type\":\"ListItem\",\"position\":2,\"name\":\"Produkty\",\"item\":\"https:\\\/\\\/limpol.pl\\\/shop\\\/\"},{\"@type\":\"ListItem\",\"position\":3,\"name\":\"Sa\u0142atka szwedzka\"}]},{\"@type\":\"WebSite\",\"@id\":\"https:\\\/\\\/limpol.pl\\\/#website\",\"url\":\"https:\\\/\\\/limpol.pl\\\/\",\"name\":\"Limpol - Dystrybutor produkt\u00f3w spo\u017cywczych | Import Eksport\",\"description\":\"Importer i eksporter produkt\u00f3w spo\u017cywczych\",\"potentialAction\":[{\"@type\":\"SearchAction\",\"target\":{\"@type\":\"EntryPoint\",\"urlTemplate\":\"https:\\\/\\\/limpol.pl\\\/?s={search_term_string}\"},\"query-input\":{\"@type\":\"PropertyValueSpecification\",\"valueRequired\":true,\"valueName\":\"search_term_string\"}}],\"inLanguage\":\"en-GB\"}]}<\/script>\n<!-- \/ Yoast SEO plugin. -->","yoast_head_json":{"title":"Swedish salad - Limpol - Distributor of food products | Import Export","robots":{"index":"index","follow":"follow","max-snippet":"max-snippet:-1","max-image-preview":"max-image-preview:large","max-video-preview":"max-video-preview:-1"},"canonical":"https:\/\/limpol.pl\/en\/products\/swedish-salad\/","og_locale":"en_GB","og_type":"article","og_title":"Sa\u0142atka szwedzka - Limpol - Dystrybutor produkt\u00f3w spo\u017cywczych | Import Eksport","og_description":"Sa\u0142atka szwedzka to cienkie plastry og\u00f3rk\u00f3w gruntowych zanurzonych w s\u0142odko- kwa\u015bnej zalewie z dodatkiem aromatycznych przypraw. Popularna w polskiej kuchni przez ca\u0142y rok dzi\u0119ki swoim walorom smakowym i \u0142atwo\u015bci podania. \u015awietnie komponuje si\u0119 z klasycznymi daniami obiadowymi i potrawami z grilla. Pasuje r\u00f3wnie\u017c jako dodatek do kanapek, hot-dog\u00f3w i hamburger\u00f3w. Mo\u017ce by\u0107 r\u00f3wnie\u017c samodzieln\u0105 przek\u0105sk\u0105 [&hellip;]","og_url":"https:\/\/limpol.pl\/en\/products\/swedish-salad\/","og_site_name":"Limpol - Dystrybutor produkt\u00f3w spo\u017cywczych | Import Eksport","article_publisher":"https:\/\/www.facebook.com\/firmalimpol\/","article_modified_time":"2023-01-25T15:50:45+00:00","og_image":[{"width":1000,"height":1000,"url":"https:\/\/limpol.pl\/wp-content\/uploads\/2020\/02\/salatka-szwedzka-1600-CIEN.jpg","type":"image\/jpeg"}],"twitter_card":"summary_large_image","twitter_misc":{"Estimated reading time":"1 minute"},"schema":{"@context":"https:\/\/schema.org","@graph":[{"@type":"WebPage","@id":"https:\/\/limpol.pl\/produkty\/salatka-szwedzka\/","url":"https:\/\/limpol.pl\/produkty\/salatka-szwedzka\/","name":"Swedish salad - Limpol - Distributor of food products | Import Export","isPartOf":{"@id":"https:\/\/limpol.pl\/#website"},"primaryImageOfPage":{"@id":"https:\/\/limpol.pl\/produkty\/salatka-szwedzka\/#primaryimage"},"image":{"@id":"https:\/\/limpol.pl\/produkty\/salatka-szwedzka\/#primaryimage"},"thumbnailUrl":"https:\/\/limpol.pl\/wp-content\/uploads\/2020\/02\/salatka-szwedzka-1600-CIEN.jpg","datePublished":"2020-02-14T09:46:41+00:00","dateModified":"2023-01-25T15:50:45+00:00","breadcrumb":{"@id":"https:\/\/limpol.pl\/produkty\/salatka-szwedzka\/#breadcrumb"},"inLanguage":"en-GB","potentialAction":[{"@type":"ReadAction","target":["https:\/\/limpol.pl\/produkty\/salatka-szwedzka\/"]}]},{"@type":"ImageObject","inLanguage":"en-GB","@id":"https:\/\/limpol.pl\/produkty\/salatka-szwedzka\/#primaryimage","url":"https:\/\/limpol.pl\/wp-content\/uploads\/2020\/02\/salatka-szwedzka-1600-CIEN.jpg","contentUrl":"https:\/\/limpol.pl\/wp-content\/uploads\/2020\/02\/salatka-szwedzka-1600-CIEN.jpg","width":1000,"height":1000},{"@type":"BreadcrumbList","@id":"https:\/\/limpol.pl\/produkty\/salatka-szwedzka\/#breadcrumb","itemListElement":[{"@type":"ListItem","position":1,"name":"Strona g\u0142\u00f3wna","item":"https:\/\/limpol.pl\/"},{"@type":"ListItem","position":2,"name":"Produkty","item":"https:\/\/limpol.pl\/shop\/"},{"@type":"ListItem","position":3,"name":"Sa\u0142atka szwedzka"}]},{"@type":"WebSite","@id":"https:\/\/limpol.pl\/#website","url":"https:\/\/limpol.pl\/","name":"Limpol - Distributor of food products | Import Export","description":"Importer and exporter of food products","potentialAction":[{"@type":"SearchAction","target":{"@type":"EntryPoint","urlTemplate":"https:\/\/limpol.pl\/?s={search_term_string}"},"query-input":{"@type":"PropertyValueSpecification","valueRequired":true,"valueName":"search_term_string"}}],"inLanguage":"en-GB"}]}},"_links":{"self":[{"href":"https:\/\/limpol.pl\/en\/wp-json\/wp\/v2\/product\/3569","targetHints":{"allow":["GET"]}}],"collection":[{"href":"https:\/\/limpol.pl\/en\/wp-json\/wp\/v2\/product"}],"about":[{"href":"https:\/\/limpol.pl\/en\/wp-json\/wp\/v2\/types\/product"}],"wp:featuredmedia":[{"embeddable":true,"href":"https:\/\/limpol.pl\/en\/wp-json\/wp\/v2\/media\/5622"}],"wp:attachment":[{"href":"https:\/\/limpol.pl\/en\/wp-json\/wp\/v2\/media?parent=3569"}],"wp:term":[{"taxonomy":"product_brand","embeddable":true,"href":"https:\/\/limpol.pl\/en\/wp-json\/wp\/v2\/product_brand?post=3569"},{"taxonomy":"product_cat","embeddable":true,"href":"https:\/\/limpol.pl\/en\/wp-json\/wp\/v2\/product_cat?post=3569"},{"taxonomy":"product_tag","embeddable":true,"href":"https:\/\/limpol.pl\/en\/wp-json\/wp\/v2\/product_tag?post=3569"}],"curies":[{"name":"wp","href":"https:\/\/api.w.org\/{rel}","templated":true}]}}