{"id":3618,"date":"2020-02-27T14:29:49","date_gmt":"2020-02-27T13:29:49","guid":{"rendered":"https:\/\/limpol.pl\/?post_type=product&#038;p=3618"},"modified":"2023-09-12T16:31:00","modified_gmt":"2023-09-12T14:31:00","slug":"apricot-halves-in-syrup-2","status":"publish","type":"product","link":"https:\/\/limpol.pl\/en\/products\/apricot-halves-in-syrup-2\/","title":{"rendered":"Apricot halves in syrup"},"content":{"rendered":"<p>We import apricot halves in syrup from sunny Greece. They owe their appetising orange colour to their high content of beta-carotene, which gives our skin a healthy appearance. Firm and juicy apricot halves will make a great addition to light desserts, Christmas cakes or fruit smoothies. They are also great for savoury dishes. They can become the base for original sauces for roasted and grilled meats - especially poultry. In the off-season, they are an easy and delicious fruit snack for any time of day.<\/p>","protected":false},"excerpt":{"rendered":"<p>Po\u0142\u00f3wki moreli w syropie sprowadzamy ze s\u0142onecznej Grecji. Sw\u00f3j apetyczny, pomara\u0144czowy kolor zawdzi\u0119czaj\u0105 du\u017cej zawarto\u015bci beta &#8211; karotenu, dzi\u0119ki kt\u00f3remu nasza sk\u00f3ra nabiera zdrowego wygl\u0105du. J\u0119drne i soczyste po\u0142\u00f3wki moreli b\u0119d\u0105 \u015bwietnym uzupe\u0142nieniem lekkich deser\u00f3w, \u015bwi\u0105tecznych ciast czy owocowych smoothie. \u015awietne r\u00f3wnie\u017c do wytrawnych da\u0144. Mog\u0105 sta\u0107 si\u0119 baz\u0105 oryginalnych sos\u00f3w do pieczonych i grillowanych [&hellip;]<\/p>\n","protected":false},"featured_media":5479,"template":"","meta":[],"product_brand":[],"product_cat":[258],"product_tag":[],"class_list":{"0":"post-3618","1":"product","2":"type-product","3":"status-publish","4":"has-post-thumbnail","6":"product_cat-przetwory-owocowe","7":"pa_atrybut-detal-horeca-horeca","8":"pa_ilosc-sztuk-na-palecie-222","9":"pa_masa-netto-2500g","10":"pa_masa-po-odsaczeniu-1500g","11":"pa_sztuk-w-kartonie-799","13":"first","14":"instock","15":"shipping-taxable","16":"product-type-simple"},"yoast_head":"<!-- This site is optimized with the Yoast SEO plugin v27.3 - https:\/\/yoast.com\/product\/yoast-seo-wordpress\/ -->\n<title>Morele po\u0142\u00f3wki w syropie - Limpol - Dystrybutor produkt\u00f3w spo\u017cywczych | Import Eksport<\/title>\n<meta name=\"robots\" content=\"index, follow, max-snippet:-1, max-image-preview:large, max-video-preview:-1\" \/>\n<link rel=\"canonical\" href=\"https:\/\/limpol.pl\/en\/products\/apricot-halves-in-syrup-2\/\" \/>\n<meta property=\"og:locale\" content=\"en_GB\" \/>\n<meta property=\"og:type\" content=\"article\" \/>\n<meta property=\"og:title\" content=\"Morele po\u0142\u00f3wki w syropie - Limpol - Dystrybutor produkt\u00f3w spo\u017cywczych | Import Eksport\" \/>\n<meta property=\"og:description\" content=\"Po\u0142\u00f3wki moreli w syropie sprowadzamy ze s\u0142onecznej Grecji. Sw\u00f3j apetyczny, pomara\u0144czowy kolor zawdzi\u0119czaj\u0105 du\u017cej zawarto\u015bci beta &#8211; karotenu, dzi\u0119ki kt\u00f3remu nasza sk\u00f3ra nabiera zdrowego wygl\u0105du. J\u0119drne i soczyste po\u0142\u00f3wki moreli b\u0119d\u0105 \u015bwietnym uzupe\u0142nieniem lekkich deser\u00f3w, \u015bwi\u0105tecznych ciast czy owocowych smoothie. \u015awietne r\u00f3wnie\u017c do wytrawnych da\u0144. Mog\u0105 sta\u0107 si\u0119 baz\u0105 oryginalnych sos\u00f3w do pieczonych i grillowanych [&hellip;]\" \/>\n<meta property=\"og:url\" content=\"https:\/\/limpol.pl\/en\/products\/apricot-halves-in-syrup-2\/\" \/>\n<meta property=\"og:site_name\" content=\"Limpol - Dystrybutor produkt\u00f3w spo\u017cywczych | Import Eksport\" \/>\n<meta property=\"article:publisher\" content=\"https:\/\/www.facebook.com\/firmalimpol\/\" \/>\n<meta property=\"article:modified_time\" content=\"2023-09-12T14:31:00+00:00\" \/>\n<meta property=\"og:image\" content=\"https:\/\/limpol.pl\/wp-content\/uploads\/2020\/02\/morele-polowki-lekki-syrop-2500-CIEN.jpg\" \/>\n\t<meta property=\"og:image:width\" content=\"1000\" \/>\n\t<meta property=\"og:image:height\" content=\"1000\" \/>\n\t<meta property=\"og:image:type\" content=\"image\/jpeg\" \/>\n<meta name=\"twitter:card\" content=\"summary_large_image\" \/>\n<meta name=\"twitter:label1\" content=\"Estimated reading time\" \/>\n\t<meta name=\"twitter:data1\" content=\"1 minute\" \/>\n<script type=\"application\/ld+json\" class=\"yoast-schema-graph\">{\"@context\":\"https:\\\/\\\/schema.org\",\"@graph\":[{\"@type\":\"WebPage\",\"@id\":\"https:\\\/\\\/limpol.pl\\\/produkty\\\/morele-polowki-w-syropie-2\\\/\",\"url\":\"https:\\\/\\\/limpol.pl\\\/produkty\\\/morele-polowki-w-syropie-2\\\/\",\"name\":\"Morele po\u0142\u00f3wki w syropie - Limpol - Dystrybutor produkt\u00f3w spo\u017cywczych | Import Eksport\",\"isPartOf\":{\"@id\":\"https:\\\/\\\/limpol.pl\\\/#website\"},\"primaryImageOfPage\":{\"@id\":\"https:\\\/\\\/limpol.pl\\\/produkty\\\/morele-polowki-w-syropie-2\\\/#primaryimage\"},\"image\":{\"@id\":\"https:\\\/\\\/limpol.pl\\\/produkty\\\/morele-polowki-w-syropie-2\\\/#primaryimage\"},\"thumbnailUrl\":\"https:\\\/\\\/limpol.pl\\\/wp-content\\\/uploads\\\/2020\\\/02\\\/morele-polowki-lekki-syrop-2500-CIEN.jpg\",\"datePublished\":\"2020-02-27T13:29:49+00:00\",\"dateModified\":\"2023-09-12T14:31:00+00:00\",\"breadcrumb\":{\"@id\":\"https:\\\/\\\/limpol.pl\\\/produkty\\\/morele-polowki-w-syropie-2\\\/#breadcrumb\"},\"inLanguage\":\"en-GB\",\"potentialAction\":[{\"@type\":\"ReadAction\",\"target\":[\"https:\\\/\\\/limpol.pl\\\/produkty\\\/morele-polowki-w-syropie-2\\\/\"]}]},{\"@type\":\"ImageObject\",\"inLanguage\":\"en-GB\",\"@id\":\"https:\\\/\\\/limpol.pl\\\/produkty\\\/morele-polowki-w-syropie-2\\\/#primaryimage\",\"url\":\"https:\\\/\\\/limpol.pl\\\/wp-content\\\/uploads\\\/2020\\\/02\\\/morele-polowki-lekki-syrop-2500-CIEN.jpg\",\"contentUrl\":\"https:\\\/\\\/limpol.pl\\\/wp-content\\\/uploads\\\/2020\\\/02\\\/morele-polowki-lekki-syrop-2500-CIEN.jpg\",\"width\":1000,\"height\":1000},{\"@type\":\"BreadcrumbList\",\"@id\":\"https:\\\/\\\/limpol.pl\\\/produkty\\\/morele-polowki-w-syropie-2\\\/#breadcrumb\",\"itemListElement\":[{\"@type\":\"ListItem\",\"position\":1,\"name\":\"Strona g\u0142\u00f3wna\",\"item\":\"https:\\\/\\\/limpol.pl\\\/\"},{\"@type\":\"ListItem\",\"position\":2,\"name\":\"Produkty\",\"item\":\"https:\\\/\\\/limpol.pl\\\/shop\\\/\"},{\"@type\":\"ListItem\",\"position\":3,\"name\":\"Morele po\u0142\u00f3wki w syropie\"}]},{\"@type\":\"WebSite\",\"@id\":\"https:\\\/\\\/limpol.pl\\\/#website\",\"url\":\"https:\\\/\\\/limpol.pl\\\/\",\"name\":\"Limpol - Dystrybutor produkt\u00f3w spo\u017cywczych | Import Eksport\",\"description\":\"Importer i eksporter produkt\u00f3w spo\u017cywczych\",\"potentialAction\":[{\"@type\":\"SearchAction\",\"target\":{\"@type\":\"EntryPoint\",\"urlTemplate\":\"https:\\\/\\\/limpol.pl\\\/?s={search_term_string}\"},\"query-input\":{\"@type\":\"PropertyValueSpecification\",\"valueRequired\":true,\"valueName\":\"search_term_string\"}}],\"inLanguage\":\"en-GB\"}]}<\/script>\n<!-- \/ Yoast SEO plugin. -->","yoast_head_json":{"title":"Half apricots in syrup - Limpol - Distributor of food products | Import Export","robots":{"index":"index","follow":"follow","max-snippet":"max-snippet:-1","max-image-preview":"max-image-preview:large","max-video-preview":"max-video-preview:-1"},"canonical":"https:\/\/limpol.pl\/en\/products\/apricot-halves-in-syrup-2\/","og_locale":"en_GB","og_type":"article","og_title":"Morele po\u0142\u00f3wki w syropie - Limpol - Dystrybutor produkt\u00f3w spo\u017cywczych | Import Eksport","og_description":"Po\u0142\u00f3wki moreli w syropie sprowadzamy ze s\u0142onecznej Grecji. Sw\u00f3j apetyczny, pomara\u0144czowy kolor zawdzi\u0119czaj\u0105 du\u017cej zawarto\u015bci beta &#8211; karotenu, dzi\u0119ki kt\u00f3remu nasza sk\u00f3ra nabiera zdrowego wygl\u0105du. J\u0119drne i soczyste po\u0142\u00f3wki moreli b\u0119d\u0105 \u015bwietnym uzupe\u0142nieniem lekkich deser\u00f3w, \u015bwi\u0105tecznych ciast czy owocowych smoothie. \u015awietne r\u00f3wnie\u017c do wytrawnych da\u0144. Mog\u0105 sta\u0107 si\u0119 baz\u0105 oryginalnych sos\u00f3w do pieczonych i grillowanych [&hellip;]","og_url":"https:\/\/limpol.pl\/en\/products\/apricot-halves-in-syrup-2\/","og_site_name":"Limpol - Dystrybutor produkt\u00f3w spo\u017cywczych | Import Eksport","article_publisher":"https:\/\/www.facebook.com\/firmalimpol\/","article_modified_time":"2023-09-12T14:31:00+00:00","og_image":[{"width":1000,"height":1000,"url":"https:\/\/limpol.pl\/wp-content\/uploads\/2020\/02\/morele-polowki-lekki-syrop-2500-CIEN.jpg","type":"image\/jpeg"}],"twitter_card":"summary_large_image","twitter_misc":{"Estimated reading time":"1 minute"},"schema":{"@context":"https:\/\/schema.org","@graph":[{"@type":"WebPage","@id":"https:\/\/limpol.pl\/produkty\/morele-polowki-w-syropie-2\/","url":"https:\/\/limpol.pl\/produkty\/morele-polowki-w-syropie-2\/","name":"Half apricots in syrup - Limpol - Distributor of food products | Import Export","isPartOf":{"@id":"https:\/\/limpol.pl\/#website"},"primaryImageOfPage":{"@id":"https:\/\/limpol.pl\/produkty\/morele-polowki-w-syropie-2\/#primaryimage"},"image":{"@id":"https:\/\/limpol.pl\/produkty\/morele-polowki-w-syropie-2\/#primaryimage"},"thumbnailUrl":"https:\/\/limpol.pl\/wp-content\/uploads\/2020\/02\/morele-polowki-lekki-syrop-2500-CIEN.jpg","datePublished":"2020-02-27T13:29:49+00:00","dateModified":"2023-09-12T14:31:00+00:00","breadcrumb":{"@id":"https:\/\/limpol.pl\/produkty\/morele-polowki-w-syropie-2\/#breadcrumb"},"inLanguage":"en-GB","potentialAction":[{"@type":"ReadAction","target":["https:\/\/limpol.pl\/produkty\/morele-polowki-w-syropie-2\/"]}]},{"@type":"ImageObject","inLanguage":"en-GB","@id":"https:\/\/limpol.pl\/produkty\/morele-polowki-w-syropie-2\/#primaryimage","url":"https:\/\/limpol.pl\/wp-content\/uploads\/2020\/02\/morele-polowki-lekki-syrop-2500-CIEN.jpg","contentUrl":"https:\/\/limpol.pl\/wp-content\/uploads\/2020\/02\/morele-polowki-lekki-syrop-2500-CIEN.jpg","width":1000,"height":1000},{"@type":"BreadcrumbList","@id":"https:\/\/limpol.pl\/produkty\/morele-polowki-w-syropie-2\/#breadcrumb","itemListElement":[{"@type":"ListItem","position":1,"name":"Strona g\u0142\u00f3wna","item":"https:\/\/limpol.pl\/"},{"@type":"ListItem","position":2,"name":"Produkty","item":"https:\/\/limpol.pl\/shop\/"},{"@type":"ListItem","position":3,"name":"Morele po\u0142\u00f3wki w syropie"}]},{"@type":"WebSite","@id":"https:\/\/limpol.pl\/#website","url":"https:\/\/limpol.pl\/","name":"Limpol - Distributor of food products | Import Export","description":"Importer and exporter of food products","potentialAction":[{"@type":"SearchAction","target":{"@type":"EntryPoint","urlTemplate":"https:\/\/limpol.pl\/?s={search_term_string}"},"query-input":{"@type":"PropertyValueSpecification","valueRequired":true,"valueName":"search_term_string"}}],"inLanguage":"en-GB"}]}},"_links":{"self":[{"href":"https:\/\/limpol.pl\/en\/wp-json\/wp\/v2\/product\/3618","targetHints":{"allow":["GET"]}}],"collection":[{"href":"https:\/\/limpol.pl\/en\/wp-json\/wp\/v2\/product"}],"about":[{"href":"https:\/\/limpol.pl\/en\/wp-json\/wp\/v2\/types\/product"}],"wp:featuredmedia":[{"embeddable":true,"href":"https:\/\/limpol.pl\/en\/wp-json\/wp\/v2\/media\/5479"}],"wp:attachment":[{"href":"https:\/\/limpol.pl\/en\/wp-json\/wp\/v2\/media?parent=3618"}],"wp:term":[{"taxonomy":"product_brand","embeddable":true,"href":"https:\/\/limpol.pl\/en\/wp-json\/wp\/v2\/product_brand?post=3618"},{"taxonomy":"product_cat","embeddable":true,"href":"https:\/\/limpol.pl\/en\/wp-json\/wp\/v2\/product_cat?post=3618"},{"taxonomy":"product_tag","embeddable":true,"href":"https:\/\/limpol.pl\/en\/wp-json\/wp\/v2\/product_tag?post=3618"}],"curies":[{"name":"wp","href":"https:\/\/api.w.org\/{rel}","templated":true}]}}