{"id":3625,"date":"2020-03-02T14:08:16","date_gmt":"2020-03-02T13:08:16","guid":{"rendered":"https:\/\/limpol.pl\/?post_type=product&#038;p=3625"},"modified":"2023-01-25T15:31:32","modified_gmt":"2023-01-25T14:31:32","slug":"tomato-passata-tomato-puree-bottle","status":"publish","type":"product","link":"https:\/\/limpol.pl\/en\/products\/tomato-passata-tomato-puree-bottle\/","title":{"rendered":"Tomato passata"},"content":{"rendered":"<p>Passata is an aromatic, seedless tomato puree. Made in Italy from sun-ripened tomatoes, it is the basis for many delicious dishes, not only in Italian cuisine. Passata is easy and quick to prepare as it does not require long cooking. It will enrich the taste of many dishes - soups, pasta sauces, casseroles and vegetable stews.<\/p>","protected":false},"excerpt":{"rendered":"<p>Passata is an aromatic, seedless tomato puree. Made in Italy from sun-ripened tomatoes, it is the basis for many delicious dishes, not only in Italian cuisine. Passata is easy and quick to prepare as it does not require long cooking. It will enrich the taste of many dishes - soups, pasta sauces, casseroles and vegetable stews.<\/p>","protected":false},"featured_media":5544,"template":"","meta":[],"product_brand":[],"product_cat":[299,346],"product_tag":[],"class_list":{"0":"post-3625","1":"product","2":"type-product","3":"status-publish","4":"has-post-thumbnail","6":"product_cat-przetwory-pomidorowe","7":"product_cat-sosy-warzywne","8":"pa_atrybut-detal-horeca-detal","9":"pa_atrybut-detal-horeca-horeca","10":"pa_ilosc-sztuk-na-palecie-97","11":"pa_ilosc-sztuk-na-warstwie-372","12":"pa_masa-netto-690g","13":"pa_sztuk-w-kartonie-79","15":"first","16":"instock","17":"shipping-taxable","18":"product-type-simple"},"yoast_head":"<!-- This site is optimized with the Yoast SEO plugin v27.3 - https:\/\/yoast.com\/product\/yoast-seo-wordpress\/ -->\n<title>Passata pomidorowa - Limpol - Dystrybutor produkt\u00f3w spo\u017cywczych | Import Eksport<\/title>\n<meta name=\"robots\" content=\"index, follow, max-snippet:-1, max-image-preview:large, max-video-preview:-1\" \/>\n<link rel=\"canonical\" href=\"https:\/\/limpol.pl\/en\/products\/tomato-passata-tomato-puree-bottle\/\" \/>\n<meta property=\"og:locale\" content=\"en_GB\" \/>\n<meta property=\"og:type\" content=\"article\" \/>\n<meta property=\"og:title\" content=\"Passata pomidorowa - Limpol - Dystrybutor produkt\u00f3w spo\u017cywczych | Import Eksport\" \/>\n<meta property=\"og:description\" content=\"Passata to aromatyczny, pozbawiony pestek przecier pomidorowy. Wyprodukowana we W\u0142oszech z dojrzewaj\u0105cych na s\u0142o\u0144cu pomidor\u00f3w jest baz\u0105 wielu pysznych da\u0144 nie tylko w kuchni w\u0142oskiej. Passata to produkt \u0142atwy i szybki w przygotowaniu poniewa\u017c nie wymaga d\u0142ugiego gotowania. Wzbogaci smak wielu potraw &#8211; zup, sos\u00f3w do makaron\u00f3w, zapiekanek a tak\u017ce warzywnych da\u0144 jednogarnkowych.\" \/>\n<meta property=\"og:url\" content=\"https:\/\/limpol.pl\/en\/products\/tomato-passata-tomato-puree-bottle\/\" \/>\n<meta property=\"og:site_name\" content=\"Limpol - Dystrybutor produkt\u00f3w spo\u017cywczych | Import Eksport\" \/>\n<meta property=\"article:publisher\" content=\"https:\/\/www.facebook.com\/firmalimpol\/\" \/>\n<meta property=\"article:modified_time\" content=\"2023-01-25T14:31:32+00:00\" \/>\n<meta property=\"og:image\" content=\"https:\/\/limpol.pl\/wp-content\/uploads\/2020\/03\/passata-690-CIEN.jpg\" \/>\n\t<meta property=\"og:image:width\" content=\"1000\" \/>\n\t<meta property=\"og:image:height\" content=\"1000\" \/>\n\t<meta property=\"og:image:type\" content=\"image\/jpeg\" \/>\n<meta name=\"twitter:card\" content=\"summary_large_image\" \/>\n<meta name=\"twitter:label1\" content=\"Estimated reading time\" \/>\n\t<meta name=\"twitter:data1\" content=\"1 minute\" \/>\n<script type=\"application\/ld+json\" class=\"yoast-schema-graph\">{\"@context\":\"https:\\\/\\\/schema.org\",\"@graph\":[{\"@type\":\"WebPage\",\"@id\":\"https:\\\/\\\/limpol.pl\\\/produkty\\\/passata-pomidorowa-przecier-pomidorowy-butelka\\\/\",\"url\":\"https:\\\/\\\/limpol.pl\\\/produkty\\\/passata-pomidorowa-przecier-pomidorowy-butelka\\\/\",\"name\":\"Passata pomidorowa - Limpol - Dystrybutor produkt\u00f3w spo\u017cywczych | Import Eksport\",\"isPartOf\":{\"@id\":\"https:\\\/\\\/limpol.pl\\\/#website\"},\"primaryImageOfPage\":{\"@id\":\"https:\\\/\\\/limpol.pl\\\/produkty\\\/passata-pomidorowa-przecier-pomidorowy-butelka\\\/#primaryimage\"},\"image\":{\"@id\":\"https:\\\/\\\/limpol.pl\\\/produkty\\\/passata-pomidorowa-przecier-pomidorowy-butelka\\\/#primaryimage\"},\"thumbnailUrl\":\"https:\\\/\\\/limpol.pl\\\/wp-content\\\/uploads\\\/2020\\\/03\\\/passata-690-CIEN.jpg\",\"datePublished\":\"2020-03-02T13:08:16+00:00\",\"dateModified\":\"2023-01-25T14:31:32+00:00\",\"breadcrumb\":{\"@id\":\"https:\\\/\\\/limpol.pl\\\/produkty\\\/passata-pomidorowa-przecier-pomidorowy-butelka\\\/#breadcrumb\"},\"inLanguage\":\"en-GB\",\"potentialAction\":[{\"@type\":\"ReadAction\",\"target\":[\"https:\\\/\\\/limpol.pl\\\/produkty\\\/passata-pomidorowa-przecier-pomidorowy-butelka\\\/\"]}]},{\"@type\":\"ImageObject\",\"inLanguage\":\"en-GB\",\"@id\":\"https:\\\/\\\/limpol.pl\\\/produkty\\\/passata-pomidorowa-przecier-pomidorowy-butelka\\\/#primaryimage\",\"url\":\"https:\\\/\\\/limpol.pl\\\/wp-content\\\/uploads\\\/2020\\\/03\\\/passata-690-CIEN.jpg\",\"contentUrl\":\"https:\\\/\\\/limpol.pl\\\/wp-content\\\/uploads\\\/2020\\\/03\\\/passata-690-CIEN.jpg\",\"width\":1000,\"height\":1000},{\"@type\":\"BreadcrumbList\",\"@id\":\"https:\\\/\\\/limpol.pl\\\/produkty\\\/passata-pomidorowa-przecier-pomidorowy-butelka\\\/#breadcrumb\",\"itemListElement\":[{\"@type\":\"ListItem\",\"position\":1,\"name\":\"Strona g\u0142\u00f3wna\",\"item\":\"https:\\\/\\\/limpol.pl\\\/\"},{\"@type\":\"ListItem\",\"position\":2,\"name\":\"Produkty\",\"item\":\"https:\\\/\\\/limpol.pl\\\/shop\\\/\"},{\"@type\":\"ListItem\",\"position\":3,\"name\":\"Passata pomidorowa\"}]},{\"@type\":\"WebSite\",\"@id\":\"https:\\\/\\\/limpol.pl\\\/#website\",\"url\":\"https:\\\/\\\/limpol.pl\\\/\",\"name\":\"Limpol - Dystrybutor produkt\u00f3w spo\u017cywczych | Import Eksport\",\"description\":\"Importer i eksporter produkt\u00f3w spo\u017cywczych\",\"potentialAction\":[{\"@type\":\"SearchAction\",\"target\":{\"@type\":\"EntryPoint\",\"urlTemplate\":\"https:\\\/\\\/limpol.pl\\\/?s={search_term_string}\"},\"query-input\":{\"@type\":\"PropertyValueSpecification\",\"valueRequired\":true,\"valueName\":\"search_term_string\"}}],\"inLanguage\":\"en-GB\"}]}<\/script>\n<!-- \/ Yoast SEO plugin. -->","yoast_head_json":{"title":"Tomato passata - Limpol - Distributor of food products | Import Export","robots":{"index":"index","follow":"follow","max-snippet":"max-snippet:-1","max-image-preview":"max-image-preview:large","max-video-preview":"max-video-preview:-1"},"canonical":"https:\/\/limpol.pl\/en\/products\/tomato-passata-tomato-puree-bottle\/","og_locale":"en_GB","og_type":"article","og_title":"Passata pomidorowa - Limpol - Dystrybutor produkt\u00f3w spo\u017cywczych | Import Eksport","og_description":"Passata to aromatyczny, pozbawiony pestek przecier pomidorowy. Wyprodukowana we W\u0142oszech z dojrzewaj\u0105cych na s\u0142o\u0144cu pomidor\u00f3w jest baz\u0105 wielu pysznych da\u0144 nie tylko w kuchni w\u0142oskiej. Passata to produkt \u0142atwy i szybki w przygotowaniu poniewa\u017c nie wymaga d\u0142ugiego gotowania. Wzbogaci smak wielu potraw &#8211; zup, sos\u00f3w do makaron\u00f3w, zapiekanek a tak\u017ce warzywnych da\u0144 jednogarnkowych.","og_url":"https:\/\/limpol.pl\/en\/products\/tomato-passata-tomato-puree-bottle\/","og_site_name":"Limpol - Dystrybutor produkt\u00f3w spo\u017cywczych | Import Eksport","article_publisher":"https:\/\/www.facebook.com\/firmalimpol\/","article_modified_time":"2023-01-25T14:31:32+00:00","og_image":[{"width":1000,"height":1000,"url":"https:\/\/limpol.pl\/wp-content\/uploads\/2020\/03\/passata-690-CIEN.jpg","type":"image\/jpeg"}],"twitter_card":"summary_large_image","twitter_misc":{"Estimated reading time":"1 minute"},"schema":{"@context":"https:\/\/schema.org","@graph":[{"@type":"WebPage","@id":"https:\/\/limpol.pl\/produkty\/passata-pomidorowa-przecier-pomidorowy-butelka\/","url":"https:\/\/limpol.pl\/produkty\/passata-pomidorowa-przecier-pomidorowy-butelka\/","name":"Tomato passata - Limpol - Distributor of food products | Import Export","isPartOf":{"@id":"https:\/\/limpol.pl\/#website"},"primaryImageOfPage":{"@id":"https:\/\/limpol.pl\/produkty\/passata-pomidorowa-przecier-pomidorowy-butelka\/#primaryimage"},"image":{"@id":"https:\/\/limpol.pl\/produkty\/passata-pomidorowa-przecier-pomidorowy-butelka\/#primaryimage"},"thumbnailUrl":"https:\/\/limpol.pl\/wp-content\/uploads\/2020\/03\/passata-690-CIEN.jpg","datePublished":"2020-03-02T13:08:16+00:00","dateModified":"2023-01-25T14:31:32+00:00","breadcrumb":{"@id":"https:\/\/limpol.pl\/produkty\/passata-pomidorowa-przecier-pomidorowy-butelka\/#breadcrumb"},"inLanguage":"en-GB","potentialAction":[{"@type":"ReadAction","target":["https:\/\/limpol.pl\/produkty\/passata-pomidorowa-przecier-pomidorowy-butelka\/"]}]},{"@type":"ImageObject","inLanguage":"en-GB","@id":"https:\/\/limpol.pl\/produkty\/passata-pomidorowa-przecier-pomidorowy-butelka\/#primaryimage","url":"https:\/\/limpol.pl\/wp-content\/uploads\/2020\/03\/passata-690-CIEN.jpg","contentUrl":"https:\/\/limpol.pl\/wp-content\/uploads\/2020\/03\/passata-690-CIEN.jpg","width":1000,"height":1000},{"@type":"BreadcrumbList","@id":"https:\/\/limpol.pl\/produkty\/passata-pomidorowa-przecier-pomidorowy-butelka\/#breadcrumb","itemListElement":[{"@type":"ListItem","position":1,"name":"Strona g\u0142\u00f3wna","item":"https:\/\/limpol.pl\/"},{"@type":"ListItem","position":2,"name":"Produkty","item":"https:\/\/limpol.pl\/shop\/"},{"@type":"ListItem","position":3,"name":"Passata pomidorowa"}]},{"@type":"WebSite","@id":"https:\/\/limpol.pl\/#website","url":"https:\/\/limpol.pl\/","name":"Limpol - Distributor of food products | Import Export","description":"Importer and exporter of food products","potentialAction":[{"@type":"SearchAction","target":{"@type":"EntryPoint","urlTemplate":"https:\/\/limpol.pl\/?s={search_term_string}"},"query-input":{"@type":"PropertyValueSpecification","valueRequired":true,"valueName":"search_term_string"}}],"inLanguage":"en-GB"}]}},"_links":{"self":[{"href":"https:\/\/limpol.pl\/en\/wp-json\/wp\/v2\/product\/3625","targetHints":{"allow":["GET"]}}],"collection":[{"href":"https:\/\/limpol.pl\/en\/wp-json\/wp\/v2\/product"}],"about":[{"href":"https:\/\/limpol.pl\/en\/wp-json\/wp\/v2\/types\/product"}],"wp:featuredmedia":[{"embeddable":true,"href":"https:\/\/limpol.pl\/en\/wp-json\/wp\/v2\/media\/5544"}],"wp:attachment":[{"href":"https:\/\/limpol.pl\/en\/wp-json\/wp\/v2\/media?parent=3625"}],"wp:term":[{"taxonomy":"product_brand","embeddable":true,"href":"https:\/\/limpol.pl\/en\/wp-json\/wp\/v2\/product_brand?post=3625"},{"taxonomy":"product_cat","embeddable":true,"href":"https:\/\/limpol.pl\/en\/wp-json\/wp\/v2\/product_cat?post=3625"},{"taxonomy":"product_tag","embeddable":true,"href":"https:\/\/limpol.pl\/en\/wp-json\/wp\/v2\/product_tag?post=3625"}],"curies":[{"name":"wp","href":"https:\/\/api.w.org\/{rel}","templated":true}]}}