{"id":3657,"date":"2020-03-06T15:52:42","date_gmt":"2020-03-06T14:52:42","guid":{"rendered":"https:\/\/limpol.pl\/?post_type=product&#038;p=3657"},"modified":"2023-04-05T16:11:07","modified_gmt":"2023-04-05T14:11:07","slug":"white-asparagus","status":"publish","type":"product","link":"https:\/\/limpol.pl\/en\/products\/white-asparagus\/","title":{"rendered":"White asparagus"},"content":{"rendered":"<p>White asparagus in brine is a peeled firm and crunchy vegetable that can be enjoyed not only in season. They are more delicate in flavour than green asparagus but, like them, have many uses. They are perfect as an exquisite snack baked in Parma ham or served with Hollandaise sauce. As an original addition, they will add variety to many dishes served both cold and hot. They can also form the basis of creamy soups and thick sauces for cold meats and roast meats. They will enrich any dish, giving it a unique flavour.<\/p>","protected":false},"excerpt":{"rendered":"<p>Bia\u0142e szparagi w zalewie to obrane j\u0119drne i chrupi\u0105ce warzywo, kt\u00f3rym mo\u017cna si\u0119 cieszy\u0107 nie tylko w sezonie. S\u0105 delikatniejsze w smaku ni\u017c zielone ale podobnie jak one maj\u0105 wiele zastosowa\u0144. Doskona\u0142e jako wykwintna przek\u0105ska zapieczone w szynk\u0119 parme\u0144sk\u0105 lub podane z sosem holenderskim. Jako oryginalny dodatek urozmaic\u0105 wiele da\u0144 serwowanych zar\u00f3wno na zimno jak [&hellip;]<\/p>\n","protected":false},"featured_media":5362,"template":"","meta":[],"product_brand":[],"product_cat":[263],"product_tag":[],"class_list":{"0":"post-3657","1":"product","2":"type-product","3":"status-publish","4":"has-post-thumbnail","6":"product_cat-przetwory-warzywne","7":"pa_masa-netto-330g","9":"first","10":"instock","11":"shipping-taxable","12":"product-type-simple"},"yoast_head":"<!-- This site is optimized with the Yoast SEO plugin v27.3 - https:\/\/yoast.com\/product\/yoast-seo-wordpress\/ -->\n<title>Bia\u0142e szparagi - Limpol - Dystrybutor produkt\u00f3w spo\u017cywczych | Import Eksport<\/title>\n<meta name=\"robots\" content=\"index, follow, max-snippet:-1, max-image-preview:large, max-video-preview:-1\" \/>\n<link rel=\"canonical\" href=\"https:\/\/limpol.pl\/en\/products\/white-asparagus\/\" \/>\n<meta property=\"og:locale\" content=\"en_GB\" \/>\n<meta property=\"og:type\" content=\"article\" \/>\n<meta property=\"og:title\" content=\"Bia\u0142e szparagi - Limpol - Dystrybutor produkt\u00f3w spo\u017cywczych | Import Eksport\" \/>\n<meta property=\"og:description\" content=\"Bia\u0142e szparagi w zalewie to obrane j\u0119drne i chrupi\u0105ce warzywo, kt\u00f3rym mo\u017cna si\u0119 cieszy\u0107 nie tylko w sezonie. S\u0105 delikatniejsze w smaku ni\u017c zielone ale podobnie jak one maj\u0105 wiele zastosowa\u0144. Doskona\u0142e jako wykwintna przek\u0105ska zapieczone w szynk\u0119 parme\u0144sk\u0105 lub podane z sosem holenderskim. Jako oryginalny dodatek urozmaic\u0105 wiele da\u0144 serwowanych zar\u00f3wno na zimno jak [&hellip;]\" \/>\n<meta property=\"og:url\" content=\"https:\/\/limpol.pl\/en\/products\/white-asparagus\/\" \/>\n<meta property=\"og:site_name\" content=\"Limpol - Dystrybutor produkt\u00f3w spo\u017cywczych | Import Eksport\" \/>\n<meta property=\"article:publisher\" content=\"https:\/\/www.facebook.com\/firmalimpol\/\" \/>\n<meta property=\"article:modified_time\" content=\"2023-04-05T14:11:07+00:00\" \/>\n<meta property=\"og:image\" content=\"https:\/\/limpol.pl\/wp-content\/uploads\/2020\/03\/szparagi-biale-obrane-330-CIEN.jpg\" \/>\n\t<meta property=\"og:image:width\" content=\"1000\" \/>\n\t<meta property=\"og:image:height\" content=\"1000\" \/>\n\t<meta property=\"og:image:type\" content=\"image\/jpeg\" \/>\n<meta name=\"twitter:card\" content=\"summary_large_image\" \/>\n<meta name=\"twitter:label1\" content=\"Estimated reading time\" \/>\n\t<meta name=\"twitter:data1\" content=\"1 minute\" \/>\n<script type=\"application\/ld+json\" class=\"yoast-schema-graph\">{\"@context\":\"https:\\\/\\\/schema.org\",\"@graph\":[{\"@type\":\"WebPage\",\"@id\":\"https:\\\/\\\/limpol.pl\\\/produkty\\\/biale-szparagi\\\/\",\"url\":\"https:\\\/\\\/limpol.pl\\\/produkty\\\/biale-szparagi\\\/\",\"name\":\"Bia\u0142e szparagi - Limpol - Dystrybutor produkt\u00f3w spo\u017cywczych | Import Eksport\",\"isPartOf\":{\"@id\":\"https:\\\/\\\/limpol.pl\\\/#website\"},\"primaryImageOfPage\":{\"@id\":\"https:\\\/\\\/limpol.pl\\\/produkty\\\/biale-szparagi\\\/#primaryimage\"},\"image\":{\"@id\":\"https:\\\/\\\/limpol.pl\\\/produkty\\\/biale-szparagi\\\/#primaryimage\"},\"thumbnailUrl\":\"https:\\\/\\\/limpol.pl\\\/wp-content\\\/uploads\\\/2020\\\/03\\\/szparagi-biale-obrane-330-CIEN.jpg\",\"datePublished\":\"2020-03-06T14:52:42+00:00\",\"dateModified\":\"2023-04-05T14:11:07+00:00\",\"breadcrumb\":{\"@id\":\"https:\\\/\\\/limpol.pl\\\/produkty\\\/biale-szparagi\\\/#breadcrumb\"},\"inLanguage\":\"en-GB\",\"potentialAction\":[{\"@type\":\"ReadAction\",\"target\":[\"https:\\\/\\\/limpol.pl\\\/produkty\\\/biale-szparagi\\\/\"]}]},{\"@type\":\"ImageObject\",\"inLanguage\":\"en-GB\",\"@id\":\"https:\\\/\\\/limpol.pl\\\/produkty\\\/biale-szparagi\\\/#primaryimage\",\"url\":\"https:\\\/\\\/limpol.pl\\\/wp-content\\\/uploads\\\/2020\\\/03\\\/szparagi-biale-obrane-330-CIEN.jpg\",\"contentUrl\":\"https:\\\/\\\/limpol.pl\\\/wp-content\\\/uploads\\\/2020\\\/03\\\/szparagi-biale-obrane-330-CIEN.jpg\",\"width\":1000,\"height\":1000},{\"@type\":\"BreadcrumbList\",\"@id\":\"https:\\\/\\\/limpol.pl\\\/produkty\\\/biale-szparagi\\\/#breadcrumb\",\"itemListElement\":[{\"@type\":\"ListItem\",\"position\":1,\"name\":\"Strona g\u0142\u00f3wna\",\"item\":\"https:\\\/\\\/limpol.pl\\\/\"},{\"@type\":\"ListItem\",\"position\":2,\"name\":\"Produkty\",\"item\":\"https:\\\/\\\/limpol.pl\\\/shop\\\/\"},{\"@type\":\"ListItem\",\"position\":3,\"name\":\"Bia\u0142e szparagi\"}]},{\"@type\":\"WebSite\",\"@id\":\"https:\\\/\\\/limpol.pl\\\/#website\",\"url\":\"https:\\\/\\\/limpol.pl\\\/\",\"name\":\"Limpol - Dystrybutor produkt\u00f3w spo\u017cywczych | Import Eksport\",\"description\":\"Importer i eksporter produkt\u00f3w spo\u017cywczych\",\"potentialAction\":[{\"@type\":\"SearchAction\",\"target\":{\"@type\":\"EntryPoint\",\"urlTemplate\":\"https:\\\/\\\/limpol.pl\\\/?s={search_term_string}\"},\"query-input\":{\"@type\":\"PropertyValueSpecification\",\"valueRequired\":true,\"valueName\":\"search_term_string\"}}],\"inLanguage\":\"en-GB\"}]}<\/script>\n<!-- \/ Yoast SEO plugin. -->","yoast_head_json":{"title":"White asparagus - Limpol - Distributor of food products | Import Export","robots":{"index":"index","follow":"follow","max-snippet":"max-snippet:-1","max-image-preview":"max-image-preview:large","max-video-preview":"max-video-preview:-1"},"canonical":"https:\/\/limpol.pl\/en\/products\/white-asparagus\/","og_locale":"en_GB","og_type":"article","og_title":"Bia\u0142e szparagi - Limpol - Dystrybutor produkt\u00f3w spo\u017cywczych | Import Eksport","og_description":"Bia\u0142e szparagi w zalewie to obrane j\u0119drne i chrupi\u0105ce warzywo, kt\u00f3rym mo\u017cna si\u0119 cieszy\u0107 nie tylko w sezonie. S\u0105 delikatniejsze w smaku ni\u017c zielone ale podobnie jak one maj\u0105 wiele zastosowa\u0144. Doskona\u0142e jako wykwintna przek\u0105ska zapieczone w szynk\u0119 parme\u0144sk\u0105 lub podane z sosem holenderskim. Jako oryginalny dodatek urozmaic\u0105 wiele da\u0144 serwowanych zar\u00f3wno na zimno jak [&hellip;]","og_url":"https:\/\/limpol.pl\/en\/products\/white-asparagus\/","og_site_name":"Limpol - Dystrybutor produkt\u00f3w spo\u017cywczych | Import Eksport","article_publisher":"https:\/\/www.facebook.com\/firmalimpol\/","article_modified_time":"2023-04-05T14:11:07+00:00","og_image":[{"width":1000,"height":1000,"url":"https:\/\/limpol.pl\/wp-content\/uploads\/2020\/03\/szparagi-biale-obrane-330-CIEN.jpg","type":"image\/jpeg"}],"twitter_card":"summary_large_image","twitter_misc":{"Estimated reading time":"1 minute"},"schema":{"@context":"https:\/\/schema.org","@graph":[{"@type":"WebPage","@id":"https:\/\/limpol.pl\/produkty\/biale-szparagi\/","url":"https:\/\/limpol.pl\/produkty\/biale-szparagi\/","name":"White asparagus - Limpol - Distributor of food products | Import Export","isPartOf":{"@id":"https:\/\/limpol.pl\/#website"},"primaryImageOfPage":{"@id":"https:\/\/limpol.pl\/produkty\/biale-szparagi\/#primaryimage"},"image":{"@id":"https:\/\/limpol.pl\/produkty\/biale-szparagi\/#primaryimage"},"thumbnailUrl":"https:\/\/limpol.pl\/wp-content\/uploads\/2020\/03\/szparagi-biale-obrane-330-CIEN.jpg","datePublished":"2020-03-06T14:52:42+00:00","dateModified":"2023-04-05T14:11:07+00:00","breadcrumb":{"@id":"https:\/\/limpol.pl\/produkty\/biale-szparagi\/#breadcrumb"},"inLanguage":"en-GB","potentialAction":[{"@type":"ReadAction","target":["https:\/\/limpol.pl\/produkty\/biale-szparagi\/"]}]},{"@type":"ImageObject","inLanguage":"en-GB","@id":"https:\/\/limpol.pl\/produkty\/biale-szparagi\/#primaryimage","url":"https:\/\/limpol.pl\/wp-content\/uploads\/2020\/03\/szparagi-biale-obrane-330-CIEN.jpg","contentUrl":"https:\/\/limpol.pl\/wp-content\/uploads\/2020\/03\/szparagi-biale-obrane-330-CIEN.jpg","width":1000,"height":1000},{"@type":"BreadcrumbList","@id":"https:\/\/limpol.pl\/produkty\/biale-szparagi\/#breadcrumb","itemListElement":[{"@type":"ListItem","position":1,"name":"Strona g\u0142\u00f3wna","item":"https:\/\/limpol.pl\/"},{"@type":"ListItem","position":2,"name":"Produkty","item":"https:\/\/limpol.pl\/shop\/"},{"@type":"ListItem","position":3,"name":"Bia\u0142e szparagi"}]},{"@type":"WebSite","@id":"https:\/\/limpol.pl\/#website","url":"https:\/\/limpol.pl\/","name":"Limpol - Distributor of food products | Import Export","description":"Importer and exporter of food products","potentialAction":[{"@type":"SearchAction","target":{"@type":"EntryPoint","urlTemplate":"https:\/\/limpol.pl\/?s={search_term_string}"},"query-input":{"@type":"PropertyValueSpecification","valueRequired":true,"valueName":"search_term_string"}}],"inLanguage":"en-GB"}]}},"_links":{"self":[{"href":"https:\/\/limpol.pl\/en\/wp-json\/wp\/v2\/product\/3657","targetHints":{"allow":["GET"]}}],"collection":[{"href":"https:\/\/limpol.pl\/en\/wp-json\/wp\/v2\/product"}],"about":[{"href":"https:\/\/limpol.pl\/en\/wp-json\/wp\/v2\/types\/product"}],"wp:featuredmedia":[{"embeddable":true,"href":"https:\/\/limpol.pl\/en\/wp-json\/wp\/v2\/media\/5362"}],"wp:attachment":[{"href":"https:\/\/limpol.pl\/en\/wp-json\/wp\/v2\/media?parent=3657"}],"wp:term":[{"taxonomy":"product_brand","embeddable":true,"href":"https:\/\/limpol.pl\/en\/wp-json\/wp\/v2\/product_brand?post=3657"},{"taxonomy":"product_cat","embeddable":true,"href":"https:\/\/limpol.pl\/en\/wp-json\/wp\/v2\/product_cat?post=3657"},{"taxonomy":"product_tag","embeddable":true,"href":"https:\/\/limpol.pl\/en\/wp-json\/wp\/v2\/product_tag?post=3657"}],"curies":[{"name":"wp","href":"https:\/\/api.w.org\/{rel}","templated":true}]}}