{"id":3711,"date":"2020-03-12T11:05:19","date_gmt":"2020-03-12T10:05:19","guid":{"rendered":"https:\/\/limpol.pl\/?post_type=product&#038;p=3711"},"modified":"2023-04-05T16:24:00","modified_gmt":"2023-04-05T14:24:00","slug":"green-stoned-olives","status":"publish","type":"product","link":"https:\/\/limpol.pl\/en\/products\/green-stoned-olives\/","title":{"rendered":"Drilled green olives"},"content":{"rendered":"<p><span style=\"color: #a2a2a2; font-family: sans-serif; font-size: small;\">The unique flavour of green olives is sure to please even their biggest lovers. Most often used as an individual snack and as an accompaniment to light salads and Mediterranean dishes. They are hard and more tart in taste compared to black olives. Often referred to as the 'fruit of longevity' because of their properties.<\/span><span style=\"font-size: medium;\">\u00a0<\/span><span style=\"color: #a2a2a2; font-family: sans-serif; font-size: small;\">Packaged in airtight and lightweight packaging.<\/span><\/p>","protected":false},"excerpt":{"rendered":"<p>The unique flavour of green olives is sure to please even their biggest lovers. Most often used as an individual snack and as an accompaniment to light salads and Mediterranean dishes. They are hard and more tart in taste compared to black olives. Often referred to as the 'fruit of longevity' due to their properties. Packed in an airtight and lightweight package.<\/p>","protected":false},"featured_media":5605,"template":"","meta":[],"product_brand":[],"product_cat":[324],"product_tag":[],"class_list":{"0":"post-3711","1":"product","2":"type-product","3":"status-publish","4":"has-post-thumbnail","6":"product_cat-oliwki","7":"pa_masa-netto-180g","9":"first","10":"instock","11":"shipping-taxable","12":"product-type-simple"},"yoast_head":"<!-- This site is optimized with the Yoast SEO plugin v27.3 - https:\/\/yoast.com\/product\/yoast-seo-wordpress\/ -->\n<title>Zielone oliwki drylowane - Limpol - Dystrybutor produkt\u00f3w spo\u017cywczych | Import Eksport<\/title>\n<meta name=\"robots\" content=\"index, follow, max-snippet:-1, max-image-preview:large, max-video-preview:-1\" \/>\n<link rel=\"canonical\" href=\"https:\/\/limpol.pl\/en\/products\/green-stoned-olives\/\" \/>\n<meta property=\"og:locale\" content=\"en_GB\" \/>\n<meta property=\"og:type\" content=\"article\" \/>\n<meta property=\"og:title\" content=\"Zielone oliwki drylowane - Limpol - Dystrybutor produkt\u00f3w spo\u017cywczych | Import Eksport\" \/>\n<meta property=\"og:description\" content=\"Unikalny smak zielonych oliwek z pewno\u015bci\u0105 zadowoli nawet ich najwi\u0119kszych mi\u0142o\u015bnik\u00f3w. Najcz\u0119\u015bciej wykorzystywane jako indywidualna przek\u0105ska oraz jako dodatek do lekkich sa\u0142atek i da\u0144 kuchni \u015br\u00f3dziemnomorskiej. S\u0105 twarde i bardziej cierpkie w smaku w por\u00f3wnaniu z czarnymi. Cz\u0119sto nazywane \u201eowocami d\u0142ugowieczno\u015bci\u201d ze wzgl\u0119du na swoje w\u0142a\u015bciwo\u015bci.\u00a0Zapakowane w szczelne i lekkie opakowanie.\" \/>\n<meta property=\"og:url\" content=\"https:\/\/limpol.pl\/en\/products\/green-stoned-olives\/\" \/>\n<meta property=\"og:site_name\" content=\"Limpol - Dystrybutor produkt\u00f3w spo\u017cywczych | Import Eksport\" \/>\n<meta property=\"article:publisher\" content=\"https:\/\/www.facebook.com\/firmalimpol\/\" \/>\n<meta property=\"article:modified_time\" content=\"2023-04-05T14:24:00+00:00\" \/>\n<meta property=\"og:image\" content=\"https:\/\/limpol.pl\/wp-content\/uploads\/2020\/03\/oliwki-drylowane-pouch-180-CIEN.jpg\" \/>\n\t<meta property=\"og:image:width\" content=\"1000\" \/>\n\t<meta property=\"og:image:height\" content=\"1000\" \/>\n\t<meta property=\"og:image:type\" content=\"image\/jpeg\" \/>\n<meta name=\"twitter:card\" content=\"summary_large_image\" \/>\n<meta name=\"twitter:label1\" content=\"Estimated reading time\" \/>\n\t<meta name=\"twitter:data1\" content=\"1 minute\" \/>\n<script type=\"application\/ld+json\" class=\"yoast-schema-graph\">{\"@context\":\"https:\\\/\\\/schema.org\",\"@graph\":[{\"@type\":\"WebPage\",\"@id\":\"https:\\\/\\\/limpol.pl\\\/produkty\\\/zielone-oliwki-drylowane\\\/\",\"url\":\"https:\\\/\\\/limpol.pl\\\/produkty\\\/zielone-oliwki-drylowane\\\/\",\"name\":\"Zielone oliwki drylowane - Limpol - Dystrybutor produkt\u00f3w spo\u017cywczych | Import Eksport\",\"isPartOf\":{\"@id\":\"https:\\\/\\\/limpol.pl\\\/#website\"},\"primaryImageOfPage\":{\"@id\":\"https:\\\/\\\/limpol.pl\\\/produkty\\\/zielone-oliwki-drylowane\\\/#primaryimage\"},\"image\":{\"@id\":\"https:\\\/\\\/limpol.pl\\\/produkty\\\/zielone-oliwki-drylowane\\\/#primaryimage\"},\"thumbnailUrl\":\"https:\\\/\\\/limpol.pl\\\/wp-content\\\/uploads\\\/2020\\\/03\\\/oliwki-drylowane-pouch-180-CIEN.jpg\",\"datePublished\":\"2020-03-12T10:05:19+00:00\",\"dateModified\":\"2023-04-05T14:24:00+00:00\",\"breadcrumb\":{\"@id\":\"https:\\\/\\\/limpol.pl\\\/produkty\\\/zielone-oliwki-drylowane\\\/#breadcrumb\"},\"inLanguage\":\"en-GB\",\"potentialAction\":[{\"@type\":\"ReadAction\",\"target\":[\"https:\\\/\\\/limpol.pl\\\/produkty\\\/zielone-oliwki-drylowane\\\/\"]}]},{\"@type\":\"ImageObject\",\"inLanguage\":\"en-GB\",\"@id\":\"https:\\\/\\\/limpol.pl\\\/produkty\\\/zielone-oliwki-drylowane\\\/#primaryimage\",\"url\":\"https:\\\/\\\/limpol.pl\\\/wp-content\\\/uploads\\\/2020\\\/03\\\/oliwki-drylowane-pouch-180-CIEN.jpg\",\"contentUrl\":\"https:\\\/\\\/limpol.pl\\\/wp-content\\\/uploads\\\/2020\\\/03\\\/oliwki-drylowane-pouch-180-CIEN.jpg\",\"width\":1000,\"height\":1000},{\"@type\":\"BreadcrumbList\",\"@id\":\"https:\\\/\\\/limpol.pl\\\/produkty\\\/zielone-oliwki-drylowane\\\/#breadcrumb\",\"itemListElement\":[{\"@type\":\"ListItem\",\"position\":1,\"name\":\"Strona g\u0142\u00f3wna\",\"item\":\"https:\\\/\\\/limpol.pl\\\/\"},{\"@type\":\"ListItem\",\"position\":2,\"name\":\"Produkty\",\"item\":\"https:\\\/\\\/limpol.pl\\\/shop\\\/\"},{\"@type\":\"ListItem\",\"position\":3,\"name\":\"Zielone oliwki drylowane\"}]},{\"@type\":\"WebSite\",\"@id\":\"https:\\\/\\\/limpol.pl\\\/#website\",\"url\":\"https:\\\/\\\/limpol.pl\\\/\",\"name\":\"Limpol - Dystrybutor produkt\u00f3w spo\u017cywczych | Import Eksport\",\"description\":\"Importer i eksporter produkt\u00f3w spo\u017cywczych\",\"potentialAction\":[{\"@type\":\"SearchAction\",\"target\":{\"@type\":\"EntryPoint\",\"urlTemplate\":\"https:\\\/\\\/limpol.pl\\\/?s={search_term_string}\"},\"query-input\":{\"@type\":\"PropertyValueSpecification\",\"valueRequired\":true,\"valueName\":\"search_term_string\"}}],\"inLanguage\":\"en-GB\"}]}<\/script>\n<!-- \/ Yoast SEO plugin. -->","yoast_head_json":{"title":"Dried green olives - Limpol - Distributor of food products | Import Export","robots":{"index":"index","follow":"follow","max-snippet":"max-snippet:-1","max-image-preview":"max-image-preview:large","max-video-preview":"max-video-preview:-1"},"canonical":"https:\/\/limpol.pl\/en\/products\/green-stoned-olives\/","og_locale":"en_GB","og_type":"article","og_title":"Zielone oliwki drylowane - Limpol - Dystrybutor produkt\u00f3w spo\u017cywczych | Import Eksport","og_description":"Unikalny smak zielonych oliwek z pewno\u015bci\u0105 zadowoli nawet ich najwi\u0119kszych mi\u0142o\u015bnik\u00f3w. Najcz\u0119\u015bciej wykorzystywane jako indywidualna przek\u0105ska oraz jako dodatek do lekkich sa\u0142atek i da\u0144 kuchni \u015br\u00f3dziemnomorskiej. S\u0105 twarde i bardziej cierpkie w smaku w por\u00f3wnaniu z czarnymi. Cz\u0119sto nazywane \u201eowocami d\u0142ugowieczno\u015bci\u201d ze wzgl\u0119du na swoje w\u0142a\u015bciwo\u015bci.\u00a0Zapakowane w szczelne i lekkie opakowanie.","og_url":"https:\/\/limpol.pl\/en\/products\/green-stoned-olives\/","og_site_name":"Limpol - Dystrybutor produkt\u00f3w spo\u017cywczych | Import Eksport","article_publisher":"https:\/\/www.facebook.com\/firmalimpol\/","article_modified_time":"2023-04-05T14:24:00+00:00","og_image":[{"width":1000,"height":1000,"url":"https:\/\/limpol.pl\/wp-content\/uploads\/2020\/03\/oliwki-drylowane-pouch-180-CIEN.jpg","type":"image\/jpeg"}],"twitter_card":"summary_large_image","twitter_misc":{"Estimated reading time":"1 minute"},"schema":{"@context":"https:\/\/schema.org","@graph":[{"@type":"WebPage","@id":"https:\/\/limpol.pl\/produkty\/zielone-oliwki-drylowane\/","url":"https:\/\/limpol.pl\/produkty\/zielone-oliwki-drylowane\/","name":"Dried green olives - Limpol - Distributor of food products | Import Export","isPartOf":{"@id":"https:\/\/limpol.pl\/#website"},"primaryImageOfPage":{"@id":"https:\/\/limpol.pl\/produkty\/zielone-oliwki-drylowane\/#primaryimage"},"image":{"@id":"https:\/\/limpol.pl\/produkty\/zielone-oliwki-drylowane\/#primaryimage"},"thumbnailUrl":"https:\/\/limpol.pl\/wp-content\/uploads\/2020\/03\/oliwki-drylowane-pouch-180-CIEN.jpg","datePublished":"2020-03-12T10:05:19+00:00","dateModified":"2023-04-05T14:24:00+00:00","breadcrumb":{"@id":"https:\/\/limpol.pl\/produkty\/zielone-oliwki-drylowane\/#breadcrumb"},"inLanguage":"en-GB","potentialAction":[{"@type":"ReadAction","target":["https:\/\/limpol.pl\/produkty\/zielone-oliwki-drylowane\/"]}]},{"@type":"ImageObject","inLanguage":"en-GB","@id":"https:\/\/limpol.pl\/produkty\/zielone-oliwki-drylowane\/#primaryimage","url":"https:\/\/limpol.pl\/wp-content\/uploads\/2020\/03\/oliwki-drylowane-pouch-180-CIEN.jpg","contentUrl":"https:\/\/limpol.pl\/wp-content\/uploads\/2020\/03\/oliwki-drylowane-pouch-180-CIEN.jpg","width":1000,"height":1000},{"@type":"BreadcrumbList","@id":"https:\/\/limpol.pl\/produkty\/zielone-oliwki-drylowane\/#breadcrumb","itemListElement":[{"@type":"ListItem","position":1,"name":"Strona g\u0142\u00f3wna","item":"https:\/\/limpol.pl\/"},{"@type":"ListItem","position":2,"name":"Produkty","item":"https:\/\/limpol.pl\/shop\/"},{"@type":"ListItem","position":3,"name":"Zielone oliwki drylowane"}]},{"@type":"WebSite","@id":"https:\/\/limpol.pl\/#website","url":"https:\/\/limpol.pl\/","name":"Limpol - Distributor of food products | Import Export","description":"Importer and exporter of food products","potentialAction":[{"@type":"SearchAction","target":{"@type":"EntryPoint","urlTemplate":"https:\/\/limpol.pl\/?s={search_term_string}"},"query-input":{"@type":"PropertyValueSpecification","valueRequired":true,"valueName":"search_term_string"}}],"inLanguage":"en-GB"}]}},"_links":{"self":[{"href":"https:\/\/limpol.pl\/en\/wp-json\/wp\/v2\/product\/3711","targetHints":{"allow":["GET"]}}],"collection":[{"href":"https:\/\/limpol.pl\/en\/wp-json\/wp\/v2\/product"}],"about":[{"href":"https:\/\/limpol.pl\/en\/wp-json\/wp\/v2\/types\/product"}],"wp:featuredmedia":[{"embeddable":true,"href":"https:\/\/limpol.pl\/en\/wp-json\/wp\/v2\/media\/5605"}],"wp:attachment":[{"href":"https:\/\/limpol.pl\/en\/wp-json\/wp\/v2\/media?parent=3711"}],"wp:term":[{"taxonomy":"product_brand","embeddable":true,"href":"https:\/\/limpol.pl\/en\/wp-json\/wp\/v2\/product_brand?post=3711"},{"taxonomy":"product_cat","embeddable":true,"href":"https:\/\/limpol.pl\/en\/wp-json\/wp\/v2\/product_cat?post=3711"},{"taxonomy":"product_tag","embeddable":true,"href":"https:\/\/limpol.pl\/en\/wp-json\/wp\/v2\/product_tag?post=3711"}],"curies":[{"name":"wp","href":"https:\/\/api.w.org\/{rel}","templated":true}]}}