{"id":3978,"date":"2020-09-24T14:55:10","date_gmt":"2020-09-24T12:55:10","guid":{"rendered":"https:\/\/limpol.pl\/?post_type=product&#038;p=3978"},"modified":"2025-11-18T13:55:17","modified_gmt":"2025-11-18T12:55:17","slug":"sun-dried-tomato-strips-in-sunflower-oil","status":"publish","type":"product","link":"https:\/\/limpol.pl\/en\/products\/sun-dried-tomato-strips-in-sunflower-oil\/","title":{"rendered":"Sun-dried tomato strips in sunflower oil"},"content":{"rendered":"<p>This is a large portion of sealed sun-dried tomatoes, created for restaurants that serve Italian delicacies.<br \/>\nSun-dried tomatoes have a wide range of uses. They appear as an ingredient in many salads and pizzas. They are also increasingly used as an accompaniment to meat and fish tartares, pates and mousses. Many cooks also add them to their dry baked goods - focaccia, grissini, small buns.<br \/>\nDried tomatoes cut into strips are a very convenient solution for quick and easy use. They are soft and juicy. They will add a unique flavour to any dish.<\/p>","protected":false},"excerpt":{"rendered":"<p>To du\u017ca porcja szczelnie zamkni\u0119tych suszonych pomidor\u00f3w, stworzona z my\u015bl\u0105 o restauracjach, kt\u00f3re serwuj\u0105 przysmaki kuchni w\u0142oskiej. Suszone pomidory maj\u0105 szerokie zastosowanie. Pojawiaj\u0105 si\u0119 jako sk\u0142adnik wielu sa\u0142atek i pizzy. Coraz cz\u0119\u015bciej stosuje si\u0119 je tak\u017ce jako dodatek do mi\u0119snych i rybnych tatar\u00f3w, pasztet\u00f3w i mus\u00f3w. Wielu kucharzy dodaje je r\u00f3wnie\u017c do swoich wytrawnych wypiek\u00f3w [&hellip;]<\/p>\n","protected":false},"featured_media":5566,"template":"","meta":[],"product_brand":[],"product_cat":[845,299],"product_tag":[],"class_list":{"0":"post-3978","1":"product","2":"type-product","3":"status-publish","4":"has-post-thumbnail","6":"product_cat-dla-pizzerii-i-trattorii","7":"product_cat-przetwory-pomidorowe","8":"pa_atrybut-detal-horeca-horeca","9":"pa_ilosc-sztuk-na-palecie-810","10":"pa_ilosc-sztuk-na-warstwie-809","11":"pa_masa-netto-1000g","12":"pa_sztuk-w-kartonie-173","14":"first","15":"instock","16":"shipping-taxable","17":"product-type-simple"},"yoast_head":"<!-- This site is optimized with the Yoast SEO plugin v27.3 - https:\/\/yoast.com\/product\/yoast-seo-wordpress\/ -->\n<title>Pomidory suszone na s\u0142o\u0144cu paski w oleju s\u0142onecznikowym - Limpol - Dystrybutor produkt\u00f3w spo\u017cywczych | Import Eksport<\/title>\n<meta name=\"robots\" content=\"index, follow, max-snippet:-1, max-image-preview:large, max-video-preview:-1\" \/>\n<link rel=\"canonical\" href=\"https:\/\/limpol.pl\/en\/products\/sun-dried-tomato-strips-in-sunflower-oil\/\" \/>\n<meta property=\"og:locale\" content=\"en_GB\" \/>\n<meta property=\"og:type\" content=\"article\" \/>\n<meta property=\"og:title\" content=\"Pomidory suszone na s\u0142o\u0144cu paski w oleju s\u0142onecznikowym - Limpol - Dystrybutor produkt\u00f3w spo\u017cywczych | Import Eksport\" \/>\n<meta property=\"og:description\" content=\"To du\u017ca porcja szczelnie zamkni\u0119tych suszonych pomidor\u00f3w, stworzona z my\u015bl\u0105 o restauracjach, kt\u00f3re serwuj\u0105 przysmaki kuchni w\u0142oskiej. Suszone pomidory maj\u0105 szerokie zastosowanie. Pojawiaj\u0105 si\u0119 jako sk\u0142adnik wielu sa\u0142atek i pizzy. Coraz cz\u0119\u015bciej stosuje si\u0119 je tak\u017ce jako dodatek do mi\u0119snych i rybnych tatar\u00f3w, pasztet\u00f3w i mus\u00f3w. Wielu kucharzy dodaje je r\u00f3wnie\u017c do swoich wytrawnych wypiek\u00f3w [&hellip;]\" \/>\n<meta property=\"og:url\" content=\"https:\/\/limpol.pl\/en\/products\/sun-dried-tomato-strips-in-sunflower-oil\/\" \/>\n<meta property=\"og:site_name\" content=\"Limpol - Dystrybutor produkt\u00f3w spo\u017cywczych | Import Eksport\" \/>\n<meta property=\"article:publisher\" content=\"https:\/\/www.facebook.com\/firmalimpol\/\" \/>\n<meta property=\"article:modified_time\" content=\"2025-11-18T12:55:17+00:00\" \/>\n<meta property=\"og:image\" content=\"https:\/\/limpol.pl\/wp-content\/uploads\/2020\/09\/pomidory-suszone-paski-olej-1000-CIEN.jpg\" \/>\n\t<meta property=\"og:image:width\" content=\"1000\" \/>\n\t<meta property=\"og:image:height\" content=\"1000\" \/>\n\t<meta property=\"og:image:type\" content=\"image\/jpeg\" \/>\n<meta name=\"twitter:card\" content=\"summary_large_image\" \/>\n<meta name=\"twitter:label1\" content=\"Estimated reading time\" \/>\n\t<meta name=\"twitter:data1\" content=\"1 minute\" \/>\n<script type=\"application\/ld+json\" class=\"yoast-schema-graph\">{\"@context\":\"https:\\\/\\\/schema.org\",\"@graph\":[{\"@type\":\"WebPage\",\"@id\":\"https:\\\/\\\/limpol.pl\\\/produkty\\\/pomidory-suszone-na-sloncu-paski-w-oleju-slonecznikowym\\\/\",\"url\":\"https:\\\/\\\/limpol.pl\\\/produkty\\\/pomidory-suszone-na-sloncu-paski-w-oleju-slonecznikowym\\\/\",\"name\":\"Pomidory suszone na s\u0142o\u0144cu paski w oleju s\u0142onecznikowym - Limpol - Dystrybutor produkt\u00f3w spo\u017cywczych | Import Eksport\",\"isPartOf\":{\"@id\":\"https:\\\/\\\/limpol.pl\\\/#website\"},\"primaryImageOfPage\":{\"@id\":\"https:\\\/\\\/limpol.pl\\\/produkty\\\/pomidory-suszone-na-sloncu-paski-w-oleju-slonecznikowym\\\/#primaryimage\"},\"image\":{\"@id\":\"https:\\\/\\\/limpol.pl\\\/produkty\\\/pomidory-suszone-na-sloncu-paski-w-oleju-slonecznikowym\\\/#primaryimage\"},\"thumbnailUrl\":\"https:\\\/\\\/limpol.pl\\\/wp-content\\\/uploads\\\/2020\\\/09\\\/pomidory-suszone-paski-olej-1000-CIEN.jpg\",\"datePublished\":\"2020-09-24T12:55:10+00:00\",\"dateModified\":\"2025-11-18T12:55:17+00:00\",\"breadcrumb\":{\"@id\":\"https:\\\/\\\/limpol.pl\\\/produkty\\\/pomidory-suszone-na-sloncu-paski-w-oleju-slonecznikowym\\\/#breadcrumb\"},\"inLanguage\":\"en-GB\",\"potentialAction\":[{\"@type\":\"ReadAction\",\"target\":[\"https:\\\/\\\/limpol.pl\\\/produkty\\\/pomidory-suszone-na-sloncu-paski-w-oleju-slonecznikowym\\\/\"]}]},{\"@type\":\"ImageObject\",\"inLanguage\":\"en-GB\",\"@id\":\"https:\\\/\\\/limpol.pl\\\/produkty\\\/pomidory-suszone-na-sloncu-paski-w-oleju-slonecznikowym\\\/#primaryimage\",\"url\":\"https:\\\/\\\/limpol.pl\\\/wp-content\\\/uploads\\\/2020\\\/09\\\/pomidory-suszone-paski-olej-1000-CIEN.jpg\",\"contentUrl\":\"https:\\\/\\\/limpol.pl\\\/wp-content\\\/uploads\\\/2020\\\/09\\\/pomidory-suszone-paski-olej-1000-CIEN.jpg\",\"width\":1000,\"height\":1000},{\"@type\":\"BreadcrumbList\",\"@id\":\"https:\\\/\\\/limpol.pl\\\/produkty\\\/pomidory-suszone-na-sloncu-paski-w-oleju-slonecznikowym\\\/#breadcrumb\",\"itemListElement\":[{\"@type\":\"ListItem\",\"position\":1,\"name\":\"Strona g\u0142\u00f3wna\",\"item\":\"https:\\\/\\\/limpol.pl\\\/\"},{\"@type\":\"ListItem\",\"position\":2,\"name\":\"Produkty\",\"item\":\"https:\\\/\\\/limpol.pl\\\/shop\\\/\"},{\"@type\":\"ListItem\",\"position\":3,\"name\":\"Pomidory suszone na s\u0142o\u0144cu paski w oleju s\u0142onecznikowym\"}]},{\"@type\":\"WebSite\",\"@id\":\"https:\\\/\\\/limpol.pl\\\/#website\",\"url\":\"https:\\\/\\\/limpol.pl\\\/\",\"name\":\"Limpol - Dystrybutor produkt\u00f3w spo\u017cywczych | Import Eksport\",\"description\":\"Importer i eksporter produkt\u00f3w spo\u017cywczych\",\"potentialAction\":[{\"@type\":\"SearchAction\",\"target\":{\"@type\":\"EntryPoint\",\"urlTemplate\":\"https:\\\/\\\/limpol.pl\\\/?s={search_term_string}\"},\"query-input\":{\"@type\":\"PropertyValueSpecification\",\"valueRequired\":true,\"valueName\":\"search_term_string\"}}],\"inLanguage\":\"en-GB\"}]}<\/script>\n<!-- \/ Yoast SEO plugin. -->","yoast_head_json":{"title":"Sun-dried tomatoes strips in sunflower oil - Limpol - Distributor of food products | Import Export","robots":{"index":"index","follow":"follow","max-snippet":"max-snippet:-1","max-image-preview":"max-image-preview:large","max-video-preview":"max-video-preview:-1"},"canonical":"https:\/\/limpol.pl\/en\/products\/sun-dried-tomato-strips-in-sunflower-oil\/","og_locale":"en_GB","og_type":"article","og_title":"Pomidory suszone na s\u0142o\u0144cu paski w oleju s\u0142onecznikowym - Limpol - Dystrybutor produkt\u00f3w spo\u017cywczych | Import Eksport","og_description":"To du\u017ca porcja szczelnie zamkni\u0119tych suszonych pomidor\u00f3w, stworzona z my\u015bl\u0105 o restauracjach, kt\u00f3re serwuj\u0105 przysmaki kuchni w\u0142oskiej. Suszone pomidory maj\u0105 szerokie zastosowanie. Pojawiaj\u0105 si\u0119 jako sk\u0142adnik wielu sa\u0142atek i pizzy. Coraz cz\u0119\u015bciej stosuje si\u0119 je tak\u017ce jako dodatek do mi\u0119snych i rybnych tatar\u00f3w, pasztet\u00f3w i mus\u00f3w. Wielu kucharzy dodaje je r\u00f3wnie\u017c do swoich wytrawnych wypiek\u00f3w [&hellip;]","og_url":"https:\/\/limpol.pl\/en\/products\/sun-dried-tomato-strips-in-sunflower-oil\/","og_site_name":"Limpol - Dystrybutor produkt\u00f3w spo\u017cywczych | Import Eksport","article_publisher":"https:\/\/www.facebook.com\/firmalimpol\/","article_modified_time":"2025-11-18T12:55:17+00:00","og_image":[{"width":1000,"height":1000,"url":"https:\/\/limpol.pl\/wp-content\/uploads\/2020\/09\/pomidory-suszone-paski-olej-1000-CIEN.jpg","type":"image\/jpeg"}],"twitter_card":"summary_large_image","twitter_misc":{"Estimated reading time":"1 minute"},"schema":{"@context":"https:\/\/schema.org","@graph":[{"@type":"WebPage","@id":"https:\/\/limpol.pl\/produkty\/pomidory-suszone-na-sloncu-paski-w-oleju-slonecznikowym\/","url":"https:\/\/limpol.pl\/produkty\/pomidory-suszone-na-sloncu-paski-w-oleju-slonecznikowym\/","name":"Sun-dried tomatoes strips in sunflower oil - Limpol - Distributor of food products | Import Export","isPartOf":{"@id":"https:\/\/limpol.pl\/#website"},"primaryImageOfPage":{"@id":"https:\/\/limpol.pl\/produkty\/pomidory-suszone-na-sloncu-paski-w-oleju-slonecznikowym\/#primaryimage"},"image":{"@id":"https:\/\/limpol.pl\/produkty\/pomidory-suszone-na-sloncu-paski-w-oleju-slonecznikowym\/#primaryimage"},"thumbnailUrl":"https:\/\/limpol.pl\/wp-content\/uploads\/2020\/09\/pomidory-suszone-paski-olej-1000-CIEN.jpg","datePublished":"2020-09-24T12:55:10+00:00","dateModified":"2025-11-18T12:55:17+00:00","breadcrumb":{"@id":"https:\/\/limpol.pl\/produkty\/pomidory-suszone-na-sloncu-paski-w-oleju-slonecznikowym\/#breadcrumb"},"inLanguage":"en-GB","potentialAction":[{"@type":"ReadAction","target":["https:\/\/limpol.pl\/produkty\/pomidory-suszone-na-sloncu-paski-w-oleju-slonecznikowym\/"]}]},{"@type":"ImageObject","inLanguage":"en-GB","@id":"https:\/\/limpol.pl\/produkty\/pomidory-suszone-na-sloncu-paski-w-oleju-slonecznikowym\/#primaryimage","url":"https:\/\/limpol.pl\/wp-content\/uploads\/2020\/09\/pomidory-suszone-paski-olej-1000-CIEN.jpg","contentUrl":"https:\/\/limpol.pl\/wp-content\/uploads\/2020\/09\/pomidory-suszone-paski-olej-1000-CIEN.jpg","width":1000,"height":1000},{"@type":"BreadcrumbList","@id":"https:\/\/limpol.pl\/produkty\/pomidory-suszone-na-sloncu-paski-w-oleju-slonecznikowym\/#breadcrumb","itemListElement":[{"@type":"ListItem","position":1,"name":"Strona g\u0142\u00f3wna","item":"https:\/\/limpol.pl\/"},{"@type":"ListItem","position":2,"name":"Produkty","item":"https:\/\/limpol.pl\/shop\/"},{"@type":"ListItem","position":3,"name":"Pomidory suszone na s\u0142o\u0144cu paski w oleju s\u0142onecznikowym"}]},{"@type":"WebSite","@id":"https:\/\/limpol.pl\/#website","url":"https:\/\/limpol.pl\/","name":"Limpol - Distributor of food products | Import Export","description":"Importer and exporter of food products","potentialAction":[{"@type":"SearchAction","target":{"@type":"EntryPoint","urlTemplate":"https:\/\/limpol.pl\/?s={search_term_string}"},"query-input":{"@type":"PropertyValueSpecification","valueRequired":true,"valueName":"search_term_string"}}],"inLanguage":"en-GB"}]}},"_links":{"self":[{"href":"https:\/\/limpol.pl\/en\/wp-json\/wp\/v2\/product\/3978","targetHints":{"allow":["GET"]}}],"collection":[{"href":"https:\/\/limpol.pl\/en\/wp-json\/wp\/v2\/product"}],"about":[{"href":"https:\/\/limpol.pl\/en\/wp-json\/wp\/v2\/types\/product"}],"wp:featuredmedia":[{"embeddable":true,"href":"https:\/\/limpol.pl\/en\/wp-json\/wp\/v2\/media\/5566"}],"wp:attachment":[{"href":"https:\/\/limpol.pl\/en\/wp-json\/wp\/v2\/media?parent=3978"}],"wp:term":[{"taxonomy":"product_brand","embeddable":true,"href":"https:\/\/limpol.pl\/en\/wp-json\/wp\/v2\/product_brand?post=3978"},{"taxonomy":"product_cat","embeddable":true,"href":"https:\/\/limpol.pl\/en\/wp-json\/wp\/v2\/product_cat?post=3978"},{"taxonomy":"product_tag","embeddable":true,"href":"https:\/\/limpol.pl\/en\/wp-json\/wp\/v2\/product_tag?post=3978"}],"curies":[{"name":"wp","href":"https:\/\/api.w.org\/{rel}","templated":true}]}}