{"id":4033,"date":"2020-10-26T13:30:26","date_gmt":"2020-10-26T12:30:26","guid":{"rendered":"https:\/\/limpol.pl\/?post_type=product&#038;p=4033"},"modified":"2022-01-13T14:39:07","modified_gmt":"2022-01-13T13:39:07","slug":"stoned-cherries-in-light-syrup","status":"publish","type":"product","link":"https:\/\/limpol.pl\/en\/products\/stoned-cherries-in-light-syrup\/","title":{"rendered":"Dried cherries in light syrup"},"content":{"rendered":"<p>Who doesn't love cherries? The cherry season is short-lived and many of us feel unsatisfied and sad when their time comes to an end. Thanks to our proposal, you can reach for them all year round. Closed in the original jar, the firm and sweet fruit without seeds is reminiscent of the preserves from grandma's pantry. They are hard to resist!<\/p>","protected":false},"excerpt":{"rendered":"<p>Who doesn't love cherries? The cherry season is short-lived and many of us feel unsatisfied and sad when their time comes to an end. Thanks to our proposal, you can reach for them all year round. Closed in the original jar, the firm and sweet fruit without seeds is reminiscent of the preserves from grandma's pantry. They are hard to resist!<\/p>","protected":false},"featured_media":4661,"template":"","meta":[],"product_brand":[],"product_cat":[57,258],"product_tag":[],"class_list":{"0":"post-4033","1":"product","2":"type-product","3":"status-publish","4":"has-post-thumbnail","6":"product_cat-produkty-vera","7":"product_cat-przetwory-owocowe","8":"pa_atrybut-detal-horeca-detal","9":"pa_ilosc-sztuk-na-palecie-158","10":"pa_ilosc-sztuk-na-warstwie-814","11":"pa_masa-netto-550g","12":"pa_masa-po-odsaczeniu-280g","13":"pa_sztuk-w-kartonie-79","15":"first","16":"instock","17":"shipping-taxable","18":"product-type-simple"},"yoast_head":"<!-- This site is optimized with the Yoast SEO plugin v27.3 - https:\/\/yoast.com\/product\/yoast-seo-wordpress\/ -->\n<title>Czere\u015bnie drylowane w lekkim syropie - Limpol - Dystrybutor produkt\u00f3w spo\u017cywczych | Import Eksport<\/title>\n<meta name=\"robots\" content=\"index, follow, max-snippet:-1, max-image-preview:large, max-video-preview:-1\" \/>\n<link rel=\"canonical\" href=\"https:\/\/limpol.pl\/en\/products\/stoned-cherries-in-light-syrup\/\" \/>\n<meta property=\"og:locale\" content=\"en_GB\" \/>\n<meta property=\"og:type\" content=\"article\" \/>\n<meta property=\"og:title\" content=\"Czere\u015bnie drylowane w lekkim syropie - Limpol - Dystrybutor produkt\u00f3w spo\u017cywczych | Import Eksport\" \/>\n<meta property=\"og:description\" content=\"Kto nie uwielbia czere\u015bni ? Sezon na nie trwa kr\u00f3tko i wielu z nas odczuwa niedosyt i \u017cal kiedy ko\u0144czy si\u0119 ich czas. Dzi\u0119ki naszej propozycji mo\u017cesz si\u0119ga\u0107 po nie przez ca\u0142y rok. Zamkni\u0119te w oryginalnym s\u0142oiku, j\u0119drne i s\u0142odkie owoce bez pestek przypominaj\u0105 przetwory z babcinej spi\u017carni. Trudno im si\u0119 oprze\u0107!\" \/>\n<meta property=\"og:url\" content=\"https:\/\/limpol.pl\/en\/products\/stoned-cherries-in-light-syrup\/\" \/>\n<meta property=\"og:site_name\" content=\"Limpol - Dystrybutor produkt\u00f3w spo\u017cywczych | Import Eksport\" \/>\n<meta property=\"article:publisher\" content=\"https:\/\/www.facebook.com\/firmalimpol\/\" \/>\n<meta property=\"article:modified_time\" content=\"2022-01-13T13:39:07+00:00\" \/>\n<meta property=\"og:image\" content=\"https:\/\/limpol.pl\/wp-content\/uploads\/2020\/10\/czeresnie-limpol.jpg\" \/>\n\t<meta property=\"og:image:width\" content=\"1000\" \/>\n\t<meta property=\"og:image:height\" content=\"1000\" \/>\n\t<meta property=\"og:image:type\" content=\"image\/jpeg\" \/>\n<meta name=\"twitter:card\" content=\"summary_large_image\" \/>\n<script type=\"application\/ld+json\" class=\"yoast-schema-graph\">{\"@context\":\"https:\\\/\\\/schema.org\",\"@graph\":[{\"@type\":\"WebPage\",\"@id\":\"https:\\\/\\\/limpol.pl\\\/produkty\\\/czeresnie-drylowane-w-lekkim-syropie\\\/\",\"url\":\"https:\\\/\\\/limpol.pl\\\/produkty\\\/czeresnie-drylowane-w-lekkim-syropie\\\/\",\"name\":\"Czere\u015bnie drylowane w lekkim syropie - Limpol - Dystrybutor produkt\u00f3w spo\u017cywczych | Import Eksport\",\"isPartOf\":{\"@id\":\"https:\\\/\\\/limpol.pl\\\/#website\"},\"primaryImageOfPage\":{\"@id\":\"https:\\\/\\\/limpol.pl\\\/produkty\\\/czeresnie-drylowane-w-lekkim-syropie\\\/#primaryimage\"},\"image\":{\"@id\":\"https:\\\/\\\/limpol.pl\\\/produkty\\\/czeresnie-drylowane-w-lekkim-syropie\\\/#primaryimage\"},\"thumbnailUrl\":\"https:\\\/\\\/limpol.pl\\\/wp-content\\\/uploads\\\/2020\\\/10\\\/czeresnie-limpol.jpg\",\"datePublished\":\"2020-10-26T12:30:26+00:00\",\"dateModified\":\"2022-01-13T13:39:07+00:00\",\"breadcrumb\":{\"@id\":\"https:\\\/\\\/limpol.pl\\\/produkty\\\/czeresnie-drylowane-w-lekkim-syropie\\\/#breadcrumb\"},\"inLanguage\":\"en-GB\",\"potentialAction\":[{\"@type\":\"ReadAction\",\"target\":[\"https:\\\/\\\/limpol.pl\\\/produkty\\\/czeresnie-drylowane-w-lekkim-syropie\\\/\"]}]},{\"@type\":\"ImageObject\",\"inLanguage\":\"en-GB\",\"@id\":\"https:\\\/\\\/limpol.pl\\\/produkty\\\/czeresnie-drylowane-w-lekkim-syropie\\\/#primaryimage\",\"url\":\"https:\\\/\\\/limpol.pl\\\/wp-content\\\/uploads\\\/2020\\\/10\\\/czeresnie-limpol.jpg\",\"contentUrl\":\"https:\\\/\\\/limpol.pl\\\/wp-content\\\/uploads\\\/2020\\\/10\\\/czeresnie-limpol.jpg\",\"width\":1000,\"height\":1000},{\"@type\":\"BreadcrumbList\",\"@id\":\"https:\\\/\\\/limpol.pl\\\/produkty\\\/czeresnie-drylowane-w-lekkim-syropie\\\/#breadcrumb\",\"itemListElement\":[{\"@type\":\"ListItem\",\"position\":1,\"name\":\"Strona g\u0142\u00f3wna\",\"item\":\"https:\\\/\\\/limpol.pl\\\/\"},{\"@type\":\"ListItem\",\"position\":2,\"name\":\"Produkty\",\"item\":\"https:\\\/\\\/limpol.pl\\\/shop\\\/\"},{\"@type\":\"ListItem\",\"position\":3,\"name\":\"Czere\u015bnie drylowane w lekkim syropie\"}]},{\"@type\":\"WebSite\",\"@id\":\"https:\\\/\\\/limpol.pl\\\/#website\",\"url\":\"https:\\\/\\\/limpol.pl\\\/\",\"name\":\"Limpol - Dystrybutor produkt\u00f3w spo\u017cywczych | Import Eksport\",\"description\":\"Importer i eksporter produkt\u00f3w spo\u017cywczych\",\"potentialAction\":[{\"@type\":\"SearchAction\",\"target\":{\"@type\":\"EntryPoint\",\"urlTemplate\":\"https:\\\/\\\/limpol.pl\\\/?s={search_term_string}\"},\"query-input\":{\"@type\":\"PropertyValueSpecification\",\"valueRequired\":true,\"valueName\":\"search_term_string\"}}],\"inLanguage\":\"en-GB\"}]}<\/script>\n<!-- \/ Yoast SEO plugin. -->","yoast_head_json":{"title":"Dried cherries in light syrup - Limpol - Distributor of food products | Import Export","robots":{"index":"index","follow":"follow","max-snippet":"max-snippet:-1","max-image-preview":"max-image-preview:large","max-video-preview":"max-video-preview:-1"},"canonical":"https:\/\/limpol.pl\/en\/products\/stoned-cherries-in-light-syrup\/","og_locale":"en_GB","og_type":"article","og_title":"Czere\u015bnie drylowane w lekkim syropie - Limpol - Dystrybutor produkt\u00f3w spo\u017cywczych | Import Eksport","og_description":"Kto nie uwielbia czere\u015bni ? Sezon na nie trwa kr\u00f3tko i wielu z nas odczuwa niedosyt i \u017cal kiedy ko\u0144czy si\u0119 ich czas. Dzi\u0119ki naszej propozycji mo\u017cesz si\u0119ga\u0107 po nie przez ca\u0142y rok. Zamkni\u0119te w oryginalnym s\u0142oiku, j\u0119drne i s\u0142odkie owoce bez pestek przypominaj\u0105 przetwory z babcinej spi\u017carni. Trudno im si\u0119 oprze\u0107!","og_url":"https:\/\/limpol.pl\/en\/products\/stoned-cherries-in-light-syrup\/","og_site_name":"Limpol - Dystrybutor produkt\u00f3w spo\u017cywczych | Import Eksport","article_publisher":"https:\/\/www.facebook.com\/firmalimpol\/","article_modified_time":"2022-01-13T13:39:07+00:00","og_image":[{"width":1000,"height":1000,"url":"https:\/\/limpol.pl\/wp-content\/uploads\/2020\/10\/czeresnie-limpol.jpg","type":"image\/jpeg"}],"twitter_card":"summary_large_image","schema":{"@context":"https:\/\/schema.org","@graph":[{"@type":"WebPage","@id":"https:\/\/limpol.pl\/produkty\/czeresnie-drylowane-w-lekkim-syropie\/","url":"https:\/\/limpol.pl\/produkty\/czeresnie-drylowane-w-lekkim-syropie\/","name":"Dried cherries in light syrup - Limpol - Distributor of food products | Import Export","isPartOf":{"@id":"https:\/\/limpol.pl\/#website"},"primaryImageOfPage":{"@id":"https:\/\/limpol.pl\/produkty\/czeresnie-drylowane-w-lekkim-syropie\/#primaryimage"},"image":{"@id":"https:\/\/limpol.pl\/produkty\/czeresnie-drylowane-w-lekkim-syropie\/#primaryimage"},"thumbnailUrl":"https:\/\/limpol.pl\/wp-content\/uploads\/2020\/10\/czeresnie-limpol.jpg","datePublished":"2020-10-26T12:30:26+00:00","dateModified":"2022-01-13T13:39:07+00:00","breadcrumb":{"@id":"https:\/\/limpol.pl\/produkty\/czeresnie-drylowane-w-lekkim-syropie\/#breadcrumb"},"inLanguage":"en-GB","potentialAction":[{"@type":"ReadAction","target":["https:\/\/limpol.pl\/produkty\/czeresnie-drylowane-w-lekkim-syropie\/"]}]},{"@type":"ImageObject","inLanguage":"en-GB","@id":"https:\/\/limpol.pl\/produkty\/czeresnie-drylowane-w-lekkim-syropie\/#primaryimage","url":"https:\/\/limpol.pl\/wp-content\/uploads\/2020\/10\/czeresnie-limpol.jpg","contentUrl":"https:\/\/limpol.pl\/wp-content\/uploads\/2020\/10\/czeresnie-limpol.jpg","width":1000,"height":1000},{"@type":"BreadcrumbList","@id":"https:\/\/limpol.pl\/produkty\/czeresnie-drylowane-w-lekkim-syropie\/#breadcrumb","itemListElement":[{"@type":"ListItem","position":1,"name":"Strona g\u0142\u00f3wna","item":"https:\/\/limpol.pl\/"},{"@type":"ListItem","position":2,"name":"Produkty","item":"https:\/\/limpol.pl\/shop\/"},{"@type":"ListItem","position":3,"name":"Czere\u015bnie drylowane w lekkim syropie"}]},{"@type":"WebSite","@id":"https:\/\/limpol.pl\/#website","url":"https:\/\/limpol.pl\/","name":"Limpol - Distributor of food products | Import Export","description":"Importer and exporter of food products","potentialAction":[{"@type":"SearchAction","target":{"@type":"EntryPoint","urlTemplate":"https:\/\/limpol.pl\/?s={search_term_string}"},"query-input":{"@type":"PropertyValueSpecification","valueRequired":true,"valueName":"search_term_string"}}],"inLanguage":"en-GB"}]}},"_links":{"self":[{"href":"https:\/\/limpol.pl\/en\/wp-json\/wp\/v2\/product\/4033","targetHints":{"allow":["GET"]}}],"collection":[{"href":"https:\/\/limpol.pl\/en\/wp-json\/wp\/v2\/product"}],"about":[{"href":"https:\/\/limpol.pl\/en\/wp-json\/wp\/v2\/types\/product"}],"wp:featuredmedia":[{"embeddable":true,"href":"https:\/\/limpol.pl\/en\/wp-json\/wp\/v2\/media\/4661"}],"wp:attachment":[{"href":"https:\/\/limpol.pl\/en\/wp-json\/wp\/v2\/media?parent=4033"}],"wp:term":[{"taxonomy":"product_brand","embeddable":true,"href":"https:\/\/limpol.pl\/en\/wp-json\/wp\/v2\/product_brand?post=4033"},{"taxonomy":"product_cat","embeddable":true,"href":"https:\/\/limpol.pl\/en\/wp-json\/wp\/v2\/product_cat?post=4033"},{"taxonomy":"product_tag","embeddable":true,"href":"https:\/\/limpol.pl\/en\/wp-json\/wp\/v2\/product_tag?post=4033"}],"curies":[{"name":"wp","href":"https:\/\/api.w.org\/{rel}","templated":true}]}}