{"id":4366,"date":"2021-05-13T19:32:11","date_gmt":"2021-05-13T17:32:11","guid":{"rendered":"https:\/\/limpol.pl\/?post_type=product&#038;p=4366"},"modified":"2024-12-11T12:18:14","modified_gmt":"2024-12-11T11:18:14","slug":"artichokes-in-brine-can","status":"publish","type":"product","link":"https:\/\/limpol.pl\/en\/products\/artichokes-in-brine-can\/","title":{"rendered":"Artichokes quarters in brine, canned"},"content":{"rendered":"<p>Artichokes in marinade are a real delicacy in Mediterranean cuisine, appreciated for their exceptional taste and culinary versatility. Delicate, carefully selected artichoke hearts immersed in an aromatic marinade make an excellent addition to salads, pizzas, pasta and grilled dishes. Thanks to the marinating process, artichokes retain their qualities and characteristic, slightly sour taste. Artichokes in marinade are an inspiring ingredient that will add a sophisticated touch to everyday meals and special occasions.<\/p>","protected":false},"excerpt":{"rendered":"<p>Karczochy w zalewie to prawdziwy rarytas w kuchni \u015br\u00f3dziemnomorskiej, doceniany za wyj\u0105tkowy smak i wszechstronno\u015b\u0107 kulinarn\u0105. Delikatne, starannie wyselekcjonowane serca karczoch\u00f3w, zanurzone w aromatycznej zalewie, stanowi\u0105 doskona\u0142y dodatek do sa\u0142atek, pizzy, makaron\u00f3w oraz da\u0144 z grilla. Dzi\u0119ki procesowi marynowania, karczochy zachowuj\u0105 swoje walory a tak\u017ce charakterystyczny, lekko kwaskowaty smak. Karczochy w zalewie to inspiruj\u0105cy sk\u0142adnik, [&hellip;]<\/p>\n","protected":false},"featured_media":5448,"template":"","meta":[],"product_brand":[],"product_cat":[845,57,258],"product_tag":[],"class_list":{"0":"post-4366","1":"product","2":"type-product","3":"status-publish","4":"has-post-thumbnail","6":"product_cat-dla-pizzerii-i-trattorii","7":"product_cat-produkty-vera","8":"product_cat-przetwory-owocowe","9":"pa_atrybut-detal-horeca-horeca","10":"pa_ilosc-sztuk-na-palecie-203","11":"pa_masa-netto-2500g","12":"pa_masa-po-odsaczeniu-1550g","13":"pa_sztuk-w-kartonie-115","15":"first","16":"instock","17":"shipping-taxable","18":"product-type-simple"},"yoast_head":"<!-- This site is optimized with the Yoast SEO plugin v27.3 - https:\/\/yoast.com\/product\/yoast-seo-wordpress\/ -->\n<title>Karczochy \u0107wiartki w zalewie, puszka - Limpol - Dystrybutor produkt\u00f3w spo\u017cywczych | Import Eksport<\/title>\n<meta name=\"robots\" content=\"index, follow, max-snippet:-1, max-image-preview:large, max-video-preview:-1\" \/>\n<link rel=\"canonical\" href=\"https:\/\/limpol.pl\/en\/products\/artichokes-in-brine-can\/\" \/>\n<meta property=\"og:locale\" content=\"en_GB\" \/>\n<meta property=\"og:type\" content=\"article\" \/>\n<meta property=\"og:title\" content=\"Karczochy \u0107wiartki w zalewie, puszka - Limpol - Dystrybutor produkt\u00f3w spo\u017cywczych | Import Eksport\" \/>\n<meta property=\"og:description\" content=\"Karczochy w zalewie to prawdziwy rarytas w kuchni \u015br\u00f3dziemnomorskiej, doceniany za wyj\u0105tkowy smak i wszechstronno\u015b\u0107 kulinarn\u0105. Delikatne, starannie wyselekcjonowane serca karczoch\u00f3w, zanurzone w aromatycznej zalewie, stanowi\u0105 doskona\u0142y dodatek do sa\u0142atek, pizzy, makaron\u00f3w oraz da\u0144 z grilla. Dzi\u0119ki procesowi marynowania, karczochy zachowuj\u0105 swoje walory a tak\u017ce charakterystyczny, lekko kwaskowaty smak. Karczochy w zalewie to inspiruj\u0105cy sk\u0142adnik, [&hellip;]\" \/>\n<meta property=\"og:url\" content=\"https:\/\/limpol.pl\/en\/products\/artichokes-in-brine-can\/\" \/>\n<meta property=\"og:site_name\" content=\"Limpol - Dystrybutor produkt\u00f3w spo\u017cywczych | Import Eksport\" \/>\n<meta property=\"article:publisher\" content=\"https:\/\/www.facebook.com\/firmalimpol\/\" \/>\n<meta property=\"article:modified_time\" content=\"2024-12-11T11:18:14+00:00\" \/>\n<meta property=\"og:image\" content=\"https:\/\/limpol.pl\/wp-content\/uploads\/2021\/05\/karczochy-2500-CIEN.jpg\" \/>\n\t<meta property=\"og:image:width\" content=\"1000\" \/>\n\t<meta property=\"og:image:height\" content=\"1000\" \/>\n\t<meta property=\"og:image:type\" content=\"image\/jpeg\" \/>\n<meta name=\"twitter:card\" content=\"summary_large_image\" \/>\n<meta name=\"twitter:label1\" content=\"Estimated reading time\" \/>\n\t<meta name=\"twitter:data1\" content=\"1 minute\" \/>\n<script type=\"application\/ld+json\" class=\"yoast-schema-graph\">{\"@context\":\"https:\\\/\\\/schema.org\",\"@graph\":[{\"@type\":\"WebPage\",\"@id\":\"https:\\\/\\\/limpol.pl\\\/produkty\\\/karczochy-cwiartki-w-zalewie-puszka\\\/\",\"url\":\"https:\\\/\\\/limpol.pl\\\/produkty\\\/karczochy-cwiartki-w-zalewie-puszka\\\/\",\"name\":\"Karczochy \u0107wiartki w zalewie, puszka - Limpol - Dystrybutor produkt\u00f3w spo\u017cywczych | Import Eksport\",\"isPartOf\":{\"@id\":\"https:\\\/\\\/limpol.pl\\\/#website\"},\"primaryImageOfPage\":{\"@id\":\"https:\\\/\\\/limpol.pl\\\/produkty\\\/karczochy-cwiartki-w-zalewie-puszka\\\/#primaryimage\"},\"image\":{\"@id\":\"https:\\\/\\\/limpol.pl\\\/produkty\\\/karczochy-cwiartki-w-zalewie-puszka\\\/#primaryimage\"},\"thumbnailUrl\":\"https:\\\/\\\/limpol.pl\\\/wp-content\\\/uploads\\\/2021\\\/05\\\/karczochy-2500-CIEN.jpg\",\"datePublished\":\"2021-05-13T17:32:11+00:00\",\"dateModified\":\"2024-12-11T11:18:14+00:00\",\"breadcrumb\":{\"@id\":\"https:\\\/\\\/limpol.pl\\\/produkty\\\/karczochy-cwiartki-w-zalewie-puszka\\\/#breadcrumb\"},\"inLanguage\":\"en-GB\",\"potentialAction\":[{\"@type\":\"ReadAction\",\"target\":[\"https:\\\/\\\/limpol.pl\\\/produkty\\\/karczochy-cwiartki-w-zalewie-puszka\\\/\"]}]},{\"@type\":\"ImageObject\",\"inLanguage\":\"en-GB\",\"@id\":\"https:\\\/\\\/limpol.pl\\\/produkty\\\/karczochy-cwiartki-w-zalewie-puszka\\\/#primaryimage\",\"url\":\"https:\\\/\\\/limpol.pl\\\/wp-content\\\/uploads\\\/2021\\\/05\\\/karczochy-2500-CIEN.jpg\",\"contentUrl\":\"https:\\\/\\\/limpol.pl\\\/wp-content\\\/uploads\\\/2021\\\/05\\\/karczochy-2500-CIEN.jpg\",\"width\":1000,\"height\":1000},{\"@type\":\"BreadcrumbList\",\"@id\":\"https:\\\/\\\/limpol.pl\\\/produkty\\\/karczochy-cwiartki-w-zalewie-puszka\\\/#breadcrumb\",\"itemListElement\":[{\"@type\":\"ListItem\",\"position\":1,\"name\":\"Strona g\u0142\u00f3wna\",\"item\":\"https:\\\/\\\/limpol.pl\\\/\"},{\"@type\":\"ListItem\",\"position\":2,\"name\":\"Produkty\",\"item\":\"https:\\\/\\\/limpol.pl\\\/shop\\\/\"},{\"@type\":\"ListItem\",\"position\":3,\"name\":\"Karczochy \u0107wiartki w zalewie, puszka\"}]},{\"@type\":\"WebSite\",\"@id\":\"https:\\\/\\\/limpol.pl\\\/#website\",\"url\":\"https:\\\/\\\/limpol.pl\\\/\",\"name\":\"Limpol - Dystrybutor produkt\u00f3w spo\u017cywczych | Import Eksport\",\"description\":\"Importer i eksporter produkt\u00f3w spo\u017cywczych\",\"potentialAction\":[{\"@type\":\"SearchAction\",\"target\":{\"@type\":\"EntryPoint\",\"urlTemplate\":\"https:\\\/\\\/limpol.pl\\\/?s={search_term_string}\"},\"query-input\":{\"@type\":\"PropertyValueSpecification\",\"valueRequired\":true,\"valueName\":\"search_term_string\"}}],\"inLanguage\":\"en-GB\"}]}<\/script>\n<!-- \/ Yoast SEO plugin. -->","yoast_head_json":{"title":"Artichokes quarters in brine, can - Limpol - Distributor of food products | Import Export","robots":{"index":"index","follow":"follow","max-snippet":"max-snippet:-1","max-image-preview":"max-image-preview:large","max-video-preview":"max-video-preview:-1"},"canonical":"https:\/\/limpol.pl\/en\/products\/artichokes-in-brine-can\/","og_locale":"en_GB","og_type":"article","og_title":"Karczochy \u0107wiartki w zalewie, puszka - Limpol - Dystrybutor produkt\u00f3w spo\u017cywczych | Import Eksport","og_description":"Karczochy w zalewie to prawdziwy rarytas w kuchni \u015br\u00f3dziemnomorskiej, doceniany za wyj\u0105tkowy smak i wszechstronno\u015b\u0107 kulinarn\u0105. Delikatne, starannie wyselekcjonowane serca karczoch\u00f3w, zanurzone w aromatycznej zalewie, stanowi\u0105 doskona\u0142y dodatek do sa\u0142atek, pizzy, makaron\u00f3w oraz da\u0144 z grilla. Dzi\u0119ki procesowi marynowania, karczochy zachowuj\u0105 swoje walory a tak\u017ce charakterystyczny, lekko kwaskowaty smak. Karczochy w zalewie to inspiruj\u0105cy sk\u0142adnik, [&hellip;]","og_url":"https:\/\/limpol.pl\/en\/products\/artichokes-in-brine-can\/","og_site_name":"Limpol - Dystrybutor produkt\u00f3w spo\u017cywczych | Import Eksport","article_publisher":"https:\/\/www.facebook.com\/firmalimpol\/","article_modified_time":"2024-12-11T11:18:14+00:00","og_image":[{"width":1000,"height":1000,"url":"https:\/\/limpol.pl\/wp-content\/uploads\/2021\/05\/karczochy-2500-CIEN.jpg","type":"image\/jpeg"}],"twitter_card":"summary_large_image","twitter_misc":{"Estimated reading time":"1 minute"},"schema":{"@context":"https:\/\/schema.org","@graph":[{"@type":"WebPage","@id":"https:\/\/limpol.pl\/produkty\/karczochy-cwiartki-w-zalewie-puszka\/","url":"https:\/\/limpol.pl\/produkty\/karczochy-cwiartki-w-zalewie-puszka\/","name":"Artichokes quarters in brine, can - Limpol - Distributor of food products | Import Export","isPartOf":{"@id":"https:\/\/limpol.pl\/#website"},"primaryImageOfPage":{"@id":"https:\/\/limpol.pl\/produkty\/karczochy-cwiartki-w-zalewie-puszka\/#primaryimage"},"image":{"@id":"https:\/\/limpol.pl\/produkty\/karczochy-cwiartki-w-zalewie-puszka\/#primaryimage"},"thumbnailUrl":"https:\/\/limpol.pl\/wp-content\/uploads\/2021\/05\/karczochy-2500-CIEN.jpg","datePublished":"2021-05-13T17:32:11+00:00","dateModified":"2024-12-11T11:18:14+00:00","breadcrumb":{"@id":"https:\/\/limpol.pl\/produkty\/karczochy-cwiartki-w-zalewie-puszka\/#breadcrumb"},"inLanguage":"en-GB","potentialAction":[{"@type":"ReadAction","target":["https:\/\/limpol.pl\/produkty\/karczochy-cwiartki-w-zalewie-puszka\/"]}]},{"@type":"ImageObject","inLanguage":"en-GB","@id":"https:\/\/limpol.pl\/produkty\/karczochy-cwiartki-w-zalewie-puszka\/#primaryimage","url":"https:\/\/limpol.pl\/wp-content\/uploads\/2021\/05\/karczochy-2500-CIEN.jpg","contentUrl":"https:\/\/limpol.pl\/wp-content\/uploads\/2021\/05\/karczochy-2500-CIEN.jpg","width":1000,"height":1000},{"@type":"BreadcrumbList","@id":"https:\/\/limpol.pl\/produkty\/karczochy-cwiartki-w-zalewie-puszka\/#breadcrumb","itemListElement":[{"@type":"ListItem","position":1,"name":"Strona g\u0142\u00f3wna","item":"https:\/\/limpol.pl\/"},{"@type":"ListItem","position":2,"name":"Produkty","item":"https:\/\/limpol.pl\/shop\/"},{"@type":"ListItem","position":3,"name":"Karczochy \u0107wiartki w zalewie, puszka"}]},{"@type":"WebSite","@id":"https:\/\/limpol.pl\/#website","url":"https:\/\/limpol.pl\/","name":"Limpol - Distributor of food products | Import Export","description":"Importer and exporter of food products","potentialAction":[{"@type":"SearchAction","target":{"@type":"EntryPoint","urlTemplate":"https:\/\/limpol.pl\/?s={search_term_string}"},"query-input":{"@type":"PropertyValueSpecification","valueRequired":true,"valueName":"search_term_string"}}],"inLanguage":"en-GB"}]}},"_links":{"self":[{"href":"https:\/\/limpol.pl\/en\/wp-json\/wp\/v2\/product\/4366","targetHints":{"allow":["GET"]}}],"collection":[{"href":"https:\/\/limpol.pl\/en\/wp-json\/wp\/v2\/product"}],"about":[{"href":"https:\/\/limpol.pl\/en\/wp-json\/wp\/v2\/types\/product"}],"wp:featuredmedia":[{"embeddable":true,"href":"https:\/\/limpol.pl\/en\/wp-json\/wp\/v2\/media\/5448"}],"wp:attachment":[{"href":"https:\/\/limpol.pl\/en\/wp-json\/wp\/v2\/media?parent=4366"}],"wp:term":[{"taxonomy":"product_brand","embeddable":true,"href":"https:\/\/limpol.pl\/en\/wp-json\/wp\/v2\/product_brand?post=4366"},{"taxonomy":"product_cat","embeddable":true,"href":"https:\/\/limpol.pl\/en\/wp-json\/wp\/v2\/product_cat?post=4366"},{"taxonomy":"product_tag","embeddable":true,"href":"https:\/\/limpol.pl\/en\/wp-json\/wp\/v2\/product_tag?post=4366"}],"curies":[{"name":"wp","href":"https:\/\/api.w.org\/{rel}","templated":true}]}}