{"id":4487,"date":"2021-08-16T11:03:54","date_gmt":"2021-08-16T09:03:54","guid":{"rendered":"https:\/\/limpol.pl\/?post_type=product&#038;p=4487"},"modified":"2026-01-29T12:55:30","modified_gmt":"2026-01-29T11:55:30","slug":"black-beans-400-g","status":"publish","type":"product","link":"https:\/\/limpol.pl\/en\/products\/black-beans-400-g\/","title":{"rendered":"Black beans 400 g"},"content":{"rendered":"<p>The black bean is a variety of common bean, particularly valued for its flavour. It is one of the staple foods in the diet of South and Central Americans. Today, black beans are grown all over the world and used in many different types of cuisine. It is excellent in dishes for vegetarians and vegans as an excellent alternative to meat. They can be added to one-pot dishes, tortillas, salads but can also be used to make soups, pates, vegetable cutlets and even cakes.<\/p>","protected":false},"excerpt":{"rendered":"<p>Czarna fasola to odmiana fasoli zwyczajnej, szczeg\u00f3lnie ceniona za swoje walory smakowe. To jeden z podstawowych pokarm\u00f3w w diecie mieszka\u0144c\u00f3w Ameryki Po\u0142udniowej i \u015arodkowej. Obecnie czarna fasola uprawiana jest na ca\u0142ym \u015bwiecie i stosowana w wielu r\u00f3\u017cnych rodzajach kuchni. Znakomicie sprawdza si\u0119 w daniach dla wegetarian i wegan jako doskona\u0142a alternatywa dla mi\u0119sa. Mo\u017cna j\u0105 [&hellip;]<\/p>\n","protected":false},"featured_media":5400,"template":"","meta":[],"product_brand":[],"product_cat":[57,263],"product_tag":[],"class_list":{"0":"post-4487","1":"product","2":"type-product","3":"status-publish","4":"has-post-thumbnail","6":"product_cat-produkty-vera","7":"product_cat-przetwory-warzywne","8":"pa_atrybut-detal-horeca-detal","9":"pa_ilosc-sztuk-na-palecie-93","10":"pa_masa-netto-400g","11":"pa_masa-po-odsaczeniu-240g","12":"pa_sztuk-w-kartonie-71","14":"first","15":"instock","16":"shipping-taxable","17":"product-type-simple"},"yoast_head":"<!-- This site is optimized with the Yoast SEO plugin v27.3 - https:\/\/yoast.com\/product\/yoast-seo-wordpress\/ -->\n<title>Czarna fasola 400 g - Limpol - Dystrybutor produkt\u00f3w spo\u017cywczych | Import Eksport<\/title>\n<meta name=\"robots\" content=\"index, follow, max-snippet:-1, max-image-preview:large, max-video-preview:-1\" \/>\n<link rel=\"canonical\" href=\"https:\/\/limpol.pl\/en\/products\/black-beans-400-g\/\" \/>\n<meta property=\"og:locale\" content=\"en_GB\" \/>\n<meta property=\"og:type\" content=\"article\" \/>\n<meta property=\"og:title\" content=\"Czarna fasola 400 g - Limpol - Dystrybutor produkt\u00f3w spo\u017cywczych | Import Eksport\" \/>\n<meta property=\"og:description\" content=\"Czarna fasola to odmiana fasoli zwyczajnej, szczeg\u00f3lnie ceniona za swoje walory smakowe. To jeden z podstawowych pokarm\u00f3w w diecie mieszka\u0144c\u00f3w Ameryki Po\u0142udniowej i \u015arodkowej. Obecnie czarna fasola uprawiana jest na ca\u0142ym \u015bwiecie i stosowana w wielu r\u00f3\u017cnych rodzajach kuchni. Znakomicie sprawdza si\u0119 w daniach dla wegetarian i wegan jako doskona\u0142a alternatywa dla mi\u0119sa. Mo\u017cna j\u0105 [&hellip;]\" \/>\n<meta property=\"og:url\" content=\"https:\/\/limpol.pl\/en\/products\/black-beans-400-g\/\" \/>\n<meta property=\"og:site_name\" content=\"Limpol - Dystrybutor produkt\u00f3w spo\u017cywczych | Import Eksport\" \/>\n<meta property=\"article:publisher\" content=\"https:\/\/www.facebook.com\/firmalimpol\/\" \/>\n<meta property=\"article:modified_time\" content=\"2026-01-29T11:55:30+00:00\" \/>\n<meta property=\"og:image\" content=\"https:\/\/limpol.pl\/wp-content\/uploads\/2021\/08\/fasola-czarna-400-CIEN.jpg\" \/>\n\t<meta property=\"og:image:width\" content=\"1000\" \/>\n\t<meta property=\"og:image:height\" content=\"1000\" \/>\n\t<meta property=\"og:image:type\" content=\"image\/jpeg\" \/>\n<meta name=\"twitter:card\" content=\"summary_large_image\" \/>\n<meta name=\"twitter:label1\" content=\"Estimated reading time\" \/>\n\t<meta name=\"twitter:data1\" content=\"1 minute\" \/>\n<script type=\"application\/ld+json\" class=\"yoast-schema-graph\">{\"@context\":\"https:\\\/\\\/schema.org\",\"@graph\":[{\"@type\":\"WebPage\",\"@id\":\"https:\\\/\\\/limpol.pl\\\/produkty\\\/czarna-fasola-400-g\\\/\",\"url\":\"https:\\\/\\\/limpol.pl\\\/produkty\\\/czarna-fasola-400-g\\\/\",\"name\":\"Czarna fasola 400 g - Limpol - Dystrybutor produkt\u00f3w spo\u017cywczych | Import Eksport\",\"isPartOf\":{\"@id\":\"https:\\\/\\\/limpol.pl\\\/#website\"},\"primaryImageOfPage\":{\"@id\":\"https:\\\/\\\/limpol.pl\\\/produkty\\\/czarna-fasola-400-g\\\/#primaryimage\"},\"image\":{\"@id\":\"https:\\\/\\\/limpol.pl\\\/produkty\\\/czarna-fasola-400-g\\\/#primaryimage\"},\"thumbnailUrl\":\"https:\\\/\\\/limpol.pl\\\/wp-content\\\/uploads\\\/2021\\\/08\\\/fasola-czarna-400-CIEN.jpg\",\"datePublished\":\"2021-08-16T09:03:54+00:00\",\"dateModified\":\"2026-01-29T11:55:30+00:00\",\"breadcrumb\":{\"@id\":\"https:\\\/\\\/limpol.pl\\\/produkty\\\/czarna-fasola-400-g\\\/#breadcrumb\"},\"inLanguage\":\"en-GB\",\"potentialAction\":[{\"@type\":\"ReadAction\",\"target\":[\"https:\\\/\\\/limpol.pl\\\/produkty\\\/czarna-fasola-400-g\\\/\"]}]},{\"@type\":\"ImageObject\",\"inLanguage\":\"en-GB\",\"@id\":\"https:\\\/\\\/limpol.pl\\\/produkty\\\/czarna-fasola-400-g\\\/#primaryimage\",\"url\":\"https:\\\/\\\/limpol.pl\\\/wp-content\\\/uploads\\\/2021\\\/08\\\/fasola-czarna-400-CIEN.jpg\",\"contentUrl\":\"https:\\\/\\\/limpol.pl\\\/wp-content\\\/uploads\\\/2021\\\/08\\\/fasola-czarna-400-CIEN.jpg\",\"width\":1000,\"height\":1000},{\"@type\":\"BreadcrumbList\",\"@id\":\"https:\\\/\\\/limpol.pl\\\/produkty\\\/czarna-fasola-400-g\\\/#breadcrumb\",\"itemListElement\":[{\"@type\":\"ListItem\",\"position\":1,\"name\":\"Strona g\u0142\u00f3wna\",\"item\":\"https:\\\/\\\/limpol.pl\\\/\"},{\"@type\":\"ListItem\",\"position\":2,\"name\":\"Produkty\",\"item\":\"https:\\\/\\\/limpol.pl\\\/shop\\\/\"},{\"@type\":\"ListItem\",\"position\":3,\"name\":\"Czarna fasola 400 g\"}]},{\"@type\":\"WebSite\",\"@id\":\"https:\\\/\\\/limpol.pl\\\/#website\",\"url\":\"https:\\\/\\\/limpol.pl\\\/\",\"name\":\"Limpol - Dystrybutor produkt\u00f3w spo\u017cywczych | Import Eksport\",\"description\":\"Importer i eksporter produkt\u00f3w spo\u017cywczych\",\"potentialAction\":[{\"@type\":\"SearchAction\",\"target\":{\"@type\":\"EntryPoint\",\"urlTemplate\":\"https:\\\/\\\/limpol.pl\\\/?s={search_term_string}\"},\"query-input\":{\"@type\":\"PropertyValueSpecification\",\"valueRequired\":true,\"valueName\":\"search_term_string\"}}],\"inLanguage\":\"en-GB\"}]}<\/script>\n<!-- \/ Yoast SEO plugin. -->","yoast_head_json":{"title":"Black bean 400 g - Limpol - Distributor of food products | Import Export","robots":{"index":"index","follow":"follow","max-snippet":"max-snippet:-1","max-image-preview":"max-image-preview:large","max-video-preview":"max-video-preview:-1"},"canonical":"https:\/\/limpol.pl\/en\/products\/black-beans-400-g\/","og_locale":"en_GB","og_type":"article","og_title":"Czarna fasola 400 g - Limpol - Dystrybutor produkt\u00f3w spo\u017cywczych | Import Eksport","og_description":"Czarna fasola to odmiana fasoli zwyczajnej, szczeg\u00f3lnie ceniona za swoje walory smakowe. To jeden z podstawowych pokarm\u00f3w w diecie mieszka\u0144c\u00f3w Ameryki Po\u0142udniowej i \u015arodkowej. Obecnie czarna fasola uprawiana jest na ca\u0142ym \u015bwiecie i stosowana w wielu r\u00f3\u017cnych rodzajach kuchni. Znakomicie sprawdza si\u0119 w daniach dla wegetarian i wegan jako doskona\u0142a alternatywa dla mi\u0119sa. Mo\u017cna j\u0105 [&hellip;]","og_url":"https:\/\/limpol.pl\/en\/products\/black-beans-400-g\/","og_site_name":"Limpol - Dystrybutor produkt\u00f3w spo\u017cywczych | Import Eksport","article_publisher":"https:\/\/www.facebook.com\/firmalimpol\/","article_modified_time":"2026-01-29T11:55:30+00:00","og_image":[{"width":1000,"height":1000,"url":"https:\/\/limpol.pl\/wp-content\/uploads\/2021\/08\/fasola-czarna-400-CIEN.jpg","type":"image\/jpeg"}],"twitter_card":"summary_large_image","twitter_misc":{"Estimated reading time":"1 minute"},"schema":{"@context":"https:\/\/schema.org","@graph":[{"@type":"WebPage","@id":"https:\/\/limpol.pl\/produkty\/czarna-fasola-400-g\/","url":"https:\/\/limpol.pl\/produkty\/czarna-fasola-400-g\/","name":"Black bean 400 g - Limpol - Distributor of food products | Import Export","isPartOf":{"@id":"https:\/\/limpol.pl\/#website"},"primaryImageOfPage":{"@id":"https:\/\/limpol.pl\/produkty\/czarna-fasola-400-g\/#primaryimage"},"image":{"@id":"https:\/\/limpol.pl\/produkty\/czarna-fasola-400-g\/#primaryimage"},"thumbnailUrl":"https:\/\/limpol.pl\/wp-content\/uploads\/2021\/08\/fasola-czarna-400-CIEN.jpg","datePublished":"2021-08-16T09:03:54+00:00","dateModified":"2026-01-29T11:55:30+00:00","breadcrumb":{"@id":"https:\/\/limpol.pl\/produkty\/czarna-fasola-400-g\/#breadcrumb"},"inLanguage":"en-GB","potentialAction":[{"@type":"ReadAction","target":["https:\/\/limpol.pl\/produkty\/czarna-fasola-400-g\/"]}]},{"@type":"ImageObject","inLanguage":"en-GB","@id":"https:\/\/limpol.pl\/produkty\/czarna-fasola-400-g\/#primaryimage","url":"https:\/\/limpol.pl\/wp-content\/uploads\/2021\/08\/fasola-czarna-400-CIEN.jpg","contentUrl":"https:\/\/limpol.pl\/wp-content\/uploads\/2021\/08\/fasola-czarna-400-CIEN.jpg","width":1000,"height":1000},{"@type":"BreadcrumbList","@id":"https:\/\/limpol.pl\/produkty\/czarna-fasola-400-g\/#breadcrumb","itemListElement":[{"@type":"ListItem","position":1,"name":"Strona g\u0142\u00f3wna","item":"https:\/\/limpol.pl\/"},{"@type":"ListItem","position":2,"name":"Produkty","item":"https:\/\/limpol.pl\/shop\/"},{"@type":"ListItem","position":3,"name":"Czarna fasola 400 g"}]},{"@type":"WebSite","@id":"https:\/\/limpol.pl\/#website","url":"https:\/\/limpol.pl\/","name":"Limpol - Distributor of food products | Import Export","description":"Importer and exporter of food products","potentialAction":[{"@type":"SearchAction","target":{"@type":"EntryPoint","urlTemplate":"https:\/\/limpol.pl\/?s={search_term_string}"},"query-input":{"@type":"PropertyValueSpecification","valueRequired":true,"valueName":"search_term_string"}}],"inLanguage":"en-GB"}]}},"_links":{"self":[{"href":"https:\/\/limpol.pl\/en\/wp-json\/wp\/v2\/product\/4487","targetHints":{"allow":["GET"]}}],"collection":[{"href":"https:\/\/limpol.pl\/en\/wp-json\/wp\/v2\/product"}],"about":[{"href":"https:\/\/limpol.pl\/en\/wp-json\/wp\/v2\/types\/product"}],"wp:featuredmedia":[{"embeddable":true,"href":"https:\/\/limpol.pl\/en\/wp-json\/wp\/v2\/media\/5400"}],"wp:attachment":[{"href":"https:\/\/limpol.pl\/en\/wp-json\/wp\/v2\/media?parent=4487"}],"wp:term":[{"taxonomy":"product_brand","embeddable":true,"href":"https:\/\/limpol.pl\/en\/wp-json\/wp\/v2\/product_brand?post=4487"},{"taxonomy":"product_cat","embeddable":true,"href":"https:\/\/limpol.pl\/en\/wp-json\/wp\/v2\/product_cat?post=4487"},{"taxonomy":"product_tag","embeddable":true,"href":"https:\/\/limpol.pl\/en\/wp-json\/wp\/v2\/product_tag?post=4487"}],"curies":[{"name":"wp","href":"https:\/\/api.w.org\/{rel}","templated":true}]}}