{"id":4740,"date":"2022-02-18T11:53:04","date_gmt":"2022-02-18T10:53:04","guid":{"rendered":"https:\/\/limpol.pl\/?post_type=product&#038;p=4740"},"modified":"2026-01-29T12:54:23","modified_gmt":"2026-01-29T11:54:23","slug":"red-beans-in-brine-4000g-vera","status":"publish","type":"product","link":"https:\/\/limpol.pl\/en\/products\/red-beans-in-brine-4000g-vera\/","title":{"rendered":"Red beans in brine 4000g, Vera"},"content":{"rendered":"<p>Red Kidney beans, the Red Kidney variety, have become a permanent fixture in international cuisine, although they are known mainly from Mexican cuisine. Very crunchy, with an intense flavour, it is excellent for vegetarian or vegan dishes. The bean is an ideal base for vegetable salads and also a great addition to meats.<\/p>\n<p>We dedicate a special large pack to the HoReCa sector.<\/p>","protected":false},"excerpt":{"rendered":"<p>Red Kidney beans, the Red Kidney variety, have become a permanent fixture in international cuisine, although they are known mainly from Mexican cuisine. Very crunchy, with an intense flavour, it is excellent for vegetarian or vegan dishes. Beans are an ideal base for vegetable salads and also a great addition to meats. A special large pack is dedicated to the HoReCa sector.<\/p>","protected":false},"featured_media":5410,"template":"","meta":[],"product_brand":[],"product_cat":[57,346],"product_tag":[],"class_list":{"0":"post-4740","1":"product","2":"type-product","3":"status-publish","4":"has-post-thumbnail","6":"product_cat-produkty-vera","7":"product_cat-sosy-warzywne","8":"pa_atrybut-detal-horeca-horeca","9":"pa_ilosc-sztuk-na-palecie-235","10":"pa_masa-netto-4000g","11":"pa_sztuk-w-kartonie-196","13":"first","14":"instock","15":"shipping-taxable","16":"product-type-simple"},"yoast_head":"<!-- This site is optimized with the Yoast SEO plugin v27.3 - https:\/\/yoast.com\/product\/yoast-seo-wordpress\/ -->\n<title>Fasola czerwona w zalewie 4000g, Vera - Limpol - Dystrybutor produkt\u00f3w spo\u017cywczych | Import Eksport<\/title>\n<meta name=\"robots\" content=\"index, follow, max-snippet:-1, max-image-preview:large, max-video-preview:-1\" \/>\n<link rel=\"canonical\" href=\"https:\/\/limpol.pl\/en\/products\/red-beans-in-brine-4000g-vera\/\" \/>\n<meta property=\"og:locale\" content=\"en_GB\" \/>\n<meta property=\"og:type\" content=\"article\" \/>\n<meta property=\"og:title\" content=\"Fasola czerwona w zalewie 4000g, Vera - Limpol - Dystrybutor produkt\u00f3w spo\u017cywczych | Import Eksport\" \/>\n<meta property=\"og:description\" content=\"Czerwona fasola, odmiana Red Kidney, na sta\u0142e zago\u015bci\u0142a w kuchni mi\u0119dzynarodowej, chocia\u017c znana jest g\u0142\u00f3wne z kuchni meksyka\u0144skiej. Bardzo chrupka, o intensywnym smaku, znakomita do da\u0144 wegetaria\u0144skich lub wega\u0144skich. Fasola to idealna baza sa\u0142atek warzywnych, a tak\u017ce \u015bwietny dodatek do mi\u0119s. Specjalne du\u017ce opakowanie dedykujemy sektorowi HoReCa.\" \/>\n<meta property=\"og:url\" content=\"https:\/\/limpol.pl\/en\/products\/red-beans-in-brine-4000g-vera\/\" \/>\n<meta property=\"og:site_name\" content=\"Limpol - Dystrybutor produkt\u00f3w spo\u017cywczych | Import Eksport\" \/>\n<meta property=\"article:publisher\" content=\"https:\/\/www.facebook.com\/firmalimpol\/\" \/>\n<meta property=\"article:modified_time\" content=\"2026-01-29T11:54:23+00:00\" \/>\n<meta property=\"og:image\" content=\"https:\/\/limpol.pl\/wp-content\/uploads\/2019\/03\/czerwona-fasola-4000-2500-CIEN.jpg\" \/>\n\t<meta property=\"og:image:width\" content=\"1000\" \/>\n\t<meta property=\"og:image:height\" content=\"1000\" \/>\n\t<meta property=\"og:image:type\" content=\"image\/jpeg\" \/>\n<meta name=\"twitter:card\" content=\"summary_large_image\" \/>\n<meta name=\"twitter:label1\" content=\"Estimated reading time\" \/>\n\t<meta name=\"twitter:data1\" content=\"1 minute\" \/>\n<script type=\"application\/ld+json\" class=\"yoast-schema-graph\">{\"@context\":\"https:\\\/\\\/schema.org\",\"@graph\":[{\"@type\":\"WebPage\",\"@id\":\"https:\\\/\\\/limpol.pl\\\/produkty\\\/fasola-czerwona-w-zalewie-4000g-vera\\\/\",\"url\":\"https:\\\/\\\/limpol.pl\\\/produkty\\\/fasola-czerwona-w-zalewie-4000g-vera\\\/\",\"name\":\"Fasola czerwona w zalewie 4000g, Vera - Limpol - Dystrybutor produkt\u00f3w spo\u017cywczych | Import Eksport\",\"isPartOf\":{\"@id\":\"https:\\\/\\\/limpol.pl\\\/#website\"},\"primaryImageOfPage\":{\"@id\":\"https:\\\/\\\/limpol.pl\\\/produkty\\\/fasola-czerwona-w-zalewie-4000g-vera\\\/#primaryimage\"},\"image\":{\"@id\":\"https:\\\/\\\/limpol.pl\\\/produkty\\\/fasola-czerwona-w-zalewie-4000g-vera\\\/#primaryimage\"},\"thumbnailUrl\":\"https:\\\/\\\/limpol.pl\\\/wp-content\\\/uploads\\\/2019\\\/03\\\/czerwona-fasola-4000-2500-CIEN.jpg\",\"datePublished\":\"2022-02-18T10:53:04+00:00\",\"dateModified\":\"2026-01-29T11:54:23+00:00\",\"breadcrumb\":{\"@id\":\"https:\\\/\\\/limpol.pl\\\/produkty\\\/fasola-czerwona-w-zalewie-4000g-vera\\\/#breadcrumb\"},\"inLanguage\":\"en-GB\",\"potentialAction\":[{\"@type\":\"ReadAction\",\"target\":[\"https:\\\/\\\/limpol.pl\\\/produkty\\\/fasola-czerwona-w-zalewie-4000g-vera\\\/\"]}]},{\"@type\":\"ImageObject\",\"inLanguage\":\"en-GB\",\"@id\":\"https:\\\/\\\/limpol.pl\\\/produkty\\\/fasola-czerwona-w-zalewie-4000g-vera\\\/#primaryimage\",\"url\":\"https:\\\/\\\/limpol.pl\\\/wp-content\\\/uploads\\\/2019\\\/03\\\/czerwona-fasola-4000-2500-CIEN.jpg\",\"contentUrl\":\"https:\\\/\\\/limpol.pl\\\/wp-content\\\/uploads\\\/2019\\\/03\\\/czerwona-fasola-4000-2500-CIEN.jpg\",\"width\":1000,\"height\":1000},{\"@type\":\"BreadcrumbList\",\"@id\":\"https:\\\/\\\/limpol.pl\\\/produkty\\\/fasola-czerwona-w-zalewie-4000g-vera\\\/#breadcrumb\",\"itemListElement\":[{\"@type\":\"ListItem\",\"position\":1,\"name\":\"Strona g\u0142\u00f3wna\",\"item\":\"https:\\\/\\\/limpol.pl\\\/\"},{\"@type\":\"ListItem\",\"position\":2,\"name\":\"Produkty\",\"item\":\"https:\\\/\\\/limpol.pl\\\/shop\\\/\"},{\"@type\":\"ListItem\",\"position\":3,\"name\":\"Fasola czerwona w zalewie 4000g, Vera\"}]},{\"@type\":\"WebSite\",\"@id\":\"https:\\\/\\\/limpol.pl\\\/#website\",\"url\":\"https:\\\/\\\/limpol.pl\\\/\",\"name\":\"Limpol - Dystrybutor produkt\u00f3w spo\u017cywczych | Import Eksport\",\"description\":\"Importer i eksporter produkt\u00f3w spo\u017cywczych\",\"potentialAction\":[{\"@type\":\"SearchAction\",\"target\":{\"@type\":\"EntryPoint\",\"urlTemplate\":\"https:\\\/\\\/limpol.pl\\\/?s={search_term_string}\"},\"query-input\":{\"@type\":\"PropertyValueSpecification\",\"valueRequired\":true,\"valueName\":\"search_term_string\"}}],\"inLanguage\":\"en-GB\"}]}<\/script>\n<!-- \/ Yoast SEO plugin. -->","yoast_head_json":{"title":"Red beans in marinade 4000g, Vera - Limpol - Distributor of food products | Import Export","robots":{"index":"index","follow":"follow","max-snippet":"max-snippet:-1","max-image-preview":"max-image-preview:large","max-video-preview":"max-video-preview:-1"},"canonical":"https:\/\/limpol.pl\/en\/products\/red-beans-in-brine-4000g-vera\/","og_locale":"en_GB","og_type":"article","og_title":"Fasola czerwona w zalewie 4000g, Vera - Limpol - Dystrybutor produkt\u00f3w spo\u017cywczych | Import Eksport","og_description":"Czerwona fasola, odmiana Red Kidney, na sta\u0142e zago\u015bci\u0142a w kuchni mi\u0119dzynarodowej, chocia\u017c znana jest g\u0142\u00f3wne z kuchni meksyka\u0144skiej. Bardzo chrupka, o intensywnym smaku, znakomita do da\u0144 wegetaria\u0144skich lub wega\u0144skich. Fasola to idealna baza sa\u0142atek warzywnych, a tak\u017ce \u015bwietny dodatek do mi\u0119s. Specjalne du\u017ce opakowanie dedykujemy sektorowi HoReCa.","og_url":"https:\/\/limpol.pl\/en\/products\/red-beans-in-brine-4000g-vera\/","og_site_name":"Limpol - Dystrybutor produkt\u00f3w spo\u017cywczych | Import Eksport","article_publisher":"https:\/\/www.facebook.com\/firmalimpol\/","article_modified_time":"2026-01-29T11:54:23+00:00","og_image":[{"width":1000,"height":1000,"url":"https:\/\/limpol.pl\/wp-content\/uploads\/2019\/03\/czerwona-fasola-4000-2500-CIEN.jpg","type":"image\/jpeg"}],"twitter_card":"summary_large_image","twitter_misc":{"Estimated reading time":"1 minute"},"schema":{"@context":"https:\/\/schema.org","@graph":[{"@type":"WebPage","@id":"https:\/\/limpol.pl\/produkty\/fasola-czerwona-w-zalewie-4000g-vera\/","url":"https:\/\/limpol.pl\/produkty\/fasola-czerwona-w-zalewie-4000g-vera\/","name":"Red beans in marinade 4000g, Vera - Limpol - Distributor of food products | Import Export","isPartOf":{"@id":"https:\/\/limpol.pl\/#website"},"primaryImageOfPage":{"@id":"https:\/\/limpol.pl\/produkty\/fasola-czerwona-w-zalewie-4000g-vera\/#primaryimage"},"image":{"@id":"https:\/\/limpol.pl\/produkty\/fasola-czerwona-w-zalewie-4000g-vera\/#primaryimage"},"thumbnailUrl":"https:\/\/limpol.pl\/wp-content\/uploads\/2019\/03\/czerwona-fasola-4000-2500-CIEN.jpg","datePublished":"2022-02-18T10:53:04+00:00","dateModified":"2026-01-29T11:54:23+00:00","breadcrumb":{"@id":"https:\/\/limpol.pl\/produkty\/fasola-czerwona-w-zalewie-4000g-vera\/#breadcrumb"},"inLanguage":"en-GB","potentialAction":[{"@type":"ReadAction","target":["https:\/\/limpol.pl\/produkty\/fasola-czerwona-w-zalewie-4000g-vera\/"]}]},{"@type":"ImageObject","inLanguage":"en-GB","@id":"https:\/\/limpol.pl\/produkty\/fasola-czerwona-w-zalewie-4000g-vera\/#primaryimage","url":"https:\/\/limpol.pl\/wp-content\/uploads\/2019\/03\/czerwona-fasola-4000-2500-CIEN.jpg","contentUrl":"https:\/\/limpol.pl\/wp-content\/uploads\/2019\/03\/czerwona-fasola-4000-2500-CIEN.jpg","width":1000,"height":1000},{"@type":"BreadcrumbList","@id":"https:\/\/limpol.pl\/produkty\/fasola-czerwona-w-zalewie-4000g-vera\/#breadcrumb","itemListElement":[{"@type":"ListItem","position":1,"name":"Strona g\u0142\u00f3wna","item":"https:\/\/limpol.pl\/"},{"@type":"ListItem","position":2,"name":"Produkty","item":"https:\/\/limpol.pl\/shop\/"},{"@type":"ListItem","position":3,"name":"Fasola czerwona w zalewie 4000g, Vera"}]},{"@type":"WebSite","@id":"https:\/\/limpol.pl\/#website","url":"https:\/\/limpol.pl\/","name":"Limpol - Distributor of food products | Import Export","description":"Importer and exporter of food products","potentialAction":[{"@type":"SearchAction","target":{"@type":"EntryPoint","urlTemplate":"https:\/\/limpol.pl\/?s={search_term_string}"},"query-input":{"@type":"PropertyValueSpecification","valueRequired":true,"valueName":"search_term_string"}}],"inLanguage":"en-GB"}]}},"_links":{"self":[{"href":"https:\/\/limpol.pl\/en\/wp-json\/wp\/v2\/product\/4740","targetHints":{"allow":["GET"]}}],"collection":[{"href":"https:\/\/limpol.pl\/en\/wp-json\/wp\/v2\/product"}],"about":[{"href":"https:\/\/limpol.pl\/en\/wp-json\/wp\/v2\/types\/product"}],"wp:featuredmedia":[{"embeddable":true,"href":"https:\/\/limpol.pl\/en\/wp-json\/wp\/v2\/media\/5410"}],"wp:attachment":[{"href":"https:\/\/limpol.pl\/en\/wp-json\/wp\/v2\/media?parent=4740"}],"wp:term":[{"taxonomy":"product_brand","embeddable":true,"href":"https:\/\/limpol.pl\/en\/wp-json\/wp\/v2\/product_brand?post=4740"},{"taxonomy":"product_cat","embeddable":true,"href":"https:\/\/limpol.pl\/en\/wp-json\/wp\/v2\/product_cat?post=4740"},{"taxonomy":"product_tag","embeddable":true,"href":"https:\/\/limpol.pl\/en\/wp-json\/wp\/v2\/product_tag?post=4740"}],"curies":[{"name":"wp","href":"https:\/\/api.w.org\/{rel}","templated":true}]}}