{"id":4756,"date":"2022-02-18T12:06:37","date_gmt":"2022-02-18T11:06:37","guid":{"rendered":"https:\/\/limpol.pl\/?post_type=product&#038;p=4756"},"modified":"2026-01-29T12:53:14","modified_gmt":"2026-01-29T11:53:14","slug":"tomato-concentrate-30-900g-vera","status":"publish","type":"product","link":"https:\/\/limpol.pl\/en\/products\/tomato-concentrate-30-900g-vera\/","title":{"rendered":"Tomato concentrate 30% 900g, Vera"},"content":{"rendered":"<p>Tomato concentrate in a jar is an intense, essential additive that enriches dishes with the deep flavour of ripe tomatoes. With its thick consistency and concentrated flavour, it is ideal for soups, sauces, stews and meat and vegetable dishes. Closed in a jar, the concentrate is convenient to store and easy to use, allowing you to quickly add clarity and flavour to your dishes. It is the perfect ingredient in any kitchen, encapsulating the full flavour and sweetness of fresh tomatoes, ready to be used in a variety of recipes.<\/p>","protected":false},"excerpt":{"rendered":"<p>Koncentrat pomidorowy w s\u0142oiku to intensywny, esencjonalny dodatek, kt\u00f3ry wzbogaca potrawy g\u0142\u0119bokim smakiem dojrza\u0142ych pomidor\u00f3w. Dzi\u0119ki swojej g\u0119stej konsystencji i skoncentrowanemu smakowi jest idealny do zup, sos\u00f3w, gulaszy oraz potraw mi\u0119snych i warzywnych. Zamkni\u0119ty w s\u0142oiku koncentrat jest wygodny w przechowywaniu i \u0142atwy do u\u017cycia, co pozwala szybko doda\u0107 potrawom wyrazisto\u015bci i aromatu. To doskona\u0142y [&hellip;]<\/p>\n","protected":false},"featured_media":5451,"template":"","meta":[],"product_brand":[],"product_cat":[845,57,299],"product_tag":[],"class_list":{"0":"post-4756","1":"product","2":"type-product","3":"status-publish","4":"has-post-thumbnail","6":"product_cat-dla-pizzerii-i-trattorii","7":"product_cat-produkty-vera","8":"product_cat-przetwory-pomidorowe","9":"pa_atrybut-detal-horeca-horeca","10":"pa_ilosc-sztuk-na-palecie-167","11":"pa_masa-netto-900g","12":"pa_sztuk-w-kartonie-173","14":"first","15":"instock","16":"shipping-taxable","17":"product-type-simple"},"yoast_head":"<!-- This site is optimized with the Yoast SEO plugin v27.3 - https:\/\/yoast.com\/product\/yoast-seo-wordpress\/ -->\n<title>Koncentrat pomidorowy 30% 900g, Vera - Limpol - Dystrybutor produkt\u00f3w spo\u017cywczych | Import Eksport<\/title>\n<meta name=\"robots\" content=\"index, follow, max-snippet:-1, max-image-preview:large, max-video-preview:-1\" \/>\n<link rel=\"canonical\" href=\"https:\/\/limpol.pl\/en\/products\/tomato-concentrate-30-900g-vera\/\" \/>\n<meta property=\"og:locale\" content=\"en_GB\" \/>\n<meta property=\"og:type\" content=\"article\" \/>\n<meta property=\"og:title\" content=\"Koncentrat pomidorowy 30% 900g, Vera - Limpol - Dystrybutor produkt\u00f3w spo\u017cywczych | Import Eksport\" \/>\n<meta property=\"og:description\" content=\"Koncentrat pomidorowy w s\u0142oiku to intensywny, esencjonalny dodatek, kt\u00f3ry wzbogaca potrawy g\u0142\u0119bokim smakiem dojrza\u0142ych pomidor\u00f3w. Dzi\u0119ki swojej g\u0119stej konsystencji i skoncentrowanemu smakowi jest idealny do zup, sos\u00f3w, gulaszy oraz potraw mi\u0119snych i warzywnych. Zamkni\u0119ty w s\u0142oiku koncentrat jest wygodny w przechowywaniu i \u0142atwy do u\u017cycia, co pozwala szybko doda\u0107 potrawom wyrazisto\u015bci i aromatu. To doskona\u0142y [&hellip;]\" \/>\n<meta property=\"og:url\" content=\"https:\/\/limpol.pl\/en\/products\/tomato-concentrate-30-900g-vera\/\" \/>\n<meta property=\"og:site_name\" content=\"Limpol - Dystrybutor produkt\u00f3w spo\u017cywczych | Import Eksport\" \/>\n<meta property=\"article:publisher\" content=\"https:\/\/www.facebook.com\/firmalimpol\/\" \/>\n<meta property=\"article:modified_time\" content=\"2026-01-29T11:53:14+00:00\" \/>\n<meta property=\"og:image\" content=\"https:\/\/limpol.pl\/wp-content\/uploads\/2019\/03\/kon.-pom.-skoik-900-CIEN.jpg\" \/>\n\t<meta property=\"og:image:width\" content=\"1000\" \/>\n\t<meta property=\"og:image:height\" content=\"1000\" \/>\n\t<meta property=\"og:image:type\" content=\"image\/jpeg\" \/>\n<meta name=\"twitter:card\" content=\"summary_large_image\" \/>\n<meta name=\"twitter:label1\" content=\"Estimated reading time\" \/>\n\t<meta name=\"twitter:data1\" content=\"1 minute\" \/>\n<script type=\"application\/ld+json\" class=\"yoast-schema-graph\">{\"@context\":\"https:\\\/\\\/schema.org\",\"@graph\":[{\"@type\":\"WebPage\",\"@id\":\"https:\\\/\\\/limpol.pl\\\/produkty\\\/koncentrat-pomidorowy-30-900g-vera\\\/\",\"url\":\"https:\\\/\\\/limpol.pl\\\/produkty\\\/koncentrat-pomidorowy-30-900g-vera\\\/\",\"name\":\"Koncentrat pomidorowy 30% 900g, Vera - Limpol - Dystrybutor produkt\u00f3w spo\u017cywczych | Import Eksport\",\"isPartOf\":{\"@id\":\"https:\\\/\\\/limpol.pl\\\/#website\"},\"primaryImageOfPage\":{\"@id\":\"https:\\\/\\\/limpol.pl\\\/produkty\\\/koncentrat-pomidorowy-30-900g-vera\\\/#primaryimage\"},\"image\":{\"@id\":\"https:\\\/\\\/limpol.pl\\\/produkty\\\/koncentrat-pomidorowy-30-900g-vera\\\/#primaryimage\"},\"thumbnailUrl\":\"https:\\\/\\\/limpol.pl\\\/wp-content\\\/uploads\\\/2019\\\/03\\\/kon.-pom.-skoik-900-CIEN.jpg\",\"datePublished\":\"2022-02-18T11:06:37+00:00\",\"dateModified\":\"2026-01-29T11:53:14+00:00\",\"breadcrumb\":{\"@id\":\"https:\\\/\\\/limpol.pl\\\/produkty\\\/koncentrat-pomidorowy-30-900g-vera\\\/#breadcrumb\"},\"inLanguage\":\"en-GB\",\"potentialAction\":[{\"@type\":\"ReadAction\",\"target\":[\"https:\\\/\\\/limpol.pl\\\/produkty\\\/koncentrat-pomidorowy-30-900g-vera\\\/\"]}]},{\"@type\":\"ImageObject\",\"inLanguage\":\"en-GB\",\"@id\":\"https:\\\/\\\/limpol.pl\\\/produkty\\\/koncentrat-pomidorowy-30-900g-vera\\\/#primaryimage\",\"url\":\"https:\\\/\\\/limpol.pl\\\/wp-content\\\/uploads\\\/2019\\\/03\\\/kon.-pom.-skoik-900-CIEN.jpg\",\"contentUrl\":\"https:\\\/\\\/limpol.pl\\\/wp-content\\\/uploads\\\/2019\\\/03\\\/kon.-pom.-skoik-900-CIEN.jpg\",\"width\":1000,\"height\":1000},{\"@type\":\"BreadcrumbList\",\"@id\":\"https:\\\/\\\/limpol.pl\\\/produkty\\\/koncentrat-pomidorowy-30-900g-vera\\\/#breadcrumb\",\"itemListElement\":[{\"@type\":\"ListItem\",\"position\":1,\"name\":\"Strona g\u0142\u00f3wna\",\"item\":\"https:\\\/\\\/limpol.pl\\\/\"},{\"@type\":\"ListItem\",\"position\":2,\"name\":\"Produkty\",\"item\":\"https:\\\/\\\/limpol.pl\\\/shop\\\/\"},{\"@type\":\"ListItem\",\"position\":3,\"name\":\"Koncentrat pomidorowy 30% 900g, Vera\"}]},{\"@type\":\"WebSite\",\"@id\":\"https:\\\/\\\/limpol.pl\\\/#website\",\"url\":\"https:\\\/\\\/limpol.pl\\\/\",\"name\":\"Limpol - Dystrybutor produkt\u00f3w spo\u017cywczych | Import Eksport\",\"description\":\"Importer i eksporter produkt\u00f3w spo\u017cywczych\",\"potentialAction\":[{\"@type\":\"SearchAction\",\"target\":{\"@type\":\"EntryPoint\",\"urlTemplate\":\"https:\\\/\\\/limpol.pl\\\/?s={search_term_string}\"},\"query-input\":{\"@type\":\"PropertyValueSpecification\",\"valueRequired\":true,\"valueName\":\"search_term_string\"}}],\"inLanguage\":\"en-GB\"}]}<\/script>\n<!-- \/ Yoast SEO plugin. -->","yoast_head_json":{"title":"Tomato concentrate 30% 900g, Vera - Limpol - Distributor of food products | Import Export","robots":{"index":"index","follow":"follow","max-snippet":"max-snippet:-1","max-image-preview":"max-image-preview:large","max-video-preview":"max-video-preview:-1"},"canonical":"https:\/\/limpol.pl\/en\/products\/tomato-concentrate-30-900g-vera\/","og_locale":"en_GB","og_type":"article","og_title":"Koncentrat pomidorowy 30% 900g, Vera - Limpol - Dystrybutor produkt\u00f3w spo\u017cywczych | Import Eksport","og_description":"Koncentrat pomidorowy w s\u0142oiku to intensywny, esencjonalny dodatek, kt\u00f3ry wzbogaca potrawy g\u0142\u0119bokim smakiem dojrza\u0142ych pomidor\u00f3w. Dzi\u0119ki swojej g\u0119stej konsystencji i skoncentrowanemu smakowi jest idealny do zup, sos\u00f3w, gulaszy oraz potraw mi\u0119snych i warzywnych. Zamkni\u0119ty w s\u0142oiku koncentrat jest wygodny w przechowywaniu i \u0142atwy do u\u017cycia, co pozwala szybko doda\u0107 potrawom wyrazisto\u015bci i aromatu. To doskona\u0142y [&hellip;]","og_url":"https:\/\/limpol.pl\/en\/products\/tomato-concentrate-30-900g-vera\/","og_site_name":"Limpol - Dystrybutor produkt\u00f3w spo\u017cywczych | Import Eksport","article_publisher":"https:\/\/www.facebook.com\/firmalimpol\/","article_modified_time":"2026-01-29T11:53:14+00:00","og_image":[{"width":1000,"height":1000,"url":"https:\/\/limpol.pl\/wp-content\/uploads\/2019\/03\/kon.-pom.-skoik-900-CIEN.jpg","type":"image\/jpeg"}],"twitter_card":"summary_large_image","twitter_misc":{"Estimated reading time":"1 minute"},"schema":{"@context":"https:\/\/schema.org","@graph":[{"@type":"WebPage","@id":"https:\/\/limpol.pl\/produkty\/koncentrat-pomidorowy-30-900g-vera\/","url":"https:\/\/limpol.pl\/produkty\/koncentrat-pomidorowy-30-900g-vera\/","name":"Tomato concentrate 30% 900g, Vera - Limpol - Distributor of food products | Import Export","isPartOf":{"@id":"https:\/\/limpol.pl\/#website"},"primaryImageOfPage":{"@id":"https:\/\/limpol.pl\/produkty\/koncentrat-pomidorowy-30-900g-vera\/#primaryimage"},"image":{"@id":"https:\/\/limpol.pl\/produkty\/koncentrat-pomidorowy-30-900g-vera\/#primaryimage"},"thumbnailUrl":"https:\/\/limpol.pl\/wp-content\/uploads\/2019\/03\/kon.-pom.-skoik-900-CIEN.jpg","datePublished":"2022-02-18T11:06:37+00:00","dateModified":"2026-01-29T11:53:14+00:00","breadcrumb":{"@id":"https:\/\/limpol.pl\/produkty\/koncentrat-pomidorowy-30-900g-vera\/#breadcrumb"},"inLanguage":"en-GB","potentialAction":[{"@type":"ReadAction","target":["https:\/\/limpol.pl\/produkty\/koncentrat-pomidorowy-30-900g-vera\/"]}]},{"@type":"ImageObject","inLanguage":"en-GB","@id":"https:\/\/limpol.pl\/produkty\/koncentrat-pomidorowy-30-900g-vera\/#primaryimage","url":"https:\/\/limpol.pl\/wp-content\/uploads\/2019\/03\/kon.-pom.-skoik-900-CIEN.jpg","contentUrl":"https:\/\/limpol.pl\/wp-content\/uploads\/2019\/03\/kon.-pom.-skoik-900-CIEN.jpg","width":1000,"height":1000},{"@type":"BreadcrumbList","@id":"https:\/\/limpol.pl\/produkty\/koncentrat-pomidorowy-30-900g-vera\/#breadcrumb","itemListElement":[{"@type":"ListItem","position":1,"name":"Strona g\u0142\u00f3wna","item":"https:\/\/limpol.pl\/"},{"@type":"ListItem","position":2,"name":"Produkty","item":"https:\/\/limpol.pl\/shop\/"},{"@type":"ListItem","position":3,"name":"Koncentrat pomidorowy 30% 900g, Vera"}]},{"@type":"WebSite","@id":"https:\/\/limpol.pl\/#website","url":"https:\/\/limpol.pl\/","name":"Limpol - Distributor of food products | Import Export","description":"Importer and exporter of food products","potentialAction":[{"@type":"SearchAction","target":{"@type":"EntryPoint","urlTemplate":"https:\/\/limpol.pl\/?s={search_term_string}"},"query-input":{"@type":"PropertyValueSpecification","valueRequired":true,"valueName":"search_term_string"}}],"inLanguage":"en-GB"}]}},"_links":{"self":[{"href":"https:\/\/limpol.pl\/en\/wp-json\/wp\/v2\/product\/4756","targetHints":{"allow":["GET"]}}],"collection":[{"href":"https:\/\/limpol.pl\/en\/wp-json\/wp\/v2\/product"}],"about":[{"href":"https:\/\/limpol.pl\/en\/wp-json\/wp\/v2\/types\/product"}],"wp:featuredmedia":[{"embeddable":true,"href":"https:\/\/limpol.pl\/en\/wp-json\/wp\/v2\/media\/5451"}],"wp:attachment":[{"href":"https:\/\/limpol.pl\/en\/wp-json\/wp\/v2\/media?parent=4756"}],"wp:term":[{"taxonomy":"product_brand","embeddable":true,"href":"https:\/\/limpol.pl\/en\/wp-json\/wp\/v2\/product_brand?post=4756"},{"taxonomy":"product_cat","embeddable":true,"href":"https:\/\/limpol.pl\/en\/wp-json\/wp\/v2\/product_cat?post=4756"},{"taxonomy":"product_tag","embeddable":true,"href":"https:\/\/limpol.pl\/en\/wp-json\/wp\/v2\/product_tag?post=4756"}],"curies":[{"name":"wp","href":"https:\/\/api.w.org\/{rel}","templated":true}]}}