{"id":4936,"date":"2022-10-27T13:43:03","date_gmt":"2022-10-27T11:43:03","guid":{"rendered":"https:\/\/limpol.pl\/?post_type=product&#038;p=4936"},"modified":"2026-01-29T12:35:07","modified_gmt":"2026-01-29T11:35:07","slug":"extra-virgin-olive-oil-5l-pet","status":"publish","type":"product","link":"https:\/\/limpol.pl\/en\/products\/extra-virgin-olive-oil-5l-pet\/","title":{"rendered":"Extra virgin olive oil 5L PET"},"content":{"rendered":"","protected":false},"excerpt":{"rendered":"","protected":false},"featured_media":4923,"template":"","meta":[],"product_brand":[],"product_cat":[845,322,64],"product_tag":[],"class_list":{"0":"post-4936","1":"product","2":"type-product","3":"status-publish","4":"has-post-thumbnail","6":"product_cat-dla-pizzerii-i-trattorii","7":"product_cat-oliwy-z-oliwek","8":"product_cat-produkty-brandowe","9":"pa_atrybut-detal-horeca-horeca","10":"pa_ilosc-sztuk-na-palecie-220","11":"pa_ilosc-sztuk-na-warstwie-832","12":"pa_sztuk-w-kartonie-196","14":"first","15":"instock","16":"shipping-taxable","17":"product-type-simple"},"yoast_head":"<!-- This site is optimized with the Yoast SEO plugin v27.3 - https:\/\/yoast.com\/product\/yoast-seo-wordpress\/ -->\n<title>Oliwa z oliwek najwy\u017cszej jako\u015b\u0107 z pierwszego t\u0142oczenia 5L PET - Limpol - Dystrybutor produkt\u00f3w spo\u017cywczych | Import Eksport<\/title>\n<meta name=\"robots\" content=\"index, follow, max-snippet:-1, max-image-preview:large, max-video-preview:-1\" \/>\n<link rel=\"canonical\" href=\"https:\/\/limpol.pl\/en\/products\/extra-virgin-olive-oil-5l-pet\/\" \/>\n<meta property=\"og:locale\" content=\"en_GB\" \/>\n<meta property=\"og:type\" content=\"article\" \/>\n<meta property=\"og:title\" content=\"Oliwa z oliwek najwy\u017cszej jako\u015b\u0107 z pierwszego t\u0142oczenia 5L PET - Limpol - Dystrybutor produkt\u00f3w spo\u017cywczych | Import Eksport\" \/>\n<meta property=\"og:url\" content=\"https:\/\/limpol.pl\/en\/products\/extra-virgin-olive-oil-5l-pet\/\" \/>\n<meta property=\"og:site_name\" content=\"Limpol - Dystrybutor produkt\u00f3w spo\u017cywczych | Import Eksport\" \/>\n<meta property=\"article:publisher\" content=\"https:\/\/www.facebook.com\/firmalimpol\/\" \/>\n<meta property=\"article:modified_time\" content=\"2026-01-29T11:35:07+00:00\" \/>\n<meta property=\"og:image\" content=\"https:\/\/limpol.pl\/wp-content\/uploads\/2022\/10\/Mueloliva-4l.webp\" \/>\n\t<meta property=\"og:image:width\" content=\"1000\" \/>\n\t<meta property=\"og:image:height\" content=\"1000\" \/>\n\t<meta property=\"og:image:type\" content=\"image\/webp\" \/>\n<meta name=\"twitter:card\" content=\"summary_large_image\" \/>\n<meta name=\"twitter:label1\" content=\"Estimated reading time\" \/>\n\t<meta name=\"twitter:data1\" content=\"1 minute\" \/>\n<script type=\"application\/ld+json\" class=\"yoast-schema-graph\">{\"@context\":\"https:\\\/\\\/schema.org\",\"@graph\":[{\"@type\":\"WebPage\",\"@id\":\"https:\\\/\\\/limpol.pl\\\/produkty\\\/oliwa-z-oliwek-najwyzszej-jakosc-z-pierwszego-tloczenia-5l-pet\\\/\",\"url\":\"https:\\\/\\\/limpol.pl\\\/produkty\\\/oliwa-z-oliwek-najwyzszej-jakosc-z-pierwszego-tloczenia-5l-pet\\\/\",\"name\":\"Oliwa z oliwek najwy\u017cszej jako\u015b\u0107 z pierwszego t\u0142oczenia 5L PET - Limpol - Dystrybutor produkt\u00f3w spo\u017cywczych | Import Eksport\",\"isPartOf\":{\"@id\":\"https:\\\/\\\/limpol.pl\\\/#website\"},\"primaryImageOfPage\":{\"@id\":\"https:\\\/\\\/limpol.pl\\\/produkty\\\/oliwa-z-oliwek-najwyzszej-jakosc-z-pierwszego-tloczenia-5l-pet\\\/#primaryimage\"},\"image\":{\"@id\":\"https:\\\/\\\/limpol.pl\\\/produkty\\\/oliwa-z-oliwek-najwyzszej-jakosc-z-pierwszego-tloczenia-5l-pet\\\/#primaryimage\"},\"thumbnailUrl\":\"https:\\\/\\\/limpol.pl\\\/wp-content\\\/uploads\\\/2022\\\/10\\\/Mueloliva-4l.webp\",\"datePublished\":\"2022-10-27T11:43:03+00:00\",\"dateModified\":\"2026-01-29T11:35:07+00:00\",\"breadcrumb\":{\"@id\":\"https:\\\/\\\/limpol.pl\\\/produkty\\\/oliwa-z-oliwek-najwyzszej-jakosc-z-pierwszego-tloczenia-5l-pet\\\/#breadcrumb\"},\"inLanguage\":\"en-GB\",\"potentialAction\":[{\"@type\":\"ReadAction\",\"target\":[\"https:\\\/\\\/limpol.pl\\\/produkty\\\/oliwa-z-oliwek-najwyzszej-jakosc-z-pierwszego-tloczenia-5l-pet\\\/\"]}]},{\"@type\":\"ImageObject\",\"inLanguage\":\"en-GB\",\"@id\":\"https:\\\/\\\/limpol.pl\\\/produkty\\\/oliwa-z-oliwek-najwyzszej-jakosc-z-pierwszego-tloczenia-5l-pet\\\/#primaryimage\",\"url\":\"https:\\\/\\\/limpol.pl\\\/wp-content\\\/uploads\\\/2022\\\/10\\\/Mueloliva-4l.webp\",\"contentUrl\":\"https:\\\/\\\/limpol.pl\\\/wp-content\\\/uploads\\\/2022\\\/10\\\/Mueloliva-4l.webp\",\"width\":1000,\"height\":1000},{\"@type\":\"BreadcrumbList\",\"@id\":\"https:\\\/\\\/limpol.pl\\\/produkty\\\/oliwa-z-oliwek-najwyzszej-jakosc-z-pierwszego-tloczenia-5l-pet\\\/#breadcrumb\",\"itemListElement\":[{\"@type\":\"ListItem\",\"position\":1,\"name\":\"Strona g\u0142\u00f3wna\",\"item\":\"https:\\\/\\\/limpol.pl\\\/\"},{\"@type\":\"ListItem\",\"position\":2,\"name\":\"Produkty\",\"item\":\"https:\\\/\\\/limpol.pl\\\/shop\\\/\"},{\"@type\":\"ListItem\",\"position\":3,\"name\":\"Oliwa z oliwek najwy\u017cszej jako\u015b\u0107 z pierwszego t\u0142oczenia 5L PET\"}]},{\"@type\":\"WebSite\",\"@id\":\"https:\\\/\\\/limpol.pl\\\/#website\",\"url\":\"https:\\\/\\\/limpol.pl\\\/\",\"name\":\"Limpol - Dystrybutor produkt\u00f3w spo\u017cywczych | Import Eksport\",\"description\":\"Importer i eksporter produkt\u00f3w spo\u017cywczych\",\"potentialAction\":[{\"@type\":\"SearchAction\",\"target\":{\"@type\":\"EntryPoint\",\"urlTemplate\":\"https:\\\/\\\/limpol.pl\\\/?s={search_term_string}\"},\"query-input\":{\"@type\":\"PropertyValueSpecification\",\"valueRequired\":true,\"valueName\":\"search_term_string\"}}],\"inLanguage\":\"en-GB\"}]}<\/script>\n<!-- \/ Yoast SEO plugin. -->","yoast_head_json":{"title":"Extra virgin olive oil 5L PET - Limpol - Distributor of food products | Import Export","robots":{"index":"index","follow":"follow","max-snippet":"max-snippet:-1","max-image-preview":"max-image-preview:large","max-video-preview":"max-video-preview:-1"},"canonical":"https:\/\/limpol.pl\/en\/products\/extra-virgin-olive-oil-5l-pet\/","og_locale":"en_GB","og_type":"article","og_title":"Oliwa z oliwek najwy\u017cszej jako\u015b\u0107 z pierwszego t\u0142oczenia 5L PET - Limpol - Dystrybutor produkt\u00f3w spo\u017cywczych | Import Eksport","og_url":"https:\/\/limpol.pl\/en\/products\/extra-virgin-olive-oil-5l-pet\/","og_site_name":"Limpol - Dystrybutor produkt\u00f3w spo\u017cywczych | Import Eksport","article_publisher":"https:\/\/www.facebook.com\/firmalimpol\/","article_modified_time":"2026-01-29T11:35:07+00:00","og_image":[{"width":1000,"height":1000,"url":"https:\/\/limpol.pl\/wp-content\/uploads\/2022\/10\/Mueloliva-4l.webp","type":"image\/webp"}],"twitter_card":"summary_large_image","twitter_misc":{"Estimated reading time":"1 minute"},"schema":{"@context":"https:\/\/schema.org","@graph":[{"@type":"WebPage","@id":"https:\/\/limpol.pl\/produkty\/oliwa-z-oliwek-najwyzszej-jakosc-z-pierwszego-tloczenia-5l-pet\/","url":"https:\/\/limpol.pl\/produkty\/oliwa-z-oliwek-najwyzszej-jakosc-z-pierwszego-tloczenia-5l-pet\/","name":"Extra virgin olive oil 5L PET - Limpol - Distributor of food products | Import Export","isPartOf":{"@id":"https:\/\/limpol.pl\/#website"},"primaryImageOfPage":{"@id":"https:\/\/limpol.pl\/produkty\/oliwa-z-oliwek-najwyzszej-jakosc-z-pierwszego-tloczenia-5l-pet\/#primaryimage"},"image":{"@id":"https:\/\/limpol.pl\/produkty\/oliwa-z-oliwek-najwyzszej-jakosc-z-pierwszego-tloczenia-5l-pet\/#primaryimage"},"thumbnailUrl":"https:\/\/limpol.pl\/wp-content\/uploads\/2022\/10\/Mueloliva-4l.webp","datePublished":"2022-10-27T11:43:03+00:00","dateModified":"2026-01-29T11:35:07+00:00","breadcrumb":{"@id":"https:\/\/limpol.pl\/produkty\/oliwa-z-oliwek-najwyzszej-jakosc-z-pierwszego-tloczenia-5l-pet\/#breadcrumb"},"inLanguage":"en-GB","potentialAction":[{"@type":"ReadAction","target":["https:\/\/limpol.pl\/produkty\/oliwa-z-oliwek-najwyzszej-jakosc-z-pierwszego-tloczenia-5l-pet\/"]}]},{"@type":"ImageObject","inLanguage":"en-GB","@id":"https:\/\/limpol.pl\/produkty\/oliwa-z-oliwek-najwyzszej-jakosc-z-pierwszego-tloczenia-5l-pet\/#primaryimage","url":"https:\/\/limpol.pl\/wp-content\/uploads\/2022\/10\/Mueloliva-4l.webp","contentUrl":"https:\/\/limpol.pl\/wp-content\/uploads\/2022\/10\/Mueloliva-4l.webp","width":1000,"height":1000},{"@type":"BreadcrumbList","@id":"https:\/\/limpol.pl\/produkty\/oliwa-z-oliwek-najwyzszej-jakosc-z-pierwszego-tloczenia-5l-pet\/#breadcrumb","itemListElement":[{"@type":"ListItem","position":1,"name":"Strona g\u0142\u00f3wna","item":"https:\/\/limpol.pl\/"},{"@type":"ListItem","position":2,"name":"Produkty","item":"https:\/\/limpol.pl\/shop\/"},{"@type":"ListItem","position":3,"name":"Oliwa z oliwek najwy\u017cszej jako\u015b\u0107 z pierwszego t\u0142oczenia 5L PET"}]},{"@type":"WebSite","@id":"https:\/\/limpol.pl\/#website","url":"https:\/\/limpol.pl\/","name":"Limpol - Distributor of food products | Import Export","description":"Importer and exporter of food products","potentialAction":[{"@type":"SearchAction","target":{"@type":"EntryPoint","urlTemplate":"https:\/\/limpol.pl\/?s={search_term_string}"},"query-input":{"@type":"PropertyValueSpecification","valueRequired":true,"valueName":"search_term_string"}}],"inLanguage":"en-GB"}]}},"_links":{"self":[{"href":"https:\/\/limpol.pl\/en\/wp-json\/wp\/v2\/product\/4936","targetHints":{"allow":["GET"]}}],"collection":[{"href":"https:\/\/limpol.pl\/en\/wp-json\/wp\/v2\/product"}],"about":[{"href":"https:\/\/limpol.pl\/en\/wp-json\/wp\/v2\/types\/product"}],"wp:featuredmedia":[{"embeddable":true,"href":"https:\/\/limpol.pl\/en\/wp-json\/wp\/v2\/media\/4923"}],"wp:attachment":[{"href":"https:\/\/limpol.pl\/en\/wp-json\/wp\/v2\/media?parent=4936"}],"wp:term":[{"taxonomy":"product_brand","embeddable":true,"href":"https:\/\/limpol.pl\/en\/wp-json\/wp\/v2\/product_brand?post=4936"},{"taxonomy":"product_cat","embeddable":true,"href":"https:\/\/limpol.pl\/en\/wp-json\/wp\/v2\/product_cat?post=4936"},{"taxonomy":"product_tag","embeddable":true,"href":"https:\/\/limpol.pl\/en\/wp-json\/wp\/v2\/product_tag?post=4936"}],"curies":[{"name":"wp","href":"https:\/\/api.w.org\/{rel}","templated":true}]}}