{"id":5419,"date":"2023-01-25T13:34:52","date_gmt":"2023-01-25T12:34:52","guid":{"rendered":"https:\/\/limpol.pl\/?post_type=product&#038;p=5419"},"modified":"2026-01-29T12:34:17","modified_gmt":"2026-01-29T11:34:17","slug":"red-beans-in-brine-in-a-pouch","status":"publish","type":"product","link":"https:\/\/limpol.pl\/en\/products\/red-beans-in-brine-in-a-pouch\/","title":{"rendered":"Red beans in brine in a pouch"},"content":{"rendered":"<p>Red beans in a large pack, dedicated to the catering industry. The Red Kidney variety, crisp, intense in flavour, with a beautiful dark colour will be the ideal base for dips, trendy vegetarian sandwich spreads. In main dishes, it will work well in meat-based Mexican cuisine, as well as in plant-based cuisine - an increasingly sought-after product by vegans, perfect for vegetable pates, nutritious soups or sweet snacks such as muffins, brownie. Product of Italian origin, available in pouch packaging.<\/p>","protected":false},"excerpt":{"rendered":"<p>Fasola czerwona w du\u017cym opakowaniu, dedykowana gastronomii. Odmiana Red Kidney, chrupka, intensywna w smaku, o pi\u0119knym, ciemnym kolorze b\u0119dzie idealn\u0105 baz\u0105 do dip\u00f3w, modnych wegetaria\u0144skich past kanapkowych. W daniach g\u0142\u00f3wnych sprawdzi si\u0119 doskonale w mi\u0119snej kuchni meksyka\u0144skiej, jak i ro\u015blinnej \u2013 to coraz bardziej po\u017c\u0105dany produkt przez jaroszy, doskona\u0142y do pasztet\u00f3w warzywnych, po\u017cywnych zup, czy [&hellip;]<\/p>\n","protected":false},"featured_media":5421,"template":"","meta":[],"product_brand":[],"product_cat":[57,263],"product_tag":[],"class_list":{"0":"post-5419","1":"product","2":"type-product","3":"status-publish","4":"has-post-thumbnail","6":"product_cat-produkty-vera","7":"product_cat-przetwory-warzywne","8":"pa_atrybut-detal-horeca-horeca","9":"pa_masa-netto-4800g","10":"pa_masa-po-odsaczeniu-4000g","12":"first","13":"instock","14":"shipping-taxable","15":"product-type-simple"},"yoast_head":"<!-- This site is optimized with the Yoast SEO plugin v27.3 - https:\/\/yoast.com\/product\/yoast-seo-wordpress\/ -->\n<title>Fasola czerwona w zalewie w pouchu - Limpol - Dystrybutor produkt\u00f3w spo\u017cywczych | Import Eksport<\/title>\n<meta name=\"robots\" content=\"index, follow, max-snippet:-1, max-image-preview:large, max-video-preview:-1\" \/>\n<link rel=\"canonical\" href=\"https:\/\/limpol.pl\/en\/products\/red-beans-in-brine-in-a-pouch\/\" \/>\n<meta property=\"og:locale\" content=\"en_GB\" \/>\n<meta property=\"og:type\" content=\"article\" \/>\n<meta property=\"og:title\" content=\"Fasola czerwona w zalewie w pouchu - Limpol - Dystrybutor produkt\u00f3w spo\u017cywczych | Import Eksport\" \/>\n<meta property=\"og:description\" content=\"Fasola czerwona w du\u017cym opakowaniu, dedykowana gastronomii. Odmiana Red Kidney, chrupka, intensywna w smaku, o pi\u0119knym, ciemnym kolorze b\u0119dzie idealn\u0105 baz\u0105 do dip\u00f3w, modnych wegetaria\u0144skich past kanapkowych. W daniach g\u0142\u00f3wnych sprawdzi si\u0119 doskonale w mi\u0119snej kuchni meksyka\u0144skiej, jak i ro\u015blinnej \u2013 to coraz bardziej po\u017c\u0105dany produkt przez jaroszy, doskona\u0142y do pasztet\u00f3w warzywnych, po\u017cywnych zup, czy [&hellip;]\" \/>\n<meta property=\"og:url\" content=\"https:\/\/limpol.pl\/en\/products\/red-beans-in-brine-in-a-pouch\/\" \/>\n<meta property=\"og:site_name\" content=\"Limpol - Dystrybutor produkt\u00f3w spo\u017cywczych | Import Eksport\" \/>\n<meta property=\"article:publisher\" content=\"https:\/\/www.facebook.com\/firmalimpol\/\" \/>\n<meta property=\"article:modified_time\" content=\"2026-01-29T11:34:17+00:00\" \/>\n<meta property=\"og:image\" content=\"https:\/\/limpol.pl\/wp-content\/uploads\/2023\/01\/fasola-4800-pouch-CIEN.jpg\" \/>\n\t<meta property=\"og:image:width\" content=\"1000\" \/>\n\t<meta property=\"og:image:height\" content=\"1000\" \/>\n\t<meta property=\"og:image:type\" content=\"image\/jpeg\" \/>\n<meta name=\"twitter:card\" content=\"summary_large_image\" \/>\n<meta name=\"twitter:label1\" content=\"Estimated reading time\" \/>\n\t<meta name=\"twitter:data1\" content=\"1 minute\" \/>\n<script type=\"application\/ld+json\" class=\"yoast-schema-graph\">{\"@context\":\"https:\\\/\\\/schema.org\",\"@graph\":[{\"@type\":\"WebPage\",\"@id\":\"https:\\\/\\\/limpol.pl\\\/produkty\\\/fasola-czerwona-w-zalewie-w-pouchu\\\/\",\"url\":\"https:\\\/\\\/limpol.pl\\\/produkty\\\/fasola-czerwona-w-zalewie-w-pouchu\\\/\",\"name\":\"Fasola czerwona w zalewie w pouchu - Limpol - Dystrybutor produkt\u00f3w spo\u017cywczych | Import Eksport\",\"isPartOf\":{\"@id\":\"https:\\\/\\\/limpol.pl\\\/#website\"},\"primaryImageOfPage\":{\"@id\":\"https:\\\/\\\/limpol.pl\\\/produkty\\\/fasola-czerwona-w-zalewie-w-pouchu\\\/#primaryimage\"},\"image\":{\"@id\":\"https:\\\/\\\/limpol.pl\\\/produkty\\\/fasola-czerwona-w-zalewie-w-pouchu\\\/#primaryimage\"},\"thumbnailUrl\":\"https:\\\/\\\/limpol.pl\\\/wp-content\\\/uploads\\\/2023\\\/01\\\/fasola-4800-pouch-CIEN.jpg\",\"datePublished\":\"2023-01-25T12:34:52+00:00\",\"dateModified\":\"2026-01-29T11:34:17+00:00\",\"breadcrumb\":{\"@id\":\"https:\\\/\\\/limpol.pl\\\/produkty\\\/fasola-czerwona-w-zalewie-w-pouchu\\\/#breadcrumb\"},\"inLanguage\":\"en-GB\",\"potentialAction\":[{\"@type\":\"ReadAction\",\"target\":[\"https:\\\/\\\/limpol.pl\\\/produkty\\\/fasola-czerwona-w-zalewie-w-pouchu\\\/\"]}]},{\"@type\":\"ImageObject\",\"inLanguage\":\"en-GB\",\"@id\":\"https:\\\/\\\/limpol.pl\\\/produkty\\\/fasola-czerwona-w-zalewie-w-pouchu\\\/#primaryimage\",\"url\":\"https:\\\/\\\/limpol.pl\\\/wp-content\\\/uploads\\\/2023\\\/01\\\/fasola-4800-pouch-CIEN.jpg\",\"contentUrl\":\"https:\\\/\\\/limpol.pl\\\/wp-content\\\/uploads\\\/2023\\\/01\\\/fasola-4800-pouch-CIEN.jpg\",\"width\":1000,\"height\":1000},{\"@type\":\"BreadcrumbList\",\"@id\":\"https:\\\/\\\/limpol.pl\\\/produkty\\\/fasola-czerwona-w-zalewie-w-pouchu\\\/#breadcrumb\",\"itemListElement\":[{\"@type\":\"ListItem\",\"position\":1,\"name\":\"Strona g\u0142\u00f3wna\",\"item\":\"https:\\\/\\\/limpol.pl\\\/\"},{\"@type\":\"ListItem\",\"position\":2,\"name\":\"Produkty\",\"item\":\"https:\\\/\\\/limpol.pl\\\/shop\\\/\"},{\"@type\":\"ListItem\",\"position\":3,\"name\":\"Fasola czerwona w zalewie w pouchu\"}]},{\"@type\":\"WebSite\",\"@id\":\"https:\\\/\\\/limpol.pl\\\/#website\",\"url\":\"https:\\\/\\\/limpol.pl\\\/\",\"name\":\"Limpol - Dystrybutor produkt\u00f3w spo\u017cywczych | Import Eksport\",\"description\":\"Importer i eksporter produkt\u00f3w spo\u017cywczych\",\"potentialAction\":[{\"@type\":\"SearchAction\",\"target\":{\"@type\":\"EntryPoint\",\"urlTemplate\":\"https:\\\/\\\/limpol.pl\\\/?s={search_term_string}\"},\"query-input\":{\"@type\":\"PropertyValueSpecification\",\"valueRequired\":true,\"valueName\":\"search_term_string\"}}],\"inLanguage\":\"en-GB\"}]}<\/script>\n<!-- \/ Yoast SEO plugin. -->","yoast_head_json":{"title":"Red beans in marinade in a pouch - Limpol - Distributor of food products | Import Export","robots":{"index":"index","follow":"follow","max-snippet":"max-snippet:-1","max-image-preview":"max-image-preview:large","max-video-preview":"max-video-preview:-1"},"canonical":"https:\/\/limpol.pl\/en\/products\/red-beans-in-brine-in-a-pouch\/","og_locale":"en_GB","og_type":"article","og_title":"Fasola czerwona w zalewie w pouchu - Limpol - Dystrybutor produkt\u00f3w spo\u017cywczych | Import Eksport","og_description":"Fasola czerwona w du\u017cym opakowaniu, dedykowana gastronomii. Odmiana Red Kidney, chrupka, intensywna w smaku, o pi\u0119knym, ciemnym kolorze b\u0119dzie idealn\u0105 baz\u0105 do dip\u00f3w, modnych wegetaria\u0144skich past kanapkowych. W daniach g\u0142\u00f3wnych sprawdzi si\u0119 doskonale w mi\u0119snej kuchni meksyka\u0144skiej, jak i ro\u015blinnej \u2013 to coraz bardziej po\u017c\u0105dany produkt przez jaroszy, doskona\u0142y do pasztet\u00f3w warzywnych, po\u017cywnych zup, czy [&hellip;]","og_url":"https:\/\/limpol.pl\/en\/products\/red-beans-in-brine-in-a-pouch\/","og_site_name":"Limpol - Dystrybutor produkt\u00f3w spo\u017cywczych | Import Eksport","article_publisher":"https:\/\/www.facebook.com\/firmalimpol\/","article_modified_time":"2026-01-29T11:34:17+00:00","og_image":[{"width":1000,"height":1000,"url":"https:\/\/limpol.pl\/wp-content\/uploads\/2023\/01\/fasola-4800-pouch-CIEN.jpg","type":"image\/jpeg"}],"twitter_card":"summary_large_image","twitter_misc":{"Estimated reading time":"1 minute"},"schema":{"@context":"https:\/\/schema.org","@graph":[{"@type":"WebPage","@id":"https:\/\/limpol.pl\/produkty\/fasola-czerwona-w-zalewie-w-pouchu\/","url":"https:\/\/limpol.pl\/produkty\/fasola-czerwona-w-zalewie-w-pouchu\/","name":"Red beans in marinade in a pouch - Limpol - Distributor of food products | Import Export","isPartOf":{"@id":"https:\/\/limpol.pl\/#website"},"primaryImageOfPage":{"@id":"https:\/\/limpol.pl\/produkty\/fasola-czerwona-w-zalewie-w-pouchu\/#primaryimage"},"image":{"@id":"https:\/\/limpol.pl\/produkty\/fasola-czerwona-w-zalewie-w-pouchu\/#primaryimage"},"thumbnailUrl":"https:\/\/limpol.pl\/wp-content\/uploads\/2023\/01\/fasola-4800-pouch-CIEN.jpg","datePublished":"2023-01-25T12:34:52+00:00","dateModified":"2026-01-29T11:34:17+00:00","breadcrumb":{"@id":"https:\/\/limpol.pl\/produkty\/fasola-czerwona-w-zalewie-w-pouchu\/#breadcrumb"},"inLanguage":"en-GB","potentialAction":[{"@type":"ReadAction","target":["https:\/\/limpol.pl\/produkty\/fasola-czerwona-w-zalewie-w-pouchu\/"]}]},{"@type":"ImageObject","inLanguage":"en-GB","@id":"https:\/\/limpol.pl\/produkty\/fasola-czerwona-w-zalewie-w-pouchu\/#primaryimage","url":"https:\/\/limpol.pl\/wp-content\/uploads\/2023\/01\/fasola-4800-pouch-CIEN.jpg","contentUrl":"https:\/\/limpol.pl\/wp-content\/uploads\/2023\/01\/fasola-4800-pouch-CIEN.jpg","width":1000,"height":1000},{"@type":"BreadcrumbList","@id":"https:\/\/limpol.pl\/produkty\/fasola-czerwona-w-zalewie-w-pouchu\/#breadcrumb","itemListElement":[{"@type":"ListItem","position":1,"name":"Strona g\u0142\u00f3wna","item":"https:\/\/limpol.pl\/"},{"@type":"ListItem","position":2,"name":"Produkty","item":"https:\/\/limpol.pl\/shop\/"},{"@type":"ListItem","position":3,"name":"Fasola czerwona w zalewie w pouchu"}]},{"@type":"WebSite","@id":"https:\/\/limpol.pl\/#website","url":"https:\/\/limpol.pl\/","name":"Limpol - Distributor of food products | Import Export","description":"Importer and exporter of food products","potentialAction":[{"@type":"SearchAction","target":{"@type":"EntryPoint","urlTemplate":"https:\/\/limpol.pl\/?s={search_term_string}"},"query-input":{"@type":"PropertyValueSpecification","valueRequired":true,"valueName":"search_term_string"}}],"inLanguage":"en-GB"}]}},"_links":{"self":[{"href":"https:\/\/limpol.pl\/en\/wp-json\/wp\/v2\/product\/5419","targetHints":{"allow":["GET"]}}],"collection":[{"href":"https:\/\/limpol.pl\/en\/wp-json\/wp\/v2\/product"}],"about":[{"href":"https:\/\/limpol.pl\/en\/wp-json\/wp\/v2\/types\/product"}],"wp:featuredmedia":[{"embeddable":true,"href":"https:\/\/limpol.pl\/en\/wp-json\/wp\/v2\/media\/5421"}],"wp:attachment":[{"href":"https:\/\/limpol.pl\/en\/wp-json\/wp\/v2\/media?parent=5419"}],"wp:term":[{"taxonomy":"product_brand","embeddable":true,"href":"https:\/\/limpol.pl\/en\/wp-json\/wp\/v2\/product_brand?post=5419"},{"taxonomy":"product_cat","embeddable":true,"href":"https:\/\/limpol.pl\/en\/wp-json\/wp\/v2\/product_cat?post=5419"},{"taxonomy":"product_tag","embeddable":true,"href":"https:\/\/limpol.pl\/en\/wp-json\/wp\/v2\/product_tag?post=5419"}],"curies":[{"name":"wp","href":"https:\/\/api.w.org\/{rel}","templated":true}]}}