{"id":5426,"date":"2023-01-25T13:39:46","date_gmt":"2023-01-25T12:39:46","guid":{"rendered":"https:\/\/limpol.pl\/?post_type=product&#038;p=5426"},"modified":"2026-01-29T12:33:49","modified_gmt":"2026-01-29T11:33:49","slug":"peach-halves-in-a-jar-700g","status":"publish","type":"product","link":"https:\/\/limpol.pl\/en\/products\/peach-halves-in-a-jar-700g\/","title":{"rendered":"Peaches halves in a jar 700g"},"content":{"rendered":"<p>Peaches in syrup taste of the hot sun of Bulgaria, the country they come from. Their juicy and sweet taste, enclosed in a glass jar, will add character to any dish - sweet or savoury. Perfect for tarts, sponge cakes and shortcrust pastries, especially in autumn and winter. They are also great in jellies or as a fruity addition to classic cold cheesecake. They will break up the flavour of any meat, and go particularly well with poultry. The jar contains peaches cut in half.<\/p>","protected":false},"excerpt":{"rendered":"<p>Brzoskwinie w syropie smakuj\u0105 gor\u0105cym s\u0142o\u0144cem Bu\u0142garii \u2013 kraju, z kt\u00f3rego pochodz\u0105. Ich soczysty i s\u0142odki smak, zamkni\u0119ty w szklanym s\u0142oiczku, nada charakter ka\u017cdej potrawie \u2013 s\u0142odkiej czy wytrawnej. Doskona\u0142e do tart, biszkopt\u00f3w, kruchych ciast, szczeg\u00f3lnie w okresie jesienno-zimowym. \u015awietnie sprawdz\u0105 si\u0119 te\u017c w galaretkach, czy jako owocowy dodatek do klasycznego sernika na zimno. Prze\u0142ami\u0105 [&hellip;]<\/p>\n","protected":false},"featured_media":5428,"template":"","meta":[],"product_brand":[],"product_cat":[57,258],"product_tag":[],"class_list":{"0":"post-5426","1":"product","2":"type-product","3":"status-publish","4":"has-post-thumbnail","6":"product_cat-produkty-vera","7":"product_cat-przetwory-owocowe","8":"pa_atrybut-detal-horeca-detal","9":"pa_masa-netto-700g","11":"first","12":"instock","13":"shipping-taxable","14":"product-type-simple"},"yoast_head":"<!-- This site is optimized with the Yoast SEO plugin v27.3 - https:\/\/yoast.com\/product\/yoast-seo-wordpress\/ -->\n<title>Brzoskwinie po\u0142\u00f3wki w s\u0142oiku 700g - Limpol - Dystrybutor produkt\u00f3w spo\u017cywczych | Import Eksport<\/title>\n<meta name=\"robots\" content=\"index, follow, max-snippet:-1, max-image-preview:large, max-video-preview:-1\" \/>\n<link rel=\"canonical\" href=\"https:\/\/limpol.pl\/en\/products\/peach-halves-in-a-jar-700g\/\" \/>\n<meta property=\"og:locale\" content=\"en_GB\" \/>\n<meta property=\"og:type\" content=\"article\" \/>\n<meta property=\"og:title\" content=\"Brzoskwinie po\u0142\u00f3wki w s\u0142oiku 700g - Limpol - Dystrybutor produkt\u00f3w spo\u017cywczych | Import Eksport\" \/>\n<meta property=\"og:description\" content=\"Brzoskwinie w syropie smakuj\u0105 gor\u0105cym s\u0142o\u0144cem Bu\u0142garii \u2013 kraju, z kt\u00f3rego pochodz\u0105. Ich soczysty i s\u0142odki smak, zamkni\u0119ty w szklanym s\u0142oiczku, nada charakter ka\u017cdej potrawie \u2013 s\u0142odkiej czy wytrawnej. Doskona\u0142e do tart, biszkopt\u00f3w, kruchych ciast, szczeg\u00f3lnie w okresie jesienno-zimowym. \u015awietnie sprawdz\u0105 si\u0119 te\u017c w galaretkach, czy jako owocowy dodatek do klasycznego sernika na zimno. Prze\u0142ami\u0105 [&hellip;]\" \/>\n<meta property=\"og:url\" content=\"https:\/\/limpol.pl\/en\/products\/peach-halves-in-a-jar-700g\/\" \/>\n<meta property=\"og:site_name\" content=\"Limpol - Dystrybutor produkt\u00f3w spo\u017cywczych | Import Eksport\" \/>\n<meta property=\"article:publisher\" content=\"https:\/\/www.facebook.com\/firmalimpol\/\" \/>\n<meta property=\"article:modified_time\" content=\"2026-01-29T11:33:49+00:00\" \/>\n<meta property=\"og:image\" content=\"https:\/\/limpol.pl\/wp-content\/uploads\/2023\/01\/brzoskwinie-polowki-lekki-syrop-skoik-700-CIEN-1.jpg\" \/>\n\t<meta property=\"og:image:width\" content=\"1000\" \/>\n\t<meta property=\"og:image:height\" content=\"1000\" \/>\n\t<meta property=\"og:image:type\" content=\"image\/jpeg\" \/>\n<meta name=\"twitter:card\" content=\"summary_large_image\" \/>\n<meta name=\"twitter:label1\" content=\"Estimated reading time\" \/>\n\t<meta name=\"twitter:data1\" content=\"1 minute\" \/>\n<script type=\"application\/ld+json\" class=\"yoast-schema-graph\">{\"@context\":\"https:\\\/\\\/schema.org\",\"@graph\":[{\"@type\":\"WebPage\",\"@id\":\"https:\\\/\\\/limpol.pl\\\/produkty\\\/brzoskwinie-polowki-w-sloiku-700g\\\/\",\"url\":\"https:\\\/\\\/limpol.pl\\\/produkty\\\/brzoskwinie-polowki-w-sloiku-700g\\\/\",\"name\":\"Brzoskwinie po\u0142\u00f3wki w s\u0142oiku 700g - Limpol - Dystrybutor produkt\u00f3w spo\u017cywczych | Import Eksport\",\"isPartOf\":{\"@id\":\"https:\\\/\\\/limpol.pl\\\/#website\"},\"primaryImageOfPage\":{\"@id\":\"https:\\\/\\\/limpol.pl\\\/produkty\\\/brzoskwinie-polowki-w-sloiku-700g\\\/#primaryimage\"},\"image\":{\"@id\":\"https:\\\/\\\/limpol.pl\\\/produkty\\\/brzoskwinie-polowki-w-sloiku-700g\\\/#primaryimage\"},\"thumbnailUrl\":\"https:\\\/\\\/limpol.pl\\\/wp-content\\\/uploads\\\/2023\\\/01\\\/brzoskwinie-polowki-lekki-syrop-skoik-700-CIEN-1.jpg\",\"datePublished\":\"2023-01-25T12:39:46+00:00\",\"dateModified\":\"2026-01-29T11:33:49+00:00\",\"breadcrumb\":{\"@id\":\"https:\\\/\\\/limpol.pl\\\/produkty\\\/brzoskwinie-polowki-w-sloiku-700g\\\/#breadcrumb\"},\"inLanguage\":\"en-GB\",\"potentialAction\":[{\"@type\":\"ReadAction\",\"target\":[\"https:\\\/\\\/limpol.pl\\\/produkty\\\/brzoskwinie-polowki-w-sloiku-700g\\\/\"]}]},{\"@type\":\"ImageObject\",\"inLanguage\":\"en-GB\",\"@id\":\"https:\\\/\\\/limpol.pl\\\/produkty\\\/brzoskwinie-polowki-w-sloiku-700g\\\/#primaryimage\",\"url\":\"https:\\\/\\\/limpol.pl\\\/wp-content\\\/uploads\\\/2023\\\/01\\\/brzoskwinie-polowki-lekki-syrop-skoik-700-CIEN-1.jpg\",\"contentUrl\":\"https:\\\/\\\/limpol.pl\\\/wp-content\\\/uploads\\\/2023\\\/01\\\/brzoskwinie-polowki-lekki-syrop-skoik-700-CIEN-1.jpg\",\"width\":1000,\"height\":1000},{\"@type\":\"BreadcrumbList\",\"@id\":\"https:\\\/\\\/limpol.pl\\\/produkty\\\/brzoskwinie-polowki-w-sloiku-700g\\\/#breadcrumb\",\"itemListElement\":[{\"@type\":\"ListItem\",\"position\":1,\"name\":\"Strona g\u0142\u00f3wna\",\"item\":\"https:\\\/\\\/limpol.pl\\\/\"},{\"@type\":\"ListItem\",\"position\":2,\"name\":\"Produkty\",\"item\":\"https:\\\/\\\/limpol.pl\\\/shop\\\/\"},{\"@type\":\"ListItem\",\"position\":3,\"name\":\"Brzoskwinie po\u0142\u00f3wki w s\u0142oiku 700g\"}]},{\"@type\":\"WebSite\",\"@id\":\"https:\\\/\\\/limpol.pl\\\/#website\",\"url\":\"https:\\\/\\\/limpol.pl\\\/\",\"name\":\"Limpol - Dystrybutor produkt\u00f3w spo\u017cywczych | Import Eksport\",\"description\":\"Importer i eksporter produkt\u00f3w spo\u017cywczych\",\"potentialAction\":[{\"@type\":\"SearchAction\",\"target\":{\"@type\":\"EntryPoint\",\"urlTemplate\":\"https:\\\/\\\/limpol.pl\\\/?s={search_term_string}\"},\"query-input\":{\"@type\":\"PropertyValueSpecification\",\"valueRequired\":true,\"valueName\":\"search_term_string\"}}],\"inLanguage\":\"en-GB\"}]}<\/script>\n<!-- \/ Yoast SEO plugin. -->","yoast_head_json":{"title":"Peaches halves in a jar 700g - Limpol - Distributor of food products | Import Export","robots":{"index":"index","follow":"follow","max-snippet":"max-snippet:-1","max-image-preview":"max-image-preview:large","max-video-preview":"max-video-preview:-1"},"canonical":"https:\/\/limpol.pl\/en\/products\/peach-halves-in-a-jar-700g\/","og_locale":"en_GB","og_type":"article","og_title":"Brzoskwinie po\u0142\u00f3wki w s\u0142oiku 700g - Limpol - Dystrybutor produkt\u00f3w spo\u017cywczych | Import Eksport","og_description":"Brzoskwinie w syropie smakuj\u0105 gor\u0105cym s\u0142o\u0144cem Bu\u0142garii \u2013 kraju, z kt\u00f3rego pochodz\u0105. Ich soczysty i s\u0142odki smak, zamkni\u0119ty w szklanym s\u0142oiczku, nada charakter ka\u017cdej potrawie \u2013 s\u0142odkiej czy wytrawnej. Doskona\u0142e do tart, biszkopt\u00f3w, kruchych ciast, szczeg\u00f3lnie w okresie jesienno-zimowym. \u015awietnie sprawdz\u0105 si\u0119 te\u017c w galaretkach, czy jako owocowy dodatek do klasycznego sernika na zimno. Prze\u0142ami\u0105 [&hellip;]","og_url":"https:\/\/limpol.pl\/en\/products\/peach-halves-in-a-jar-700g\/","og_site_name":"Limpol - Dystrybutor produkt\u00f3w spo\u017cywczych | Import Eksport","article_publisher":"https:\/\/www.facebook.com\/firmalimpol\/","article_modified_time":"2026-01-29T11:33:49+00:00","og_image":[{"width":1000,"height":1000,"url":"https:\/\/limpol.pl\/wp-content\/uploads\/2023\/01\/brzoskwinie-polowki-lekki-syrop-skoik-700-CIEN-1.jpg","type":"image\/jpeg"}],"twitter_card":"summary_large_image","twitter_misc":{"Estimated reading time":"1 minute"},"schema":{"@context":"https:\/\/schema.org","@graph":[{"@type":"WebPage","@id":"https:\/\/limpol.pl\/produkty\/brzoskwinie-polowki-w-sloiku-700g\/","url":"https:\/\/limpol.pl\/produkty\/brzoskwinie-polowki-w-sloiku-700g\/","name":"Peaches halves in a jar 700g - Limpol - Distributor of food products | Import Export","isPartOf":{"@id":"https:\/\/limpol.pl\/#website"},"primaryImageOfPage":{"@id":"https:\/\/limpol.pl\/produkty\/brzoskwinie-polowki-w-sloiku-700g\/#primaryimage"},"image":{"@id":"https:\/\/limpol.pl\/produkty\/brzoskwinie-polowki-w-sloiku-700g\/#primaryimage"},"thumbnailUrl":"https:\/\/limpol.pl\/wp-content\/uploads\/2023\/01\/brzoskwinie-polowki-lekki-syrop-skoik-700-CIEN-1.jpg","datePublished":"2023-01-25T12:39:46+00:00","dateModified":"2026-01-29T11:33:49+00:00","breadcrumb":{"@id":"https:\/\/limpol.pl\/produkty\/brzoskwinie-polowki-w-sloiku-700g\/#breadcrumb"},"inLanguage":"en-GB","potentialAction":[{"@type":"ReadAction","target":["https:\/\/limpol.pl\/produkty\/brzoskwinie-polowki-w-sloiku-700g\/"]}]},{"@type":"ImageObject","inLanguage":"en-GB","@id":"https:\/\/limpol.pl\/produkty\/brzoskwinie-polowki-w-sloiku-700g\/#primaryimage","url":"https:\/\/limpol.pl\/wp-content\/uploads\/2023\/01\/brzoskwinie-polowki-lekki-syrop-skoik-700-CIEN-1.jpg","contentUrl":"https:\/\/limpol.pl\/wp-content\/uploads\/2023\/01\/brzoskwinie-polowki-lekki-syrop-skoik-700-CIEN-1.jpg","width":1000,"height":1000},{"@type":"BreadcrumbList","@id":"https:\/\/limpol.pl\/produkty\/brzoskwinie-polowki-w-sloiku-700g\/#breadcrumb","itemListElement":[{"@type":"ListItem","position":1,"name":"Strona g\u0142\u00f3wna","item":"https:\/\/limpol.pl\/"},{"@type":"ListItem","position":2,"name":"Produkty","item":"https:\/\/limpol.pl\/shop\/"},{"@type":"ListItem","position":3,"name":"Brzoskwinie po\u0142\u00f3wki w s\u0142oiku 700g"}]},{"@type":"WebSite","@id":"https:\/\/limpol.pl\/#website","url":"https:\/\/limpol.pl\/","name":"Limpol - Distributor of food products | Import Export","description":"Importer and exporter of food products","potentialAction":[{"@type":"SearchAction","target":{"@type":"EntryPoint","urlTemplate":"https:\/\/limpol.pl\/?s={search_term_string}"},"query-input":{"@type":"PropertyValueSpecification","valueRequired":true,"valueName":"search_term_string"}}],"inLanguage":"en-GB"}]}},"_links":{"self":[{"href":"https:\/\/limpol.pl\/en\/wp-json\/wp\/v2\/product\/5426","targetHints":{"allow":["GET"]}}],"collection":[{"href":"https:\/\/limpol.pl\/en\/wp-json\/wp\/v2\/product"}],"about":[{"href":"https:\/\/limpol.pl\/en\/wp-json\/wp\/v2\/types\/product"}],"wp:featuredmedia":[{"embeddable":true,"href":"https:\/\/limpol.pl\/en\/wp-json\/wp\/v2\/media\/5428"}],"wp:attachment":[{"href":"https:\/\/limpol.pl\/en\/wp-json\/wp\/v2\/media?parent=5426"}],"wp:term":[{"taxonomy":"product_brand","embeddable":true,"href":"https:\/\/limpol.pl\/en\/wp-json\/wp\/v2\/product_brand?post=5426"},{"taxonomy":"product_cat","embeddable":true,"href":"https:\/\/limpol.pl\/en\/wp-json\/wp\/v2\/product_cat?post=5426"},{"taxonomy":"product_tag","embeddable":true,"href":"https:\/\/limpol.pl\/en\/wp-json\/wp\/v2\/product_tag?post=5426"}],"curies":[{"name":"wp","href":"https:\/\/api.w.org\/{rel}","templated":true}]}}