{"id":5584,"date":"2023-01-25T16:16:27","date_gmt":"2023-01-25T15:16:27","guid":{"rendered":"https:\/\/limpol.pl\/?post_type=product&#038;p=5584"},"modified":"2024-12-11T11:59:30","modified_gmt":"2024-12-11T10:59:30","slug":"mango-pulp-850g","status":"publish","type":"product","link":"https:\/\/limpol.pl\/en\/products\/mango-pulp-850g\/","title":{"rendered":"Mango pulp 850g"},"content":{"rendered":"<p>Mango pulp is a smooth, aromatic and intensely sweet mousse, ideal for a variety of desserts and drinks. Its creamy texture and tropical flavour are perfect in smoothies, shakes, ice cream, cakes, as well as an addition to yoghurt and oatmeal. Mango pulp adds an exotic touch to dishes, while its natural sweetness and distinctive colour make it a popular ingredient in Asian cuisine and modern dessert recipes. Ready-to-use, it is a quick and convenient way to bring a fruity touch and tropical freshness to everyday meals.<\/p>","protected":false},"excerpt":{"rendered":"<p>Pulpa mango to g\u0142adki, aromatyczny i intensywnie s\u0142odki mus, idealny do r\u00f3\u017cnorodnych deser\u00f3w i napoj\u00f3w. Jej kremowa konsystencja i tropikalny smak doskonale sprawdzaj\u0105 si\u0119 w smoothie, koktajlach, lodach, ciastach, a tak\u017ce jako dodatek do jogurt\u00f3w i owsianki. Pulpa mango nadaje potrawom egzotycznego charakteru, a jej naturalna s\u0142odycz i wyrazisty kolor czyni\u0105 j\u0105 popularnym sk\u0142adnikiem w [&hellip;]<\/p>\n","protected":false},"featured_media":5585,"template":"","meta":[],"product_brand":[],"product_cat":[57,258],"product_tag":[],"class_list":{"0":"post-5584","1":"product","2":"type-product","3":"status-publish","4":"has-post-thumbnail","6":"product_cat-produkty-vera","7":"product_cat-przetwory-owocowe","8":"pa_masa-netto-850g","10":"first","11":"instock","12":"shipping-taxable","13":"product-type-simple"},"yoast_head":"<!-- This site is optimized with the Yoast SEO plugin v27.3 - https:\/\/yoast.com\/product\/yoast-seo-wordpress\/ -->\n<title>Pulpa Mango 850g - Limpol - Dystrybutor produkt\u00f3w spo\u017cywczych | Import Eksport<\/title>\n<meta name=\"robots\" content=\"index, follow, max-snippet:-1, max-image-preview:large, max-video-preview:-1\" \/>\n<link rel=\"canonical\" href=\"https:\/\/limpol.pl\/en\/products\/mango-pulp-850g\/\" \/>\n<meta property=\"og:locale\" content=\"en_GB\" \/>\n<meta property=\"og:type\" content=\"article\" \/>\n<meta property=\"og:title\" content=\"Pulpa Mango 850g - Limpol - Dystrybutor produkt\u00f3w spo\u017cywczych | Import Eksport\" \/>\n<meta property=\"og:description\" content=\"Pulpa mango to g\u0142adki, aromatyczny i intensywnie s\u0142odki mus, idealny do r\u00f3\u017cnorodnych deser\u00f3w i napoj\u00f3w. Jej kremowa konsystencja i tropikalny smak doskonale sprawdzaj\u0105 si\u0119 w smoothie, koktajlach, lodach, ciastach, a tak\u017ce jako dodatek do jogurt\u00f3w i owsianki. Pulpa mango nadaje potrawom egzotycznego charakteru, a jej naturalna s\u0142odycz i wyrazisty kolor czyni\u0105 j\u0105 popularnym sk\u0142adnikiem w [&hellip;]\" \/>\n<meta property=\"og:url\" content=\"https:\/\/limpol.pl\/en\/products\/mango-pulp-850g\/\" \/>\n<meta property=\"og:site_name\" content=\"Limpol - Dystrybutor produkt\u00f3w spo\u017cywczych | Import Eksport\" \/>\n<meta property=\"article:publisher\" content=\"https:\/\/www.facebook.com\/firmalimpol\/\" \/>\n<meta property=\"article:modified_time\" content=\"2024-12-11T10:59:30+00:00\" \/>\n<meta property=\"og:image\" content=\"https:\/\/limpol.pl\/wp-content\/uploads\/2023\/01\/VERA-2022-wiz-mango-pulpa-850-CIEN-1.jpg\" \/>\n\t<meta property=\"og:image:width\" content=\"1000\" \/>\n\t<meta property=\"og:image:height\" content=\"1000\" \/>\n\t<meta property=\"og:image:type\" content=\"image\/jpeg\" \/>\n<meta name=\"twitter:card\" content=\"summary_large_image\" \/>\n<meta name=\"twitter:label1\" content=\"Estimated reading time\" \/>\n\t<meta name=\"twitter:data1\" content=\"1 minute\" \/>\n<script type=\"application\/ld+json\" class=\"yoast-schema-graph\">{\"@context\":\"https:\\\/\\\/schema.org\",\"@graph\":[{\"@type\":\"WebPage\",\"@id\":\"https:\\\/\\\/limpol.pl\\\/produkty\\\/pulpa-mango-850g\\\/\",\"url\":\"https:\\\/\\\/limpol.pl\\\/produkty\\\/pulpa-mango-850g\\\/\",\"name\":\"Pulpa Mango 850g - Limpol - Dystrybutor produkt\u00f3w spo\u017cywczych | Import Eksport\",\"isPartOf\":{\"@id\":\"https:\\\/\\\/limpol.pl\\\/#website\"},\"primaryImageOfPage\":{\"@id\":\"https:\\\/\\\/limpol.pl\\\/produkty\\\/pulpa-mango-850g\\\/#primaryimage\"},\"image\":{\"@id\":\"https:\\\/\\\/limpol.pl\\\/produkty\\\/pulpa-mango-850g\\\/#primaryimage\"},\"thumbnailUrl\":\"https:\\\/\\\/limpol.pl\\\/wp-content\\\/uploads\\\/2023\\\/01\\\/VERA-2022-wiz-mango-pulpa-850-CIEN-1.jpg\",\"datePublished\":\"2023-01-25T15:16:27+00:00\",\"dateModified\":\"2024-12-11T10:59:30+00:00\",\"breadcrumb\":{\"@id\":\"https:\\\/\\\/limpol.pl\\\/produkty\\\/pulpa-mango-850g\\\/#breadcrumb\"},\"inLanguage\":\"en-GB\",\"potentialAction\":[{\"@type\":\"ReadAction\",\"target\":[\"https:\\\/\\\/limpol.pl\\\/produkty\\\/pulpa-mango-850g\\\/\"]}]},{\"@type\":\"ImageObject\",\"inLanguage\":\"en-GB\",\"@id\":\"https:\\\/\\\/limpol.pl\\\/produkty\\\/pulpa-mango-850g\\\/#primaryimage\",\"url\":\"https:\\\/\\\/limpol.pl\\\/wp-content\\\/uploads\\\/2023\\\/01\\\/VERA-2022-wiz-mango-pulpa-850-CIEN-1.jpg\",\"contentUrl\":\"https:\\\/\\\/limpol.pl\\\/wp-content\\\/uploads\\\/2023\\\/01\\\/VERA-2022-wiz-mango-pulpa-850-CIEN-1.jpg\",\"width\":1000,\"height\":1000},{\"@type\":\"BreadcrumbList\",\"@id\":\"https:\\\/\\\/limpol.pl\\\/produkty\\\/pulpa-mango-850g\\\/#breadcrumb\",\"itemListElement\":[{\"@type\":\"ListItem\",\"position\":1,\"name\":\"Strona g\u0142\u00f3wna\",\"item\":\"https:\\\/\\\/limpol.pl\\\/\"},{\"@type\":\"ListItem\",\"position\":2,\"name\":\"Produkty\",\"item\":\"https:\\\/\\\/limpol.pl\\\/shop\\\/\"},{\"@type\":\"ListItem\",\"position\":3,\"name\":\"Pulpa Mango 850g\"}]},{\"@type\":\"WebSite\",\"@id\":\"https:\\\/\\\/limpol.pl\\\/#website\",\"url\":\"https:\\\/\\\/limpol.pl\\\/\",\"name\":\"Limpol - Dystrybutor produkt\u00f3w spo\u017cywczych | Import Eksport\",\"description\":\"Importer i eksporter produkt\u00f3w spo\u017cywczych\",\"potentialAction\":[{\"@type\":\"SearchAction\",\"target\":{\"@type\":\"EntryPoint\",\"urlTemplate\":\"https:\\\/\\\/limpol.pl\\\/?s={search_term_string}\"},\"query-input\":{\"@type\":\"PropertyValueSpecification\",\"valueRequired\":true,\"valueName\":\"search_term_string\"}}],\"inLanguage\":\"en-GB\"}]}<\/script>\n<!-- \/ Yoast SEO plugin. -->","yoast_head_json":{"title":"Mango pulp 850g - Limpol - Distributor of food products | Import Export","robots":{"index":"index","follow":"follow","max-snippet":"max-snippet:-1","max-image-preview":"max-image-preview:large","max-video-preview":"max-video-preview:-1"},"canonical":"https:\/\/limpol.pl\/en\/products\/mango-pulp-850g\/","og_locale":"en_GB","og_type":"article","og_title":"Pulpa Mango 850g - Limpol - Dystrybutor produkt\u00f3w spo\u017cywczych | Import Eksport","og_description":"Pulpa mango to g\u0142adki, aromatyczny i intensywnie s\u0142odki mus, idealny do r\u00f3\u017cnorodnych deser\u00f3w i napoj\u00f3w. Jej kremowa konsystencja i tropikalny smak doskonale sprawdzaj\u0105 si\u0119 w smoothie, koktajlach, lodach, ciastach, a tak\u017ce jako dodatek do jogurt\u00f3w i owsianki. Pulpa mango nadaje potrawom egzotycznego charakteru, a jej naturalna s\u0142odycz i wyrazisty kolor czyni\u0105 j\u0105 popularnym sk\u0142adnikiem w [&hellip;]","og_url":"https:\/\/limpol.pl\/en\/products\/mango-pulp-850g\/","og_site_name":"Limpol - Dystrybutor produkt\u00f3w spo\u017cywczych | Import Eksport","article_publisher":"https:\/\/www.facebook.com\/firmalimpol\/","article_modified_time":"2024-12-11T10:59:30+00:00","og_image":[{"width":1000,"height":1000,"url":"https:\/\/limpol.pl\/wp-content\/uploads\/2023\/01\/VERA-2022-wiz-mango-pulpa-850-CIEN-1.jpg","type":"image\/jpeg"}],"twitter_card":"summary_large_image","twitter_misc":{"Estimated reading time":"1 minute"},"schema":{"@context":"https:\/\/schema.org","@graph":[{"@type":"WebPage","@id":"https:\/\/limpol.pl\/produkty\/pulpa-mango-850g\/","url":"https:\/\/limpol.pl\/produkty\/pulpa-mango-850g\/","name":"Mango pulp 850g - Limpol - Distributor of food products | Import Export","isPartOf":{"@id":"https:\/\/limpol.pl\/#website"},"primaryImageOfPage":{"@id":"https:\/\/limpol.pl\/produkty\/pulpa-mango-850g\/#primaryimage"},"image":{"@id":"https:\/\/limpol.pl\/produkty\/pulpa-mango-850g\/#primaryimage"},"thumbnailUrl":"https:\/\/limpol.pl\/wp-content\/uploads\/2023\/01\/VERA-2022-wiz-mango-pulpa-850-CIEN-1.jpg","datePublished":"2023-01-25T15:16:27+00:00","dateModified":"2024-12-11T10:59:30+00:00","breadcrumb":{"@id":"https:\/\/limpol.pl\/produkty\/pulpa-mango-850g\/#breadcrumb"},"inLanguage":"en-GB","potentialAction":[{"@type":"ReadAction","target":["https:\/\/limpol.pl\/produkty\/pulpa-mango-850g\/"]}]},{"@type":"ImageObject","inLanguage":"en-GB","@id":"https:\/\/limpol.pl\/produkty\/pulpa-mango-850g\/#primaryimage","url":"https:\/\/limpol.pl\/wp-content\/uploads\/2023\/01\/VERA-2022-wiz-mango-pulpa-850-CIEN-1.jpg","contentUrl":"https:\/\/limpol.pl\/wp-content\/uploads\/2023\/01\/VERA-2022-wiz-mango-pulpa-850-CIEN-1.jpg","width":1000,"height":1000},{"@type":"BreadcrumbList","@id":"https:\/\/limpol.pl\/produkty\/pulpa-mango-850g\/#breadcrumb","itemListElement":[{"@type":"ListItem","position":1,"name":"Strona g\u0142\u00f3wna","item":"https:\/\/limpol.pl\/"},{"@type":"ListItem","position":2,"name":"Produkty","item":"https:\/\/limpol.pl\/shop\/"},{"@type":"ListItem","position":3,"name":"Pulpa Mango 850g"}]},{"@type":"WebSite","@id":"https:\/\/limpol.pl\/#website","url":"https:\/\/limpol.pl\/","name":"Limpol - Distributor of food products | Import Export","description":"Importer and exporter of food products","potentialAction":[{"@type":"SearchAction","target":{"@type":"EntryPoint","urlTemplate":"https:\/\/limpol.pl\/?s={search_term_string}"},"query-input":{"@type":"PropertyValueSpecification","valueRequired":true,"valueName":"search_term_string"}}],"inLanguage":"en-GB"}]}},"_links":{"self":[{"href":"https:\/\/limpol.pl\/en\/wp-json\/wp\/v2\/product\/5584","targetHints":{"allow":["GET"]}}],"collection":[{"href":"https:\/\/limpol.pl\/en\/wp-json\/wp\/v2\/product"}],"about":[{"href":"https:\/\/limpol.pl\/en\/wp-json\/wp\/v2\/types\/product"}],"wp:featuredmedia":[{"embeddable":true,"href":"https:\/\/limpol.pl\/en\/wp-json\/wp\/v2\/media\/5585"}],"wp:attachment":[{"href":"https:\/\/limpol.pl\/en\/wp-json\/wp\/v2\/media?parent=5584"}],"wp:term":[{"taxonomy":"product_brand","embeddable":true,"href":"https:\/\/limpol.pl\/en\/wp-json\/wp\/v2\/product_brand?post=5584"},{"taxonomy":"product_cat","embeddable":true,"href":"https:\/\/limpol.pl\/en\/wp-json\/wp\/v2\/product_cat?post=5584"},{"taxonomy":"product_tag","embeddable":true,"href":"https:\/\/limpol.pl\/en\/wp-json\/wp\/v2\/product_tag?post=5584"}],"curies":[{"name":"wp","href":"https:\/\/api.w.org\/{rel}","templated":true}]}}