{"id":5740,"date":"2023-04-05T18:06:08","date_gmt":"2023-04-05T16:06:08","guid":{"rendered":"https:\/\/limpol.pl\/?post_type=product&#038;p=5740"},"modified":"2024-12-11T13:44:46","modified_gmt":"2024-12-11T12:44:46","slug":"sliced-mushrooms-in-marinade-1600g","status":"publish","type":"product","link":"https:\/\/limpol.pl\/en\/products\/sliced-mushrooms-in-marinade-1600g\/","title":{"rendered":"Sliced mushrooms in marinade 1600g"},"content":{"rendered":"<p>Polish marinated mushrooms are carefully selected, the best mushrooms of the right size and trimmed legs. Placed whole in a traditional marinade, which adds to their characteristic aroma, they have a delicate sweet and sour flavour. They will add variety to many meat dishes, especially stews, salads and sauces, and will surprise you with their excellent taste when combined with omelettes. The product is available in a jar, dedicated to the HoReCa channel.<\/p>","protected":false},"excerpt":{"rendered":"<p>Polish marinated mushrooms are carefully selected, the best mushrooms of the right size and trimmed legs. Placed whole in a traditional marinade, which adds to their characteristic aroma, they have a delicate sweet and sour flavour. They will add variety to many meat dishes, especially stews, salads and sauces, and will surprise you with their excellent taste when combined with omelettes. The product is available in a jar, dedicated to the HoReCa channel.<\/p>","protected":false},"featured_media":5741,"template":"","meta":[],"product_brand":[],"product_cat":[845,57,263],"product_tag":[],"class_list":{"0":"post-5740","1":"product","2":"type-product","3":"status-publish","4":"has-post-thumbnail","6":"product_cat-dla-pizzerii-i-trattorii","7":"product_cat-produkty-vera","8":"product_cat-przetwory-warzywne","9":"pa_atrybut-detal-horeca-horeca","10":"pa_masa-netto-1600g","12":"first","13":"instock","14":"shipping-taxable","15":"product-type-simple"},"yoast_head":"<!-- This site is optimized with the Yoast SEO plugin v27.3 - https:\/\/yoast.com\/product\/yoast-seo-wordpress\/ -->\n<title>Pieczarki krojone w zalewie 1600g - Limpol - Dystrybutor produkt\u00f3w spo\u017cywczych | Import Eksport<\/title>\n<meta name=\"robots\" content=\"index, follow, max-snippet:-1, max-image-preview:large, max-video-preview:-1\" \/>\n<link rel=\"canonical\" href=\"https:\/\/limpol.pl\/en\/products\/sliced-mushrooms-in-marinade-1600g\/\" \/>\n<meta property=\"og:locale\" content=\"en_GB\" \/>\n<meta property=\"og:type\" content=\"article\" \/>\n<meta property=\"og:title\" content=\"Pieczarki krojone w zalewie 1600g - Limpol - Dystrybutor produkt\u00f3w spo\u017cywczych | Import Eksport\" \/>\n<meta property=\"og:description\" content=\"Polskie pieczarki marynowane to starannie wybrane, najlepsze grzybki o odpowiednim rozmiarze i przyci\u0119tych n\u00f3\u017ckach. Umieszczone w ca\u0142o\u015bci w tradycyjnej zalewie, kt\u00f3ra dodaje im charakterystycznego aromatu, maj\u0105 delikatny s\u0142odko-kwa\u015bny posmak. Urozmaic\u0105 niejedno danie mi\u0119sne \u2013 szczeg\u00f3lnie gulasze, sa\u0142atki, sosy, zaskocz\u0105 doskona\u0142ym smakiem w po\u0142\u0105czeniu z omletem. Produkt dost\u0119pny w s\u0142oiku, dedykowane kana\u0142owi HoReCa\" \/>\n<meta property=\"og:url\" content=\"https:\/\/limpol.pl\/en\/products\/sliced-mushrooms-in-marinade-1600g\/\" \/>\n<meta property=\"og:site_name\" content=\"Limpol - Dystrybutor produkt\u00f3w spo\u017cywczych | Import Eksport\" \/>\n<meta property=\"article:publisher\" content=\"https:\/\/www.facebook.com\/firmalimpol\/\" \/>\n<meta property=\"article:modified_time\" content=\"2024-12-11T12:44:46+00:00\" \/>\n<meta property=\"og:image\" content=\"https:\/\/limpol.pl\/wp-content\/uploads\/2023\/04\/pieczarki-krojone-zalewa-1600-CIEN.jpg\" \/>\n\t<meta property=\"og:image:width\" content=\"1000\" \/>\n\t<meta property=\"og:image:height\" content=\"1000\" \/>\n\t<meta property=\"og:image:type\" content=\"image\/jpeg\" \/>\n<meta name=\"twitter:card\" content=\"summary_large_image\" \/>\n<meta name=\"twitter:label1\" content=\"Estimated reading time\" \/>\n\t<meta name=\"twitter:data1\" content=\"1 minute\" \/>\n<script type=\"application\/ld+json\" class=\"yoast-schema-graph\">{\"@context\":\"https:\\\/\\\/schema.org\",\"@graph\":[{\"@type\":\"WebPage\",\"@id\":\"https:\\\/\\\/limpol.pl\\\/produkty\\\/pieczarki-krojone-w-zalewie-1600g\\\/\",\"url\":\"https:\\\/\\\/limpol.pl\\\/produkty\\\/pieczarki-krojone-w-zalewie-1600g\\\/\",\"name\":\"Pieczarki krojone w zalewie 1600g - Limpol - Dystrybutor produkt\u00f3w spo\u017cywczych | Import Eksport\",\"isPartOf\":{\"@id\":\"https:\\\/\\\/limpol.pl\\\/#website\"},\"primaryImageOfPage\":{\"@id\":\"https:\\\/\\\/limpol.pl\\\/produkty\\\/pieczarki-krojone-w-zalewie-1600g\\\/#primaryimage\"},\"image\":{\"@id\":\"https:\\\/\\\/limpol.pl\\\/produkty\\\/pieczarki-krojone-w-zalewie-1600g\\\/#primaryimage\"},\"thumbnailUrl\":\"https:\\\/\\\/limpol.pl\\\/wp-content\\\/uploads\\\/2023\\\/04\\\/pieczarki-krojone-zalewa-1600-CIEN.jpg\",\"datePublished\":\"2023-04-05T16:06:08+00:00\",\"dateModified\":\"2024-12-11T12:44:46+00:00\",\"breadcrumb\":{\"@id\":\"https:\\\/\\\/limpol.pl\\\/produkty\\\/pieczarki-krojone-w-zalewie-1600g\\\/#breadcrumb\"},\"inLanguage\":\"en-GB\",\"potentialAction\":[{\"@type\":\"ReadAction\",\"target\":[\"https:\\\/\\\/limpol.pl\\\/produkty\\\/pieczarki-krojone-w-zalewie-1600g\\\/\"]}]},{\"@type\":\"ImageObject\",\"inLanguage\":\"en-GB\",\"@id\":\"https:\\\/\\\/limpol.pl\\\/produkty\\\/pieczarki-krojone-w-zalewie-1600g\\\/#primaryimage\",\"url\":\"https:\\\/\\\/limpol.pl\\\/wp-content\\\/uploads\\\/2023\\\/04\\\/pieczarki-krojone-zalewa-1600-CIEN.jpg\",\"contentUrl\":\"https:\\\/\\\/limpol.pl\\\/wp-content\\\/uploads\\\/2023\\\/04\\\/pieczarki-krojone-zalewa-1600-CIEN.jpg\",\"width\":1000,\"height\":1000},{\"@type\":\"BreadcrumbList\",\"@id\":\"https:\\\/\\\/limpol.pl\\\/produkty\\\/pieczarki-krojone-w-zalewie-1600g\\\/#breadcrumb\",\"itemListElement\":[{\"@type\":\"ListItem\",\"position\":1,\"name\":\"Strona g\u0142\u00f3wna\",\"item\":\"https:\\\/\\\/limpol.pl\\\/\"},{\"@type\":\"ListItem\",\"position\":2,\"name\":\"Produkty\",\"item\":\"https:\\\/\\\/limpol.pl\\\/shop\\\/\"},{\"@type\":\"ListItem\",\"position\":3,\"name\":\"Pieczarki krojone w zalewie 1600g\"}]},{\"@type\":\"WebSite\",\"@id\":\"https:\\\/\\\/limpol.pl\\\/#website\",\"url\":\"https:\\\/\\\/limpol.pl\\\/\",\"name\":\"Limpol - Dystrybutor produkt\u00f3w spo\u017cywczych | Import Eksport\",\"description\":\"Importer i eksporter produkt\u00f3w spo\u017cywczych\",\"potentialAction\":[{\"@type\":\"SearchAction\",\"target\":{\"@type\":\"EntryPoint\",\"urlTemplate\":\"https:\\\/\\\/limpol.pl\\\/?s={search_term_string}\"},\"query-input\":{\"@type\":\"PropertyValueSpecification\",\"valueRequired\":true,\"valueName\":\"search_term_string\"}}],\"inLanguage\":\"en-GB\"}]}<\/script>\n<!-- \/ Yoast SEO plugin. -->","yoast_head_json":{"title":"Sliced mushrooms in marinade 1600g - Limpol - Distributor of food products | Import Export","robots":{"index":"index","follow":"follow","max-snippet":"max-snippet:-1","max-image-preview":"max-image-preview:large","max-video-preview":"max-video-preview:-1"},"canonical":"https:\/\/limpol.pl\/en\/products\/sliced-mushrooms-in-marinade-1600g\/","og_locale":"en_GB","og_type":"article","og_title":"Pieczarki krojone w zalewie 1600g - Limpol - Dystrybutor produkt\u00f3w spo\u017cywczych | Import Eksport","og_description":"Polskie pieczarki marynowane to starannie wybrane, najlepsze grzybki o odpowiednim rozmiarze i przyci\u0119tych n\u00f3\u017ckach. Umieszczone w ca\u0142o\u015bci w tradycyjnej zalewie, kt\u00f3ra dodaje im charakterystycznego aromatu, maj\u0105 delikatny s\u0142odko-kwa\u015bny posmak. Urozmaic\u0105 niejedno danie mi\u0119sne \u2013 szczeg\u00f3lnie gulasze, sa\u0142atki, sosy, zaskocz\u0105 doskona\u0142ym smakiem w po\u0142\u0105czeniu z omletem. Produkt dost\u0119pny w s\u0142oiku, dedykowane kana\u0142owi HoReCa","og_url":"https:\/\/limpol.pl\/en\/products\/sliced-mushrooms-in-marinade-1600g\/","og_site_name":"Limpol - Dystrybutor produkt\u00f3w spo\u017cywczych | Import Eksport","article_publisher":"https:\/\/www.facebook.com\/firmalimpol\/","article_modified_time":"2024-12-11T12:44:46+00:00","og_image":[{"width":1000,"height":1000,"url":"https:\/\/limpol.pl\/wp-content\/uploads\/2023\/04\/pieczarki-krojone-zalewa-1600-CIEN.jpg","type":"image\/jpeg"}],"twitter_card":"summary_large_image","twitter_misc":{"Estimated reading time":"1 minute"},"schema":{"@context":"https:\/\/schema.org","@graph":[{"@type":"WebPage","@id":"https:\/\/limpol.pl\/produkty\/pieczarki-krojone-w-zalewie-1600g\/","url":"https:\/\/limpol.pl\/produkty\/pieczarki-krojone-w-zalewie-1600g\/","name":"Sliced mushrooms in marinade 1600g - Limpol - Distributor of food products | Import Export","isPartOf":{"@id":"https:\/\/limpol.pl\/#website"},"primaryImageOfPage":{"@id":"https:\/\/limpol.pl\/produkty\/pieczarki-krojone-w-zalewie-1600g\/#primaryimage"},"image":{"@id":"https:\/\/limpol.pl\/produkty\/pieczarki-krojone-w-zalewie-1600g\/#primaryimage"},"thumbnailUrl":"https:\/\/limpol.pl\/wp-content\/uploads\/2023\/04\/pieczarki-krojone-zalewa-1600-CIEN.jpg","datePublished":"2023-04-05T16:06:08+00:00","dateModified":"2024-12-11T12:44:46+00:00","breadcrumb":{"@id":"https:\/\/limpol.pl\/produkty\/pieczarki-krojone-w-zalewie-1600g\/#breadcrumb"},"inLanguage":"en-GB","potentialAction":[{"@type":"ReadAction","target":["https:\/\/limpol.pl\/produkty\/pieczarki-krojone-w-zalewie-1600g\/"]}]},{"@type":"ImageObject","inLanguage":"en-GB","@id":"https:\/\/limpol.pl\/produkty\/pieczarki-krojone-w-zalewie-1600g\/#primaryimage","url":"https:\/\/limpol.pl\/wp-content\/uploads\/2023\/04\/pieczarki-krojone-zalewa-1600-CIEN.jpg","contentUrl":"https:\/\/limpol.pl\/wp-content\/uploads\/2023\/04\/pieczarki-krojone-zalewa-1600-CIEN.jpg","width":1000,"height":1000},{"@type":"BreadcrumbList","@id":"https:\/\/limpol.pl\/produkty\/pieczarki-krojone-w-zalewie-1600g\/#breadcrumb","itemListElement":[{"@type":"ListItem","position":1,"name":"Strona g\u0142\u00f3wna","item":"https:\/\/limpol.pl\/"},{"@type":"ListItem","position":2,"name":"Produkty","item":"https:\/\/limpol.pl\/shop\/"},{"@type":"ListItem","position":3,"name":"Pieczarki krojone w zalewie 1600g"}]},{"@type":"WebSite","@id":"https:\/\/limpol.pl\/#website","url":"https:\/\/limpol.pl\/","name":"Limpol - Distributor of food products | Import Export","description":"Importer and exporter of food products","potentialAction":[{"@type":"SearchAction","target":{"@type":"EntryPoint","urlTemplate":"https:\/\/limpol.pl\/?s={search_term_string}"},"query-input":{"@type":"PropertyValueSpecification","valueRequired":true,"valueName":"search_term_string"}}],"inLanguage":"en-GB"}]}},"_links":{"self":[{"href":"https:\/\/limpol.pl\/en\/wp-json\/wp\/v2\/product\/5740","targetHints":{"allow":["GET"]}}],"collection":[{"href":"https:\/\/limpol.pl\/en\/wp-json\/wp\/v2\/product"}],"about":[{"href":"https:\/\/limpol.pl\/en\/wp-json\/wp\/v2\/types\/product"}],"wp:featuredmedia":[{"embeddable":true,"href":"https:\/\/limpol.pl\/en\/wp-json\/wp\/v2\/media\/5741"}],"wp:attachment":[{"href":"https:\/\/limpol.pl\/en\/wp-json\/wp\/v2\/media?parent=5740"}],"wp:term":[{"taxonomy":"product_brand","embeddable":true,"href":"https:\/\/limpol.pl\/en\/wp-json\/wp\/v2\/product_brand?post=5740"},{"taxonomy":"product_cat","embeddable":true,"href":"https:\/\/limpol.pl\/en\/wp-json\/wp\/v2\/product_cat?post=5740"},{"taxonomy":"product_tag","embeddable":true,"href":"https:\/\/limpol.pl\/en\/wp-json\/wp\/v2\/product_tag?post=5740"}],"curies":[{"name":"wp","href":"https:\/\/api.w.org\/{rel}","templated":true}]}}