{"id":5747,"date":"2023-04-05T18:19:42","date_gmt":"2023-04-05T16:19:42","guid":{"rendered":"https:\/\/limpol.pl\/?post_type=product&#038;p=5747"},"modified":"2024-12-11T13:45:23","modified_gmt":"2024-12-11T12:45:23","slug":"sliced-mushrooms-in-marinade-in-a-jar-750g","status":"publish","type":"product","link":"https:\/\/limpol.pl\/en\/products\/sliced-mushrooms-in-marinade-in-a-jar-750g\/","title":{"rendered":"Sliced mushrooms in marinade in a jar 750g"},"content":{"rendered":"<p>Sliced mushrooms in marinade with an aromatic, sweet and sour flavour that will add character to any hot dish, especially poultry or pork, and any cold dish - it will break the flavours in a mayonnaise salad. A must-have ingredient in tartare sauce. Easy to use - immediately cut into slices. Product of Polish origin, available in a jar. Weighs 400 g after draining the marinade.<\/p>","protected":false},"excerpt":{"rendered":"<p>Pieczarki krojone w zalewie o aromatycznym, s\u0142odko-kwa\u015bnym smaku, kt\u00f3ry nada charakter ka\u017cdej potrawie na ciep\u0142o, w szczeg\u00f3lno\u015bci drobiowi czy wieprzowinie, i ka\u017cdej na zimno \u2013prze\u0142amie smaki w sa\u0142atce majonezowej. Sk\u0142adnik typu must-have w sosie tatarskim. Proste w u\u017cyciu \u2013 od razu poci\u0119te na plasterki. Produkt polskiego pochodzenia, dost\u0119pny w s\u0142oiku. Po ods\u0105czeniu zalewy wazy 400 [&hellip;]<\/p>\n","protected":false},"featured_media":5748,"template":"","meta":[],"product_brand":[],"product_cat":[845,57,263],"product_tag":[],"class_list":{"0":"post-5747","1":"product","2":"type-product","3":"status-publish","4":"has-post-thumbnail","6":"product_cat-dla-pizzerii-i-trattorii","7":"product_cat-produkty-vera","8":"product_cat-przetwory-warzywne","9":"pa_atrybut-detal-horeca-horeca","10":"pa_masa-netto-750g","12":"first","13":"instock","14":"shipping-taxable","15":"product-type-simple"},"yoast_head":"<!-- This site is optimized with the Yoast SEO plugin v27.3 - https:\/\/yoast.com\/product\/yoast-seo-wordpress\/ -->\n<title>Pieczarki krojone w zalewie w s\u0142oiku 750g - Limpol - Dystrybutor produkt\u00f3w spo\u017cywczych | Import Eksport<\/title>\n<meta name=\"robots\" content=\"index, follow, max-snippet:-1, max-image-preview:large, max-video-preview:-1\" \/>\n<link rel=\"canonical\" href=\"https:\/\/limpol.pl\/en\/products\/sliced-mushrooms-in-marinade-in-a-jar-750g\/\" \/>\n<meta property=\"og:locale\" content=\"en_GB\" \/>\n<meta property=\"og:type\" content=\"article\" \/>\n<meta property=\"og:title\" content=\"Pieczarki krojone w zalewie w s\u0142oiku 750g - Limpol - Dystrybutor produkt\u00f3w spo\u017cywczych | Import Eksport\" \/>\n<meta property=\"og:description\" content=\"Pieczarki krojone w zalewie o aromatycznym, s\u0142odko-kwa\u015bnym smaku, kt\u00f3ry nada charakter ka\u017cdej potrawie na ciep\u0142o, w szczeg\u00f3lno\u015bci drobiowi czy wieprzowinie, i ka\u017cdej na zimno \u2013prze\u0142amie smaki w sa\u0142atce majonezowej. Sk\u0142adnik typu must-have w sosie tatarskim. Proste w u\u017cyciu \u2013 od razu poci\u0119te na plasterki. Produkt polskiego pochodzenia, dost\u0119pny w s\u0142oiku. Po ods\u0105czeniu zalewy wazy 400 [&hellip;]\" \/>\n<meta property=\"og:url\" content=\"https:\/\/limpol.pl\/en\/products\/sliced-mushrooms-in-marinade-in-a-jar-750g\/\" \/>\n<meta property=\"og:site_name\" content=\"Limpol - Dystrybutor produkt\u00f3w spo\u017cywczych | Import Eksport\" \/>\n<meta property=\"article:publisher\" content=\"https:\/\/www.facebook.com\/firmalimpol\/\" \/>\n<meta property=\"article:modified_time\" content=\"2024-12-11T12:45:23+00:00\" \/>\n<meta property=\"og:image\" content=\"https:\/\/limpol.pl\/wp-content\/uploads\/2023\/04\/pieczarki-zalewa-krojone-sloik-750-CIEN-www.jpg\" \/>\n\t<meta property=\"og:image:width\" content=\"800\" \/>\n\t<meta property=\"og:image:height\" content=\"800\" \/>\n\t<meta property=\"og:image:type\" content=\"image\/jpeg\" \/>\n<meta name=\"twitter:card\" content=\"summary_large_image\" \/>\n<meta name=\"twitter:label1\" content=\"Estimated reading time\" \/>\n\t<meta name=\"twitter:data1\" content=\"1 minute\" \/>\n<script type=\"application\/ld+json\" class=\"yoast-schema-graph\">{\"@context\":\"https:\\\/\\\/schema.org\",\"@graph\":[{\"@type\":\"WebPage\",\"@id\":\"https:\\\/\\\/limpol.pl\\\/produkty\\\/pieczarki-krojone-w-zalewie-w-sloiku-750g\\\/\",\"url\":\"https:\\\/\\\/limpol.pl\\\/produkty\\\/pieczarki-krojone-w-zalewie-w-sloiku-750g\\\/\",\"name\":\"Pieczarki krojone w zalewie w s\u0142oiku 750g - Limpol - Dystrybutor produkt\u00f3w spo\u017cywczych | Import Eksport\",\"isPartOf\":{\"@id\":\"https:\\\/\\\/limpol.pl\\\/#website\"},\"primaryImageOfPage\":{\"@id\":\"https:\\\/\\\/limpol.pl\\\/produkty\\\/pieczarki-krojone-w-zalewie-w-sloiku-750g\\\/#primaryimage\"},\"image\":{\"@id\":\"https:\\\/\\\/limpol.pl\\\/produkty\\\/pieczarki-krojone-w-zalewie-w-sloiku-750g\\\/#primaryimage\"},\"thumbnailUrl\":\"https:\\\/\\\/limpol.pl\\\/wp-content\\\/uploads\\\/2023\\\/04\\\/pieczarki-zalewa-krojone-sloik-750-CIEN-www.jpg\",\"datePublished\":\"2023-04-05T16:19:42+00:00\",\"dateModified\":\"2024-12-11T12:45:23+00:00\",\"breadcrumb\":{\"@id\":\"https:\\\/\\\/limpol.pl\\\/produkty\\\/pieczarki-krojone-w-zalewie-w-sloiku-750g\\\/#breadcrumb\"},\"inLanguage\":\"en-GB\",\"potentialAction\":[{\"@type\":\"ReadAction\",\"target\":[\"https:\\\/\\\/limpol.pl\\\/produkty\\\/pieczarki-krojone-w-zalewie-w-sloiku-750g\\\/\"]}]},{\"@type\":\"ImageObject\",\"inLanguage\":\"en-GB\",\"@id\":\"https:\\\/\\\/limpol.pl\\\/produkty\\\/pieczarki-krojone-w-zalewie-w-sloiku-750g\\\/#primaryimage\",\"url\":\"https:\\\/\\\/limpol.pl\\\/wp-content\\\/uploads\\\/2023\\\/04\\\/pieczarki-zalewa-krojone-sloik-750-CIEN-www.jpg\",\"contentUrl\":\"https:\\\/\\\/limpol.pl\\\/wp-content\\\/uploads\\\/2023\\\/04\\\/pieczarki-zalewa-krojone-sloik-750-CIEN-www.jpg\",\"width\":800,\"height\":800},{\"@type\":\"BreadcrumbList\",\"@id\":\"https:\\\/\\\/limpol.pl\\\/produkty\\\/pieczarki-krojone-w-zalewie-w-sloiku-750g\\\/#breadcrumb\",\"itemListElement\":[{\"@type\":\"ListItem\",\"position\":1,\"name\":\"Strona g\u0142\u00f3wna\",\"item\":\"https:\\\/\\\/limpol.pl\\\/\"},{\"@type\":\"ListItem\",\"position\":2,\"name\":\"Produkty\",\"item\":\"https:\\\/\\\/limpol.pl\\\/shop\\\/\"},{\"@type\":\"ListItem\",\"position\":3,\"name\":\"Pieczarki krojone w zalewie w s\u0142oiku 750g\"}]},{\"@type\":\"WebSite\",\"@id\":\"https:\\\/\\\/limpol.pl\\\/#website\",\"url\":\"https:\\\/\\\/limpol.pl\\\/\",\"name\":\"Limpol - Dystrybutor produkt\u00f3w spo\u017cywczych | Import Eksport\",\"description\":\"Importer i eksporter produkt\u00f3w spo\u017cywczych\",\"potentialAction\":[{\"@type\":\"SearchAction\",\"target\":{\"@type\":\"EntryPoint\",\"urlTemplate\":\"https:\\\/\\\/limpol.pl\\\/?s={search_term_string}\"},\"query-input\":{\"@type\":\"PropertyValueSpecification\",\"valueRequired\":true,\"valueName\":\"search_term_string\"}}],\"inLanguage\":\"en-GB\"}]}<\/script>\n<!-- \/ Yoast SEO plugin. -->","yoast_head_json":{"title":"Sliced mushrooms in marinade in a jar 750g - Limpol - Distributor of food products | Import Export","robots":{"index":"index","follow":"follow","max-snippet":"max-snippet:-1","max-image-preview":"max-image-preview:large","max-video-preview":"max-video-preview:-1"},"canonical":"https:\/\/limpol.pl\/en\/products\/sliced-mushrooms-in-marinade-in-a-jar-750g\/","og_locale":"en_GB","og_type":"article","og_title":"Pieczarki krojone w zalewie w s\u0142oiku 750g - Limpol - Dystrybutor produkt\u00f3w spo\u017cywczych | Import Eksport","og_description":"Pieczarki krojone w zalewie o aromatycznym, s\u0142odko-kwa\u015bnym smaku, kt\u00f3ry nada charakter ka\u017cdej potrawie na ciep\u0142o, w szczeg\u00f3lno\u015bci drobiowi czy wieprzowinie, i ka\u017cdej na zimno \u2013prze\u0142amie smaki w sa\u0142atce majonezowej. Sk\u0142adnik typu must-have w sosie tatarskim. Proste w u\u017cyciu \u2013 od razu poci\u0119te na plasterki. Produkt polskiego pochodzenia, dost\u0119pny w s\u0142oiku. Po ods\u0105czeniu zalewy wazy 400 [&hellip;]","og_url":"https:\/\/limpol.pl\/en\/products\/sliced-mushrooms-in-marinade-in-a-jar-750g\/","og_site_name":"Limpol - Dystrybutor produkt\u00f3w spo\u017cywczych | Import Eksport","article_publisher":"https:\/\/www.facebook.com\/firmalimpol\/","article_modified_time":"2024-12-11T12:45:23+00:00","og_image":[{"width":800,"height":800,"url":"https:\/\/limpol.pl\/wp-content\/uploads\/2023\/04\/pieczarki-zalewa-krojone-sloik-750-CIEN-www.jpg","type":"image\/jpeg"}],"twitter_card":"summary_large_image","twitter_misc":{"Estimated reading time":"1 minute"},"schema":{"@context":"https:\/\/schema.org","@graph":[{"@type":"WebPage","@id":"https:\/\/limpol.pl\/produkty\/pieczarki-krojone-w-zalewie-w-sloiku-750g\/","url":"https:\/\/limpol.pl\/produkty\/pieczarki-krojone-w-zalewie-w-sloiku-750g\/","name":"Sliced mushrooms in marinade in a jar 750g - Limpol - Distributor of food products | Import Export","isPartOf":{"@id":"https:\/\/limpol.pl\/#website"},"primaryImageOfPage":{"@id":"https:\/\/limpol.pl\/produkty\/pieczarki-krojone-w-zalewie-w-sloiku-750g\/#primaryimage"},"image":{"@id":"https:\/\/limpol.pl\/produkty\/pieczarki-krojone-w-zalewie-w-sloiku-750g\/#primaryimage"},"thumbnailUrl":"https:\/\/limpol.pl\/wp-content\/uploads\/2023\/04\/pieczarki-zalewa-krojone-sloik-750-CIEN-www.jpg","datePublished":"2023-04-05T16:19:42+00:00","dateModified":"2024-12-11T12:45:23+00:00","breadcrumb":{"@id":"https:\/\/limpol.pl\/produkty\/pieczarki-krojone-w-zalewie-w-sloiku-750g\/#breadcrumb"},"inLanguage":"en-GB","potentialAction":[{"@type":"ReadAction","target":["https:\/\/limpol.pl\/produkty\/pieczarki-krojone-w-zalewie-w-sloiku-750g\/"]}]},{"@type":"ImageObject","inLanguage":"en-GB","@id":"https:\/\/limpol.pl\/produkty\/pieczarki-krojone-w-zalewie-w-sloiku-750g\/#primaryimage","url":"https:\/\/limpol.pl\/wp-content\/uploads\/2023\/04\/pieczarki-zalewa-krojone-sloik-750-CIEN-www.jpg","contentUrl":"https:\/\/limpol.pl\/wp-content\/uploads\/2023\/04\/pieczarki-zalewa-krojone-sloik-750-CIEN-www.jpg","width":800,"height":800},{"@type":"BreadcrumbList","@id":"https:\/\/limpol.pl\/produkty\/pieczarki-krojone-w-zalewie-w-sloiku-750g\/#breadcrumb","itemListElement":[{"@type":"ListItem","position":1,"name":"Strona g\u0142\u00f3wna","item":"https:\/\/limpol.pl\/"},{"@type":"ListItem","position":2,"name":"Produkty","item":"https:\/\/limpol.pl\/shop\/"},{"@type":"ListItem","position":3,"name":"Pieczarki krojone w zalewie w s\u0142oiku 750g"}]},{"@type":"WebSite","@id":"https:\/\/limpol.pl\/#website","url":"https:\/\/limpol.pl\/","name":"Limpol - Distributor of food products | Import Export","description":"Importer and exporter of food products","potentialAction":[{"@type":"SearchAction","target":{"@type":"EntryPoint","urlTemplate":"https:\/\/limpol.pl\/?s={search_term_string}"},"query-input":{"@type":"PropertyValueSpecification","valueRequired":true,"valueName":"search_term_string"}}],"inLanguage":"en-GB"}]}},"_links":{"self":[{"href":"https:\/\/limpol.pl\/en\/wp-json\/wp\/v2\/product\/5747","targetHints":{"allow":["GET"]}}],"collection":[{"href":"https:\/\/limpol.pl\/en\/wp-json\/wp\/v2\/product"}],"about":[{"href":"https:\/\/limpol.pl\/en\/wp-json\/wp\/v2\/types\/product"}],"wp:featuredmedia":[{"embeddable":true,"href":"https:\/\/limpol.pl\/en\/wp-json\/wp\/v2\/media\/5748"}],"wp:attachment":[{"href":"https:\/\/limpol.pl\/en\/wp-json\/wp\/v2\/media?parent=5747"}],"wp:term":[{"taxonomy":"product_brand","embeddable":true,"href":"https:\/\/limpol.pl\/en\/wp-json\/wp\/v2\/product_brand?post=5747"},{"taxonomy":"product_cat","embeddable":true,"href":"https:\/\/limpol.pl\/en\/wp-json\/wp\/v2\/product_cat?post=5747"},{"taxonomy":"product_tag","embeddable":true,"href":"https:\/\/limpol.pl\/en\/wp-json\/wp\/v2\/product_tag?post=5747"}],"curies":[{"name":"wp","href":"https:\/\/api.w.org\/{rel}","templated":true}]}}