{"id":5750,"date":"2023-04-05T18:21:58","date_gmt":"2023-04-05T16:21:58","guid":{"rendered":"https:\/\/limpol.pl\/?post_type=product&#038;p=5750"},"modified":"2023-04-05T18:21:58","modified_gmt":"2023-04-05T16:21:58","slug":"sliced-mushrooms-in-marinade-in-a-jar-280g","status":"publish","type":"product","link":"https:\/\/limpol.pl\/en\/products\/sliced-mushrooms-in-marinade-in-a-jar-280g\/","title":{"rendered":"Sliced mushrooms in marinade in a jar 280g"},"content":{"rendered":"<p>Sliced mushrooms in marinade are a product of domestic origin - exclusively from Polish farmers. Use their thin slices to make mayonnaise salads, stuffed eggs, meatloaf fillings or sauces for roasts - the sweet and sour notes of the mushrooms will make their taste insane. After draining the marinade, the mushrooms weigh 160 g. Available in a jar.<\/p>","protected":false},"excerpt":{"rendered":"<p>Sliced mushrooms in marinade are a product of domestic origin - exclusively from Polish farmers. Use their thin slices to make mayonnaise salads, stuffed eggs, meatloaf fillings or sauces for roasts - the sweet and sour notes of the mushrooms will make their taste insane. After draining the marinade, the mushrooms weigh 160 g. Available in a jar.<\/p>","protected":false},"featured_media":5751,"template":"","meta":[],"product_brand":[],"product_cat":[57,263],"product_tag":[],"class_list":{"0":"post-5750","1":"product","2":"type-product","3":"status-publish","4":"has-post-thumbnail","6":"product_cat-produkty-vera","7":"product_cat-przetwory-warzywne","8":"pa_atrybut-detal-horeca-detal","9":"pa_masa-netto-280g","11":"first","12":"instock","13":"shipping-taxable","14":"product-type-simple"},"yoast_head":"<!-- This site is optimized with the Yoast SEO plugin v27.3 - https:\/\/yoast.com\/product\/yoast-seo-wordpress\/ -->\n<title>Pieczarki krojone w zalewie w s\u0142oiku 280g - Limpol - Dystrybutor produkt\u00f3w spo\u017cywczych | Import Eksport<\/title>\n<meta name=\"robots\" content=\"index, follow, max-snippet:-1, max-image-preview:large, max-video-preview:-1\" \/>\n<link rel=\"canonical\" href=\"https:\/\/limpol.pl\/en\/products\/sliced-mushrooms-in-marinade-in-a-jar-280g\/\" \/>\n<meta property=\"og:locale\" content=\"en_GB\" \/>\n<meta property=\"og:type\" content=\"article\" \/>\n<meta property=\"og:title\" content=\"Pieczarki krojone w zalewie w s\u0142oiku 280g - Limpol - Dystrybutor produkt\u00f3w spo\u017cywczych | Import Eksport\" \/>\n<meta property=\"og:description\" content=\"Pieczarki krojone w zalewie to produkt rodzimego pochodzenia \u2013 wy\u0142\u0105cznie od polskich rolnik\u00f3w. Wykorzystaj ich cienkie plasterki przy tworzeniu majonezowych sa\u0142atek, jaj faszerowanych, nadzienia do roladek mi\u0119snych lub sos\u00f3w do pieczeni \u2013 dzi\u0119ki s\u0142odko-kwa\u015bnym nutom grzybk\u00f3w ich smak stanie si\u0119 ob\u0142\u0119dny. Po ods\u0105czeniu zalewy waga pieczarek wynosi 160 g. Dost\u0119pne w s\u0142oiku.\" \/>\n<meta property=\"og:url\" content=\"https:\/\/limpol.pl\/en\/products\/sliced-mushrooms-in-marinade-in-a-jar-280g\/\" \/>\n<meta property=\"og:site_name\" content=\"Limpol - Dystrybutor produkt\u00f3w spo\u017cywczych | Import Eksport\" \/>\n<meta property=\"article:publisher\" content=\"https:\/\/www.facebook.com\/firmalimpol\/\" \/>\n<meta property=\"og:image\" content=\"https:\/\/limpol.pl\/wp-content\/uploads\/2023\/04\/pieczarki-zalewa-krojone-sloik-280-CIEN-www.jpg\" \/>\n\t<meta property=\"og:image:width\" content=\"800\" \/>\n\t<meta property=\"og:image:height\" content=\"800\" \/>\n\t<meta property=\"og:image:type\" content=\"image\/jpeg\" \/>\n<meta name=\"twitter:card\" content=\"summary_large_image\" \/>\n<script type=\"application\/ld+json\" class=\"yoast-schema-graph\">{\"@context\":\"https:\\\/\\\/schema.org\",\"@graph\":[{\"@type\":\"WebPage\",\"@id\":\"https:\\\/\\\/limpol.pl\\\/produkty\\\/pieczarki-krojone-w-zalewie-w-sloiku-280g\\\/\",\"url\":\"https:\\\/\\\/limpol.pl\\\/produkty\\\/pieczarki-krojone-w-zalewie-w-sloiku-280g\\\/\",\"name\":\"Pieczarki krojone w zalewie w s\u0142oiku 280g - Limpol - Dystrybutor produkt\u00f3w spo\u017cywczych | Import Eksport\",\"isPartOf\":{\"@id\":\"https:\\\/\\\/limpol.pl\\\/#website\"},\"primaryImageOfPage\":{\"@id\":\"https:\\\/\\\/limpol.pl\\\/produkty\\\/pieczarki-krojone-w-zalewie-w-sloiku-280g\\\/#primaryimage\"},\"image\":{\"@id\":\"https:\\\/\\\/limpol.pl\\\/produkty\\\/pieczarki-krojone-w-zalewie-w-sloiku-280g\\\/#primaryimage\"},\"thumbnailUrl\":\"https:\\\/\\\/limpol.pl\\\/wp-content\\\/uploads\\\/2023\\\/04\\\/pieczarki-zalewa-krojone-sloik-280-CIEN-www.jpg\",\"datePublished\":\"2023-04-05T16:21:58+00:00\",\"breadcrumb\":{\"@id\":\"https:\\\/\\\/limpol.pl\\\/produkty\\\/pieczarki-krojone-w-zalewie-w-sloiku-280g\\\/#breadcrumb\"},\"inLanguage\":\"en-GB\",\"potentialAction\":[{\"@type\":\"ReadAction\",\"target\":[\"https:\\\/\\\/limpol.pl\\\/produkty\\\/pieczarki-krojone-w-zalewie-w-sloiku-280g\\\/\"]}]},{\"@type\":\"ImageObject\",\"inLanguage\":\"en-GB\",\"@id\":\"https:\\\/\\\/limpol.pl\\\/produkty\\\/pieczarki-krojone-w-zalewie-w-sloiku-280g\\\/#primaryimage\",\"url\":\"https:\\\/\\\/limpol.pl\\\/wp-content\\\/uploads\\\/2023\\\/04\\\/pieczarki-zalewa-krojone-sloik-280-CIEN-www.jpg\",\"contentUrl\":\"https:\\\/\\\/limpol.pl\\\/wp-content\\\/uploads\\\/2023\\\/04\\\/pieczarki-zalewa-krojone-sloik-280-CIEN-www.jpg\",\"width\":800,\"height\":800},{\"@type\":\"BreadcrumbList\",\"@id\":\"https:\\\/\\\/limpol.pl\\\/produkty\\\/pieczarki-krojone-w-zalewie-w-sloiku-280g\\\/#breadcrumb\",\"itemListElement\":[{\"@type\":\"ListItem\",\"position\":1,\"name\":\"Strona g\u0142\u00f3wna\",\"item\":\"https:\\\/\\\/limpol.pl\\\/\"},{\"@type\":\"ListItem\",\"position\":2,\"name\":\"Produkty\",\"item\":\"https:\\\/\\\/limpol.pl\\\/shop\\\/\"},{\"@type\":\"ListItem\",\"position\":3,\"name\":\"Pieczarki krojone w zalewie w s\u0142oiku 280g\"}]},{\"@type\":\"WebSite\",\"@id\":\"https:\\\/\\\/limpol.pl\\\/#website\",\"url\":\"https:\\\/\\\/limpol.pl\\\/\",\"name\":\"Limpol - Dystrybutor produkt\u00f3w spo\u017cywczych | Import Eksport\",\"description\":\"Importer i eksporter produkt\u00f3w spo\u017cywczych\",\"potentialAction\":[{\"@type\":\"SearchAction\",\"target\":{\"@type\":\"EntryPoint\",\"urlTemplate\":\"https:\\\/\\\/limpol.pl\\\/?s={search_term_string}\"},\"query-input\":{\"@type\":\"PropertyValueSpecification\",\"valueRequired\":true,\"valueName\":\"search_term_string\"}}],\"inLanguage\":\"en-GB\"}]}<\/script>\n<!-- \/ Yoast SEO plugin. -->","yoast_head_json":{"title":"Sliced mushrooms in marinade in a jar 280g - Limpol - Distributor of food products | Import Export","robots":{"index":"index","follow":"follow","max-snippet":"max-snippet:-1","max-image-preview":"max-image-preview:large","max-video-preview":"max-video-preview:-1"},"canonical":"https:\/\/limpol.pl\/en\/products\/sliced-mushrooms-in-marinade-in-a-jar-280g\/","og_locale":"en_GB","og_type":"article","og_title":"Pieczarki krojone w zalewie w s\u0142oiku 280g - Limpol - Dystrybutor produkt\u00f3w spo\u017cywczych | Import Eksport","og_description":"Pieczarki krojone w zalewie to produkt rodzimego pochodzenia \u2013 wy\u0142\u0105cznie od polskich rolnik\u00f3w. Wykorzystaj ich cienkie plasterki przy tworzeniu majonezowych sa\u0142atek, jaj faszerowanych, nadzienia do roladek mi\u0119snych lub sos\u00f3w do pieczeni \u2013 dzi\u0119ki s\u0142odko-kwa\u015bnym nutom grzybk\u00f3w ich smak stanie si\u0119 ob\u0142\u0119dny. Po ods\u0105czeniu zalewy waga pieczarek wynosi 160 g. Dost\u0119pne w s\u0142oiku.","og_url":"https:\/\/limpol.pl\/en\/products\/sliced-mushrooms-in-marinade-in-a-jar-280g\/","og_site_name":"Limpol - Dystrybutor produkt\u00f3w spo\u017cywczych | Import Eksport","article_publisher":"https:\/\/www.facebook.com\/firmalimpol\/","og_image":[{"width":800,"height":800,"url":"https:\/\/limpol.pl\/wp-content\/uploads\/2023\/04\/pieczarki-zalewa-krojone-sloik-280-CIEN-www.jpg","type":"image\/jpeg"}],"twitter_card":"summary_large_image","schema":{"@context":"https:\/\/schema.org","@graph":[{"@type":"WebPage","@id":"https:\/\/limpol.pl\/produkty\/pieczarki-krojone-w-zalewie-w-sloiku-280g\/","url":"https:\/\/limpol.pl\/produkty\/pieczarki-krojone-w-zalewie-w-sloiku-280g\/","name":"Sliced mushrooms in marinade in a jar 280g - Limpol - Distributor of food products | Import Export","isPartOf":{"@id":"https:\/\/limpol.pl\/#website"},"primaryImageOfPage":{"@id":"https:\/\/limpol.pl\/produkty\/pieczarki-krojone-w-zalewie-w-sloiku-280g\/#primaryimage"},"image":{"@id":"https:\/\/limpol.pl\/produkty\/pieczarki-krojone-w-zalewie-w-sloiku-280g\/#primaryimage"},"thumbnailUrl":"https:\/\/limpol.pl\/wp-content\/uploads\/2023\/04\/pieczarki-zalewa-krojone-sloik-280-CIEN-www.jpg","datePublished":"2023-04-05T16:21:58+00:00","breadcrumb":{"@id":"https:\/\/limpol.pl\/produkty\/pieczarki-krojone-w-zalewie-w-sloiku-280g\/#breadcrumb"},"inLanguage":"en-GB","potentialAction":[{"@type":"ReadAction","target":["https:\/\/limpol.pl\/produkty\/pieczarki-krojone-w-zalewie-w-sloiku-280g\/"]}]},{"@type":"ImageObject","inLanguage":"en-GB","@id":"https:\/\/limpol.pl\/produkty\/pieczarki-krojone-w-zalewie-w-sloiku-280g\/#primaryimage","url":"https:\/\/limpol.pl\/wp-content\/uploads\/2023\/04\/pieczarki-zalewa-krojone-sloik-280-CIEN-www.jpg","contentUrl":"https:\/\/limpol.pl\/wp-content\/uploads\/2023\/04\/pieczarki-zalewa-krojone-sloik-280-CIEN-www.jpg","width":800,"height":800},{"@type":"BreadcrumbList","@id":"https:\/\/limpol.pl\/produkty\/pieczarki-krojone-w-zalewie-w-sloiku-280g\/#breadcrumb","itemListElement":[{"@type":"ListItem","position":1,"name":"Strona g\u0142\u00f3wna","item":"https:\/\/limpol.pl\/"},{"@type":"ListItem","position":2,"name":"Produkty","item":"https:\/\/limpol.pl\/shop\/"},{"@type":"ListItem","position":3,"name":"Pieczarki krojone w zalewie w s\u0142oiku 280g"}]},{"@type":"WebSite","@id":"https:\/\/limpol.pl\/#website","url":"https:\/\/limpol.pl\/","name":"Limpol - Distributor of food products | Import Export","description":"Importer and exporter of food products","potentialAction":[{"@type":"SearchAction","target":{"@type":"EntryPoint","urlTemplate":"https:\/\/limpol.pl\/?s={search_term_string}"},"query-input":{"@type":"PropertyValueSpecification","valueRequired":true,"valueName":"search_term_string"}}],"inLanguage":"en-GB"}]}},"_links":{"self":[{"href":"https:\/\/limpol.pl\/en\/wp-json\/wp\/v2\/product\/5750","targetHints":{"allow":["GET"]}}],"collection":[{"href":"https:\/\/limpol.pl\/en\/wp-json\/wp\/v2\/product"}],"about":[{"href":"https:\/\/limpol.pl\/en\/wp-json\/wp\/v2\/types\/product"}],"wp:featuredmedia":[{"embeddable":true,"href":"https:\/\/limpol.pl\/en\/wp-json\/wp\/v2\/media\/5751"}],"wp:attachment":[{"href":"https:\/\/limpol.pl\/en\/wp-json\/wp\/v2\/media?parent=5750"}],"wp:term":[{"taxonomy":"product_brand","embeddable":true,"href":"https:\/\/limpol.pl\/en\/wp-json\/wp\/v2\/product_brand?post=5750"},{"taxonomy":"product_cat","embeddable":true,"href":"https:\/\/limpol.pl\/en\/wp-json\/wp\/v2\/product_cat?post=5750"},{"taxonomy":"product_tag","embeddable":true,"href":"https:\/\/limpol.pl\/en\/wp-json\/wp\/v2\/product_tag?post=5750"}],"curies":[{"name":"wp","href":"https:\/\/api.w.org\/{rel}","templated":true}]}}