{"id":5766,"date":"2023-04-06T10:11:49","date_gmt":"2023-04-06T08:11:49","guid":{"rendered":"https:\/\/limpol.pl\/?post_type=product&#038;p=5766"},"modified":"2023-05-11T10:08:54","modified_gmt":"2023-05-11T08:08:54","slug":"red-curry-coconut-milk","status":"publish","type":"product","link":"https:\/\/limpol.pl\/en\/products\/red-curry-coconut-milk\/","title":{"rendered":"Sauce with coconut pulp extract and red curry spice blend"},"content":{"rendered":"<p>Our suggestion is a ready-to-use, authentic red curry sauce based on coconut pulp extract with the right blend of many oriental spices. Ideal for busy lovers of Asian and Indian cuisine. All you have to do is open the tin and add it to rice, seafood, meat or vegetables and the taste of the dish will be unique. The aroma of lemongrass, ginger, green chilli, turmeric and cinnamon will add an original touch to any dish. Note the degree of spiciness.<\/p>","protected":false},"excerpt":{"rendered":"<p>Nasza propozycja to gotowy do u\u017cycia, autentyczny sos red curry na bazie ekstraktu z mi\u0105\u017cszu kokosa z odpowiedni\u0105 mieszank\u0105 wielu orientalnych przypraw. Idealna propozycja dla zapracowanych wielbicieli azjatyckiej i indyjskiej kuchni. Wystarczy tylko otworzy\u0107 puszk\u0119 i doda\u0107 do ry\u017cu, owoc\u00f3w morza, mi\u0119sa lub warzyw a smak potrawy b\u0119dzie niepowtarzalny. Aromat trawy cytrynowej, imbiru, zielonego chili, [&hellip;]<\/p>\n","protected":false},"featured_media":5767,"template":"","meta":[],"product_brand":[],"product_cat":[57,346],"product_tag":[],"class_list":{"0":"post-5766","1":"product","2":"type-product","3":"status-publish","4":"has-post-thumbnail","6":"product_cat-produkty-vera","7":"product_cat-sosy-warzywne","8":"pa_atrybut-detal-horeca-detal","9":"pa_masa-netto-400ml","11":"first","12":"instock","13":"shipping-taxable","14":"product-type-simple"},"yoast_head":"<!-- This site is optimized with the Yoast SEO plugin v27.3 - https:\/\/yoast.com\/product\/yoast-seo-wordpress\/ -->\n<title>Sos z ekstraktem z mi\u0105\u017cszu kokosa i mieszank\u0105 przypraw czerwone curry - Limpol - Dystrybutor produkt\u00f3w spo\u017cywczych | Import Eksport<\/title>\n<meta name=\"robots\" content=\"index, follow, max-snippet:-1, max-image-preview:large, max-video-preview:-1\" \/>\n<link rel=\"canonical\" href=\"https:\/\/limpol.pl\/en\/products\/red-curry-coconut-milk\/\" \/>\n<meta property=\"og:locale\" content=\"en_GB\" \/>\n<meta property=\"og:type\" content=\"article\" \/>\n<meta property=\"og:title\" content=\"Sos z ekstraktem z mi\u0105\u017cszu kokosa i mieszank\u0105 przypraw czerwone curry - Limpol - Dystrybutor produkt\u00f3w spo\u017cywczych | Import Eksport\" \/>\n<meta property=\"og:description\" content=\"Nasza propozycja to gotowy do u\u017cycia, autentyczny sos red curry na bazie ekstraktu z mi\u0105\u017cszu kokosa z odpowiedni\u0105 mieszank\u0105 wielu orientalnych przypraw. Idealna propozycja dla zapracowanych wielbicieli azjatyckiej i indyjskiej kuchni. Wystarczy tylko otworzy\u0107 puszk\u0119 i doda\u0107 do ry\u017cu, owoc\u00f3w morza, mi\u0119sa lub warzyw a smak potrawy b\u0119dzie niepowtarzalny. Aromat trawy cytrynowej, imbiru, zielonego chili, [&hellip;]\" \/>\n<meta property=\"og:url\" content=\"https:\/\/limpol.pl\/en\/products\/red-curry-coconut-milk\/\" \/>\n<meta property=\"og:site_name\" content=\"Limpol - Dystrybutor produkt\u00f3w spo\u017cywczych | Import Eksport\" \/>\n<meta property=\"article:publisher\" content=\"https:\/\/www.facebook.com\/firmalimpol\/\" \/>\n<meta property=\"article:modified_time\" content=\"2023-05-11T08:08:54+00:00\" \/>\n<meta property=\"og:image\" content=\"https:\/\/limpol.pl\/wp-content\/uploads\/2023\/04\/curry-red-400-CIEN-www.jpg\" \/>\n\t<meta property=\"og:image:width\" content=\"800\" \/>\n\t<meta property=\"og:image:height\" content=\"800\" \/>\n\t<meta property=\"og:image:type\" content=\"image\/jpeg\" \/>\n<meta name=\"twitter:card\" content=\"summary_large_image\" \/>\n<meta name=\"twitter:label1\" content=\"Estimated reading time\" \/>\n\t<meta name=\"twitter:data1\" content=\"1 minute\" \/>\n<script type=\"application\/ld+json\" class=\"yoast-schema-graph\">{\"@context\":\"https:\\\/\\\/schema.org\",\"@graph\":[{\"@type\":\"WebPage\",\"@id\":\"https:\\\/\\\/limpol.pl\\\/produkty\\\/red-curry-coconut-milk\\\/\",\"url\":\"https:\\\/\\\/limpol.pl\\\/produkty\\\/red-curry-coconut-milk\\\/\",\"name\":\"Sos z ekstraktem z mi\u0105\u017cszu kokosa i mieszank\u0105 przypraw czerwone curry - Limpol - Dystrybutor produkt\u00f3w spo\u017cywczych | Import Eksport\",\"isPartOf\":{\"@id\":\"https:\\\/\\\/limpol.pl\\\/#website\"},\"primaryImageOfPage\":{\"@id\":\"https:\\\/\\\/limpol.pl\\\/produkty\\\/red-curry-coconut-milk\\\/#primaryimage\"},\"image\":{\"@id\":\"https:\\\/\\\/limpol.pl\\\/produkty\\\/red-curry-coconut-milk\\\/#primaryimage\"},\"thumbnailUrl\":\"https:\\\/\\\/limpol.pl\\\/wp-content\\\/uploads\\\/2023\\\/04\\\/curry-red-400-CIEN-www.jpg\",\"datePublished\":\"2023-04-06T08:11:49+00:00\",\"dateModified\":\"2023-05-11T08:08:54+00:00\",\"breadcrumb\":{\"@id\":\"https:\\\/\\\/limpol.pl\\\/produkty\\\/red-curry-coconut-milk\\\/#breadcrumb\"},\"inLanguage\":\"en-GB\",\"potentialAction\":[{\"@type\":\"ReadAction\",\"target\":[\"https:\\\/\\\/limpol.pl\\\/produkty\\\/red-curry-coconut-milk\\\/\"]}]},{\"@type\":\"ImageObject\",\"inLanguage\":\"en-GB\",\"@id\":\"https:\\\/\\\/limpol.pl\\\/produkty\\\/red-curry-coconut-milk\\\/#primaryimage\",\"url\":\"https:\\\/\\\/limpol.pl\\\/wp-content\\\/uploads\\\/2023\\\/04\\\/curry-red-400-CIEN-www.jpg\",\"contentUrl\":\"https:\\\/\\\/limpol.pl\\\/wp-content\\\/uploads\\\/2023\\\/04\\\/curry-red-400-CIEN-www.jpg\",\"width\":800,\"height\":800},{\"@type\":\"BreadcrumbList\",\"@id\":\"https:\\\/\\\/limpol.pl\\\/produkty\\\/red-curry-coconut-milk\\\/#breadcrumb\",\"itemListElement\":[{\"@type\":\"ListItem\",\"position\":1,\"name\":\"Strona g\u0142\u00f3wna\",\"item\":\"https:\\\/\\\/limpol.pl\\\/\"},{\"@type\":\"ListItem\",\"position\":2,\"name\":\"Produkty\",\"item\":\"https:\\\/\\\/limpol.pl\\\/shop\\\/\"},{\"@type\":\"ListItem\",\"position\":3,\"name\":\"Sos z ekstraktem z mi\u0105\u017cszu kokosa i mieszank\u0105 przypraw czerwone curry\"}]},{\"@type\":\"WebSite\",\"@id\":\"https:\\\/\\\/limpol.pl\\\/#website\",\"url\":\"https:\\\/\\\/limpol.pl\\\/\",\"name\":\"Limpol - Dystrybutor produkt\u00f3w spo\u017cywczych | Import Eksport\",\"description\":\"Importer i eksporter produkt\u00f3w spo\u017cywczych\",\"potentialAction\":[{\"@type\":\"SearchAction\",\"target\":{\"@type\":\"EntryPoint\",\"urlTemplate\":\"https:\\\/\\\/limpol.pl\\\/?s={search_term_string}\"},\"query-input\":{\"@type\":\"PropertyValueSpecification\",\"valueRequired\":true,\"valueName\":\"search_term_string\"}}],\"inLanguage\":\"en-GB\"}]}<\/script>\n<!-- \/ Yoast SEO plugin. -->","yoast_head_json":{"title":"Sauce with coconut pulp extract and red curry spice blend - Limpol - Distributor of food products | Import Export","robots":{"index":"index","follow":"follow","max-snippet":"max-snippet:-1","max-image-preview":"max-image-preview:large","max-video-preview":"max-video-preview:-1"},"canonical":"https:\/\/limpol.pl\/en\/products\/red-curry-coconut-milk\/","og_locale":"en_GB","og_type":"article","og_title":"Sos z ekstraktem z mi\u0105\u017cszu kokosa i mieszank\u0105 przypraw czerwone curry - Limpol - Dystrybutor produkt\u00f3w spo\u017cywczych | Import Eksport","og_description":"Nasza propozycja to gotowy do u\u017cycia, autentyczny sos red curry na bazie ekstraktu z mi\u0105\u017cszu kokosa z odpowiedni\u0105 mieszank\u0105 wielu orientalnych przypraw. Idealna propozycja dla zapracowanych wielbicieli azjatyckiej i indyjskiej kuchni. Wystarczy tylko otworzy\u0107 puszk\u0119 i doda\u0107 do ry\u017cu, owoc\u00f3w morza, mi\u0119sa lub warzyw a smak potrawy b\u0119dzie niepowtarzalny. Aromat trawy cytrynowej, imbiru, zielonego chili, [&hellip;]","og_url":"https:\/\/limpol.pl\/en\/products\/red-curry-coconut-milk\/","og_site_name":"Limpol - Dystrybutor produkt\u00f3w spo\u017cywczych | Import Eksport","article_publisher":"https:\/\/www.facebook.com\/firmalimpol\/","article_modified_time":"2023-05-11T08:08:54+00:00","og_image":[{"width":800,"height":800,"url":"https:\/\/limpol.pl\/wp-content\/uploads\/2023\/04\/curry-red-400-CIEN-www.jpg","type":"image\/jpeg"}],"twitter_card":"summary_large_image","twitter_misc":{"Estimated reading time":"1 minute"},"schema":{"@context":"https:\/\/schema.org","@graph":[{"@type":"WebPage","@id":"https:\/\/limpol.pl\/produkty\/red-curry-coconut-milk\/","url":"https:\/\/limpol.pl\/produkty\/red-curry-coconut-milk\/","name":"Sauce with coconut pulp extract and red curry spice blend - Limpol - Distributor of food products | Import Export","isPartOf":{"@id":"https:\/\/limpol.pl\/#website"},"primaryImageOfPage":{"@id":"https:\/\/limpol.pl\/produkty\/red-curry-coconut-milk\/#primaryimage"},"image":{"@id":"https:\/\/limpol.pl\/produkty\/red-curry-coconut-milk\/#primaryimage"},"thumbnailUrl":"https:\/\/limpol.pl\/wp-content\/uploads\/2023\/04\/curry-red-400-CIEN-www.jpg","datePublished":"2023-04-06T08:11:49+00:00","dateModified":"2023-05-11T08:08:54+00:00","breadcrumb":{"@id":"https:\/\/limpol.pl\/produkty\/red-curry-coconut-milk\/#breadcrumb"},"inLanguage":"en-GB","potentialAction":[{"@type":"ReadAction","target":["https:\/\/limpol.pl\/produkty\/red-curry-coconut-milk\/"]}]},{"@type":"ImageObject","inLanguage":"en-GB","@id":"https:\/\/limpol.pl\/produkty\/red-curry-coconut-milk\/#primaryimage","url":"https:\/\/limpol.pl\/wp-content\/uploads\/2023\/04\/curry-red-400-CIEN-www.jpg","contentUrl":"https:\/\/limpol.pl\/wp-content\/uploads\/2023\/04\/curry-red-400-CIEN-www.jpg","width":800,"height":800},{"@type":"BreadcrumbList","@id":"https:\/\/limpol.pl\/produkty\/red-curry-coconut-milk\/#breadcrumb","itemListElement":[{"@type":"ListItem","position":1,"name":"Strona g\u0142\u00f3wna","item":"https:\/\/limpol.pl\/"},{"@type":"ListItem","position":2,"name":"Produkty","item":"https:\/\/limpol.pl\/shop\/"},{"@type":"ListItem","position":3,"name":"Sos z ekstraktem z mi\u0105\u017cszu kokosa i mieszank\u0105 przypraw czerwone curry"}]},{"@type":"WebSite","@id":"https:\/\/limpol.pl\/#website","url":"https:\/\/limpol.pl\/","name":"Limpol - Distributor of food products | Import Export","description":"Importer and exporter of food products","potentialAction":[{"@type":"SearchAction","target":{"@type":"EntryPoint","urlTemplate":"https:\/\/limpol.pl\/?s={search_term_string}"},"query-input":{"@type":"PropertyValueSpecification","valueRequired":true,"valueName":"search_term_string"}}],"inLanguage":"en-GB"}]}},"_links":{"self":[{"href":"https:\/\/limpol.pl\/en\/wp-json\/wp\/v2\/product\/5766","targetHints":{"allow":["GET"]}}],"collection":[{"href":"https:\/\/limpol.pl\/en\/wp-json\/wp\/v2\/product"}],"about":[{"href":"https:\/\/limpol.pl\/en\/wp-json\/wp\/v2\/types\/product"}],"wp:featuredmedia":[{"embeddable":true,"href":"https:\/\/limpol.pl\/en\/wp-json\/wp\/v2\/media\/5767"}],"wp:attachment":[{"href":"https:\/\/limpol.pl\/en\/wp-json\/wp\/v2\/media?parent=5766"}],"wp:term":[{"taxonomy":"product_brand","embeddable":true,"href":"https:\/\/limpol.pl\/en\/wp-json\/wp\/v2\/product_brand?post=5766"},{"taxonomy":"product_cat","embeddable":true,"href":"https:\/\/limpol.pl\/en\/wp-json\/wp\/v2\/product_cat?post=5766"},{"taxonomy":"product_tag","embeddable":true,"href":"https:\/\/limpol.pl\/en\/wp-json\/wp\/v2\/product_tag?post=5766"}],"curies":[{"name":"wp","href":"https:\/\/api.w.org\/{rel}","templated":true}]}}