{"id":5800,"date":"2023-05-09T09:19:53","date_gmt":"2023-05-09T07:19:53","guid":{"rendered":"https:\/\/limpol.pl\/?post_type=product&#038;p=5800"},"modified":"2026-01-29T12:31:56","modified_gmt":"2026-01-29T11:31:56","slug":"orange-flavoured-olive-oil","status":"publish","type":"product","link":"https:\/\/limpol.pl\/en\/products\/orange-flavoured-olive-oil\/","title":{"rendered":"Seasoning based on extra virgin olive oil with orange flavour"},"content":{"rendered":"<p>An excellent quality Greek extra virgin oil with a fresh citrusy cannon of sweet orange.<br \/>\nAn ideal summer dressing for fish and seafood, colourful salads and white meats. It can also be sprinkled on beef carpaccio and other delicate meat variations.<br \/>\nIt will also be great as an accompaniment to baked goods and rice dishes. Its unusual light aroma will evoke the taste of summer, not only on sunny days.<\/p>","protected":false},"excerpt":{"rendered":"<p>Doskona\u0142ej jako\u015bci grecka oliwa extra virgin o \u015bwie\u017cym cytrusowym armacie s\u0142odkiej pomara\u0144czy. Idealna propozycja letniego dressingu do ryb i owoc\u00f3w morza , kolorowych sa\u0142at, bia\u0142ych mi\u0119s. Mo\u017cna ni\u0105 skropi\u0107 r\u00f3wnie\u017c carpaccio wo\u0142owe i inne delikatne mi\u0119sne wariacje. \u015awietnie sprawdzi si\u0119 r\u00f3wnie\u017c jako dodatek do wypiek\u00f3w i da\u0144 z ry\u017cu. Jej nietypowy lekki aromat przywo\u0142a smak [&hellip;]<\/p>\n","protected":false},"featured_media":5801,"template":"","meta":[],"product_brand":[],"product_cat":[845,322,64],"product_tag":[],"class_list":{"0":"post-5800","1":"product","2":"type-product","3":"status-publish","4":"has-post-thumbnail","6":"product_cat-dla-pizzerii-i-trattorii","7":"product_cat-oliwy-z-oliwek","8":"product_cat-produkty-brandowe","9":"pa_atrybut-detal-horeca-detal","10":"pa_atrybut-detal-horeca-horeca","11":"pa_masa-netto-250ml","12":"pa_sztuk-w-kartonie-79","14":"first","15":"instock","16":"shipping-taxable","17":"product-type-simple"},"yoast_head":"<!-- This site is optimized with the Yoast SEO plugin v27.3 - https:\/\/yoast.com\/product\/yoast-seo-wordpress\/ -->\n<title>Przyprawa na bazie oliwy z oliwek najwy\u017cszej jako\u015bci z pierwszego t\u0142oczenia o smaku pomara\u0144czowym - Limpol - Dystrybutor produkt\u00f3w spo\u017cywczych | Import Eksport<\/title>\n<meta name=\"robots\" content=\"index, follow, max-snippet:-1, max-image-preview:large, max-video-preview:-1\" \/>\n<link rel=\"canonical\" href=\"https:\/\/limpol.pl\/en\/products\/orange-flavoured-olive-oil\/\" \/>\n<meta property=\"og:locale\" content=\"en_GB\" \/>\n<meta property=\"og:type\" content=\"article\" \/>\n<meta property=\"og:title\" content=\"Przyprawa na bazie oliwy z oliwek najwy\u017cszej jako\u015bci z pierwszego t\u0142oczenia o smaku pomara\u0144czowym - Limpol - Dystrybutor produkt\u00f3w spo\u017cywczych | Import Eksport\" \/>\n<meta property=\"og:description\" content=\"Doskona\u0142ej jako\u015bci grecka oliwa extra virgin o \u015bwie\u017cym cytrusowym armacie s\u0142odkiej pomara\u0144czy. Idealna propozycja letniego dressingu do ryb i owoc\u00f3w morza , kolorowych sa\u0142at, bia\u0142ych mi\u0119s. Mo\u017cna ni\u0105 skropi\u0107 r\u00f3wnie\u017c carpaccio wo\u0142owe i inne delikatne mi\u0119sne wariacje. \u015awietnie sprawdzi si\u0119 r\u00f3wnie\u017c jako dodatek do wypiek\u00f3w i da\u0144 z ry\u017cu. Jej nietypowy lekki aromat przywo\u0142a smak [&hellip;]\" \/>\n<meta property=\"og:url\" content=\"https:\/\/limpol.pl\/en\/products\/orange-flavoured-olive-oil\/\" \/>\n<meta property=\"og:site_name\" content=\"Limpol - Dystrybutor produkt\u00f3w spo\u017cywczych | Import Eksport\" \/>\n<meta property=\"article:publisher\" content=\"https:\/\/www.facebook.com\/firmalimpol\/\" \/>\n<meta property=\"article:modified_time\" content=\"2026-01-29T11:31:56+00:00\" \/>\n<meta property=\"og:image\" content=\"https:\/\/limpol.pl\/wp-content\/uploads\/2023\/05\/oliwa-pomaranczowa.webp\" \/>\n\t<meta property=\"og:image:width\" content=\"1000\" \/>\n\t<meta property=\"og:image:height\" content=\"1000\" \/>\n\t<meta property=\"og:image:type\" content=\"image\/webp\" \/>\n<meta name=\"twitter:card\" content=\"summary_large_image\" \/>\n<meta name=\"twitter:label1\" content=\"Estimated reading time\" \/>\n\t<meta name=\"twitter:data1\" content=\"1 minute\" \/>\n<script type=\"application\/ld+json\" class=\"yoast-schema-graph\">{\"@context\":\"https:\\\/\\\/schema.org\",\"@graph\":[{\"@type\":\"WebPage\",\"@id\":\"https:\\\/\\\/limpol.pl\\\/produkty\\\/oliwa-z-oliwek-o-smaku-pomaranczy\\\/\",\"url\":\"https:\\\/\\\/limpol.pl\\\/produkty\\\/oliwa-z-oliwek-o-smaku-pomaranczy\\\/\",\"name\":\"Przyprawa na bazie oliwy z oliwek najwy\u017cszej jako\u015bci z pierwszego t\u0142oczenia o smaku pomara\u0144czowym - Limpol - Dystrybutor produkt\u00f3w spo\u017cywczych | Import Eksport\",\"isPartOf\":{\"@id\":\"https:\\\/\\\/limpol.pl\\\/#website\"},\"primaryImageOfPage\":{\"@id\":\"https:\\\/\\\/limpol.pl\\\/produkty\\\/oliwa-z-oliwek-o-smaku-pomaranczy\\\/#primaryimage\"},\"image\":{\"@id\":\"https:\\\/\\\/limpol.pl\\\/produkty\\\/oliwa-z-oliwek-o-smaku-pomaranczy\\\/#primaryimage\"},\"thumbnailUrl\":\"https:\\\/\\\/limpol.pl\\\/wp-content\\\/uploads\\\/2023\\\/05\\\/oliwa-pomaranczowa.webp\",\"datePublished\":\"2023-05-09T07:19:53+00:00\",\"dateModified\":\"2026-01-29T11:31:56+00:00\",\"breadcrumb\":{\"@id\":\"https:\\\/\\\/limpol.pl\\\/produkty\\\/oliwa-z-oliwek-o-smaku-pomaranczy\\\/#breadcrumb\"},\"inLanguage\":\"en-GB\",\"potentialAction\":[{\"@type\":\"ReadAction\",\"target\":[\"https:\\\/\\\/limpol.pl\\\/produkty\\\/oliwa-z-oliwek-o-smaku-pomaranczy\\\/\"]}]},{\"@type\":\"ImageObject\",\"inLanguage\":\"en-GB\",\"@id\":\"https:\\\/\\\/limpol.pl\\\/produkty\\\/oliwa-z-oliwek-o-smaku-pomaranczy\\\/#primaryimage\",\"url\":\"https:\\\/\\\/limpol.pl\\\/wp-content\\\/uploads\\\/2023\\\/05\\\/oliwa-pomaranczowa.webp\",\"contentUrl\":\"https:\\\/\\\/limpol.pl\\\/wp-content\\\/uploads\\\/2023\\\/05\\\/oliwa-pomaranczowa.webp\",\"width\":1000,\"height\":1000},{\"@type\":\"BreadcrumbList\",\"@id\":\"https:\\\/\\\/limpol.pl\\\/produkty\\\/oliwa-z-oliwek-o-smaku-pomaranczy\\\/#breadcrumb\",\"itemListElement\":[{\"@type\":\"ListItem\",\"position\":1,\"name\":\"Strona g\u0142\u00f3wna\",\"item\":\"https:\\\/\\\/limpol.pl\\\/\"},{\"@type\":\"ListItem\",\"position\":2,\"name\":\"Produkty\",\"item\":\"https:\\\/\\\/limpol.pl\\\/shop\\\/\"},{\"@type\":\"ListItem\",\"position\":3,\"name\":\"Przyprawa na bazie oliwy z oliwek najwy\u017cszej jako\u015bci z pierwszego t\u0142oczenia o smaku pomara\u0144czowym\"}]},{\"@type\":\"WebSite\",\"@id\":\"https:\\\/\\\/limpol.pl\\\/#website\",\"url\":\"https:\\\/\\\/limpol.pl\\\/\",\"name\":\"Limpol - Dystrybutor produkt\u00f3w spo\u017cywczych | Import Eksport\",\"description\":\"Importer i eksporter produkt\u00f3w spo\u017cywczych\",\"potentialAction\":[{\"@type\":\"SearchAction\",\"target\":{\"@type\":\"EntryPoint\",\"urlTemplate\":\"https:\\\/\\\/limpol.pl\\\/?s={search_term_string}\"},\"query-input\":{\"@type\":\"PropertyValueSpecification\",\"valueRequired\":true,\"valueName\":\"search_term_string\"}}],\"inLanguage\":\"en-GB\"}]}<\/script>\n<!-- \/ Yoast SEO plugin. -->","yoast_head_json":{"title":"Seasoning based on extra virgin olive oil with orange flavour - Limpol - Distributor of food products | Import Export","robots":{"index":"index","follow":"follow","max-snippet":"max-snippet:-1","max-image-preview":"max-image-preview:large","max-video-preview":"max-video-preview:-1"},"canonical":"https:\/\/limpol.pl\/en\/products\/orange-flavoured-olive-oil\/","og_locale":"en_GB","og_type":"article","og_title":"Przyprawa na bazie oliwy z oliwek najwy\u017cszej jako\u015bci z pierwszego t\u0142oczenia o smaku pomara\u0144czowym - Limpol - Dystrybutor produkt\u00f3w spo\u017cywczych | Import Eksport","og_description":"Doskona\u0142ej jako\u015bci grecka oliwa extra virgin o \u015bwie\u017cym cytrusowym armacie s\u0142odkiej pomara\u0144czy. Idealna propozycja letniego dressingu do ryb i owoc\u00f3w morza , kolorowych sa\u0142at, bia\u0142ych mi\u0119s. Mo\u017cna ni\u0105 skropi\u0107 r\u00f3wnie\u017c carpaccio wo\u0142owe i inne delikatne mi\u0119sne wariacje. \u015awietnie sprawdzi si\u0119 r\u00f3wnie\u017c jako dodatek do wypiek\u00f3w i da\u0144 z ry\u017cu. Jej nietypowy lekki aromat przywo\u0142a smak [&hellip;]","og_url":"https:\/\/limpol.pl\/en\/products\/orange-flavoured-olive-oil\/","og_site_name":"Limpol - Dystrybutor produkt\u00f3w spo\u017cywczych | Import Eksport","article_publisher":"https:\/\/www.facebook.com\/firmalimpol\/","article_modified_time":"2026-01-29T11:31:56+00:00","og_image":[{"width":1000,"height":1000,"url":"https:\/\/limpol.pl\/wp-content\/uploads\/2023\/05\/oliwa-pomaranczowa.webp","type":"image\/webp"}],"twitter_card":"summary_large_image","twitter_misc":{"Estimated reading time":"1 minute"},"schema":{"@context":"https:\/\/schema.org","@graph":[{"@type":"WebPage","@id":"https:\/\/limpol.pl\/produkty\/oliwa-z-oliwek-o-smaku-pomaranczy\/","url":"https:\/\/limpol.pl\/produkty\/oliwa-z-oliwek-o-smaku-pomaranczy\/","name":"Seasoning based on extra virgin olive oil with orange flavour - Limpol - Distributor of food products | Import Export","isPartOf":{"@id":"https:\/\/limpol.pl\/#website"},"primaryImageOfPage":{"@id":"https:\/\/limpol.pl\/produkty\/oliwa-z-oliwek-o-smaku-pomaranczy\/#primaryimage"},"image":{"@id":"https:\/\/limpol.pl\/produkty\/oliwa-z-oliwek-o-smaku-pomaranczy\/#primaryimage"},"thumbnailUrl":"https:\/\/limpol.pl\/wp-content\/uploads\/2023\/05\/oliwa-pomaranczowa.webp","datePublished":"2023-05-09T07:19:53+00:00","dateModified":"2026-01-29T11:31:56+00:00","breadcrumb":{"@id":"https:\/\/limpol.pl\/produkty\/oliwa-z-oliwek-o-smaku-pomaranczy\/#breadcrumb"},"inLanguage":"en-GB","potentialAction":[{"@type":"ReadAction","target":["https:\/\/limpol.pl\/produkty\/oliwa-z-oliwek-o-smaku-pomaranczy\/"]}]},{"@type":"ImageObject","inLanguage":"en-GB","@id":"https:\/\/limpol.pl\/produkty\/oliwa-z-oliwek-o-smaku-pomaranczy\/#primaryimage","url":"https:\/\/limpol.pl\/wp-content\/uploads\/2023\/05\/oliwa-pomaranczowa.webp","contentUrl":"https:\/\/limpol.pl\/wp-content\/uploads\/2023\/05\/oliwa-pomaranczowa.webp","width":1000,"height":1000},{"@type":"BreadcrumbList","@id":"https:\/\/limpol.pl\/produkty\/oliwa-z-oliwek-o-smaku-pomaranczy\/#breadcrumb","itemListElement":[{"@type":"ListItem","position":1,"name":"Strona g\u0142\u00f3wna","item":"https:\/\/limpol.pl\/"},{"@type":"ListItem","position":2,"name":"Produkty","item":"https:\/\/limpol.pl\/shop\/"},{"@type":"ListItem","position":3,"name":"Przyprawa na bazie oliwy z oliwek najwy\u017cszej jako\u015bci z pierwszego t\u0142oczenia o smaku pomara\u0144czowym"}]},{"@type":"WebSite","@id":"https:\/\/limpol.pl\/#website","url":"https:\/\/limpol.pl\/","name":"Limpol - Distributor of food products | Import Export","description":"Importer and exporter of food products","potentialAction":[{"@type":"SearchAction","target":{"@type":"EntryPoint","urlTemplate":"https:\/\/limpol.pl\/?s={search_term_string}"},"query-input":{"@type":"PropertyValueSpecification","valueRequired":true,"valueName":"search_term_string"}}],"inLanguage":"en-GB"}]}},"_links":{"self":[{"href":"https:\/\/limpol.pl\/en\/wp-json\/wp\/v2\/product\/5800","targetHints":{"allow":["GET"]}}],"collection":[{"href":"https:\/\/limpol.pl\/en\/wp-json\/wp\/v2\/product"}],"about":[{"href":"https:\/\/limpol.pl\/en\/wp-json\/wp\/v2\/types\/product"}],"wp:featuredmedia":[{"embeddable":true,"href":"https:\/\/limpol.pl\/en\/wp-json\/wp\/v2\/media\/5801"}],"wp:attachment":[{"href":"https:\/\/limpol.pl\/en\/wp-json\/wp\/v2\/media?parent=5800"}],"wp:term":[{"taxonomy":"product_brand","embeddable":true,"href":"https:\/\/limpol.pl\/en\/wp-json\/wp\/v2\/product_brand?post=5800"},{"taxonomy":"product_cat","embeddable":true,"href":"https:\/\/limpol.pl\/en\/wp-json\/wp\/v2\/product_cat?post=5800"},{"taxonomy":"product_tag","embeddable":true,"href":"https:\/\/limpol.pl\/en\/wp-json\/wp\/v2\/product_tag?post=5800"}],"curies":[{"name":"wp","href":"https:\/\/api.w.org\/{rel}","templated":true}]}}