{"id":5852,"date":"2023-06-21T21:17:31","date_gmt":"2023-06-21T19:17:31","guid":{"rendered":"https:\/\/limpol.pl\/?post_type=product&#038;p=5852"},"modified":"2026-01-29T12:25:37","modified_gmt":"2026-01-29T11:25:37","slug":"caper-apples-in-brine","status":"publish","type":"product","link":"https:\/\/limpol.pl\/en\/products\/caper-apples-in-brine\/","title":{"rendered":"Caper apples in brine"},"content":{"rendered":"<p>An interesting proposition for lovers of Italian cuisine. Caper apples are the fruit of the same plant as capers. The taste of the apples is very similar to that of the finer capers - salty, quite tart, but less intense. They add an original touch to many dishes without dominating their flavour.<\/p>","protected":false},"excerpt":{"rendered":"<p>An interesting proposition for lovers of Italian cuisine. Caper apples are the fruit of the same plant as capers. The taste of the apples is very similar to that of the finer capers - salty, quite tart, but less intense. They add an original touch to many dishes without dominating their flavour.<\/p>","protected":false},"featured_media":5864,"template":"","meta":[],"product_brand":[],"product_cat":[845,57,263],"product_tag":[],"class_list":{"0":"post-5852","1":"product","2":"type-product","3":"status-publish","4":"has-post-thumbnail","6":"product_cat-dla-pizzerii-i-trattorii","7":"product_cat-produkty-vera","8":"product_cat-przetwory-warzywne","9":"pa_ilosc-sztuk-na-palecie-185","10":"pa_masa-netto-700g","11":"pa_masa-po-odsaczeniu-400g","12":"pa_sztuk-w-kartonie-115","14":"first","15":"instock","16":"shipping-taxable","17":"product-type-simple"},"yoast_head":"<!-- This site is optimized with the Yoast SEO plugin v27.3 - https:\/\/yoast.com\/product\/yoast-seo-wordpress\/ -->\n<title>Jab\u0142uszka kaparowe w zalewie - Limpol - Dystrybutor produkt\u00f3w spo\u017cywczych | Import Eksport<\/title>\n<meta name=\"robots\" content=\"index, follow, max-snippet:-1, max-image-preview:large, max-video-preview:-1\" \/>\n<link rel=\"canonical\" href=\"https:\/\/limpol.pl\/en\/products\/caper-apples-in-brine\/\" \/>\n<meta property=\"og:locale\" content=\"en_GB\" \/>\n<meta property=\"og:type\" content=\"article\" \/>\n<meta property=\"og:title\" content=\"Jab\u0142uszka kaparowe w zalewie - Limpol - Dystrybutor produkt\u00f3w spo\u017cywczych | Import Eksport\" \/>\n<meta property=\"og:description\" content=\"Ciekawa propozycja dla wielbicieli kuchni w\u0142oskiej. Jab\u0142uszka kaparowe\u00a0to owoce tej samej ro\u015bliny, co kapary. Smak jab\u0142uszek jest bardzo zbli\u017cony do drobniejszych kapar\u00f3w \u2013 s\u0142ony, do\u015b\u0107 cierpki, lecz mniej intensywny. Nadaj\u0105 oryginalny charakter wielu potrawom, a jednocze\u015bnie nie dominuj\u0105 ich smaku.\" \/>\n<meta property=\"og:url\" content=\"https:\/\/limpol.pl\/en\/products\/caper-apples-in-brine\/\" \/>\n<meta property=\"og:site_name\" content=\"Limpol - Dystrybutor produkt\u00f3w spo\u017cywczych | Import Eksport\" \/>\n<meta property=\"article:publisher\" content=\"https:\/\/www.facebook.com\/firmalimpol\/\" \/>\n<meta property=\"article:modified_time\" content=\"2026-01-29T11:25:37+00:00\" \/>\n<meta property=\"og:image\" content=\"https:\/\/limpol.pl\/wp-content\/uploads\/2023\/06\/jabluszka-kaparowe.jpg\" \/>\n\t<meta property=\"og:image:width\" content=\"1000\" \/>\n\t<meta property=\"og:image:height\" content=\"1000\" \/>\n\t<meta property=\"og:image:type\" content=\"image\/jpeg\" \/>\n<meta name=\"twitter:card\" content=\"summary_large_image\" \/>\n<meta name=\"twitter:label1\" content=\"Estimated reading time\" \/>\n\t<meta name=\"twitter:data1\" content=\"1 minute\" \/>\n<script type=\"application\/ld+json\" class=\"yoast-schema-graph\">{\"@context\":\"https:\\\/\\\/schema.org\",\"@graph\":[{\"@type\":\"WebPage\",\"@id\":\"https:\\\/\\\/limpol.pl\\\/produkty\\\/jabluszka-kaparowe-w-zalewie\\\/\",\"url\":\"https:\\\/\\\/limpol.pl\\\/produkty\\\/jabluszka-kaparowe-w-zalewie\\\/\",\"name\":\"Jab\u0142uszka kaparowe w zalewie - Limpol - Dystrybutor produkt\u00f3w spo\u017cywczych | Import Eksport\",\"isPartOf\":{\"@id\":\"https:\\\/\\\/limpol.pl\\\/#website\"},\"primaryImageOfPage\":{\"@id\":\"https:\\\/\\\/limpol.pl\\\/produkty\\\/jabluszka-kaparowe-w-zalewie\\\/#primaryimage\"},\"image\":{\"@id\":\"https:\\\/\\\/limpol.pl\\\/produkty\\\/jabluszka-kaparowe-w-zalewie\\\/#primaryimage\"},\"thumbnailUrl\":\"https:\\\/\\\/limpol.pl\\\/wp-content\\\/uploads\\\/2023\\\/06\\\/jabluszka-kaparowe.jpg\",\"datePublished\":\"2023-06-21T19:17:31+00:00\",\"dateModified\":\"2026-01-29T11:25:37+00:00\",\"breadcrumb\":{\"@id\":\"https:\\\/\\\/limpol.pl\\\/produkty\\\/jabluszka-kaparowe-w-zalewie\\\/#breadcrumb\"},\"inLanguage\":\"en-GB\",\"potentialAction\":[{\"@type\":\"ReadAction\",\"target\":[\"https:\\\/\\\/limpol.pl\\\/produkty\\\/jabluszka-kaparowe-w-zalewie\\\/\"]}]},{\"@type\":\"ImageObject\",\"inLanguage\":\"en-GB\",\"@id\":\"https:\\\/\\\/limpol.pl\\\/produkty\\\/jabluszka-kaparowe-w-zalewie\\\/#primaryimage\",\"url\":\"https:\\\/\\\/limpol.pl\\\/wp-content\\\/uploads\\\/2023\\\/06\\\/jabluszka-kaparowe.jpg\",\"contentUrl\":\"https:\\\/\\\/limpol.pl\\\/wp-content\\\/uploads\\\/2023\\\/06\\\/jabluszka-kaparowe.jpg\",\"width\":1000,\"height\":1000},{\"@type\":\"BreadcrumbList\",\"@id\":\"https:\\\/\\\/limpol.pl\\\/produkty\\\/jabluszka-kaparowe-w-zalewie\\\/#breadcrumb\",\"itemListElement\":[{\"@type\":\"ListItem\",\"position\":1,\"name\":\"Strona g\u0142\u00f3wna\",\"item\":\"https:\\\/\\\/limpol.pl\\\/\"},{\"@type\":\"ListItem\",\"position\":2,\"name\":\"Produkty\",\"item\":\"https:\\\/\\\/limpol.pl\\\/shop\\\/\"},{\"@type\":\"ListItem\",\"position\":3,\"name\":\"Jab\u0142uszka kaparowe w zalewie\"}]},{\"@type\":\"WebSite\",\"@id\":\"https:\\\/\\\/limpol.pl\\\/#website\",\"url\":\"https:\\\/\\\/limpol.pl\\\/\",\"name\":\"Limpol - Dystrybutor produkt\u00f3w spo\u017cywczych | Import Eksport\",\"description\":\"Importer i eksporter produkt\u00f3w spo\u017cywczych\",\"potentialAction\":[{\"@type\":\"SearchAction\",\"target\":{\"@type\":\"EntryPoint\",\"urlTemplate\":\"https:\\\/\\\/limpol.pl\\\/?s={search_term_string}\"},\"query-input\":{\"@type\":\"PropertyValueSpecification\",\"valueRequired\":true,\"valueName\":\"search_term_string\"}}],\"inLanguage\":\"en-GB\"}]}<\/script>\n<!-- \/ Yoast SEO plugin. -->","yoast_head_json":{"title":"Caper apples in brine - Limpol - Distributor of food products | Import Export","robots":{"index":"index","follow":"follow","max-snippet":"max-snippet:-1","max-image-preview":"max-image-preview:large","max-video-preview":"max-video-preview:-1"},"canonical":"https:\/\/limpol.pl\/en\/products\/caper-apples-in-brine\/","og_locale":"en_GB","og_type":"article","og_title":"Jab\u0142uszka kaparowe w zalewie - Limpol - Dystrybutor produkt\u00f3w spo\u017cywczych | Import Eksport","og_description":"Ciekawa propozycja dla wielbicieli kuchni w\u0142oskiej. Jab\u0142uszka kaparowe\u00a0to owoce tej samej ro\u015bliny, co kapary. Smak jab\u0142uszek jest bardzo zbli\u017cony do drobniejszych kapar\u00f3w \u2013 s\u0142ony, do\u015b\u0107 cierpki, lecz mniej intensywny. Nadaj\u0105 oryginalny charakter wielu potrawom, a jednocze\u015bnie nie dominuj\u0105 ich smaku.","og_url":"https:\/\/limpol.pl\/en\/products\/caper-apples-in-brine\/","og_site_name":"Limpol - Dystrybutor produkt\u00f3w spo\u017cywczych | Import Eksport","article_publisher":"https:\/\/www.facebook.com\/firmalimpol\/","article_modified_time":"2026-01-29T11:25:37+00:00","og_image":[{"width":1000,"height":1000,"url":"https:\/\/limpol.pl\/wp-content\/uploads\/2023\/06\/jabluszka-kaparowe.jpg","type":"image\/jpeg"}],"twitter_card":"summary_large_image","twitter_misc":{"Estimated reading time":"1 minute"},"schema":{"@context":"https:\/\/schema.org","@graph":[{"@type":"WebPage","@id":"https:\/\/limpol.pl\/produkty\/jabluszka-kaparowe-w-zalewie\/","url":"https:\/\/limpol.pl\/produkty\/jabluszka-kaparowe-w-zalewie\/","name":"Caper apples in brine - Limpol - Distributor of food products | Import Export","isPartOf":{"@id":"https:\/\/limpol.pl\/#website"},"primaryImageOfPage":{"@id":"https:\/\/limpol.pl\/produkty\/jabluszka-kaparowe-w-zalewie\/#primaryimage"},"image":{"@id":"https:\/\/limpol.pl\/produkty\/jabluszka-kaparowe-w-zalewie\/#primaryimage"},"thumbnailUrl":"https:\/\/limpol.pl\/wp-content\/uploads\/2023\/06\/jabluszka-kaparowe.jpg","datePublished":"2023-06-21T19:17:31+00:00","dateModified":"2026-01-29T11:25:37+00:00","breadcrumb":{"@id":"https:\/\/limpol.pl\/produkty\/jabluszka-kaparowe-w-zalewie\/#breadcrumb"},"inLanguage":"en-GB","potentialAction":[{"@type":"ReadAction","target":["https:\/\/limpol.pl\/produkty\/jabluszka-kaparowe-w-zalewie\/"]}]},{"@type":"ImageObject","inLanguage":"en-GB","@id":"https:\/\/limpol.pl\/produkty\/jabluszka-kaparowe-w-zalewie\/#primaryimage","url":"https:\/\/limpol.pl\/wp-content\/uploads\/2023\/06\/jabluszka-kaparowe.jpg","contentUrl":"https:\/\/limpol.pl\/wp-content\/uploads\/2023\/06\/jabluszka-kaparowe.jpg","width":1000,"height":1000},{"@type":"BreadcrumbList","@id":"https:\/\/limpol.pl\/produkty\/jabluszka-kaparowe-w-zalewie\/#breadcrumb","itemListElement":[{"@type":"ListItem","position":1,"name":"Strona g\u0142\u00f3wna","item":"https:\/\/limpol.pl\/"},{"@type":"ListItem","position":2,"name":"Produkty","item":"https:\/\/limpol.pl\/shop\/"},{"@type":"ListItem","position":3,"name":"Jab\u0142uszka kaparowe w zalewie"}]},{"@type":"WebSite","@id":"https:\/\/limpol.pl\/#website","url":"https:\/\/limpol.pl\/","name":"Limpol - Distributor of food products | Import Export","description":"Importer and exporter of food products","potentialAction":[{"@type":"SearchAction","target":{"@type":"EntryPoint","urlTemplate":"https:\/\/limpol.pl\/?s={search_term_string}"},"query-input":{"@type":"PropertyValueSpecification","valueRequired":true,"valueName":"search_term_string"}}],"inLanguage":"en-GB"}]}},"_links":{"self":[{"href":"https:\/\/limpol.pl\/en\/wp-json\/wp\/v2\/product\/5852","targetHints":{"allow":["GET"]}}],"collection":[{"href":"https:\/\/limpol.pl\/en\/wp-json\/wp\/v2\/product"}],"about":[{"href":"https:\/\/limpol.pl\/en\/wp-json\/wp\/v2\/types\/product"}],"wp:featuredmedia":[{"embeddable":true,"href":"https:\/\/limpol.pl\/en\/wp-json\/wp\/v2\/media\/5864"}],"wp:attachment":[{"href":"https:\/\/limpol.pl\/en\/wp-json\/wp\/v2\/media?parent=5852"}],"wp:term":[{"taxonomy":"product_brand","embeddable":true,"href":"https:\/\/limpol.pl\/en\/wp-json\/wp\/v2\/product_brand?post=5852"},{"taxonomy":"product_cat","embeddable":true,"href":"https:\/\/limpol.pl\/en\/wp-json\/wp\/v2\/product_cat?post=5852"},{"taxonomy":"product_tag","embeddable":true,"href":"https:\/\/limpol.pl\/en\/wp-json\/wp\/v2\/product_tag?post=5852"}],"curies":[{"name":"wp","href":"https:\/\/api.w.org\/{rel}","templated":true}]}}