{"id":6049,"date":"2024-04-18T12:13:52","date_gmt":"2024-04-18T10:13:52","guid":{"rendered":"https:\/\/limpol.pl\/?post_type=product&#038;p=6049"},"modified":"2026-01-29T12:22:46","modified_gmt":"2026-01-29T11:22:46","slug":"peeled-whole-beetroot-cooked-vera","status":"publish","type":"product","link":"https:\/\/limpol.pl\/en\/products\/peeled-whole-beetroot-cooked-vera\/","title":{"rendered":"Peeled, whole beetroot, cooked Vera"},"content":{"rendered":"<p>Beetroot is a vegetable without which it is difficult to imagine Polish cuisine. Boiled and peeled beetroots by VERA are a ready-to-eat product. They retain their colour and aroma thanks to their airtight vacuum packaging. They are a great convenience in the kitchen. They have many uses both as a side dish and as the main component of a dish.<\/p>","protected":false},"excerpt":{"rendered":"<p>Beetroot is a vegetable without which it is difficult to imagine Polish cuisine. Boiled and peeled beetroots by VERA are a ready-to-eat product. They retain their colour and aroma thanks to their airtight vacuum packaging. They are a great convenience in the kitchen. They have many uses both as a side dish and as the main component of a dish.<\/p>","protected":false},"featured_media":6031,"template":"","meta":[],"product_brand":[],"product_cat":[57,263],"product_tag":[],"class_list":{"0":"post-6049","1":"product","2":"type-product","3":"status-publish","4":"has-post-thumbnail","6":"product_cat-produkty-vera","7":"product_cat-przetwory-warzywne","8":"pa_ilosc-sztuk-na-palecie-242","9":"pa_masa-netto-70","10":"pa_sztuk-w-kartonie-79","12":"first","13":"instock","14":"shipping-taxable","15":"product-type-simple"},"yoast_head":"<!-- This site is optimized with the Yoast SEO plugin v27.3 - https:\/\/yoast.com\/product\/yoast-seo-wordpress\/ -->\n<title>Buraki obrane, ca\u0142e, gotowane Vera - Limpol - Dystrybutor produkt\u00f3w spo\u017cywczych | Import Eksport<\/title>\n<meta name=\"robots\" content=\"index, follow, max-snippet:-1, max-image-preview:large, max-video-preview:-1\" \/>\n<link rel=\"canonical\" href=\"https:\/\/limpol.pl\/en\/products\/peeled-whole-beetroot-cooked-vera\/\" \/>\n<meta property=\"og:locale\" content=\"en_GB\" \/>\n<meta property=\"og:type\" content=\"article\" \/>\n<meta property=\"og:title\" content=\"Buraki obrane, ca\u0142e, gotowane Vera - Limpol - Dystrybutor produkt\u00f3w spo\u017cywczych | Import Eksport\" \/>\n<meta property=\"og:description\" content=\"Buraki \u0107wik\u0142owe to warzywo bez kt\u00f3rego trudno wyobrazi\u0107 sobie polsk\u0105 kuchni\u0119. Gotowane i obrane buraki marki VERA to produkt gotowy do spo\u017cycia. Zachowuj\u0105 sw\u00f3j kolor i aromat dzi\u0119ki szczelnemu, pr\u00f3\u017cniowemu opakowaniu. S\u0105 du\u017cym u\u0142atwieniem w kuchni. Maj\u0105 wiele zastosowa\u0144 zar\u00f3wno jako dodatek ale i jako g\u0142\u00f3wny komponent dania.\" \/>\n<meta property=\"og:url\" content=\"https:\/\/limpol.pl\/en\/products\/peeled-whole-beetroot-cooked-vera\/\" \/>\n<meta property=\"og:site_name\" content=\"Limpol - Dystrybutor produkt\u00f3w spo\u017cywczych | Import Eksport\" \/>\n<meta property=\"article:publisher\" content=\"https:\/\/www.facebook.com\/firmalimpol\/\" \/>\n<meta property=\"article:modified_time\" content=\"2026-01-29T11:22:46+00:00\" \/>\n<meta property=\"og:image\" content=\"https:\/\/limpol.pl\/wp-content\/uploads\/2024\/04\/buraki.webp\" \/>\n\t<meta property=\"og:image:width\" content=\"1000\" \/>\n\t<meta property=\"og:image:height\" content=\"1000\" \/>\n\t<meta property=\"og:image:type\" content=\"image\/webp\" \/>\n<meta name=\"twitter:card\" content=\"summary_large_image\" \/>\n<meta name=\"twitter:label1\" content=\"Estimated reading time\" \/>\n\t<meta name=\"twitter:data1\" content=\"1 minute\" \/>\n<script type=\"application\/ld+json\" class=\"yoast-schema-graph\">{\"@context\":\"https:\\\/\\\/schema.org\",\"@graph\":[{\"@type\":\"WebPage\",\"@id\":\"https:\\\/\\\/limpol.pl\\\/produkty\\\/buraki-obrane-cale-gotowane-vera\\\/\",\"url\":\"https:\\\/\\\/limpol.pl\\\/produkty\\\/buraki-obrane-cale-gotowane-vera\\\/\",\"name\":\"Buraki obrane, ca\u0142e, gotowane Vera - Limpol - Dystrybutor produkt\u00f3w spo\u017cywczych | Import Eksport\",\"isPartOf\":{\"@id\":\"https:\\\/\\\/limpol.pl\\\/#website\"},\"primaryImageOfPage\":{\"@id\":\"https:\\\/\\\/limpol.pl\\\/produkty\\\/buraki-obrane-cale-gotowane-vera\\\/#primaryimage\"},\"image\":{\"@id\":\"https:\\\/\\\/limpol.pl\\\/produkty\\\/buraki-obrane-cale-gotowane-vera\\\/#primaryimage\"},\"thumbnailUrl\":\"https:\\\/\\\/limpol.pl\\\/wp-content\\\/uploads\\\/2024\\\/04\\\/buraki.webp\",\"datePublished\":\"2024-04-18T10:13:52+00:00\",\"dateModified\":\"2026-01-29T11:22:46+00:00\",\"breadcrumb\":{\"@id\":\"https:\\\/\\\/limpol.pl\\\/produkty\\\/buraki-obrane-cale-gotowane-vera\\\/#breadcrumb\"},\"inLanguage\":\"en-GB\",\"potentialAction\":[{\"@type\":\"ReadAction\",\"target\":[\"https:\\\/\\\/limpol.pl\\\/produkty\\\/buraki-obrane-cale-gotowane-vera\\\/\"]}]},{\"@type\":\"ImageObject\",\"inLanguage\":\"en-GB\",\"@id\":\"https:\\\/\\\/limpol.pl\\\/produkty\\\/buraki-obrane-cale-gotowane-vera\\\/#primaryimage\",\"url\":\"https:\\\/\\\/limpol.pl\\\/wp-content\\\/uploads\\\/2024\\\/04\\\/buraki.webp\",\"contentUrl\":\"https:\\\/\\\/limpol.pl\\\/wp-content\\\/uploads\\\/2024\\\/04\\\/buraki.webp\",\"width\":1000,\"height\":1000},{\"@type\":\"BreadcrumbList\",\"@id\":\"https:\\\/\\\/limpol.pl\\\/produkty\\\/buraki-obrane-cale-gotowane-vera\\\/#breadcrumb\",\"itemListElement\":[{\"@type\":\"ListItem\",\"position\":1,\"name\":\"Strona g\u0142\u00f3wna\",\"item\":\"https:\\\/\\\/limpol.pl\\\/\"},{\"@type\":\"ListItem\",\"position\":2,\"name\":\"Produkty\",\"item\":\"https:\\\/\\\/limpol.pl\\\/shop\\\/\"},{\"@type\":\"ListItem\",\"position\":3,\"name\":\"Buraki obrane, ca\u0142e, gotowane Vera\"}]},{\"@type\":\"WebSite\",\"@id\":\"https:\\\/\\\/limpol.pl\\\/#website\",\"url\":\"https:\\\/\\\/limpol.pl\\\/\",\"name\":\"Limpol - Dystrybutor produkt\u00f3w spo\u017cywczych | Import Eksport\",\"description\":\"Importer i eksporter produkt\u00f3w spo\u017cywczych\",\"potentialAction\":[{\"@type\":\"SearchAction\",\"target\":{\"@type\":\"EntryPoint\",\"urlTemplate\":\"https:\\\/\\\/limpol.pl\\\/?s={search_term_string}\"},\"query-input\":{\"@type\":\"PropertyValueSpecification\",\"valueRequired\":true,\"valueName\":\"search_term_string\"}}],\"inLanguage\":\"en-GB\"}]}<\/script>\n<!-- \/ Yoast SEO plugin. -->","yoast_head_json":{"title":"Peeled, whole, cooked beetroot Vera - Limpol - Distributor of food products | Import Export","robots":{"index":"index","follow":"follow","max-snippet":"max-snippet:-1","max-image-preview":"max-image-preview:large","max-video-preview":"max-video-preview:-1"},"canonical":"https:\/\/limpol.pl\/en\/products\/peeled-whole-beetroot-cooked-vera\/","og_locale":"en_GB","og_type":"article","og_title":"Buraki obrane, ca\u0142e, gotowane Vera - Limpol - Dystrybutor produkt\u00f3w spo\u017cywczych | Import Eksport","og_description":"Buraki \u0107wik\u0142owe to warzywo bez kt\u00f3rego trudno wyobrazi\u0107 sobie polsk\u0105 kuchni\u0119. Gotowane i obrane buraki marki VERA to produkt gotowy do spo\u017cycia. Zachowuj\u0105 sw\u00f3j kolor i aromat dzi\u0119ki szczelnemu, pr\u00f3\u017cniowemu opakowaniu. S\u0105 du\u017cym u\u0142atwieniem w kuchni. Maj\u0105 wiele zastosowa\u0144 zar\u00f3wno jako dodatek ale i jako g\u0142\u00f3wny komponent dania.","og_url":"https:\/\/limpol.pl\/en\/products\/peeled-whole-beetroot-cooked-vera\/","og_site_name":"Limpol - Dystrybutor produkt\u00f3w spo\u017cywczych | Import Eksport","article_publisher":"https:\/\/www.facebook.com\/firmalimpol\/","article_modified_time":"2026-01-29T11:22:46+00:00","og_image":[{"width":1000,"height":1000,"url":"https:\/\/limpol.pl\/wp-content\/uploads\/2024\/04\/buraki.webp","type":"image\/webp"}],"twitter_card":"summary_large_image","twitter_misc":{"Estimated reading time":"1 minute"},"schema":{"@context":"https:\/\/schema.org","@graph":[{"@type":"WebPage","@id":"https:\/\/limpol.pl\/produkty\/buraki-obrane-cale-gotowane-vera\/","url":"https:\/\/limpol.pl\/produkty\/buraki-obrane-cale-gotowane-vera\/","name":"Peeled, whole, cooked beetroot Vera - Limpol - Distributor of food products | Import Export","isPartOf":{"@id":"https:\/\/limpol.pl\/#website"},"primaryImageOfPage":{"@id":"https:\/\/limpol.pl\/produkty\/buraki-obrane-cale-gotowane-vera\/#primaryimage"},"image":{"@id":"https:\/\/limpol.pl\/produkty\/buraki-obrane-cale-gotowane-vera\/#primaryimage"},"thumbnailUrl":"https:\/\/limpol.pl\/wp-content\/uploads\/2024\/04\/buraki.webp","datePublished":"2024-04-18T10:13:52+00:00","dateModified":"2026-01-29T11:22:46+00:00","breadcrumb":{"@id":"https:\/\/limpol.pl\/produkty\/buraki-obrane-cale-gotowane-vera\/#breadcrumb"},"inLanguage":"en-GB","potentialAction":[{"@type":"ReadAction","target":["https:\/\/limpol.pl\/produkty\/buraki-obrane-cale-gotowane-vera\/"]}]},{"@type":"ImageObject","inLanguage":"en-GB","@id":"https:\/\/limpol.pl\/produkty\/buraki-obrane-cale-gotowane-vera\/#primaryimage","url":"https:\/\/limpol.pl\/wp-content\/uploads\/2024\/04\/buraki.webp","contentUrl":"https:\/\/limpol.pl\/wp-content\/uploads\/2024\/04\/buraki.webp","width":1000,"height":1000},{"@type":"BreadcrumbList","@id":"https:\/\/limpol.pl\/produkty\/buraki-obrane-cale-gotowane-vera\/#breadcrumb","itemListElement":[{"@type":"ListItem","position":1,"name":"Strona g\u0142\u00f3wna","item":"https:\/\/limpol.pl\/"},{"@type":"ListItem","position":2,"name":"Produkty","item":"https:\/\/limpol.pl\/shop\/"},{"@type":"ListItem","position":3,"name":"Buraki obrane, ca\u0142e, gotowane Vera"}]},{"@type":"WebSite","@id":"https:\/\/limpol.pl\/#website","url":"https:\/\/limpol.pl\/","name":"Limpol - Distributor of food products | Import Export","description":"Importer and exporter of food products","potentialAction":[{"@type":"SearchAction","target":{"@type":"EntryPoint","urlTemplate":"https:\/\/limpol.pl\/?s={search_term_string}"},"query-input":{"@type":"PropertyValueSpecification","valueRequired":true,"valueName":"search_term_string"}}],"inLanguage":"en-GB"}]}},"_links":{"self":[{"href":"https:\/\/limpol.pl\/en\/wp-json\/wp\/v2\/product\/6049","targetHints":{"allow":["GET"]}}],"collection":[{"href":"https:\/\/limpol.pl\/en\/wp-json\/wp\/v2\/product"}],"about":[{"href":"https:\/\/limpol.pl\/en\/wp-json\/wp\/v2\/types\/product"}],"wp:featuredmedia":[{"embeddable":true,"href":"https:\/\/limpol.pl\/en\/wp-json\/wp\/v2\/media\/6031"}],"wp:attachment":[{"href":"https:\/\/limpol.pl\/en\/wp-json\/wp\/v2\/media?parent=6049"}],"wp:term":[{"taxonomy":"product_brand","embeddable":true,"href":"https:\/\/limpol.pl\/en\/wp-json\/wp\/v2\/product_brand?post=6049"},{"taxonomy":"product_cat","embeddable":true,"href":"https:\/\/limpol.pl\/en\/wp-json\/wp\/v2\/product_cat?post=6049"},{"taxonomy":"product_tag","embeddable":true,"href":"https:\/\/limpol.pl\/en\/wp-json\/wp\/v2\/product_tag?post=6049"}],"curies":[{"name":"wp","href":"https:\/\/api.w.org\/{rel}","templated":true}]}}