{"id":6057,"date":"2024-06-18T13:30:14","date_gmt":"2024-06-18T11:30:14","guid":{"rendered":"https:\/\/limpol.pl\/?post_type=product&#038;p=6057"},"modified":"2026-01-29T12:18:48","modified_gmt":"2026-01-29T11:18:48","slug":"sambal-spicy-pepper-and-tomato-sauce-5000-g-vera","status":"publish","type":"product","link":"https:\/\/limpol.pl\/en\/products\/sambal-spicy-pepper-and-tomato-sauce-5000-g-vera\/","title":{"rendered":"Sambal sauce. Spicy pepper and tomato sauce. 5000 g VERA"},"content":{"rendered":"<p>This is an exotic sauce made from ripe red chilli peppers and tomatoes with added spices. Thick and spicy, it is the basis for all marinades and sauces in Indonesia, but is also served as an accompaniment to rice or noodle dishes. It gives each dish a unique original flavour and Asian character. In our country, it is mainly used for sauces served with burgers and wraps, but it is also ideal during the barbecue season. Marinades for meat or fish with sambal oelek make grilled dishes tender and aromatic. Here in a large, economical and easy-to-use bucket.<\/p>","protected":false},"excerpt":{"rendered":"<p>To egzotyczny sos z dojrza\u0142ych czerwonych papryczek chili i pomidor\u00f3w z dodatkiem przypraw. G\u0119sty i ostry stanowi w Indonezji podstaw\u0119 do wszelkich marynat, sos\u00f3w ale jest te\u017c podawany jako dodatek do da\u0144 z ry\u017cem lub makaronem. Ka\u017cdej potrawie nadaje wyj\u0105tkowy oryginalny smak i azjatycki charakter. U nas stosuje si\u0119 go g\u0142\u00f3wnie do sos\u00f3w podawanych do [&hellip;]<\/p>\n","protected":false},"featured_media":6059,"template":"","meta":[],"product_brand":[],"product_cat":[57,346],"product_tag":[],"class_list":{"0":"post-6057","1":"product","2":"type-product","3":"status-publish","4":"has-post-thumbnail","6":"product_cat-produkty-vera","7":"product_cat-sosy-warzywne","8":"pa_atrybut-detal-horeca-horeca","9":"pa_ilosc-sztuk-na-palecie-849","10":"pa_ilosc-warstw-na-palecie-92","11":"pa_masa-netto-5000g","13":"first","14":"instock","15":"shipping-taxable","16":"product-type-simple"},"yoast_head":"<!-- This site is optimized with the Yoast SEO plugin v27.3 - https:\/\/yoast.com\/product\/yoast-seo-wordpress\/ -->\n<title>Sos Sambal. Pikantny sos paprykowo-pomidorowy. 5000 g VERA - Limpol - Dystrybutor produkt\u00f3w spo\u017cywczych | Import Eksport<\/title>\n<meta name=\"robots\" content=\"index, follow, max-snippet:-1, max-image-preview:large, max-video-preview:-1\" \/>\n<link rel=\"canonical\" href=\"https:\/\/limpol.pl\/en\/products\/sambal-spicy-pepper-and-tomato-sauce-5000-g-vera\/\" \/>\n<meta property=\"og:locale\" content=\"en_GB\" \/>\n<meta property=\"og:type\" content=\"article\" \/>\n<meta property=\"og:title\" content=\"Sos Sambal. Pikantny sos paprykowo-pomidorowy. 5000 g VERA - Limpol - Dystrybutor produkt\u00f3w spo\u017cywczych | Import Eksport\" \/>\n<meta property=\"og:description\" content=\"To egzotyczny sos z dojrza\u0142ych czerwonych papryczek chili i pomidor\u00f3w z dodatkiem przypraw. G\u0119sty i ostry stanowi w Indonezji podstaw\u0119 do wszelkich marynat, sos\u00f3w ale jest te\u017c podawany jako dodatek do da\u0144 z ry\u017cem lub makaronem. Ka\u017cdej potrawie nadaje wyj\u0105tkowy oryginalny smak i azjatycki charakter. U nas stosuje si\u0119 go g\u0142\u00f3wnie do sos\u00f3w podawanych do [&hellip;]\" \/>\n<meta property=\"og:url\" content=\"https:\/\/limpol.pl\/en\/products\/sambal-spicy-pepper-and-tomato-sauce-5000-g-vera\/\" \/>\n<meta property=\"og:site_name\" content=\"Limpol - Dystrybutor produkt\u00f3w spo\u017cywczych | Import Eksport\" \/>\n<meta property=\"article:publisher\" content=\"https:\/\/www.facebook.com\/firmalimpol\/\" \/>\n<meta property=\"article:modified_time\" content=\"2026-01-29T11:18:48+00:00\" \/>\n<meta property=\"og:image\" content=\"https:\/\/limpol.pl\/wp-content\/uploads\/2024\/06\/sambal-new.webp\" \/>\n\t<meta property=\"og:image:width\" content=\"1000\" \/>\n\t<meta property=\"og:image:height\" content=\"1000\" \/>\n\t<meta property=\"og:image:type\" content=\"image\/webp\" \/>\n<meta name=\"twitter:card\" content=\"summary_large_image\" \/>\n<meta name=\"twitter:label1\" content=\"Estimated reading time\" \/>\n\t<meta name=\"twitter:data1\" content=\"1 minute\" \/>\n<script type=\"application\/ld+json\" class=\"yoast-schema-graph\">{\"@context\":\"https:\\\/\\\/schema.org\",\"@graph\":[{\"@type\":\"WebPage\",\"@id\":\"https:\\\/\\\/limpol.pl\\\/produkty\\\/sos-sambal-pikantny-sos-paprykowo-pomidorowy-5000-g-vera\\\/\",\"url\":\"https:\\\/\\\/limpol.pl\\\/produkty\\\/sos-sambal-pikantny-sos-paprykowo-pomidorowy-5000-g-vera\\\/\",\"name\":\"Sos Sambal. Pikantny sos paprykowo-pomidorowy. 5000 g VERA - Limpol - Dystrybutor produkt\u00f3w spo\u017cywczych | Import Eksport\",\"isPartOf\":{\"@id\":\"https:\\\/\\\/limpol.pl\\\/#website\"},\"primaryImageOfPage\":{\"@id\":\"https:\\\/\\\/limpol.pl\\\/produkty\\\/sos-sambal-pikantny-sos-paprykowo-pomidorowy-5000-g-vera\\\/#primaryimage\"},\"image\":{\"@id\":\"https:\\\/\\\/limpol.pl\\\/produkty\\\/sos-sambal-pikantny-sos-paprykowo-pomidorowy-5000-g-vera\\\/#primaryimage\"},\"thumbnailUrl\":\"https:\\\/\\\/limpol.pl\\\/wp-content\\\/uploads\\\/2024\\\/06\\\/sambal-new.webp\",\"datePublished\":\"2024-06-18T11:30:14+00:00\",\"dateModified\":\"2026-01-29T11:18:48+00:00\",\"breadcrumb\":{\"@id\":\"https:\\\/\\\/limpol.pl\\\/produkty\\\/sos-sambal-pikantny-sos-paprykowo-pomidorowy-5000-g-vera\\\/#breadcrumb\"},\"inLanguage\":\"en-GB\",\"potentialAction\":[{\"@type\":\"ReadAction\",\"target\":[\"https:\\\/\\\/limpol.pl\\\/produkty\\\/sos-sambal-pikantny-sos-paprykowo-pomidorowy-5000-g-vera\\\/\"]}]},{\"@type\":\"ImageObject\",\"inLanguage\":\"en-GB\",\"@id\":\"https:\\\/\\\/limpol.pl\\\/produkty\\\/sos-sambal-pikantny-sos-paprykowo-pomidorowy-5000-g-vera\\\/#primaryimage\",\"url\":\"https:\\\/\\\/limpol.pl\\\/wp-content\\\/uploads\\\/2024\\\/06\\\/sambal-new.webp\",\"contentUrl\":\"https:\\\/\\\/limpol.pl\\\/wp-content\\\/uploads\\\/2024\\\/06\\\/sambal-new.webp\",\"width\":1000,\"height\":1000},{\"@type\":\"BreadcrumbList\",\"@id\":\"https:\\\/\\\/limpol.pl\\\/produkty\\\/sos-sambal-pikantny-sos-paprykowo-pomidorowy-5000-g-vera\\\/#breadcrumb\",\"itemListElement\":[{\"@type\":\"ListItem\",\"position\":1,\"name\":\"Strona g\u0142\u00f3wna\",\"item\":\"https:\\\/\\\/limpol.pl\\\/\"},{\"@type\":\"ListItem\",\"position\":2,\"name\":\"Produkty\",\"item\":\"https:\\\/\\\/limpol.pl\\\/shop\\\/\"},{\"@type\":\"ListItem\",\"position\":3,\"name\":\"Sos Sambal. Pikantny sos paprykowo-pomidorowy. 5000 g VERA\"}]},{\"@type\":\"WebSite\",\"@id\":\"https:\\\/\\\/limpol.pl\\\/#website\",\"url\":\"https:\\\/\\\/limpol.pl\\\/\",\"name\":\"Limpol - Dystrybutor produkt\u00f3w spo\u017cywczych | Import Eksport\",\"description\":\"Importer i eksporter produkt\u00f3w spo\u017cywczych\",\"potentialAction\":[{\"@type\":\"SearchAction\",\"target\":{\"@type\":\"EntryPoint\",\"urlTemplate\":\"https:\\\/\\\/limpol.pl\\\/?s={search_term_string}\"},\"query-input\":{\"@type\":\"PropertyValueSpecification\",\"valueRequired\":true,\"valueName\":\"search_term_string\"}}],\"inLanguage\":\"en-GB\"}]}<\/script>\n<!-- \/ Yoast SEO plugin. -->","yoast_head_json":{"title":"Sambal sauce. Spicy pepper and tomato sauce. 5000 g VERA - Limpol - Distributor of food products | Import Export","robots":{"index":"index","follow":"follow","max-snippet":"max-snippet:-1","max-image-preview":"max-image-preview:large","max-video-preview":"max-video-preview:-1"},"canonical":"https:\/\/limpol.pl\/en\/products\/sambal-spicy-pepper-and-tomato-sauce-5000-g-vera\/","og_locale":"en_GB","og_type":"article","og_title":"Sos Sambal. Pikantny sos paprykowo-pomidorowy. 5000 g VERA - Limpol - Dystrybutor produkt\u00f3w spo\u017cywczych | Import Eksport","og_description":"To egzotyczny sos z dojrza\u0142ych czerwonych papryczek chili i pomidor\u00f3w z dodatkiem przypraw. G\u0119sty i ostry stanowi w Indonezji podstaw\u0119 do wszelkich marynat, sos\u00f3w ale jest te\u017c podawany jako dodatek do da\u0144 z ry\u017cem lub makaronem. Ka\u017cdej potrawie nadaje wyj\u0105tkowy oryginalny smak i azjatycki charakter. U nas stosuje si\u0119 go g\u0142\u00f3wnie do sos\u00f3w podawanych do [&hellip;]","og_url":"https:\/\/limpol.pl\/en\/products\/sambal-spicy-pepper-and-tomato-sauce-5000-g-vera\/","og_site_name":"Limpol - Dystrybutor produkt\u00f3w spo\u017cywczych | Import Eksport","article_publisher":"https:\/\/www.facebook.com\/firmalimpol\/","article_modified_time":"2026-01-29T11:18:48+00:00","og_image":[{"width":1000,"height":1000,"url":"https:\/\/limpol.pl\/wp-content\/uploads\/2024\/06\/sambal-new.webp","type":"image\/webp"}],"twitter_card":"summary_large_image","twitter_misc":{"Estimated reading time":"1 minute"},"schema":{"@context":"https:\/\/schema.org","@graph":[{"@type":"WebPage","@id":"https:\/\/limpol.pl\/produkty\/sos-sambal-pikantny-sos-paprykowo-pomidorowy-5000-g-vera\/","url":"https:\/\/limpol.pl\/produkty\/sos-sambal-pikantny-sos-paprykowo-pomidorowy-5000-g-vera\/","name":"Sambal sauce. Spicy pepper and tomato sauce. 5000 g VERA - Limpol - Distributor of food products | Import Export","isPartOf":{"@id":"https:\/\/limpol.pl\/#website"},"primaryImageOfPage":{"@id":"https:\/\/limpol.pl\/produkty\/sos-sambal-pikantny-sos-paprykowo-pomidorowy-5000-g-vera\/#primaryimage"},"image":{"@id":"https:\/\/limpol.pl\/produkty\/sos-sambal-pikantny-sos-paprykowo-pomidorowy-5000-g-vera\/#primaryimage"},"thumbnailUrl":"https:\/\/limpol.pl\/wp-content\/uploads\/2024\/06\/sambal-new.webp","datePublished":"2024-06-18T11:30:14+00:00","dateModified":"2026-01-29T11:18:48+00:00","breadcrumb":{"@id":"https:\/\/limpol.pl\/produkty\/sos-sambal-pikantny-sos-paprykowo-pomidorowy-5000-g-vera\/#breadcrumb"},"inLanguage":"en-GB","potentialAction":[{"@type":"ReadAction","target":["https:\/\/limpol.pl\/produkty\/sos-sambal-pikantny-sos-paprykowo-pomidorowy-5000-g-vera\/"]}]},{"@type":"ImageObject","inLanguage":"en-GB","@id":"https:\/\/limpol.pl\/produkty\/sos-sambal-pikantny-sos-paprykowo-pomidorowy-5000-g-vera\/#primaryimage","url":"https:\/\/limpol.pl\/wp-content\/uploads\/2024\/06\/sambal-new.webp","contentUrl":"https:\/\/limpol.pl\/wp-content\/uploads\/2024\/06\/sambal-new.webp","width":1000,"height":1000},{"@type":"BreadcrumbList","@id":"https:\/\/limpol.pl\/produkty\/sos-sambal-pikantny-sos-paprykowo-pomidorowy-5000-g-vera\/#breadcrumb","itemListElement":[{"@type":"ListItem","position":1,"name":"Strona g\u0142\u00f3wna","item":"https:\/\/limpol.pl\/"},{"@type":"ListItem","position":2,"name":"Produkty","item":"https:\/\/limpol.pl\/shop\/"},{"@type":"ListItem","position":3,"name":"Sos Sambal. Pikantny sos paprykowo-pomidorowy. 5000 g VERA"}]},{"@type":"WebSite","@id":"https:\/\/limpol.pl\/#website","url":"https:\/\/limpol.pl\/","name":"Limpol - Distributor of food products | Import Export","description":"Importer and exporter of food products","potentialAction":[{"@type":"SearchAction","target":{"@type":"EntryPoint","urlTemplate":"https:\/\/limpol.pl\/?s={search_term_string}"},"query-input":{"@type":"PropertyValueSpecification","valueRequired":true,"valueName":"search_term_string"}}],"inLanguage":"en-GB"}]}},"_links":{"self":[{"href":"https:\/\/limpol.pl\/en\/wp-json\/wp\/v2\/product\/6057","targetHints":{"allow":["GET"]}}],"collection":[{"href":"https:\/\/limpol.pl\/en\/wp-json\/wp\/v2\/product"}],"about":[{"href":"https:\/\/limpol.pl\/en\/wp-json\/wp\/v2\/types\/product"}],"wp:featuredmedia":[{"embeddable":true,"href":"https:\/\/limpol.pl\/en\/wp-json\/wp\/v2\/media\/6059"}],"wp:attachment":[{"href":"https:\/\/limpol.pl\/en\/wp-json\/wp\/v2\/media?parent=6057"}],"wp:term":[{"taxonomy":"product_brand","embeddable":true,"href":"https:\/\/limpol.pl\/en\/wp-json\/wp\/v2\/product_brand?post=6057"},{"taxonomy":"product_cat","embeddable":true,"href":"https:\/\/limpol.pl\/en\/wp-json\/wp\/v2\/product_cat?post=6057"},{"taxonomy":"product_tag","embeddable":true,"href":"https:\/\/limpol.pl\/en\/wp-json\/wp\/v2\/product_tag?post=6057"}],"curies":[{"name":"wp","href":"https:\/\/api.w.org\/{rel}","templated":true}]}}