{"id":6251,"date":"2024-10-16T17:17:23","date_gmt":"2024-10-16T15:17:23","guid":{"rendered":"https:\/\/limpol.pl\/?post_type=product&#038;p=6251"},"modified":"2026-01-29T12:17:37","modified_gmt":"2026-01-29T11:17:37","slug":"whole-peeled-tomatoes-in-their-own-sauce-san-marzano-dellagro-sarnese-nocerino-chnp","status":"publish","type":"product","link":"https:\/\/limpol.pl\/en\/products\/whole-peeled-tomatoes-in-their-own-sauce-san-marzano-dellagro-sarnese-nocerino-chnp\/","title":{"rendered":"Peeled, whole tomatoes in their own sauce 'San Marzano dell'Agro Sarnese - Nocerino PDO"},"content":{"rendered":"<p>San Marzano tomatoes, come from the Italian Agro Sarnese-Nocerino region, which provides them with a Protected Designation of Origin (PDO). These top quality tomatoes are the quintessence of Italian tradition, carefully selected and grown to exacting standards, guaranteeing their unique taste and aroma. Ideal for the HoReCa sector, San Marzano are tomatoes with a fleshy texture, low acidity and sweet taste, perfect for the preparation of authentic sauces, soups, meat dishes and pizzas. Thanks to their versatility and rich flavour, they are a favourite of chefs in top restaurants.<\/p>","protected":false},"excerpt":{"rendered":"<p>Pomidory San Marzano, pochodz\u0105 z w\u0142oskiego regionu Agro Sarnese-Nocerino, kt\u00f3ry zapewnia im Chroniona Nazwa Pochodzenia (ChNP). Te najwy\u017cszej jako\u015bci pomidory to kwintesencja w\u0142oskiej tradycji, starannie wyselekcjonowane i uprawiane zgodnie z rygorystycznymi standardami, co gwarantuje ich niepowtarzalny smak i aromat. Idealne dla sektora HoReCa, San Marzano to pomidory o mi\u0119sistej konsystencji, niskiej kwasowo\u015bci i s\u0142odkawym smaku, [&hellip;]<\/p>\n","protected":false},"featured_media":6252,"template":"","meta":[],"product_brand":[],"product_cat":[845,64],"product_tag":[],"class_list":{"0":"post-6251","1":"product","2":"type-product","3":"status-publish","4":"has-post-thumbnail","6":"product_cat-dla-pizzerii-i-trattorii","7":"product_cat-produkty-brandowe","8":"pa_atrybut-detal-horeca-horeca","9":"pa_ilosc-sztuk-na-palecie-300-en","10":"pa_masa-netto-2500g","11":"pa_sztuk-w-kartonie-115","13":"first","14":"instock","15":"shipping-taxable","16":"product-type-simple"},"yoast_head":"<!-- This site is optimized with the Yoast SEO plugin v27.3 - https:\/\/yoast.com\/product\/yoast-seo-wordpress\/ -->\n<title>Pomidory bez sk\u00f3rki, ca\u0142e w sosie w\u0142asnym \u201eSan Marzano dell\u2019Agro Sarnese - Nocerino CHNP - Limpol - Dystrybutor produkt\u00f3w spo\u017cywczych | Import Eksport<\/title>\n<meta name=\"robots\" content=\"index, follow, max-snippet:-1, max-image-preview:large, max-video-preview:-1\" \/>\n<link rel=\"canonical\" href=\"https:\/\/limpol.pl\/en\/products\/whole-peeled-tomatoes-in-their-own-sauce-san-marzano-dellagro-sarnese-nocerino-chnp\/\" \/>\n<meta property=\"og:locale\" content=\"en_GB\" \/>\n<meta property=\"og:type\" content=\"article\" \/>\n<meta property=\"og:title\" content=\"Pomidory bez sk\u00f3rki, ca\u0142e w sosie w\u0142asnym \u201eSan Marzano dell\u2019Agro Sarnese - Nocerino CHNP - Limpol - Dystrybutor produkt\u00f3w spo\u017cywczych | Import Eksport\" \/>\n<meta property=\"og:description\" content=\"Pomidory San Marzano, pochodz\u0105 z w\u0142oskiego regionu Agro Sarnese-Nocerino, kt\u00f3ry zapewnia im Chroniona Nazwa Pochodzenia (ChNP). Te najwy\u017cszej jako\u015bci pomidory to kwintesencja w\u0142oskiej tradycji, starannie wyselekcjonowane i uprawiane zgodnie z rygorystycznymi standardami, co gwarantuje ich niepowtarzalny smak i aromat. Idealne dla sektora HoReCa, San Marzano to pomidory o mi\u0119sistej konsystencji, niskiej kwasowo\u015bci i s\u0142odkawym smaku, [&hellip;]\" \/>\n<meta property=\"og:url\" content=\"https:\/\/limpol.pl\/en\/products\/whole-peeled-tomatoes-in-their-own-sauce-san-marzano-dellagro-sarnese-nocerino-chnp\/\" \/>\n<meta property=\"og:site_name\" content=\"Limpol - Dystrybutor produkt\u00f3w spo\u017cywczych | Import Eksport\" \/>\n<meta property=\"article:publisher\" content=\"https:\/\/www.facebook.com\/firmalimpol\/\" \/>\n<meta property=\"article:modified_time\" content=\"2026-01-29T11:17:37+00:00\" \/>\n<meta property=\"og:image\" content=\"https:\/\/limpol.pl\/wp-content\/uploads\/2024\/10\/manfuzo-pomidory-san-marzano-2500-CIEN.webp\" \/>\n\t<meta property=\"og:image:width\" content=\"1000\" \/>\n\t<meta property=\"og:image:height\" content=\"1000\" \/>\n\t<meta property=\"og:image:type\" content=\"image\/webp\" \/>\n<meta name=\"twitter:card\" content=\"summary_large_image\" \/>\n<meta name=\"twitter:label1\" content=\"Estimated reading time\" \/>\n\t<meta name=\"twitter:data1\" content=\"1 minute\" \/>\n<script type=\"application\/ld+json\" class=\"yoast-schema-graph\">{\"@context\":\"https:\\\/\\\/schema.org\",\"@graph\":[{\"@type\":\"WebPage\",\"@id\":\"https:\\\/\\\/limpol.pl\\\/produkty\\\/pomidory-bez-skorki-cale-w-sosie-wlasnym-san-marzano-dellagro-sarnese-nocerino-chnp\\\/\",\"url\":\"https:\\\/\\\/limpol.pl\\\/produkty\\\/pomidory-bez-skorki-cale-w-sosie-wlasnym-san-marzano-dellagro-sarnese-nocerino-chnp\\\/\",\"name\":\"Pomidory bez sk\u00f3rki, ca\u0142e w sosie w\u0142asnym \u201eSan Marzano dell\u2019Agro Sarnese - Nocerino CHNP - Limpol - Dystrybutor produkt\u00f3w spo\u017cywczych | Import Eksport\",\"isPartOf\":{\"@id\":\"https:\\\/\\\/limpol.pl\\\/#website\"},\"primaryImageOfPage\":{\"@id\":\"https:\\\/\\\/limpol.pl\\\/produkty\\\/pomidory-bez-skorki-cale-w-sosie-wlasnym-san-marzano-dellagro-sarnese-nocerino-chnp\\\/#primaryimage\"},\"image\":{\"@id\":\"https:\\\/\\\/limpol.pl\\\/produkty\\\/pomidory-bez-skorki-cale-w-sosie-wlasnym-san-marzano-dellagro-sarnese-nocerino-chnp\\\/#primaryimage\"},\"thumbnailUrl\":\"https:\\\/\\\/limpol.pl\\\/wp-content\\\/uploads\\\/2024\\\/10\\\/manfuzo-pomidory-san-marzano-2500-CIEN.webp\",\"datePublished\":\"2024-10-16T15:17:23+00:00\",\"dateModified\":\"2026-01-29T11:17:37+00:00\",\"breadcrumb\":{\"@id\":\"https:\\\/\\\/limpol.pl\\\/produkty\\\/pomidory-bez-skorki-cale-w-sosie-wlasnym-san-marzano-dellagro-sarnese-nocerino-chnp\\\/#breadcrumb\"},\"inLanguage\":\"en-GB\",\"potentialAction\":[{\"@type\":\"ReadAction\",\"target\":[\"https:\\\/\\\/limpol.pl\\\/produkty\\\/pomidory-bez-skorki-cale-w-sosie-wlasnym-san-marzano-dellagro-sarnese-nocerino-chnp\\\/\"]}]},{\"@type\":\"ImageObject\",\"inLanguage\":\"en-GB\",\"@id\":\"https:\\\/\\\/limpol.pl\\\/produkty\\\/pomidory-bez-skorki-cale-w-sosie-wlasnym-san-marzano-dellagro-sarnese-nocerino-chnp\\\/#primaryimage\",\"url\":\"https:\\\/\\\/limpol.pl\\\/wp-content\\\/uploads\\\/2024\\\/10\\\/manfuzo-pomidory-san-marzano-2500-CIEN.webp\",\"contentUrl\":\"https:\\\/\\\/limpol.pl\\\/wp-content\\\/uploads\\\/2024\\\/10\\\/manfuzo-pomidory-san-marzano-2500-CIEN.webp\",\"width\":1000,\"height\":1000},{\"@type\":\"BreadcrumbList\",\"@id\":\"https:\\\/\\\/limpol.pl\\\/produkty\\\/pomidory-bez-skorki-cale-w-sosie-wlasnym-san-marzano-dellagro-sarnese-nocerino-chnp\\\/#breadcrumb\",\"itemListElement\":[{\"@type\":\"ListItem\",\"position\":1,\"name\":\"Strona g\u0142\u00f3wna\",\"item\":\"https:\\\/\\\/limpol.pl\\\/\"},{\"@type\":\"ListItem\",\"position\":2,\"name\":\"Produkty\",\"item\":\"https:\\\/\\\/limpol.pl\\\/shop\\\/\"},{\"@type\":\"ListItem\",\"position\":3,\"name\":\"Pomidory bez sk\u00f3rki, ca\u0142e w sosie w\u0142asnym \u201eSan Marzano dell\u2019Agro Sarnese &#8211; Nocerino CHNP\"}]},{\"@type\":\"WebSite\",\"@id\":\"https:\\\/\\\/limpol.pl\\\/#website\",\"url\":\"https:\\\/\\\/limpol.pl\\\/\",\"name\":\"Limpol - Dystrybutor produkt\u00f3w spo\u017cywczych | Import Eksport\",\"description\":\"Importer i eksporter produkt\u00f3w spo\u017cywczych\",\"potentialAction\":[{\"@type\":\"SearchAction\",\"target\":{\"@type\":\"EntryPoint\",\"urlTemplate\":\"https:\\\/\\\/limpol.pl\\\/?s={search_term_string}\"},\"query-input\":{\"@type\":\"PropertyValueSpecification\",\"valueRequired\":true,\"valueName\":\"search_term_string\"}}],\"inLanguage\":\"en-GB\"}]}<\/script>\n<!-- \/ Yoast SEO plugin. -->","yoast_head_json":{"title":"San Marzano dell'Agro Sarnese - Nocerino PDO peeled, whole tomatoes in their own sauce - Limpol - Food Distributor | Import Export","robots":{"index":"index","follow":"follow","max-snippet":"max-snippet:-1","max-image-preview":"max-image-preview:large","max-video-preview":"max-video-preview:-1"},"canonical":"https:\/\/limpol.pl\/en\/products\/whole-peeled-tomatoes-in-their-own-sauce-san-marzano-dellagro-sarnese-nocerino-chnp\/","og_locale":"en_GB","og_type":"article","og_title":"Pomidory bez sk\u00f3rki, ca\u0142e w sosie w\u0142asnym \u201eSan Marzano dell\u2019Agro Sarnese - Nocerino CHNP - Limpol - Dystrybutor produkt\u00f3w spo\u017cywczych | Import Eksport","og_description":"Pomidory San Marzano, pochodz\u0105 z w\u0142oskiego regionu Agro Sarnese-Nocerino, kt\u00f3ry zapewnia im Chroniona Nazwa Pochodzenia (ChNP). Te najwy\u017cszej jako\u015bci pomidory to kwintesencja w\u0142oskiej tradycji, starannie wyselekcjonowane i uprawiane zgodnie z rygorystycznymi standardami, co gwarantuje ich niepowtarzalny smak i aromat. Idealne dla sektora HoReCa, San Marzano to pomidory o mi\u0119sistej konsystencji, niskiej kwasowo\u015bci i s\u0142odkawym smaku, [&hellip;]","og_url":"https:\/\/limpol.pl\/en\/products\/whole-peeled-tomatoes-in-their-own-sauce-san-marzano-dellagro-sarnese-nocerino-chnp\/","og_site_name":"Limpol - Dystrybutor produkt\u00f3w spo\u017cywczych | Import Eksport","article_publisher":"https:\/\/www.facebook.com\/firmalimpol\/","article_modified_time":"2026-01-29T11:17:37+00:00","og_image":[{"width":1000,"height":1000,"url":"https:\/\/limpol.pl\/wp-content\/uploads\/2024\/10\/manfuzo-pomidory-san-marzano-2500-CIEN.webp","type":"image\/webp"}],"twitter_card":"summary_large_image","twitter_misc":{"Estimated reading time":"1 minute"},"schema":{"@context":"https:\/\/schema.org","@graph":[{"@type":"WebPage","@id":"https:\/\/limpol.pl\/produkty\/pomidory-bez-skorki-cale-w-sosie-wlasnym-san-marzano-dellagro-sarnese-nocerino-chnp\/","url":"https:\/\/limpol.pl\/produkty\/pomidory-bez-skorki-cale-w-sosie-wlasnym-san-marzano-dellagro-sarnese-nocerino-chnp\/","name":"San Marzano dell'Agro Sarnese - Nocerino PDO peeled, whole tomatoes in their own sauce - Limpol - Food Distributor | Import Export","isPartOf":{"@id":"https:\/\/limpol.pl\/#website"},"primaryImageOfPage":{"@id":"https:\/\/limpol.pl\/produkty\/pomidory-bez-skorki-cale-w-sosie-wlasnym-san-marzano-dellagro-sarnese-nocerino-chnp\/#primaryimage"},"image":{"@id":"https:\/\/limpol.pl\/produkty\/pomidory-bez-skorki-cale-w-sosie-wlasnym-san-marzano-dellagro-sarnese-nocerino-chnp\/#primaryimage"},"thumbnailUrl":"https:\/\/limpol.pl\/wp-content\/uploads\/2024\/10\/manfuzo-pomidory-san-marzano-2500-CIEN.webp","datePublished":"2024-10-16T15:17:23+00:00","dateModified":"2026-01-29T11:17:37+00:00","breadcrumb":{"@id":"https:\/\/limpol.pl\/produkty\/pomidory-bez-skorki-cale-w-sosie-wlasnym-san-marzano-dellagro-sarnese-nocerino-chnp\/#breadcrumb"},"inLanguage":"en-GB","potentialAction":[{"@type":"ReadAction","target":["https:\/\/limpol.pl\/produkty\/pomidory-bez-skorki-cale-w-sosie-wlasnym-san-marzano-dellagro-sarnese-nocerino-chnp\/"]}]},{"@type":"ImageObject","inLanguage":"en-GB","@id":"https:\/\/limpol.pl\/produkty\/pomidory-bez-skorki-cale-w-sosie-wlasnym-san-marzano-dellagro-sarnese-nocerino-chnp\/#primaryimage","url":"https:\/\/limpol.pl\/wp-content\/uploads\/2024\/10\/manfuzo-pomidory-san-marzano-2500-CIEN.webp","contentUrl":"https:\/\/limpol.pl\/wp-content\/uploads\/2024\/10\/manfuzo-pomidory-san-marzano-2500-CIEN.webp","width":1000,"height":1000},{"@type":"BreadcrumbList","@id":"https:\/\/limpol.pl\/produkty\/pomidory-bez-skorki-cale-w-sosie-wlasnym-san-marzano-dellagro-sarnese-nocerino-chnp\/#breadcrumb","itemListElement":[{"@type":"ListItem","position":1,"name":"Strona g\u0142\u00f3wna","item":"https:\/\/limpol.pl\/"},{"@type":"ListItem","position":2,"name":"Produkty","item":"https:\/\/limpol.pl\/shop\/"},{"@type":"ListItem","position":3,"name":"Pomidory bez sk\u00f3rki, ca\u0142e w sosie w\u0142asnym \u201eSan Marzano dell\u2019Agro Sarnese &#8211; Nocerino CHNP"}]},{"@type":"WebSite","@id":"https:\/\/limpol.pl\/#website","url":"https:\/\/limpol.pl\/","name":"Limpol - Distributor of food products | Import Export","description":"Importer and exporter of food products","potentialAction":[{"@type":"SearchAction","target":{"@type":"EntryPoint","urlTemplate":"https:\/\/limpol.pl\/?s={search_term_string}"},"query-input":{"@type":"PropertyValueSpecification","valueRequired":true,"valueName":"search_term_string"}}],"inLanguage":"en-GB"}]}},"_links":{"self":[{"href":"https:\/\/limpol.pl\/en\/wp-json\/wp\/v2\/product\/6251","targetHints":{"allow":["GET"]}}],"collection":[{"href":"https:\/\/limpol.pl\/en\/wp-json\/wp\/v2\/product"}],"about":[{"href":"https:\/\/limpol.pl\/en\/wp-json\/wp\/v2\/types\/product"}],"wp:featuredmedia":[{"embeddable":true,"href":"https:\/\/limpol.pl\/en\/wp-json\/wp\/v2\/media\/6252"}],"wp:attachment":[{"href":"https:\/\/limpol.pl\/en\/wp-json\/wp\/v2\/media?parent=6251"}],"wp:term":[{"taxonomy":"product_brand","embeddable":true,"href":"https:\/\/limpol.pl\/en\/wp-json\/wp\/v2\/product_brand?post=6251"},{"taxonomy":"product_cat","embeddable":true,"href":"https:\/\/limpol.pl\/en\/wp-json\/wp\/v2\/product_cat?post=6251"},{"taxonomy":"product_tag","embeddable":true,"href":"https:\/\/limpol.pl\/en\/wp-json\/wp\/v2\/product_tag?post=6251"}],"curies":[{"name":"wp","href":"https:\/\/api.w.org\/{rel}","templated":true}]}}