{"id":6396,"date":"2024-12-05T17:45:51","date_gmt":"2024-12-05T16:45:51","guid":{"rendered":"https:\/\/limpol.pl\/?post_type=product&#038;p=6396"},"modified":"2024-12-13T13:08:41","modified_gmt":"2024-12-13T12:08:41","slug":"chickpeas-in-a-jar-540g","status":"publish","type":"product","link":"https:\/\/limpol.pl\/en\/products\/chickpeas-in-a-jar-540g\/","title":{"rendered":"Chickpeas in a jar 540g"},"content":{"rendered":"<p>Chickpeas\u00a0<b>Vera\u00a0<\/b>in a jar is a ready-to-eat product that is perfect in the kitchen as a base for many dishes. Thanks to its versatility, chickpeas can be used in salads, soups, stews or pastes such as hummus. This product is particularly appreciated by vegetarians and vegans. Chickpeas do not require additional cooking, making them a convenient and quick solution for everyday cooking. Additionally, the marinade that chickpeas are in, known as aquafaba, can be used as a substitute for egg white in many vegan recipes.<\/p>","protected":false},"excerpt":{"rendered":"<p>Ciecierzyca\u00a0Vera\u00a0w s\u0142oiku to gotowy do spo\u017cycia produkt, kt\u00f3ry doskonale sprawdzi si\u0119 w kuchni jako baza do wielu potraw. Dzi\u0119ki swojej uniwersalno\u015bci, ciecierzyca mo\u017ce by\u0107 wykorzystywana w sa\u0142atkach, zupach, gulaszach czy pastach, takich jak hummus. Produkt ten jest szczeg\u00f3lnie ceniony przez wegetarian i wegan. Ciecierzyca nie wymaga dodatkowego gotowania, co czyni j\u0105 wygodnym i szybkim rozwi\u0105zaniem [&hellip;]<\/p>\n","protected":false},"featured_media":6395,"template":"","meta":[],"product_brand":[],"product_cat":[845,785,57,263],"product_tag":[],"class_list":{"0":"post-6396","1":"product","2":"type-product","3":"status-publish","4":"has-post-thumbnail","6":"product_cat-dla-pizzerii-i-trattorii","7":"product_cat-nowe-produkty","8":"product_cat-produkty-vera","9":"product_cat-przetwory-warzywne","10":"pa_atrybut-detal-horeca-detal","11":"pa_ilosc-sztuk-na-palecie-1008-en","12":"pa_masa-netto-540g","13":"pa_masa-po-odsaczeniu-400g","14":"pa_sztuk-w-kartonie-12-en","16":"first","17":"instock","18":"shipping-taxable","19":"product-type-simple"},"yoast_head":"<!-- This site is optimized with the Yoast SEO plugin v27.3 - https:\/\/yoast.com\/product\/yoast-seo-wordpress\/ -->\n<title>Ciecierzyca w s\u0142oiku 540g - Limpol - Dystrybutor produkt\u00f3w spo\u017cywczych | Import Eksport<\/title>\n<meta name=\"robots\" content=\"index, follow, max-snippet:-1, max-image-preview:large, max-video-preview:-1\" \/>\n<link rel=\"canonical\" href=\"https:\/\/limpol.pl\/en\/products\/chickpeas-in-a-jar-540g\/\" \/>\n<meta property=\"og:locale\" content=\"en_GB\" \/>\n<meta property=\"og:type\" content=\"article\" \/>\n<meta property=\"og:title\" content=\"Ciecierzyca w s\u0142oiku 540g - Limpol - Dystrybutor produkt\u00f3w spo\u017cywczych | Import Eksport\" \/>\n<meta property=\"og:description\" content=\"Ciecierzyca\u00a0Vera\u00a0w s\u0142oiku to gotowy do spo\u017cycia produkt, kt\u00f3ry doskonale sprawdzi si\u0119 w kuchni jako baza do wielu potraw. Dzi\u0119ki swojej uniwersalno\u015bci, ciecierzyca mo\u017ce by\u0107 wykorzystywana w sa\u0142atkach, zupach, gulaszach czy pastach, takich jak hummus. Produkt ten jest szczeg\u00f3lnie ceniony przez wegetarian i wegan. Ciecierzyca nie wymaga dodatkowego gotowania, co czyni j\u0105 wygodnym i szybkim rozwi\u0105zaniem [&hellip;]\" \/>\n<meta property=\"og:url\" content=\"https:\/\/limpol.pl\/en\/products\/chickpeas-in-a-jar-540g\/\" \/>\n<meta property=\"og:site_name\" content=\"Limpol - Dystrybutor produkt\u00f3w spo\u017cywczych | Import Eksport\" \/>\n<meta property=\"article:publisher\" content=\"https:\/\/www.facebook.com\/firmalimpol\/\" \/>\n<meta property=\"article:modified_time\" content=\"2024-12-13T12:08:41+00:00\" \/>\n<meta property=\"og:image\" content=\"https:\/\/limpol.pl\/wp-content\/uploads\/2024\/12\/limpol-ciecierzyca-nowosc.webp\" \/>\n\t<meta property=\"og:image:width\" content=\"1000\" \/>\n\t<meta property=\"og:image:height\" content=\"1000\" \/>\n\t<meta property=\"og:image:type\" content=\"image\/webp\" \/>\n<meta name=\"twitter:card\" content=\"summary_large_image\" \/>\n<meta name=\"twitter:label1\" content=\"Estimated reading time\" \/>\n\t<meta name=\"twitter:data1\" content=\"1 minute\" \/>\n<script type=\"application\/ld+json\" class=\"yoast-schema-graph\">{\"@context\":\"https:\\\/\\\/schema.org\",\"@graph\":[{\"@type\":\"WebPage\",\"@id\":\"https:\\\/\\\/limpol.pl\\\/produkty\\\/ciecierzyca-w-sloiku-540g\\\/\",\"url\":\"https:\\\/\\\/limpol.pl\\\/produkty\\\/ciecierzyca-w-sloiku-540g\\\/\",\"name\":\"Ciecierzyca w s\u0142oiku 540g - Limpol - Dystrybutor produkt\u00f3w spo\u017cywczych | Import Eksport\",\"isPartOf\":{\"@id\":\"https:\\\/\\\/limpol.pl\\\/#website\"},\"primaryImageOfPage\":{\"@id\":\"https:\\\/\\\/limpol.pl\\\/produkty\\\/ciecierzyca-w-sloiku-540g\\\/#primaryimage\"},\"image\":{\"@id\":\"https:\\\/\\\/limpol.pl\\\/produkty\\\/ciecierzyca-w-sloiku-540g\\\/#primaryimage\"},\"thumbnailUrl\":\"https:\\\/\\\/limpol.pl\\\/wp-content\\\/uploads\\\/2024\\\/12\\\/limpol-ciecierzyca-nowosc.webp\",\"datePublished\":\"2024-12-05T16:45:51+00:00\",\"dateModified\":\"2024-12-13T12:08:41+00:00\",\"breadcrumb\":{\"@id\":\"https:\\\/\\\/limpol.pl\\\/produkty\\\/ciecierzyca-w-sloiku-540g\\\/#breadcrumb\"},\"inLanguage\":\"en-GB\",\"potentialAction\":[{\"@type\":\"ReadAction\",\"target\":[\"https:\\\/\\\/limpol.pl\\\/produkty\\\/ciecierzyca-w-sloiku-540g\\\/\"]}]},{\"@type\":\"ImageObject\",\"inLanguage\":\"en-GB\",\"@id\":\"https:\\\/\\\/limpol.pl\\\/produkty\\\/ciecierzyca-w-sloiku-540g\\\/#primaryimage\",\"url\":\"https:\\\/\\\/limpol.pl\\\/wp-content\\\/uploads\\\/2024\\\/12\\\/limpol-ciecierzyca-nowosc.webp\",\"contentUrl\":\"https:\\\/\\\/limpol.pl\\\/wp-content\\\/uploads\\\/2024\\\/12\\\/limpol-ciecierzyca-nowosc.webp\",\"width\":1000,\"height\":1000},{\"@type\":\"BreadcrumbList\",\"@id\":\"https:\\\/\\\/limpol.pl\\\/produkty\\\/ciecierzyca-w-sloiku-540g\\\/#breadcrumb\",\"itemListElement\":[{\"@type\":\"ListItem\",\"position\":1,\"name\":\"Strona g\u0142\u00f3wna\",\"item\":\"https:\\\/\\\/limpol.pl\\\/\"},{\"@type\":\"ListItem\",\"position\":2,\"name\":\"Produkty\",\"item\":\"https:\\\/\\\/limpol.pl\\\/shop\\\/\"},{\"@type\":\"ListItem\",\"position\":3,\"name\":\"Ciecierzyca w s\u0142oiku 540g\"}]},{\"@type\":\"WebSite\",\"@id\":\"https:\\\/\\\/limpol.pl\\\/#website\",\"url\":\"https:\\\/\\\/limpol.pl\\\/\",\"name\":\"Limpol - Dystrybutor produkt\u00f3w spo\u017cywczych | Import Eksport\",\"description\":\"Importer i eksporter produkt\u00f3w spo\u017cywczych\",\"potentialAction\":[{\"@type\":\"SearchAction\",\"target\":{\"@type\":\"EntryPoint\",\"urlTemplate\":\"https:\\\/\\\/limpol.pl\\\/?s={search_term_string}\"},\"query-input\":{\"@type\":\"PropertyValueSpecification\",\"valueRequired\":true,\"valueName\":\"search_term_string\"}}],\"inLanguage\":\"en-GB\"}]}<\/script>\n<!-- \/ Yoast SEO plugin. -->","yoast_head_json":{"title":"Chickpeas in a jar 540g - Limpol - Distributor of food products | Import Export","robots":{"index":"index","follow":"follow","max-snippet":"max-snippet:-1","max-image-preview":"max-image-preview:large","max-video-preview":"max-video-preview:-1"},"canonical":"https:\/\/limpol.pl\/en\/products\/chickpeas-in-a-jar-540g\/","og_locale":"en_GB","og_type":"article","og_title":"Ciecierzyca w s\u0142oiku 540g - Limpol - Dystrybutor produkt\u00f3w spo\u017cywczych | Import Eksport","og_description":"Ciecierzyca\u00a0Vera\u00a0w s\u0142oiku to gotowy do spo\u017cycia produkt, kt\u00f3ry doskonale sprawdzi si\u0119 w kuchni jako baza do wielu potraw. Dzi\u0119ki swojej uniwersalno\u015bci, ciecierzyca mo\u017ce by\u0107 wykorzystywana w sa\u0142atkach, zupach, gulaszach czy pastach, takich jak hummus. Produkt ten jest szczeg\u00f3lnie ceniony przez wegetarian i wegan. Ciecierzyca nie wymaga dodatkowego gotowania, co czyni j\u0105 wygodnym i szybkim rozwi\u0105zaniem [&hellip;]","og_url":"https:\/\/limpol.pl\/en\/products\/chickpeas-in-a-jar-540g\/","og_site_name":"Limpol - Dystrybutor produkt\u00f3w spo\u017cywczych | Import Eksport","article_publisher":"https:\/\/www.facebook.com\/firmalimpol\/","article_modified_time":"2024-12-13T12:08:41+00:00","og_image":[{"width":1000,"height":1000,"url":"https:\/\/limpol.pl\/wp-content\/uploads\/2024\/12\/limpol-ciecierzyca-nowosc.webp","type":"image\/webp"}],"twitter_card":"summary_large_image","twitter_misc":{"Estimated reading time":"1 minute"},"schema":{"@context":"https:\/\/schema.org","@graph":[{"@type":"WebPage","@id":"https:\/\/limpol.pl\/produkty\/ciecierzyca-w-sloiku-540g\/","url":"https:\/\/limpol.pl\/produkty\/ciecierzyca-w-sloiku-540g\/","name":"Chickpeas in a jar 540g - Limpol - Distributor of food products | Import Export","isPartOf":{"@id":"https:\/\/limpol.pl\/#website"},"primaryImageOfPage":{"@id":"https:\/\/limpol.pl\/produkty\/ciecierzyca-w-sloiku-540g\/#primaryimage"},"image":{"@id":"https:\/\/limpol.pl\/produkty\/ciecierzyca-w-sloiku-540g\/#primaryimage"},"thumbnailUrl":"https:\/\/limpol.pl\/wp-content\/uploads\/2024\/12\/limpol-ciecierzyca-nowosc.webp","datePublished":"2024-12-05T16:45:51+00:00","dateModified":"2024-12-13T12:08:41+00:00","breadcrumb":{"@id":"https:\/\/limpol.pl\/produkty\/ciecierzyca-w-sloiku-540g\/#breadcrumb"},"inLanguage":"en-GB","potentialAction":[{"@type":"ReadAction","target":["https:\/\/limpol.pl\/produkty\/ciecierzyca-w-sloiku-540g\/"]}]},{"@type":"ImageObject","inLanguage":"en-GB","@id":"https:\/\/limpol.pl\/produkty\/ciecierzyca-w-sloiku-540g\/#primaryimage","url":"https:\/\/limpol.pl\/wp-content\/uploads\/2024\/12\/limpol-ciecierzyca-nowosc.webp","contentUrl":"https:\/\/limpol.pl\/wp-content\/uploads\/2024\/12\/limpol-ciecierzyca-nowosc.webp","width":1000,"height":1000},{"@type":"BreadcrumbList","@id":"https:\/\/limpol.pl\/produkty\/ciecierzyca-w-sloiku-540g\/#breadcrumb","itemListElement":[{"@type":"ListItem","position":1,"name":"Strona g\u0142\u00f3wna","item":"https:\/\/limpol.pl\/"},{"@type":"ListItem","position":2,"name":"Produkty","item":"https:\/\/limpol.pl\/shop\/"},{"@type":"ListItem","position":3,"name":"Ciecierzyca w s\u0142oiku 540g"}]},{"@type":"WebSite","@id":"https:\/\/limpol.pl\/#website","url":"https:\/\/limpol.pl\/","name":"Limpol - Distributor of food products | Import Export","description":"Importer and exporter of food products","potentialAction":[{"@type":"SearchAction","target":{"@type":"EntryPoint","urlTemplate":"https:\/\/limpol.pl\/?s={search_term_string}"},"query-input":{"@type":"PropertyValueSpecification","valueRequired":true,"valueName":"search_term_string"}}],"inLanguage":"en-GB"}]}},"_links":{"self":[{"href":"https:\/\/limpol.pl\/en\/wp-json\/wp\/v2\/product\/6396","targetHints":{"allow":["GET"]}}],"collection":[{"href":"https:\/\/limpol.pl\/en\/wp-json\/wp\/v2\/product"}],"about":[{"href":"https:\/\/limpol.pl\/en\/wp-json\/wp\/v2\/types\/product"}],"wp:featuredmedia":[{"embeddable":true,"href":"https:\/\/limpol.pl\/en\/wp-json\/wp\/v2\/media\/6395"}],"wp:attachment":[{"href":"https:\/\/limpol.pl\/en\/wp-json\/wp\/v2\/media?parent=6396"}],"wp:term":[{"taxonomy":"product_brand","embeddable":true,"href":"https:\/\/limpol.pl\/en\/wp-json\/wp\/v2\/product_brand?post=6396"},{"taxonomy":"product_cat","embeddable":true,"href":"https:\/\/limpol.pl\/en\/wp-json\/wp\/v2\/product_cat?post=6396"},{"taxonomy":"product_tag","embeddable":true,"href":"https:\/\/limpol.pl\/en\/wp-json\/wp\/v2\/product_tag?post=6396"}],"curies":[{"name":"wp","href":"https:\/\/api.w.org\/{rel}","templated":true}]}}