{"id":6397,"date":"2024-12-06T11:36:52","date_gmt":"2024-12-06T10:36:52","guid":{"rendered":"https:\/\/limpol.pl\/?post_type=product&#038;p=6397"},"modified":"2026-01-29T12:16:06","modified_gmt":"2026-01-29T11:16:06","slug":"tomato-pulp-osole-mio-bag-in-box-1x10-kg","status":"publish","type":"product","link":"https:\/\/limpol.pl\/en\/products\/tomato-pulp-osole-mio-bag-in-box-1x10-kg\/","title":{"rendered":"Tomato pulp O'Sole mio, bag in box, 1\u00d710 kg"},"content":{"rendered":"<p>Tomato pulp\u00a0<strong>O' Sole Mio<\/strong>\u00a0is a high quality puree prepared from ripe Italian tomatoes which have been peeled and de-seeded. It is characterised by an intense aroma and a fresh, slightly acidic taste. Thanks to its thick consistency, it is widely used in Mediterranean cuisine, especially in pizzerias and trattorias. The large pouch-type packaging provides an economical solution dedicated to catering.<\/p>","protected":false},"excerpt":{"rendered":"<p>O' Sole Mio Tomato Pulp is a high quality puree prepared from ripe Italian tomatoes that have been peeled and de-seeded. It is characterised by an intense aroma and a fresh, slightly acidic flavour. Thanks to its thick consistency, it is widely used in Mediterranean cuisine, especially in pizzerias and trattorias. The large pouch-type packaging provides an economical solution dedicated to catering.<\/p>","protected":false},"featured_media":6398,"template":"","meta":[],"product_brand":[],"product_cat":[845,863,855],"product_tag":[],"class_list":{"0":"post-6397","1":"product","2":"type-product","3":"status-publish","4":"has-post-thumbnail","6":"product_cat-dla-pizzerii-i-trattorii","7":"product_cat-produkty-osole-mio","8":"product_cat-przetwory-warzywne-produkty-brandowe","9":"pa_atrybut-detal-horeca-horeca-en","10":"pa_ilosc-sztuk-na-palecie-857","11":"pa_masa-netto-10kg","13":"first","14":"instock","15":"shipping-taxable","16":"product-type-simple"},"yoast_head":"<!-- This site is optimized with the Yoast SEO plugin v27.3 - https:\/\/yoast.com\/product\/yoast-seo-wordpress\/ -->\n<title>Pulpa pomidorowa O&#039;Sole mio, bag in box, 1x10 kg - Limpol - Dystrybutor produkt\u00f3w spo\u017cywczych | Import Eksport<\/title>\n<meta name=\"robots\" content=\"index, follow, max-snippet:-1, max-image-preview:large, max-video-preview:-1\" \/>\n<link rel=\"canonical\" href=\"https:\/\/limpol.pl\/en\/products\/tomato-pulp-osole-mio-bag-in-box-1x10-kg\/\" \/>\n<meta property=\"og:locale\" content=\"en_GB\" \/>\n<meta property=\"og:type\" content=\"article\" \/>\n<meta property=\"og:title\" content=\"Pulpa pomidorowa O&#039;Sole mio, bag in box, 1x10 kg - Limpol - Dystrybutor produkt\u00f3w spo\u017cywczych | Import Eksport\" \/>\n<meta property=\"og:description\" content=\"Pulpa pomidorowa\u00a0O&#8217; Sole Mio\u00a0to wysokiej jako\u015bci przecier przygotowany z dojrza\u0142ych, w\u0142oskich pomidor\u00f3w, kt\u00f3re zosta\u0142y obrane ze sk\u00f3rki i pozbawione nasion. Charakteryzuje si\u0119 intensywnym aromatem oraz \u015bwie\u017cym, lekko kwa\u015bnym smakiem. Dzi\u0119ki g\u0119stej konsystencji znajduje szerokie zastosowanie w kuchni \u015br\u00f3dziemnomorskiej, szczeg\u00f3lnie w pizzeriach i trattoriach. Du\u017ce opakowanie typu pouch stanowi ekonomiczne rozwi\u0105zanie dedykowane dla gastronomii.\" \/>\n<meta property=\"og:url\" content=\"https:\/\/limpol.pl\/en\/products\/tomato-pulp-osole-mio-bag-in-box-1x10-kg\/\" \/>\n<meta property=\"og:site_name\" content=\"Limpol - Dystrybutor produkt\u00f3w spo\u017cywczych | Import Eksport\" \/>\n<meta property=\"article:publisher\" content=\"https:\/\/www.facebook.com\/firmalimpol\/\" \/>\n<meta property=\"article:modified_time\" content=\"2026-01-29T11:16:06+00:00\" \/>\n<meta property=\"og:image\" content=\"https:\/\/limpol.pl\/wp-content\/uploads\/2024\/12\/osoloemio-10kg.webp\" \/>\n\t<meta property=\"og:image:width\" content=\"1000\" \/>\n\t<meta property=\"og:image:height\" content=\"1000\" \/>\n\t<meta property=\"og:image:type\" content=\"image\/webp\" \/>\n<meta name=\"twitter:card\" content=\"summary_large_image\" \/>\n<meta name=\"twitter:label1\" content=\"Estimated reading time\" \/>\n\t<meta name=\"twitter:data1\" content=\"1 minute\" \/>\n<script type=\"application\/ld+json\" class=\"yoast-schema-graph\">{\"@context\":\"https:\\\/\\\/schema.org\",\"@graph\":[{\"@type\":\"WebPage\",\"@id\":\"https:\\\/\\\/limpol.pl\\\/produkty\\\/pulpa-pomidorowa-osole-mio-bag-in-box-1x10-kg\\\/\",\"url\":\"https:\\\/\\\/limpol.pl\\\/produkty\\\/pulpa-pomidorowa-osole-mio-bag-in-box-1x10-kg\\\/\",\"name\":\"Pulpa pomidorowa O'Sole mio, bag in box, 1x10 kg - Limpol - Dystrybutor produkt\u00f3w spo\u017cywczych | Import Eksport\",\"isPartOf\":{\"@id\":\"https:\\\/\\\/limpol.pl\\\/#website\"},\"primaryImageOfPage\":{\"@id\":\"https:\\\/\\\/limpol.pl\\\/produkty\\\/pulpa-pomidorowa-osole-mio-bag-in-box-1x10-kg\\\/#primaryimage\"},\"image\":{\"@id\":\"https:\\\/\\\/limpol.pl\\\/produkty\\\/pulpa-pomidorowa-osole-mio-bag-in-box-1x10-kg\\\/#primaryimage\"},\"thumbnailUrl\":\"https:\\\/\\\/limpol.pl\\\/wp-content\\\/uploads\\\/2024\\\/12\\\/osoloemio-10kg.webp\",\"datePublished\":\"2024-12-06T10:36:52+00:00\",\"dateModified\":\"2026-01-29T11:16:06+00:00\",\"breadcrumb\":{\"@id\":\"https:\\\/\\\/limpol.pl\\\/produkty\\\/pulpa-pomidorowa-osole-mio-bag-in-box-1x10-kg\\\/#breadcrumb\"},\"inLanguage\":\"en-GB\",\"potentialAction\":[{\"@type\":\"ReadAction\",\"target\":[\"https:\\\/\\\/limpol.pl\\\/produkty\\\/pulpa-pomidorowa-osole-mio-bag-in-box-1x10-kg\\\/\"]}]},{\"@type\":\"ImageObject\",\"inLanguage\":\"en-GB\",\"@id\":\"https:\\\/\\\/limpol.pl\\\/produkty\\\/pulpa-pomidorowa-osole-mio-bag-in-box-1x10-kg\\\/#primaryimage\",\"url\":\"https:\\\/\\\/limpol.pl\\\/wp-content\\\/uploads\\\/2024\\\/12\\\/osoloemio-10kg.webp\",\"contentUrl\":\"https:\\\/\\\/limpol.pl\\\/wp-content\\\/uploads\\\/2024\\\/12\\\/osoloemio-10kg.webp\",\"width\":1000,\"height\":1000},{\"@type\":\"BreadcrumbList\",\"@id\":\"https:\\\/\\\/limpol.pl\\\/produkty\\\/pulpa-pomidorowa-osole-mio-bag-in-box-1x10-kg\\\/#breadcrumb\",\"itemListElement\":[{\"@type\":\"ListItem\",\"position\":1,\"name\":\"Strona g\u0142\u00f3wna\",\"item\":\"https:\\\/\\\/limpol.pl\\\/\"},{\"@type\":\"ListItem\",\"position\":2,\"name\":\"Produkty\",\"item\":\"https:\\\/\\\/limpol.pl\\\/shop\\\/\"},{\"@type\":\"ListItem\",\"position\":3,\"name\":\"Pulpa pomidorowa O&#8217;Sole mio, bag in box, 1&#215;10 kg\"}]},{\"@type\":\"WebSite\",\"@id\":\"https:\\\/\\\/limpol.pl\\\/#website\",\"url\":\"https:\\\/\\\/limpol.pl\\\/\",\"name\":\"Limpol - Dystrybutor produkt\u00f3w spo\u017cywczych | Import Eksport\",\"description\":\"Importer i eksporter produkt\u00f3w spo\u017cywczych\",\"potentialAction\":[{\"@type\":\"SearchAction\",\"target\":{\"@type\":\"EntryPoint\",\"urlTemplate\":\"https:\\\/\\\/limpol.pl\\\/?s={search_term_string}\"},\"query-input\":{\"@type\":\"PropertyValueSpecification\",\"valueRequired\":true,\"valueName\":\"search_term_string\"}}],\"inLanguage\":\"en-GB\"}]}<\/script>\n<!-- \/ Yoast SEO plugin. -->","yoast_head_json":{"title":"Tomato pulp O'Sole mio, bag in box, 1x10 kg - Limpol - Distributor of food products | Import Export","robots":{"index":"index","follow":"follow","max-snippet":"max-snippet:-1","max-image-preview":"max-image-preview:large","max-video-preview":"max-video-preview:-1"},"canonical":"https:\/\/limpol.pl\/en\/products\/tomato-pulp-osole-mio-bag-in-box-1x10-kg\/","og_locale":"en_GB","og_type":"article","og_title":"Pulpa pomidorowa O'Sole mio, bag in box, 1x10 kg - Limpol - Dystrybutor produkt\u00f3w spo\u017cywczych | Import Eksport","og_description":"Pulpa pomidorowa\u00a0O&#8217; Sole Mio\u00a0to wysokiej jako\u015bci przecier przygotowany z dojrza\u0142ych, w\u0142oskich pomidor\u00f3w, kt\u00f3re zosta\u0142y obrane ze sk\u00f3rki i pozbawione nasion. Charakteryzuje si\u0119 intensywnym aromatem oraz \u015bwie\u017cym, lekko kwa\u015bnym smakiem. Dzi\u0119ki g\u0119stej konsystencji znajduje szerokie zastosowanie w kuchni \u015br\u00f3dziemnomorskiej, szczeg\u00f3lnie w pizzeriach i trattoriach. Du\u017ce opakowanie typu pouch stanowi ekonomiczne rozwi\u0105zanie dedykowane dla gastronomii.","og_url":"https:\/\/limpol.pl\/en\/products\/tomato-pulp-osole-mio-bag-in-box-1x10-kg\/","og_site_name":"Limpol - Dystrybutor produkt\u00f3w spo\u017cywczych | Import Eksport","article_publisher":"https:\/\/www.facebook.com\/firmalimpol\/","article_modified_time":"2026-01-29T11:16:06+00:00","og_image":[{"width":1000,"height":1000,"url":"https:\/\/limpol.pl\/wp-content\/uploads\/2024\/12\/osoloemio-10kg.webp","type":"image\/webp"}],"twitter_card":"summary_large_image","twitter_misc":{"Estimated reading time":"1 minute"},"schema":{"@context":"https:\/\/schema.org","@graph":[{"@type":"WebPage","@id":"https:\/\/limpol.pl\/produkty\/pulpa-pomidorowa-osole-mio-bag-in-box-1x10-kg\/","url":"https:\/\/limpol.pl\/produkty\/pulpa-pomidorowa-osole-mio-bag-in-box-1x10-kg\/","name":"Tomato pulp O'Sole mio, bag in box, 1x10 kg - Limpol - Distributor of food products | Import Export","isPartOf":{"@id":"https:\/\/limpol.pl\/#website"},"primaryImageOfPage":{"@id":"https:\/\/limpol.pl\/produkty\/pulpa-pomidorowa-osole-mio-bag-in-box-1x10-kg\/#primaryimage"},"image":{"@id":"https:\/\/limpol.pl\/produkty\/pulpa-pomidorowa-osole-mio-bag-in-box-1x10-kg\/#primaryimage"},"thumbnailUrl":"https:\/\/limpol.pl\/wp-content\/uploads\/2024\/12\/osoloemio-10kg.webp","datePublished":"2024-12-06T10:36:52+00:00","dateModified":"2026-01-29T11:16:06+00:00","breadcrumb":{"@id":"https:\/\/limpol.pl\/produkty\/pulpa-pomidorowa-osole-mio-bag-in-box-1x10-kg\/#breadcrumb"},"inLanguage":"en-GB","potentialAction":[{"@type":"ReadAction","target":["https:\/\/limpol.pl\/produkty\/pulpa-pomidorowa-osole-mio-bag-in-box-1x10-kg\/"]}]},{"@type":"ImageObject","inLanguage":"en-GB","@id":"https:\/\/limpol.pl\/produkty\/pulpa-pomidorowa-osole-mio-bag-in-box-1x10-kg\/#primaryimage","url":"https:\/\/limpol.pl\/wp-content\/uploads\/2024\/12\/osoloemio-10kg.webp","contentUrl":"https:\/\/limpol.pl\/wp-content\/uploads\/2024\/12\/osoloemio-10kg.webp","width":1000,"height":1000},{"@type":"BreadcrumbList","@id":"https:\/\/limpol.pl\/produkty\/pulpa-pomidorowa-osole-mio-bag-in-box-1x10-kg\/#breadcrumb","itemListElement":[{"@type":"ListItem","position":1,"name":"Strona g\u0142\u00f3wna","item":"https:\/\/limpol.pl\/"},{"@type":"ListItem","position":2,"name":"Produkty","item":"https:\/\/limpol.pl\/shop\/"},{"@type":"ListItem","position":3,"name":"Pulpa pomidorowa O&#8217;Sole mio, bag in box, 1&#215;10 kg"}]},{"@type":"WebSite","@id":"https:\/\/limpol.pl\/#website","url":"https:\/\/limpol.pl\/","name":"Limpol - Distributor of food products | Import Export","description":"Importer and exporter of food products","potentialAction":[{"@type":"SearchAction","target":{"@type":"EntryPoint","urlTemplate":"https:\/\/limpol.pl\/?s={search_term_string}"},"query-input":{"@type":"PropertyValueSpecification","valueRequired":true,"valueName":"search_term_string"}}],"inLanguage":"en-GB"}]}},"_links":{"self":[{"href":"https:\/\/limpol.pl\/en\/wp-json\/wp\/v2\/product\/6397","targetHints":{"allow":["GET"]}}],"collection":[{"href":"https:\/\/limpol.pl\/en\/wp-json\/wp\/v2\/product"}],"about":[{"href":"https:\/\/limpol.pl\/en\/wp-json\/wp\/v2\/types\/product"}],"wp:featuredmedia":[{"embeddable":true,"href":"https:\/\/limpol.pl\/en\/wp-json\/wp\/v2\/media\/6398"}],"wp:attachment":[{"href":"https:\/\/limpol.pl\/en\/wp-json\/wp\/v2\/media?parent=6397"}],"wp:term":[{"taxonomy":"product_brand","embeddable":true,"href":"https:\/\/limpol.pl\/en\/wp-json\/wp\/v2\/product_brand?post=6397"},{"taxonomy":"product_cat","embeddable":true,"href":"https:\/\/limpol.pl\/en\/wp-json\/wp\/v2\/product_cat?post=6397"},{"taxonomy":"product_tag","embeddable":true,"href":"https:\/\/limpol.pl\/en\/wp-json\/wp\/v2\/product_tag?post=6397"}],"curies":[{"name":"wp","href":"https:\/\/api.w.org\/{rel}","templated":true}]}}