{"id":6416,"date":"2024-12-06T12:12:37","date_gmt":"2024-12-06T11:12:37","guid":{"rendered":"https:\/\/limpol.pl\/?post_type=product&#038;p=6416"},"modified":"2026-01-29T12:14:27","modified_gmt":"2026-01-29T11:14:27","slug":"pizza-sauce-can-4100g-o-sole-mio","status":"publish","type":"product","link":"https:\/\/limpol.pl\/en\/products\/pizza-sauce-can-4100g-o-sole-mio\/","title":{"rendered":"Pizza sauce, Can 4100g, O Sole Mio"},"content":{"rendered":"<p><strong>O Sole Mio Classic Pizza Sauce<\/strong> is a ready-made product created for lovers of authentic Italian pizza. Prepared from the highest quality tomatoes, it is characterised by a rich flavour and aroma that goes perfectly with a variety of toppings. Its smooth texture makes it easy to spread evenly on the dough, which gives each pizza a unique character. Thanks to the use of traditional recipes, this sauce captures the essence of Italian cuisine, making it the ideal choice for professional pizzerias and trattorias.<\/p>","protected":false},"excerpt":{"rendered":"<p>Sos do Pizzy O Sole Mio Klasyczny to gotowy produkt stworzony z my\u015bl\u0105 o mi\u0142o\u015bnikach autentycznej w\u0142oskiej pizzy. Przygotowany z najwy\u017cszej jako\u015bci pomidor\u00f3w, charakteryzuje si\u0119 bogatym smakiem i aromatem, kt\u00f3ry doskonale komponuje si\u0119 z r\u00f3\u017cnorodnymi dodatkami. Jego g\u0142adka konsystencja u\u0142atwia r\u00f3wnomierne rozprowadzenie na cie\u015bcie, co sprawia, \u017ce ka\u017cda pizza zyskuje wyj\u0105tkowy charakter. Dzi\u0119ki zastosowaniu tradycyjnych [&hellip;]<\/p>\n","protected":false},"featured_media":6410,"template":"","meta":[],"product_brand":[],"product_cat":[845,253,64,863],"product_tag":[],"class_list":{"0":"post-6416","1":"product","2":"type-product","3":"status-publish","4":"has-post-thumbnail","6":"product_cat-dla-pizzerii-i-trattorii","7":"product_cat-pasty-dipy-sosy","8":"product_cat-produkty-brandowe","9":"product_cat-produkty-osole-mio","10":"pa_atrybut-detal-horeca-horeca-en","11":"pa_ilosc-sztuk-na-palecie-198-en","12":"pa_masa-netto-4100g-en","13":"pa_sztuk-w-kartonie-3-en","15":"first","16":"instock","17":"shipping-taxable","18":"product-type-simple"},"yoast_head":"<!-- This site is optimized with the Yoast SEO plugin v27.3 - https:\/\/yoast.com\/product\/yoast-seo-wordpress\/ -->\n<title>Sos do pizzy, Puszka 4100g, O Sole Mio - Limpol - Dystrybutor produkt\u00f3w spo\u017cywczych | Import Eksport<\/title>\n<meta name=\"robots\" content=\"index, follow, max-snippet:-1, max-image-preview:large, max-video-preview:-1\" \/>\n<link rel=\"canonical\" href=\"https:\/\/limpol.pl\/en\/products\/pizza-sauce-can-4100g-o-sole-mio\/\" \/>\n<meta property=\"og:locale\" content=\"en_GB\" \/>\n<meta property=\"og:type\" content=\"article\" \/>\n<meta property=\"og:title\" content=\"Sos do pizzy, Puszka 4100g, O Sole Mio - Limpol - Dystrybutor produkt\u00f3w spo\u017cywczych | Import Eksport\" \/>\n<meta property=\"og:description\" content=\"Sos do Pizzy O Sole Mio Klasyczny to gotowy produkt stworzony z my\u015bl\u0105 o mi\u0142o\u015bnikach autentycznej w\u0142oskiej pizzy. Przygotowany z najwy\u017cszej jako\u015bci pomidor\u00f3w, charakteryzuje si\u0119 bogatym smakiem i aromatem, kt\u00f3ry doskonale komponuje si\u0119 z r\u00f3\u017cnorodnymi dodatkami. Jego g\u0142adka konsystencja u\u0142atwia r\u00f3wnomierne rozprowadzenie na cie\u015bcie, co sprawia, \u017ce ka\u017cda pizza zyskuje wyj\u0105tkowy charakter. Dzi\u0119ki zastosowaniu tradycyjnych [&hellip;]\" \/>\n<meta property=\"og:url\" content=\"https:\/\/limpol.pl\/en\/products\/pizza-sauce-can-4100g-o-sole-mio\/\" \/>\n<meta property=\"og:site_name\" content=\"Limpol - Dystrybutor produkt\u00f3w spo\u017cywczych | Import Eksport\" \/>\n<meta property=\"article:publisher\" content=\"https:\/\/www.facebook.com\/firmalimpol\/\" \/>\n<meta property=\"article:modified_time\" content=\"2026-01-29T11:14:27+00:00\" \/>\n<meta property=\"og:image\" content=\"https:\/\/limpol.pl\/wp-content\/uploads\/2024\/12\/sos-do-pizzy-osole-mio.webp\" \/>\n\t<meta property=\"og:image:width\" content=\"1000\" \/>\n\t<meta property=\"og:image:height\" content=\"1000\" \/>\n\t<meta property=\"og:image:type\" content=\"image\/webp\" \/>\n<meta name=\"twitter:card\" content=\"summary_large_image\" \/>\n<meta name=\"twitter:label1\" content=\"Estimated reading time\" \/>\n\t<meta name=\"twitter:data1\" content=\"1 minute\" \/>\n<script type=\"application\/ld+json\" class=\"yoast-schema-graph\">{\"@context\":\"https:\\\/\\\/schema.org\",\"@graph\":[{\"@type\":\"WebPage\",\"@id\":\"https:\\\/\\\/limpol.pl\\\/produkty\\\/sos-do-pizzy-puszka-4100g-o-sole-mio\\\/\",\"url\":\"https:\\\/\\\/limpol.pl\\\/produkty\\\/sos-do-pizzy-puszka-4100g-o-sole-mio\\\/\",\"name\":\"Sos do pizzy, Puszka 4100g, O Sole Mio - Limpol - Dystrybutor produkt\u00f3w spo\u017cywczych | Import Eksport\",\"isPartOf\":{\"@id\":\"https:\\\/\\\/limpol.pl\\\/#website\"},\"primaryImageOfPage\":{\"@id\":\"https:\\\/\\\/limpol.pl\\\/produkty\\\/sos-do-pizzy-puszka-4100g-o-sole-mio\\\/#primaryimage\"},\"image\":{\"@id\":\"https:\\\/\\\/limpol.pl\\\/produkty\\\/sos-do-pizzy-puszka-4100g-o-sole-mio\\\/#primaryimage\"},\"thumbnailUrl\":\"https:\\\/\\\/limpol.pl\\\/wp-content\\\/uploads\\\/2024\\\/12\\\/sos-do-pizzy-osole-mio.webp\",\"datePublished\":\"2024-12-06T11:12:37+00:00\",\"dateModified\":\"2026-01-29T11:14:27+00:00\",\"breadcrumb\":{\"@id\":\"https:\\\/\\\/limpol.pl\\\/produkty\\\/sos-do-pizzy-puszka-4100g-o-sole-mio\\\/#breadcrumb\"},\"inLanguage\":\"en-GB\",\"potentialAction\":[{\"@type\":\"ReadAction\",\"target\":[\"https:\\\/\\\/limpol.pl\\\/produkty\\\/sos-do-pizzy-puszka-4100g-o-sole-mio\\\/\"]}]},{\"@type\":\"ImageObject\",\"inLanguage\":\"en-GB\",\"@id\":\"https:\\\/\\\/limpol.pl\\\/produkty\\\/sos-do-pizzy-puszka-4100g-o-sole-mio\\\/#primaryimage\",\"url\":\"https:\\\/\\\/limpol.pl\\\/wp-content\\\/uploads\\\/2024\\\/12\\\/sos-do-pizzy-osole-mio.webp\",\"contentUrl\":\"https:\\\/\\\/limpol.pl\\\/wp-content\\\/uploads\\\/2024\\\/12\\\/sos-do-pizzy-osole-mio.webp\",\"width\":1000,\"height\":1000},{\"@type\":\"BreadcrumbList\",\"@id\":\"https:\\\/\\\/limpol.pl\\\/produkty\\\/sos-do-pizzy-puszka-4100g-o-sole-mio\\\/#breadcrumb\",\"itemListElement\":[{\"@type\":\"ListItem\",\"position\":1,\"name\":\"Strona g\u0142\u00f3wna\",\"item\":\"https:\\\/\\\/limpol.pl\\\/\"},{\"@type\":\"ListItem\",\"position\":2,\"name\":\"Produkty\",\"item\":\"https:\\\/\\\/limpol.pl\\\/shop\\\/\"},{\"@type\":\"ListItem\",\"position\":3,\"name\":\"Sos do pizzy, Puszka 4100g, O Sole Mio\"}]},{\"@type\":\"WebSite\",\"@id\":\"https:\\\/\\\/limpol.pl\\\/#website\",\"url\":\"https:\\\/\\\/limpol.pl\\\/\",\"name\":\"Limpol - Dystrybutor produkt\u00f3w spo\u017cywczych | Import Eksport\",\"description\":\"Importer i eksporter produkt\u00f3w spo\u017cywczych\",\"potentialAction\":[{\"@type\":\"SearchAction\",\"target\":{\"@type\":\"EntryPoint\",\"urlTemplate\":\"https:\\\/\\\/limpol.pl\\\/?s={search_term_string}\"},\"query-input\":{\"@type\":\"PropertyValueSpecification\",\"valueRequired\":true,\"valueName\":\"search_term_string\"}}],\"inLanguage\":\"en-GB\"}]}<\/script>\n<!-- \/ Yoast SEO plugin. -->","yoast_head_json":{"title":"Pizza sauce, Can 4100g, O Sole Mio - Limpol - Distributor of food products | Import Export","robots":{"index":"index","follow":"follow","max-snippet":"max-snippet:-1","max-image-preview":"max-image-preview:large","max-video-preview":"max-video-preview:-1"},"canonical":"https:\/\/limpol.pl\/en\/products\/pizza-sauce-can-4100g-o-sole-mio\/","og_locale":"en_GB","og_type":"article","og_title":"Sos do pizzy, Puszka 4100g, O Sole Mio - Limpol - Dystrybutor produkt\u00f3w spo\u017cywczych | Import Eksport","og_description":"Sos do Pizzy O Sole Mio Klasyczny to gotowy produkt stworzony z my\u015bl\u0105 o mi\u0142o\u015bnikach autentycznej w\u0142oskiej pizzy. Przygotowany z najwy\u017cszej jako\u015bci pomidor\u00f3w, charakteryzuje si\u0119 bogatym smakiem i aromatem, kt\u00f3ry doskonale komponuje si\u0119 z r\u00f3\u017cnorodnymi dodatkami. Jego g\u0142adka konsystencja u\u0142atwia r\u00f3wnomierne rozprowadzenie na cie\u015bcie, co sprawia, \u017ce ka\u017cda pizza zyskuje wyj\u0105tkowy charakter. Dzi\u0119ki zastosowaniu tradycyjnych [&hellip;]","og_url":"https:\/\/limpol.pl\/en\/products\/pizza-sauce-can-4100g-o-sole-mio\/","og_site_name":"Limpol - Dystrybutor produkt\u00f3w spo\u017cywczych | Import Eksport","article_publisher":"https:\/\/www.facebook.com\/firmalimpol\/","article_modified_time":"2026-01-29T11:14:27+00:00","og_image":[{"width":1000,"height":1000,"url":"https:\/\/limpol.pl\/wp-content\/uploads\/2024\/12\/sos-do-pizzy-osole-mio.webp","type":"image\/webp"}],"twitter_card":"summary_large_image","twitter_misc":{"Estimated reading time":"1 minute"},"schema":{"@context":"https:\/\/schema.org","@graph":[{"@type":"WebPage","@id":"https:\/\/limpol.pl\/produkty\/sos-do-pizzy-puszka-4100g-o-sole-mio\/","url":"https:\/\/limpol.pl\/produkty\/sos-do-pizzy-puszka-4100g-o-sole-mio\/","name":"Pizza sauce, Can 4100g, O Sole Mio - Limpol - Distributor of food products | Import Export","isPartOf":{"@id":"https:\/\/limpol.pl\/#website"},"primaryImageOfPage":{"@id":"https:\/\/limpol.pl\/produkty\/sos-do-pizzy-puszka-4100g-o-sole-mio\/#primaryimage"},"image":{"@id":"https:\/\/limpol.pl\/produkty\/sos-do-pizzy-puszka-4100g-o-sole-mio\/#primaryimage"},"thumbnailUrl":"https:\/\/limpol.pl\/wp-content\/uploads\/2024\/12\/sos-do-pizzy-osole-mio.webp","datePublished":"2024-12-06T11:12:37+00:00","dateModified":"2026-01-29T11:14:27+00:00","breadcrumb":{"@id":"https:\/\/limpol.pl\/produkty\/sos-do-pizzy-puszka-4100g-o-sole-mio\/#breadcrumb"},"inLanguage":"en-GB","potentialAction":[{"@type":"ReadAction","target":["https:\/\/limpol.pl\/produkty\/sos-do-pizzy-puszka-4100g-o-sole-mio\/"]}]},{"@type":"ImageObject","inLanguage":"en-GB","@id":"https:\/\/limpol.pl\/produkty\/sos-do-pizzy-puszka-4100g-o-sole-mio\/#primaryimage","url":"https:\/\/limpol.pl\/wp-content\/uploads\/2024\/12\/sos-do-pizzy-osole-mio.webp","contentUrl":"https:\/\/limpol.pl\/wp-content\/uploads\/2024\/12\/sos-do-pizzy-osole-mio.webp","width":1000,"height":1000},{"@type":"BreadcrumbList","@id":"https:\/\/limpol.pl\/produkty\/sos-do-pizzy-puszka-4100g-o-sole-mio\/#breadcrumb","itemListElement":[{"@type":"ListItem","position":1,"name":"Strona g\u0142\u00f3wna","item":"https:\/\/limpol.pl\/"},{"@type":"ListItem","position":2,"name":"Produkty","item":"https:\/\/limpol.pl\/shop\/"},{"@type":"ListItem","position":3,"name":"Sos do pizzy, Puszka 4100g, O Sole Mio"}]},{"@type":"WebSite","@id":"https:\/\/limpol.pl\/#website","url":"https:\/\/limpol.pl\/","name":"Limpol - Distributor of food products | Import Export","description":"Importer and exporter of food products","potentialAction":[{"@type":"SearchAction","target":{"@type":"EntryPoint","urlTemplate":"https:\/\/limpol.pl\/?s={search_term_string}"},"query-input":{"@type":"PropertyValueSpecification","valueRequired":true,"valueName":"search_term_string"}}],"inLanguage":"en-GB"}]}},"_links":{"self":[{"href":"https:\/\/limpol.pl\/en\/wp-json\/wp\/v2\/product\/6416","targetHints":{"allow":["GET"]}}],"collection":[{"href":"https:\/\/limpol.pl\/en\/wp-json\/wp\/v2\/product"}],"about":[{"href":"https:\/\/limpol.pl\/en\/wp-json\/wp\/v2\/types\/product"}],"wp:featuredmedia":[{"embeddable":true,"href":"https:\/\/limpol.pl\/en\/wp-json\/wp\/v2\/media\/6410"}],"wp:attachment":[{"href":"https:\/\/limpol.pl\/en\/wp-json\/wp\/v2\/media?parent=6416"}],"wp:term":[{"taxonomy":"product_brand","embeddable":true,"href":"https:\/\/limpol.pl\/en\/wp-json\/wp\/v2\/product_brand?post=6416"},{"taxonomy":"product_cat","embeddable":true,"href":"https:\/\/limpol.pl\/en\/wp-json\/wp\/v2\/product_cat?post=6416"},{"taxonomy":"product_tag","embeddable":true,"href":"https:\/\/limpol.pl\/en\/wp-json\/wp\/v2\/product_tag?post=6416"}],"curies":[{"name":"wp","href":"https:\/\/api.w.org\/{rel}","templated":true}]}}