{"id":6441,"date":"2025-01-09T11:11:20","date_gmt":"2025-01-09T10:11:20","guid":{"rendered":"https:\/\/limpol.pl\/?post_type=product&#038;p=6441"},"modified":"2026-01-29T12:12:19","modified_gmt":"2026-01-29T11:12:19","slug":"tomatoes-pelati-vale-can-2500g","status":"publish","type":"product","link":"https:\/\/limpol.pl\/en\/products\/tomatoes-pelati-vale-can-2500g\/","title":{"rendered":"Vale pelati tomatoes, Can 2500g"},"content":{"rendered":"<p>Pelati tomatoes are whole, ripe tomatoes, carefully peeled and dipped in natural tomato juice. Thanks to their versatility, they are perfect for sauces, soups, lasagne or stewed meats. They retain their texture and flavour, making them ideal for slicing, blending and stewing alike. Pelati VALE is the pure essence of the tomato without unnecessary additives, which will give your dishes a unique flavour. VALE products are distinguished by their superior quality as they are made from the best ripe tomatoes, picked at the optimum moment. They are indispensable in both home and catering cuisine. The tins guarantee a long shelf life while maintaining freshness.<\/p>","protected":false},"excerpt":{"rendered":"<p>Pomidory Pelati to ca\u0142e, dojrza\u0142e pomidory, starannie obrane i zanurzone w naturalnym soku pomidorowym. Dzi\u0119ki swojej uniwersalno\u015bci doskonale sprawdz\u0105 si\u0119 w przygotowaniu sos\u00f3w, zup, lasagne czy duszonych mi\u0119s. Zachowuj\u0105 struktur\u0119 i smak, co czyni je idealnymi zar\u00f3wno do krojenia, miksowania, jak i duszenia. Pelati VALE to czysta esencja pomidora bez zb\u0119dnych dodatk\u00f3w, kt\u00f3ra nada Twoim [&hellip;]<\/p>\n","protected":false},"featured_media":6442,"template":"","meta":[],"product_brand":[],"product_cat":[845,64,855],"product_tag":[],"class_list":{"0":"post-6441","1":"product","2":"type-product","3":"status-publish","4":"has-post-thumbnail","6":"product_cat-dla-pizzerii-i-trattorii","7":"product_cat-produkty-brandowe","8":"product_cat-przetwory-warzywne-produkty-brandowe","9":"pa_atrybut-detal-horeca-horeca-en","10":"pa_ilosc-sztuk-na-palecie-225","11":"pa_masa-netto-2500g","12":"pa_sztuk-w-kartonie-6-en","14":"first","15":"instock","16":"shipping-taxable","17":"product-type-simple"},"yoast_head":"<!-- This site is optimized with the Yoast SEO plugin v27.3 - https:\/\/yoast.com\/product\/yoast-seo-wordpress\/ -->\n<title>Pomidory pelati Vale, Puszka 2500g - Limpol - Dystrybutor produkt\u00f3w spo\u017cywczych | Import Eksport<\/title>\n<meta name=\"robots\" content=\"index, follow, max-snippet:-1, max-image-preview:large, max-video-preview:-1\" \/>\n<link rel=\"canonical\" href=\"https:\/\/limpol.pl\/en\/products\/tomatoes-pelati-vale-can-2500g\/\" \/>\n<meta property=\"og:locale\" content=\"en_GB\" \/>\n<meta property=\"og:type\" content=\"article\" \/>\n<meta property=\"og:title\" content=\"Pomidory pelati Vale, Puszka 2500g - Limpol - Dystrybutor produkt\u00f3w spo\u017cywczych | Import Eksport\" \/>\n<meta property=\"og:description\" content=\"Pomidory Pelati to ca\u0142e, dojrza\u0142e pomidory, starannie obrane i zanurzone w naturalnym soku pomidorowym. Dzi\u0119ki swojej uniwersalno\u015bci doskonale sprawdz\u0105 si\u0119 w przygotowaniu sos\u00f3w, zup, lasagne czy duszonych mi\u0119s. Zachowuj\u0105 struktur\u0119 i smak, co czyni je idealnymi zar\u00f3wno do krojenia, miksowania, jak i duszenia. Pelati VALE to czysta esencja pomidora bez zb\u0119dnych dodatk\u00f3w, kt\u00f3ra nada Twoim [&hellip;]\" \/>\n<meta property=\"og:url\" content=\"https:\/\/limpol.pl\/en\/products\/tomatoes-pelati-vale-can-2500g\/\" \/>\n<meta property=\"og:site_name\" content=\"Limpol - Dystrybutor produkt\u00f3w spo\u017cywczych | Import Eksport\" \/>\n<meta property=\"article:publisher\" content=\"https:\/\/www.facebook.com\/firmalimpol\/\" \/>\n<meta property=\"article:modified_time\" content=\"2026-01-29T11:12:19+00:00\" \/>\n<meta property=\"og:image\" content=\"https:\/\/limpol.pl\/wp-content\/uploads\/2025\/01\/pomidory-pelati-vale.webp\" \/>\n\t<meta property=\"og:image:width\" content=\"1000\" \/>\n\t<meta property=\"og:image:height\" content=\"1000\" \/>\n\t<meta property=\"og:image:type\" content=\"image\/webp\" \/>\n<meta name=\"twitter:card\" content=\"summary_large_image\" \/>\n<meta name=\"twitter:label1\" content=\"Estimated reading time\" \/>\n\t<meta name=\"twitter:data1\" content=\"1 minute\" \/>\n<script type=\"application\/ld+json\" class=\"yoast-schema-graph\">{\"@context\":\"https:\\\/\\\/schema.org\",\"@graph\":[{\"@type\":\"WebPage\",\"@id\":\"https:\\\/\\\/limpol.pl\\\/produkty\\\/pomidory-pelati-vale-puszka-2500g\\\/\",\"url\":\"https:\\\/\\\/limpol.pl\\\/produkty\\\/pomidory-pelati-vale-puszka-2500g\\\/\",\"name\":\"Pomidory pelati Vale, Puszka 2500g - Limpol - Dystrybutor produkt\u00f3w spo\u017cywczych | Import Eksport\",\"isPartOf\":{\"@id\":\"https:\\\/\\\/limpol.pl\\\/#website\"},\"primaryImageOfPage\":{\"@id\":\"https:\\\/\\\/limpol.pl\\\/produkty\\\/pomidory-pelati-vale-puszka-2500g\\\/#primaryimage\"},\"image\":{\"@id\":\"https:\\\/\\\/limpol.pl\\\/produkty\\\/pomidory-pelati-vale-puszka-2500g\\\/#primaryimage\"},\"thumbnailUrl\":\"https:\\\/\\\/limpol.pl\\\/wp-content\\\/uploads\\\/2025\\\/01\\\/pomidory-pelati-vale.webp\",\"datePublished\":\"2025-01-09T10:11:20+00:00\",\"dateModified\":\"2026-01-29T11:12:19+00:00\",\"breadcrumb\":{\"@id\":\"https:\\\/\\\/limpol.pl\\\/produkty\\\/pomidory-pelati-vale-puszka-2500g\\\/#breadcrumb\"},\"inLanguage\":\"en-GB\",\"potentialAction\":[{\"@type\":\"ReadAction\",\"target\":[\"https:\\\/\\\/limpol.pl\\\/produkty\\\/pomidory-pelati-vale-puszka-2500g\\\/\"]}]},{\"@type\":\"ImageObject\",\"inLanguage\":\"en-GB\",\"@id\":\"https:\\\/\\\/limpol.pl\\\/produkty\\\/pomidory-pelati-vale-puszka-2500g\\\/#primaryimage\",\"url\":\"https:\\\/\\\/limpol.pl\\\/wp-content\\\/uploads\\\/2025\\\/01\\\/pomidory-pelati-vale.webp\",\"contentUrl\":\"https:\\\/\\\/limpol.pl\\\/wp-content\\\/uploads\\\/2025\\\/01\\\/pomidory-pelati-vale.webp\",\"width\":1000,\"height\":1000},{\"@type\":\"BreadcrumbList\",\"@id\":\"https:\\\/\\\/limpol.pl\\\/produkty\\\/pomidory-pelati-vale-puszka-2500g\\\/#breadcrumb\",\"itemListElement\":[{\"@type\":\"ListItem\",\"position\":1,\"name\":\"Strona g\u0142\u00f3wna\",\"item\":\"https:\\\/\\\/limpol.pl\\\/\"},{\"@type\":\"ListItem\",\"position\":2,\"name\":\"Produkty\",\"item\":\"https:\\\/\\\/limpol.pl\\\/shop\\\/\"},{\"@type\":\"ListItem\",\"position\":3,\"name\":\"Pomidory pelati Vale, Puszka 2500g\"}]},{\"@type\":\"WebSite\",\"@id\":\"https:\\\/\\\/limpol.pl\\\/#website\",\"url\":\"https:\\\/\\\/limpol.pl\\\/\",\"name\":\"Limpol - Dystrybutor produkt\u00f3w spo\u017cywczych | Import Eksport\",\"description\":\"Importer i eksporter produkt\u00f3w spo\u017cywczych\",\"potentialAction\":[{\"@type\":\"SearchAction\",\"target\":{\"@type\":\"EntryPoint\",\"urlTemplate\":\"https:\\\/\\\/limpol.pl\\\/?s={search_term_string}\"},\"query-input\":{\"@type\":\"PropertyValueSpecification\",\"valueRequired\":true,\"valueName\":\"search_term_string\"}}],\"inLanguage\":\"en-GB\"}]}<\/script>\n<!-- \/ Yoast SEO plugin. -->","yoast_head_json":{"title":"Vale pelati tomatoes, Can 2500g - Limpol - Distributor of food products | Import Export","robots":{"index":"index","follow":"follow","max-snippet":"max-snippet:-1","max-image-preview":"max-image-preview:large","max-video-preview":"max-video-preview:-1"},"canonical":"https:\/\/limpol.pl\/en\/products\/tomatoes-pelati-vale-can-2500g\/","og_locale":"en_GB","og_type":"article","og_title":"Pomidory pelati Vale, Puszka 2500g - Limpol - Dystrybutor produkt\u00f3w spo\u017cywczych | Import Eksport","og_description":"Pomidory Pelati to ca\u0142e, dojrza\u0142e pomidory, starannie obrane i zanurzone w naturalnym soku pomidorowym. Dzi\u0119ki swojej uniwersalno\u015bci doskonale sprawdz\u0105 si\u0119 w przygotowaniu sos\u00f3w, zup, lasagne czy duszonych mi\u0119s. Zachowuj\u0105 struktur\u0119 i smak, co czyni je idealnymi zar\u00f3wno do krojenia, miksowania, jak i duszenia. Pelati VALE to czysta esencja pomidora bez zb\u0119dnych dodatk\u00f3w, kt\u00f3ra nada Twoim [&hellip;]","og_url":"https:\/\/limpol.pl\/en\/products\/tomatoes-pelati-vale-can-2500g\/","og_site_name":"Limpol - Dystrybutor produkt\u00f3w spo\u017cywczych | Import Eksport","article_publisher":"https:\/\/www.facebook.com\/firmalimpol\/","article_modified_time":"2026-01-29T11:12:19+00:00","og_image":[{"width":1000,"height":1000,"url":"https:\/\/limpol.pl\/wp-content\/uploads\/2025\/01\/pomidory-pelati-vale.webp","type":"image\/webp"}],"twitter_card":"summary_large_image","twitter_misc":{"Estimated reading time":"1 minute"},"schema":{"@context":"https:\/\/schema.org","@graph":[{"@type":"WebPage","@id":"https:\/\/limpol.pl\/produkty\/pomidory-pelati-vale-puszka-2500g\/","url":"https:\/\/limpol.pl\/produkty\/pomidory-pelati-vale-puszka-2500g\/","name":"Vale pelati tomatoes, Can 2500g - Limpol - Distributor of food products | Import Export","isPartOf":{"@id":"https:\/\/limpol.pl\/#website"},"primaryImageOfPage":{"@id":"https:\/\/limpol.pl\/produkty\/pomidory-pelati-vale-puszka-2500g\/#primaryimage"},"image":{"@id":"https:\/\/limpol.pl\/produkty\/pomidory-pelati-vale-puszka-2500g\/#primaryimage"},"thumbnailUrl":"https:\/\/limpol.pl\/wp-content\/uploads\/2025\/01\/pomidory-pelati-vale.webp","datePublished":"2025-01-09T10:11:20+00:00","dateModified":"2026-01-29T11:12:19+00:00","breadcrumb":{"@id":"https:\/\/limpol.pl\/produkty\/pomidory-pelati-vale-puszka-2500g\/#breadcrumb"},"inLanguage":"en-GB","potentialAction":[{"@type":"ReadAction","target":["https:\/\/limpol.pl\/produkty\/pomidory-pelati-vale-puszka-2500g\/"]}]},{"@type":"ImageObject","inLanguage":"en-GB","@id":"https:\/\/limpol.pl\/produkty\/pomidory-pelati-vale-puszka-2500g\/#primaryimage","url":"https:\/\/limpol.pl\/wp-content\/uploads\/2025\/01\/pomidory-pelati-vale.webp","contentUrl":"https:\/\/limpol.pl\/wp-content\/uploads\/2025\/01\/pomidory-pelati-vale.webp","width":1000,"height":1000},{"@type":"BreadcrumbList","@id":"https:\/\/limpol.pl\/produkty\/pomidory-pelati-vale-puszka-2500g\/#breadcrumb","itemListElement":[{"@type":"ListItem","position":1,"name":"Strona g\u0142\u00f3wna","item":"https:\/\/limpol.pl\/"},{"@type":"ListItem","position":2,"name":"Produkty","item":"https:\/\/limpol.pl\/shop\/"},{"@type":"ListItem","position":3,"name":"Pomidory pelati Vale, Puszka 2500g"}]},{"@type":"WebSite","@id":"https:\/\/limpol.pl\/#website","url":"https:\/\/limpol.pl\/","name":"Limpol - Distributor of food products | Import Export","description":"Importer and exporter of food products","potentialAction":[{"@type":"SearchAction","target":{"@type":"EntryPoint","urlTemplate":"https:\/\/limpol.pl\/?s={search_term_string}"},"query-input":{"@type":"PropertyValueSpecification","valueRequired":true,"valueName":"search_term_string"}}],"inLanguage":"en-GB"}]}},"_links":{"self":[{"href":"https:\/\/limpol.pl\/en\/wp-json\/wp\/v2\/product\/6441","targetHints":{"allow":["GET"]}}],"collection":[{"href":"https:\/\/limpol.pl\/en\/wp-json\/wp\/v2\/product"}],"about":[{"href":"https:\/\/limpol.pl\/en\/wp-json\/wp\/v2\/types\/product"}],"wp:featuredmedia":[{"embeddable":true,"href":"https:\/\/limpol.pl\/en\/wp-json\/wp\/v2\/media\/6442"}],"wp:attachment":[{"href":"https:\/\/limpol.pl\/en\/wp-json\/wp\/v2\/media?parent=6441"}],"wp:term":[{"taxonomy":"product_brand","embeddable":true,"href":"https:\/\/limpol.pl\/en\/wp-json\/wp\/v2\/product_brand?post=6441"},{"taxonomy":"product_cat","embeddable":true,"href":"https:\/\/limpol.pl\/en\/wp-json\/wp\/v2\/product_cat?post=6441"},{"taxonomy":"product_tag","embeddable":true,"href":"https:\/\/limpol.pl\/en\/wp-json\/wp\/v2\/product_tag?post=6441"}],"curies":[{"name":"wp","href":"https:\/\/api.w.org\/{rel}","templated":true}]}}