{"id":6445,"date":"2025-01-09T11:17:45","date_gmt":"2025-01-09T10:17:45","guid":{"rendered":"https:\/\/limpol.pl\/?post_type=product&#038;p=6445"},"modified":"2026-01-29T12:11:49","modified_gmt":"2026-01-29T11:11:49","slug":"canned-vale-tomatoes-2500g","status":"publish","type":"product","link":"https:\/\/limpol.pl\/en\/products\/canned-vale-tomatoes-2500g\/","title":{"rendered":"Vale chunk tomatoes, Can 2500g"},"content":{"rendered":"<p>VALE chunked tomatoes are a practical solution for those looking for convenience and time savings. Sliced tomatoes, enclosed in a tin of tomato juice, are ready to use and ideal for casseroles, pizzas, stews or one-pot dishes. Their natural flavour and texture make them the perfect base for many dishes, eliminating the need for additional peeling or slicing. VALE products are distinguished by their superior quality, as they are made from the best, ripe tomatoes, picked at the optimum moment. They are indispensable in both home and catering kitchens. The tins guarantee a long shelf life while maintaining freshness.<\/p>","protected":false},"excerpt":{"rendered":"<p>Pomidory w kawa\u0142kach VALE to praktyczne rozwi\u0105zanie dla os\u00f3b poszukuj\u0105cych wygody i oszcz\u0119dno\u015bci czasu. Pokrojone na kawa\u0142ki pomidory, zamkni\u0119te w puszce z dodatkiem soku pomidorowego, s\u0105 gotowe do u\u017cycia i idealne do zapiekanek, pizzy, gulaszy czy da\u0144 jednogarnkowych. Ich naturalny smak i tekstura sprawiaj\u0105, \u017ce stanowi\u0105 doskona\u0142\u0105 baz\u0119 do wielu potraw, eliminuj\u0105c potrzeb\u0119 dodatkowego obierania [&hellip;]<\/p>\n","protected":false},"featured_media":6446,"template":"","meta":[],"product_brand":[],"product_cat":[845,64,855],"product_tag":[],"class_list":{"0":"post-6445","1":"product","2":"type-product","3":"status-publish","4":"has-post-thumbnail","6":"product_cat-dla-pizzerii-i-trattorii","7":"product_cat-produkty-brandowe","8":"product_cat-przetwory-warzywne-produkty-brandowe","9":"pa_atrybut-detal-horeca-horeca-en","10":"pa_ilosc-sztuk-na-palecie-225","11":"pa_masa-netto-2500g","12":"pa_sztuk-w-kartonie-6-en","14":"first","15":"instock","16":"shipping-taxable","17":"product-type-simple"},"yoast_head":"<!-- This site is optimized with the Yoast SEO plugin v27.3 - https:\/\/yoast.com\/product\/yoast-seo-wordpress\/ -->\n<title>Pomidory w kawa\u0142kach Vale, Puszka 2500g - Limpol - Dystrybutor produkt\u00f3w spo\u017cywczych | Import Eksport<\/title>\n<meta name=\"robots\" content=\"index, follow, max-snippet:-1, max-image-preview:large, max-video-preview:-1\" \/>\n<link rel=\"canonical\" href=\"https:\/\/limpol.pl\/en\/products\/canned-vale-tomatoes-2500g\/\" \/>\n<meta property=\"og:locale\" content=\"en_GB\" \/>\n<meta property=\"og:type\" content=\"article\" \/>\n<meta property=\"og:title\" content=\"Pomidory w kawa\u0142kach Vale, Puszka 2500g - Limpol - Dystrybutor produkt\u00f3w spo\u017cywczych | Import Eksport\" \/>\n<meta property=\"og:description\" content=\"Pomidory w kawa\u0142kach VALE to praktyczne rozwi\u0105zanie dla os\u00f3b poszukuj\u0105cych wygody i oszcz\u0119dno\u015bci czasu. Pokrojone na kawa\u0142ki pomidory, zamkni\u0119te w puszce z dodatkiem soku pomidorowego, s\u0105 gotowe do u\u017cycia i idealne do zapiekanek, pizzy, gulaszy czy da\u0144 jednogarnkowych. Ich naturalny smak i tekstura sprawiaj\u0105, \u017ce stanowi\u0105 doskona\u0142\u0105 baz\u0119 do wielu potraw, eliminuj\u0105c potrzeb\u0119 dodatkowego obierania [&hellip;]\" \/>\n<meta property=\"og:url\" content=\"https:\/\/limpol.pl\/en\/products\/canned-vale-tomatoes-2500g\/\" \/>\n<meta property=\"og:site_name\" content=\"Limpol - Dystrybutor produkt\u00f3w spo\u017cywczych | Import Eksport\" \/>\n<meta property=\"article:publisher\" content=\"https:\/\/www.facebook.com\/firmalimpol\/\" \/>\n<meta property=\"article:modified_time\" content=\"2026-01-29T11:11:49+00:00\" \/>\n<meta property=\"og:image\" content=\"https:\/\/limpol.pl\/wp-content\/uploads\/2025\/01\/pomidory-pulpa-vale.webp\" \/>\n\t<meta property=\"og:image:width\" content=\"1000\" \/>\n\t<meta property=\"og:image:height\" content=\"1000\" \/>\n\t<meta property=\"og:image:type\" content=\"image\/webp\" \/>\n<meta name=\"twitter:card\" content=\"summary_large_image\" \/>\n<meta name=\"twitter:label1\" content=\"Estimated reading time\" \/>\n\t<meta name=\"twitter:data1\" content=\"1 minute\" \/>\n<script type=\"application\/ld+json\" class=\"yoast-schema-graph\">{\"@context\":\"https:\\\/\\\/schema.org\",\"@graph\":[{\"@type\":\"WebPage\",\"@id\":\"https:\\\/\\\/limpol.pl\\\/produkty\\\/pomidory-w-kawalkach-vale-puszka-2500g\\\/\",\"url\":\"https:\\\/\\\/limpol.pl\\\/produkty\\\/pomidory-w-kawalkach-vale-puszka-2500g\\\/\",\"name\":\"Pomidory w kawa\u0142kach Vale, Puszka 2500g - Limpol - Dystrybutor produkt\u00f3w spo\u017cywczych | Import Eksport\",\"isPartOf\":{\"@id\":\"https:\\\/\\\/limpol.pl\\\/#website\"},\"primaryImageOfPage\":{\"@id\":\"https:\\\/\\\/limpol.pl\\\/produkty\\\/pomidory-w-kawalkach-vale-puszka-2500g\\\/#primaryimage\"},\"image\":{\"@id\":\"https:\\\/\\\/limpol.pl\\\/produkty\\\/pomidory-w-kawalkach-vale-puszka-2500g\\\/#primaryimage\"},\"thumbnailUrl\":\"https:\\\/\\\/limpol.pl\\\/wp-content\\\/uploads\\\/2025\\\/01\\\/pomidory-pulpa-vale.webp\",\"datePublished\":\"2025-01-09T10:17:45+00:00\",\"dateModified\":\"2026-01-29T11:11:49+00:00\",\"breadcrumb\":{\"@id\":\"https:\\\/\\\/limpol.pl\\\/produkty\\\/pomidory-w-kawalkach-vale-puszka-2500g\\\/#breadcrumb\"},\"inLanguage\":\"en-GB\",\"potentialAction\":[{\"@type\":\"ReadAction\",\"target\":[\"https:\\\/\\\/limpol.pl\\\/produkty\\\/pomidory-w-kawalkach-vale-puszka-2500g\\\/\"]}]},{\"@type\":\"ImageObject\",\"inLanguage\":\"en-GB\",\"@id\":\"https:\\\/\\\/limpol.pl\\\/produkty\\\/pomidory-w-kawalkach-vale-puszka-2500g\\\/#primaryimage\",\"url\":\"https:\\\/\\\/limpol.pl\\\/wp-content\\\/uploads\\\/2025\\\/01\\\/pomidory-pulpa-vale.webp\",\"contentUrl\":\"https:\\\/\\\/limpol.pl\\\/wp-content\\\/uploads\\\/2025\\\/01\\\/pomidory-pulpa-vale.webp\",\"width\":1000,\"height\":1000},{\"@type\":\"BreadcrumbList\",\"@id\":\"https:\\\/\\\/limpol.pl\\\/produkty\\\/pomidory-w-kawalkach-vale-puszka-2500g\\\/#breadcrumb\",\"itemListElement\":[{\"@type\":\"ListItem\",\"position\":1,\"name\":\"Strona g\u0142\u00f3wna\",\"item\":\"https:\\\/\\\/limpol.pl\\\/\"},{\"@type\":\"ListItem\",\"position\":2,\"name\":\"Produkty\",\"item\":\"https:\\\/\\\/limpol.pl\\\/shop\\\/\"},{\"@type\":\"ListItem\",\"position\":3,\"name\":\"Pomidory w kawa\u0142kach Vale, Puszka 2500g\"}]},{\"@type\":\"WebSite\",\"@id\":\"https:\\\/\\\/limpol.pl\\\/#website\",\"url\":\"https:\\\/\\\/limpol.pl\\\/\",\"name\":\"Limpol - Dystrybutor produkt\u00f3w spo\u017cywczych | Import Eksport\",\"description\":\"Importer i eksporter produkt\u00f3w spo\u017cywczych\",\"potentialAction\":[{\"@type\":\"SearchAction\",\"target\":{\"@type\":\"EntryPoint\",\"urlTemplate\":\"https:\\\/\\\/limpol.pl\\\/?s={search_term_string}\"},\"query-input\":{\"@type\":\"PropertyValueSpecification\",\"valueRequired\":true,\"valueName\":\"search_term_string\"}}],\"inLanguage\":\"en-GB\"}]}<\/script>\n<!-- \/ Yoast SEO plugin. -->","yoast_head_json":{"title":"Vale chunk tomatoes, Can 2500g - Limpol - Distributor of food products | Import Export","robots":{"index":"index","follow":"follow","max-snippet":"max-snippet:-1","max-image-preview":"max-image-preview:large","max-video-preview":"max-video-preview:-1"},"canonical":"https:\/\/limpol.pl\/en\/products\/canned-vale-tomatoes-2500g\/","og_locale":"en_GB","og_type":"article","og_title":"Pomidory w kawa\u0142kach Vale, Puszka 2500g - Limpol - Dystrybutor produkt\u00f3w spo\u017cywczych | Import Eksport","og_description":"Pomidory w kawa\u0142kach VALE to praktyczne rozwi\u0105zanie dla os\u00f3b poszukuj\u0105cych wygody i oszcz\u0119dno\u015bci czasu. Pokrojone na kawa\u0142ki pomidory, zamkni\u0119te w puszce z dodatkiem soku pomidorowego, s\u0105 gotowe do u\u017cycia i idealne do zapiekanek, pizzy, gulaszy czy da\u0144 jednogarnkowych. Ich naturalny smak i tekstura sprawiaj\u0105, \u017ce stanowi\u0105 doskona\u0142\u0105 baz\u0119 do wielu potraw, eliminuj\u0105c potrzeb\u0119 dodatkowego obierania [&hellip;]","og_url":"https:\/\/limpol.pl\/en\/products\/canned-vale-tomatoes-2500g\/","og_site_name":"Limpol - Dystrybutor produkt\u00f3w spo\u017cywczych | Import Eksport","article_publisher":"https:\/\/www.facebook.com\/firmalimpol\/","article_modified_time":"2026-01-29T11:11:49+00:00","og_image":[{"width":1000,"height":1000,"url":"https:\/\/limpol.pl\/wp-content\/uploads\/2025\/01\/pomidory-pulpa-vale.webp","type":"image\/webp"}],"twitter_card":"summary_large_image","twitter_misc":{"Estimated reading time":"1 minute"},"schema":{"@context":"https:\/\/schema.org","@graph":[{"@type":"WebPage","@id":"https:\/\/limpol.pl\/produkty\/pomidory-w-kawalkach-vale-puszka-2500g\/","url":"https:\/\/limpol.pl\/produkty\/pomidory-w-kawalkach-vale-puszka-2500g\/","name":"Vale chunk tomatoes, Can 2500g - Limpol - Distributor of food products | Import Export","isPartOf":{"@id":"https:\/\/limpol.pl\/#website"},"primaryImageOfPage":{"@id":"https:\/\/limpol.pl\/produkty\/pomidory-w-kawalkach-vale-puszka-2500g\/#primaryimage"},"image":{"@id":"https:\/\/limpol.pl\/produkty\/pomidory-w-kawalkach-vale-puszka-2500g\/#primaryimage"},"thumbnailUrl":"https:\/\/limpol.pl\/wp-content\/uploads\/2025\/01\/pomidory-pulpa-vale.webp","datePublished":"2025-01-09T10:17:45+00:00","dateModified":"2026-01-29T11:11:49+00:00","breadcrumb":{"@id":"https:\/\/limpol.pl\/produkty\/pomidory-w-kawalkach-vale-puszka-2500g\/#breadcrumb"},"inLanguage":"en-GB","potentialAction":[{"@type":"ReadAction","target":["https:\/\/limpol.pl\/produkty\/pomidory-w-kawalkach-vale-puszka-2500g\/"]}]},{"@type":"ImageObject","inLanguage":"en-GB","@id":"https:\/\/limpol.pl\/produkty\/pomidory-w-kawalkach-vale-puszka-2500g\/#primaryimage","url":"https:\/\/limpol.pl\/wp-content\/uploads\/2025\/01\/pomidory-pulpa-vale.webp","contentUrl":"https:\/\/limpol.pl\/wp-content\/uploads\/2025\/01\/pomidory-pulpa-vale.webp","width":1000,"height":1000},{"@type":"BreadcrumbList","@id":"https:\/\/limpol.pl\/produkty\/pomidory-w-kawalkach-vale-puszka-2500g\/#breadcrumb","itemListElement":[{"@type":"ListItem","position":1,"name":"Strona g\u0142\u00f3wna","item":"https:\/\/limpol.pl\/"},{"@type":"ListItem","position":2,"name":"Produkty","item":"https:\/\/limpol.pl\/shop\/"},{"@type":"ListItem","position":3,"name":"Pomidory w kawa\u0142kach Vale, Puszka 2500g"}]},{"@type":"WebSite","@id":"https:\/\/limpol.pl\/#website","url":"https:\/\/limpol.pl\/","name":"Limpol - Distributor of food products | Import Export","description":"Importer and exporter of food products","potentialAction":[{"@type":"SearchAction","target":{"@type":"EntryPoint","urlTemplate":"https:\/\/limpol.pl\/?s={search_term_string}"},"query-input":{"@type":"PropertyValueSpecification","valueRequired":true,"valueName":"search_term_string"}}],"inLanguage":"en-GB"}]}},"_links":{"self":[{"href":"https:\/\/limpol.pl\/en\/wp-json\/wp\/v2\/product\/6445","targetHints":{"allow":["GET"]}}],"collection":[{"href":"https:\/\/limpol.pl\/en\/wp-json\/wp\/v2\/product"}],"about":[{"href":"https:\/\/limpol.pl\/en\/wp-json\/wp\/v2\/types\/product"}],"wp:featuredmedia":[{"embeddable":true,"href":"https:\/\/limpol.pl\/en\/wp-json\/wp\/v2\/media\/6446"}],"wp:attachment":[{"href":"https:\/\/limpol.pl\/en\/wp-json\/wp\/v2\/media?parent=6445"}],"wp:term":[{"taxonomy":"product_brand","embeddable":true,"href":"https:\/\/limpol.pl\/en\/wp-json\/wp\/v2\/product_brand?post=6445"},{"taxonomy":"product_cat","embeddable":true,"href":"https:\/\/limpol.pl\/en\/wp-json\/wp\/v2\/product_cat?post=6445"},{"taxonomy":"product_tag","embeddable":true,"href":"https:\/\/limpol.pl\/en\/wp-json\/wp\/v2\/product_tag?post=6445"}],"curies":[{"name":"wp","href":"https:\/\/api.w.org\/{rel}","templated":true}]}}