{"id":6467,"date":"2025-02-24T10:12:35","date_gmt":"2025-02-24T09:12:35","guid":{"rendered":"https:\/\/limpol.pl\/?post_type=product&#038;p=6467"},"modified":"2026-01-29T12:11:23","modified_gmt":"2026-01-29T11:11:23","slug":"sliced-jalapeno-pepper-mix-red-green","status":"publish","type":"product","link":"https:\/\/limpol.pl\/en\/products\/sliced-jalapeno-pepper-mix-red-green\/","title":{"rendered":"Sliced Jalapeno mix peppers (red\/green)"},"content":{"rendered":"<p>Jalape\u00f1o Mix brand\u00a0<strong>2 Brothers<\/strong>\u00a0this carefully selected,\u00a0<strong>sliced jalape\u00f1o peppers in two colours - green and red<\/strong>which combine intense spiciness with the slightly sweet notes of ripe fruit. Green jalape\u00f1os are characterised by a fresh, pungent flavour, while red ones have a softer, slightly more sweet aftertaste, giving dishes a unique depth. The product is available in\u00a0<strong>large can<\/strong>, making it ideal for caterers, restaurants, food trucks and lovers of spicy dishes. The sliced peppers are ready to use, so they can be added directly to dishes without any processing. They are perfect as an ingredient\u00a0<strong>burgers, hot dogs, nachos, pizzas, wraps, salads or sauces<\/strong>The Jalape\u00f1o Mix 2 Brothers is the perfect solution for those who appreciate the taste of jalape\u00f1os. Jalape\u00f1o Mix 2 Brothers is for those who appreciate\u00a0<strong>natural spiciness, high quality and convenience in food preparation<\/strong>. The large packaging allows the product to be used effectively in catering establishments, ensuring great taste in every portion.<\/p>","protected":false},"excerpt":{"rendered":"<p>Jalape\u00f1o Mix marki\u00a02 Brothers\u00a0to starannie wyselekcjonowane,\u00a0krojone papryczki jalape\u00f1o w dw\u00f3ch kolorach \u2013 zielonym i czerwonym, kt\u00f3re \u0142\u0105cz\u0105 w sobie intensywn\u0105 pikantno\u015b\u0107 z lekko s\u0142odk\u0105 nut\u0105 dojrza\u0142ych owoc\u00f3w. Zielone jalape\u00f1o charakteryzuj\u0105 si\u0119 \u015bwie\u017cym, ostrym smakiem, podczas gdy czerwone maj\u0105 delikatniejszy, nieco bardziej s\u0142odkawy posmak, nadaj\u0105c potrawom wyj\u0105tkow\u0105 g\u0142\u0119bi\u0119. Produkt dost\u0119pny w\u00a0du\u017cej puszce, co czyni go idealnym [&hellip;]<\/p>\n","protected":false},"featured_media":6468,"template":"","meta":[],"product_brand":[],"product_cat":[845,64,855],"product_tag":[],"class_list":{"0":"post-6467","1":"product","2":"type-product","3":"status-publish","4":"has-post-thumbnail","6":"product_cat-dla-pizzerii-i-trattorii","7":"product_cat-produkty-brandowe","8":"product_cat-przetwory-warzywne-produkty-brandowe","9":"pa_atrybut-detal-horeca-horeca-en","10":"pa_ilosc-sztuk-na-palecie-222","11":"pa_masa-netto-3000g","12":"pa_sztuk-w-kartonie-6-en","14":"first","15":"instock","16":"shipping-taxable","17":"product-type-simple"},"yoast_head":"<!-- This site is optimized with the Yoast SEO plugin v27.3 - https:\/\/yoast.com\/product\/yoast-seo-wordpress\/ -->\n<title>Papryka krojona Jalapeno mix (czerwona\/zielona) - Limpol - Dystrybutor produkt\u00f3w spo\u017cywczych | Import Eksport<\/title>\n<meta name=\"robots\" content=\"index, follow, max-snippet:-1, max-image-preview:large, max-video-preview:-1\" \/>\n<link rel=\"canonical\" href=\"https:\/\/limpol.pl\/en\/products\/sliced-jalapeno-pepper-mix-red-green\/\" \/>\n<meta property=\"og:locale\" content=\"en_GB\" \/>\n<meta property=\"og:type\" content=\"article\" \/>\n<meta property=\"og:title\" content=\"Papryka krojona Jalapeno mix (czerwona\/zielona) - Limpol - Dystrybutor produkt\u00f3w spo\u017cywczych | Import Eksport\" \/>\n<meta property=\"og:description\" content=\"Jalape\u00f1o Mix marki\u00a02 Brothers\u00a0to starannie wyselekcjonowane,\u00a0krojone papryczki jalape\u00f1o w dw\u00f3ch kolorach \u2013 zielonym i czerwonym, kt\u00f3re \u0142\u0105cz\u0105 w sobie intensywn\u0105 pikantno\u015b\u0107 z lekko s\u0142odk\u0105 nut\u0105 dojrza\u0142ych owoc\u00f3w. Zielone jalape\u00f1o charakteryzuj\u0105 si\u0119 \u015bwie\u017cym, ostrym smakiem, podczas gdy czerwone maj\u0105 delikatniejszy, nieco bardziej s\u0142odkawy posmak, nadaj\u0105c potrawom wyj\u0105tkow\u0105 g\u0142\u0119bi\u0119. Produkt dost\u0119pny w\u00a0du\u017cej puszce, co czyni go idealnym [&hellip;]\" \/>\n<meta property=\"og:url\" content=\"https:\/\/limpol.pl\/en\/products\/sliced-jalapeno-pepper-mix-red-green\/\" \/>\n<meta property=\"og:site_name\" content=\"Limpol - Dystrybutor produkt\u00f3w spo\u017cywczych | Import Eksport\" \/>\n<meta property=\"article:publisher\" content=\"https:\/\/www.facebook.com\/firmalimpol\/\" \/>\n<meta property=\"article:modified_time\" content=\"2026-01-29T11:11:23+00:00\" \/>\n<meta property=\"og:image\" content=\"https:\/\/limpol.pl\/wp-content\/uploads\/2025\/02\/papryka-halapeno-brandowa.webp\" \/>\n\t<meta property=\"og:image:width\" content=\"1000\" \/>\n\t<meta property=\"og:image:height\" content=\"1000\" \/>\n\t<meta property=\"og:image:type\" content=\"image\/webp\" \/>\n<meta name=\"twitter:card\" content=\"summary_large_image\" \/>\n<meta name=\"twitter:label1\" content=\"Estimated reading time\" \/>\n\t<meta name=\"twitter:data1\" content=\"2 minutes\" \/>\n<script type=\"application\/ld+json\" class=\"yoast-schema-graph\">{\"@context\":\"https:\\\/\\\/schema.org\",\"@graph\":[{\"@type\":\"WebPage\",\"@id\":\"https:\\\/\\\/limpol.pl\\\/produkty\\\/papryka-krojona-jalapeno-mix-czerwona-zielona\\\/\",\"url\":\"https:\\\/\\\/limpol.pl\\\/produkty\\\/papryka-krojona-jalapeno-mix-czerwona-zielona\\\/\",\"name\":\"Papryka krojona Jalapeno mix (czerwona\\\/zielona) - Limpol - Dystrybutor produkt\u00f3w spo\u017cywczych | Import Eksport\",\"isPartOf\":{\"@id\":\"https:\\\/\\\/limpol.pl\\\/#website\"},\"primaryImageOfPage\":{\"@id\":\"https:\\\/\\\/limpol.pl\\\/produkty\\\/papryka-krojona-jalapeno-mix-czerwona-zielona\\\/#primaryimage\"},\"image\":{\"@id\":\"https:\\\/\\\/limpol.pl\\\/produkty\\\/papryka-krojona-jalapeno-mix-czerwona-zielona\\\/#primaryimage\"},\"thumbnailUrl\":\"https:\\\/\\\/limpol.pl\\\/wp-content\\\/uploads\\\/2025\\\/02\\\/papryka-halapeno-brandowa.webp\",\"datePublished\":\"2025-02-24T09:12:35+00:00\",\"dateModified\":\"2026-01-29T11:11:23+00:00\",\"breadcrumb\":{\"@id\":\"https:\\\/\\\/limpol.pl\\\/produkty\\\/papryka-krojona-jalapeno-mix-czerwona-zielona\\\/#breadcrumb\"},\"inLanguage\":\"en-GB\",\"potentialAction\":[{\"@type\":\"ReadAction\",\"target\":[\"https:\\\/\\\/limpol.pl\\\/produkty\\\/papryka-krojona-jalapeno-mix-czerwona-zielona\\\/\"]}]},{\"@type\":\"ImageObject\",\"inLanguage\":\"en-GB\",\"@id\":\"https:\\\/\\\/limpol.pl\\\/produkty\\\/papryka-krojona-jalapeno-mix-czerwona-zielona\\\/#primaryimage\",\"url\":\"https:\\\/\\\/limpol.pl\\\/wp-content\\\/uploads\\\/2025\\\/02\\\/papryka-halapeno-brandowa.webp\",\"contentUrl\":\"https:\\\/\\\/limpol.pl\\\/wp-content\\\/uploads\\\/2025\\\/02\\\/papryka-halapeno-brandowa.webp\",\"width\":1000,\"height\":1000},{\"@type\":\"BreadcrumbList\",\"@id\":\"https:\\\/\\\/limpol.pl\\\/produkty\\\/papryka-krojona-jalapeno-mix-czerwona-zielona\\\/#breadcrumb\",\"itemListElement\":[{\"@type\":\"ListItem\",\"position\":1,\"name\":\"Strona g\u0142\u00f3wna\",\"item\":\"https:\\\/\\\/limpol.pl\\\/\"},{\"@type\":\"ListItem\",\"position\":2,\"name\":\"Produkty\",\"item\":\"https:\\\/\\\/limpol.pl\\\/shop\\\/\"},{\"@type\":\"ListItem\",\"position\":3,\"name\":\"Papryka krojona Jalapeno mix (czerwona\\\/zielona)\"}]},{\"@type\":\"WebSite\",\"@id\":\"https:\\\/\\\/limpol.pl\\\/#website\",\"url\":\"https:\\\/\\\/limpol.pl\\\/\",\"name\":\"Limpol - Dystrybutor produkt\u00f3w spo\u017cywczych | Import Eksport\",\"description\":\"Importer i eksporter produkt\u00f3w spo\u017cywczych\",\"potentialAction\":[{\"@type\":\"SearchAction\",\"target\":{\"@type\":\"EntryPoint\",\"urlTemplate\":\"https:\\\/\\\/limpol.pl\\\/?s={search_term_string}\"},\"query-input\":{\"@type\":\"PropertyValueSpecification\",\"valueRequired\":true,\"valueName\":\"search_term_string\"}}],\"inLanguage\":\"en-GB\"}]}<\/script>\n<!-- \/ Yoast SEO plugin. -->","yoast_head_json":{"title":"Sliced Jalapeno mix peppers (red\/green) - Limpol - Distributor of food products | Import Export","robots":{"index":"index","follow":"follow","max-snippet":"max-snippet:-1","max-image-preview":"max-image-preview:large","max-video-preview":"max-video-preview:-1"},"canonical":"https:\/\/limpol.pl\/en\/products\/sliced-jalapeno-pepper-mix-red-green\/","og_locale":"en_GB","og_type":"article","og_title":"Papryka krojona Jalapeno mix (czerwona\/zielona) - Limpol - Dystrybutor produkt\u00f3w spo\u017cywczych | Import Eksport","og_description":"Jalape\u00f1o Mix marki\u00a02 Brothers\u00a0to starannie wyselekcjonowane,\u00a0krojone papryczki jalape\u00f1o w dw\u00f3ch kolorach \u2013 zielonym i czerwonym, kt\u00f3re \u0142\u0105cz\u0105 w sobie intensywn\u0105 pikantno\u015b\u0107 z lekko s\u0142odk\u0105 nut\u0105 dojrza\u0142ych owoc\u00f3w. Zielone jalape\u00f1o charakteryzuj\u0105 si\u0119 \u015bwie\u017cym, ostrym smakiem, podczas gdy czerwone maj\u0105 delikatniejszy, nieco bardziej s\u0142odkawy posmak, nadaj\u0105c potrawom wyj\u0105tkow\u0105 g\u0142\u0119bi\u0119. Produkt dost\u0119pny w\u00a0du\u017cej puszce, co czyni go idealnym [&hellip;]","og_url":"https:\/\/limpol.pl\/en\/products\/sliced-jalapeno-pepper-mix-red-green\/","og_site_name":"Limpol - Dystrybutor produkt\u00f3w spo\u017cywczych | Import Eksport","article_publisher":"https:\/\/www.facebook.com\/firmalimpol\/","article_modified_time":"2026-01-29T11:11:23+00:00","og_image":[{"width":1000,"height":1000,"url":"https:\/\/limpol.pl\/wp-content\/uploads\/2025\/02\/papryka-halapeno-brandowa.webp","type":"image\/webp"}],"twitter_card":"summary_large_image","twitter_misc":{"Estimated reading time":"2 minutes"},"schema":{"@context":"https:\/\/schema.org","@graph":[{"@type":"WebPage","@id":"https:\/\/limpol.pl\/produkty\/papryka-krojona-jalapeno-mix-czerwona-zielona\/","url":"https:\/\/limpol.pl\/produkty\/papryka-krojona-jalapeno-mix-czerwona-zielona\/","name":"Sliced Jalapeno mix peppers (red\/green) - Limpol - Distributor of food products | Import Export","isPartOf":{"@id":"https:\/\/limpol.pl\/#website"},"primaryImageOfPage":{"@id":"https:\/\/limpol.pl\/produkty\/papryka-krojona-jalapeno-mix-czerwona-zielona\/#primaryimage"},"image":{"@id":"https:\/\/limpol.pl\/produkty\/papryka-krojona-jalapeno-mix-czerwona-zielona\/#primaryimage"},"thumbnailUrl":"https:\/\/limpol.pl\/wp-content\/uploads\/2025\/02\/papryka-halapeno-brandowa.webp","datePublished":"2025-02-24T09:12:35+00:00","dateModified":"2026-01-29T11:11:23+00:00","breadcrumb":{"@id":"https:\/\/limpol.pl\/produkty\/papryka-krojona-jalapeno-mix-czerwona-zielona\/#breadcrumb"},"inLanguage":"en-GB","potentialAction":[{"@type":"ReadAction","target":["https:\/\/limpol.pl\/produkty\/papryka-krojona-jalapeno-mix-czerwona-zielona\/"]}]},{"@type":"ImageObject","inLanguage":"en-GB","@id":"https:\/\/limpol.pl\/produkty\/papryka-krojona-jalapeno-mix-czerwona-zielona\/#primaryimage","url":"https:\/\/limpol.pl\/wp-content\/uploads\/2025\/02\/papryka-halapeno-brandowa.webp","contentUrl":"https:\/\/limpol.pl\/wp-content\/uploads\/2025\/02\/papryka-halapeno-brandowa.webp","width":1000,"height":1000},{"@type":"BreadcrumbList","@id":"https:\/\/limpol.pl\/produkty\/papryka-krojona-jalapeno-mix-czerwona-zielona\/#breadcrumb","itemListElement":[{"@type":"ListItem","position":1,"name":"Strona g\u0142\u00f3wna","item":"https:\/\/limpol.pl\/"},{"@type":"ListItem","position":2,"name":"Produkty","item":"https:\/\/limpol.pl\/shop\/"},{"@type":"ListItem","position":3,"name":"Papryka krojona Jalapeno mix (czerwona\/zielona)"}]},{"@type":"WebSite","@id":"https:\/\/limpol.pl\/#website","url":"https:\/\/limpol.pl\/","name":"Limpol - Distributor of food products | Import Export","description":"Importer and exporter of food products","potentialAction":[{"@type":"SearchAction","target":{"@type":"EntryPoint","urlTemplate":"https:\/\/limpol.pl\/?s={search_term_string}"},"query-input":{"@type":"PropertyValueSpecification","valueRequired":true,"valueName":"search_term_string"}}],"inLanguage":"en-GB"}]}},"_links":{"self":[{"href":"https:\/\/limpol.pl\/en\/wp-json\/wp\/v2\/product\/6467","targetHints":{"allow":["GET"]}}],"collection":[{"href":"https:\/\/limpol.pl\/en\/wp-json\/wp\/v2\/product"}],"about":[{"href":"https:\/\/limpol.pl\/en\/wp-json\/wp\/v2\/types\/product"}],"wp:featuredmedia":[{"embeddable":true,"href":"https:\/\/limpol.pl\/en\/wp-json\/wp\/v2\/media\/6468"}],"wp:attachment":[{"href":"https:\/\/limpol.pl\/en\/wp-json\/wp\/v2\/media?parent=6467"}],"wp:term":[{"taxonomy":"product_brand","embeddable":true,"href":"https:\/\/limpol.pl\/en\/wp-json\/wp\/v2\/product_brand?post=6467"},{"taxonomy":"product_cat","embeddable":true,"href":"https:\/\/limpol.pl\/en\/wp-json\/wp\/v2\/product_cat?post=6467"},{"taxonomy":"product_tag","embeddable":true,"href":"https:\/\/limpol.pl\/en\/wp-json\/wp\/v2\/product_tag?post=6467"}],"curies":[{"name":"wp","href":"https:\/\/api.w.org\/{rel}","templated":true}]}}